{"id":3075,"date":"2023-12-23T14:25:40","date_gmt":"2023-12-23T14:25:40","guid":{"rendered":"https:\/\/expresito.com\/home\/?page_id=3075"},"modified":"2024-02-23T13:10:53","modified_gmt":"2024-02-23T18:10:53","slug":"desde-colombia","status":"publish","type":"page","link":"https:\/\/expresito.com\/home\/desde-colombia\/","title":{"rendered":"Desde colombia"},"content":{"rendered":"\t\t<div data-elementor-type=\"wp-page\" data-elementor-id=\"3075\" class=\"elementor elementor-3075\" data-elementor-post-type=\"page\">\n\t\t\t\t\t\t<section class=\"elementor-section elementor-top-section elementor-element elementor-element-60fccf5c elementor-section-height-min-height elementor-section-boxed elementor-section-height-default elementor-section-items-middle\" data-id=\"60fccf5c\" data-element_type=\"section\" data-settings=\"{&quot;background_background&quot;:&quot;video&quot;,&quot;shape_divider_bottom&quot;:&quot;triangle&quot;,&quot;shape_divider_bottom_negative&quot;:&quot;yes&quot;,&quot;background_video_link&quot;:&quot;https:\\\/\\\/www.youtube.com\\\/watch?v=0hQ5Fpew5Fw&amp;ab_channel=Gorodenkoff&quot;,&quot;background_video_start&quot;:32,&quot;background_video_end&quot;:45}\">\n\t\t\t\t\t\t\t\t<div class=\"elementor-background-video-container elementor-hidden-mobile\">\n\t\t\t\t\t\t\t\t\t\t\t\t\t<div class=\"elementor-background-video-embed\"><\/div>\n\t\t\t\t\t\t\t\t\t\t\t\t<\/div>\n\t\t\t\t\t\t\t\t\t<div class=\"elementor-background-overlay\"><\/div>\n\t\t\t\t\t\t<div class=\"elementor-shape elementor-shape-bottom\" data-negative=\"true\">\n\t\t\t<svg xmlns=\"http:\/\/www.w3.org\/2000\/svg\" viewBox=\"0 0 1000 100\" preserveAspectRatio=\"none\">\n\t<path class=\"elementor-shape-fill\" d=\"M500.2,94.7L0,0v100h1000V0L500.2,94.7z\"\/>\n<\/svg>\t\t<\/div>\n\t\t\t\t\t<div class=\"elementor-container elementor-column-gap-default\">\n\t\t\t\t\t<div class=\"elementor-column elementor-col-100 elementor-top-column elementor-element elementor-element-42089db8\" data-id=\"42089db8\" data-element_type=\"column\">\n\t\t\t<div class=\"elementor-widget-wrap elementor-element-populated\">\n\t\t\t\t\t\t<div class=\"elementor-element elementor-element-4be053db elementor-invisible elementor-widget elementor-widget-heading\" data-id=\"4be053db\" data-element_type=\"widget\" data-settings=\"{&quot;_animation&quot;:&quot;fadeInUp&quot;}\" data-widget_type=\"heading.default\">\n\t\t\t\t<div class=\"elementor-widget-container\">\n\t\t\t\t\t<h1 class=\"elementor-heading-title elementor-size-xl\"><strong>Desde Colombia<\/strong> <\/h1>\t\t\t\t<\/div>\n\t\t\t\t<\/div>\n\t\t\t\t\t<\/div>\n\t\t<\/div>\n\t\t\t\t\t<\/div>\n\t\t<\/section>\n\t\t\t\t<section class=\"elementor-section elementor-top-section elementor-element elementor-element-26c0776 elementor-section-height-min-height elementor-section-items-stretch elementor-section-boxed elementor-section-height-default\" data-id=\"26c0776\" data-element_type=\"section\">\n\t\t\t\t\t\t<div class=\"elementor-container elementor-column-gap-default\">\n\t\t\t\t\t<div class=\"elementor-column elementor-col-100 elementor-top-column elementor-element elementor-element-3622559\" data-id=\"3622559\" data-element_type=\"column\">\n\t\t\t<div class=\"elementor-widget-wrap elementor-element-populated\">\n\t\t\t\t\t\t<section class=\"elementor-section elementor-inner-section elementor-element elementor-element-1bc5369 elementor-section-boxed elementor-section-height-default elementor-section-height-default\" data-id=\"1bc5369\" data-element_type=\"section\">\n\t\t\t\t\t\t<div class=\"elementor-container elementor-column-gap-wider\">\n\t\t\t\t\t<div class=\"elementor-column elementor-col-100 elementor-inner-column elementor-element elementor-element-2a787f73\" data-id=\"2a787f73\" data-element_type=\"column\">\n\t\t\t<div class=\"elementor-widget-wrap elementor-element-populated\">\n\t\t\t\t\t\t<div class=\"elementor-element elementor-element-f4bfa6f elementor-widget elementor-widget-text-editor\" data-id=\"f4bfa6f\" data-element_type=\"widget\" data-widget_type=\"text-editor.default\">\n\t\t\t\t<div class=\"elementor-widget-container\">\n\t\t\t\t\t\t\t\t\t<div class=\"et_post_meta_wrapper\"><div><p><strong>EXPRESITO CARGA<\/strong>, es una empresa\u00a0 colombiana constituida bajo\u00a0 el amparo de la legislaci\u00f3n colombiana, como empresa de Mensajer\u00eda Especializada y Env\u00edos Urgentes Resoluci\u00f3n Ministerio de Comunicaciones y de la\u00a0 Direcci\u00f3n de Impuestos\u00a0 Aduanas \u201cDIAN\u201d.<\/p><p>Contamos con un\u00a0 dep\u00f3sito habilitado por la direcci\u00f3n de Impuestos y Aduanas Nacionales para poder importar o exportar documentos, mercanc\u00edas y paquetes, bajo la modalidad de env\u00edos urgentes con el mejor equipo humano, t\u00e9cnico y operativo. Operamos como dep\u00f3sito de importaciones y exportaciones, transportamos documentos, paquetes y carga liviana a nivel nacional e internacional, promoviendo empleo y desarrollando\u00a0la facilidad de env\u00edos en beneficio de la sociedad.<\/p><p><img decoding=\"async\" class=\"alignnone size-full wp-image-3732\" src=\"https:\/\/expresito.com\/home\/wp-content\/uploads\/2024\/02\/banner_desde-300x144-1.jpg\" alt=\"\" width=\"300\" height=\"144\" \/><\/p><p><strong>COURIER<\/strong><\/p><p><strong>Servicio Nacionalizaci\u00f3n- Courier<\/strong><br \/>Al ser dep\u00f3sito habilitado en Colombia, estamos en capacidad de nacionalizar los env\u00edos de su empresa y sus clientes. Documentos, paquetes y cajas hasta 50 kilos y\u00a0 USD 2000 de valor declarado.<\/p><p><strong>Beneficios:<\/strong><\/p><ul><li>Liberaci\u00f3n documental ante el sistema aduanero Muisca<\/li><li>Nacionalizaci\u00f3n f\u00edsica de sus env\u00edos en la zona aduanera asignada<\/li><li>Cancelaci\u00f3n de impuestos<\/li><li>Informes de estado de los env\u00edos recibidos<\/li><li>Bodegaje temporal<\/li><li>Alistamiento<\/li><li>Transporte a destino final en cualquier parte de Colombia<\/li><li>Conocimiento del estado de su embarque a trav\u00e9s de nuestra p\u00e1gina web en tiempos reales<\/li><li>Notificaci\u00f3n autom\u00e1tica de entrega final v\u00eda correo electr\u00f3nico<\/li><\/ul><p><strong>SERVICIOS INTERNACIONALES<\/strong><\/p><p><strong>Servicio Internacional \u2013 Env\u00edos al Mundo<\/strong><br \/>Recogemos sus env\u00edos en cualquier parte de Colombia y los enviamos a cualquier lugar del mundo.<\/p><p><strong>USA:<\/strong>\u00a024 a 48 horas<\/p><ul><li><strong>Tel\u00e9fonos de contacto:\u00a0<\/strong>Desde Usa: 12122020789, desde Colombia.\u00a0(1) \u00a09160999 \/ Celular: 3014764083<div><strong>Llevamos a todo USA:<\/strong>\u00a0Documentos, paquetes, cajas, menajes, importaciones Ordinarias.<\/div><div>\u00a0<\/div><\/li><li>Recogidas sin costo en todo el territorio Colombiano.<\/li><li>Con opci\u00f3n de pago en USA.<\/li><li>Empaques de seguridad.<\/li><li>Seguimiento permanente a trav\u00e9s de nuestra p\u00e1gina web, donde encontrar\u00e1 en tiempos reales estados de sus env\u00edos hasta su entrega final.<\/li><li>Notificaci\u00f3n autom\u00e1tica de entrega final v\u00eda correo electr\u00f3nico.<\/li><li>Atenci\u00f3n personalizada y permanente.\u00a0\u00a0 \u00a0 \u00a0 \u00a0 \u00a0 \u00a0 \u00a0 \u00a0 \u00a0 \u00a0 \u00a0 \u00a0 \u00a0 \u00a0 \u00a0 \u00a0 \u00a0 \u00a0 \u00a0 \u00a0 \u00a0 \u00a0 \u00a0 \u00a0 \u00a0 \u00a0 \u00a0 \u00a0 \u00a0\u00a0<\/li><\/ul><p><strong>C<\/strong><strong>entro Am\u00e9rica:\u00a0<\/strong>48 a 96 horas<\/p><p><strong>Latinoam\u00e9rica:\u00a0<\/strong>48 a 96 horas<\/p><p><strong>Europa:<\/strong>\u00a048 a 120 horas<\/p><p><strong>Beneficios:<\/strong><\/p><ul><li>Recogidas sin costo<\/li><li>Empaques de seguridad<\/li><li>Seguimiento permanente a trav\u00e9s de nuestra p\u00e1gina web, donde encontrar\u00e1 en tiempos reales estados de sus env\u00edos hasta su entrega final<\/li><li>Notificaci\u00f3n autom\u00e1tica de entrega final\u00a0 v\u00eda correo electr\u00f3nico<\/li><li>Atenci\u00f3n personalizada<\/li><\/ul><p><strong>No transportamos:<\/strong><\/p><ul><li>Abonos fertilizantes<\/li><li>Alimentos perecederos<\/li><li>Art\u00edculos corrosivos explosivos<\/li><li>Art\u00edculos inflamables<\/li><li>Dinero en Efectivo<\/li><li>Aerosoles<\/li><li>Venenos<\/li><li>Metales preciosos, joyas<\/li><li>Productos qu\u00edmicos l\u00edquidos<\/li><li>Perfumes<\/li><li>Plantas y material vegetal<\/li><li>Prendas de uso militar<\/li><li>Sangre y plasma<\/li><li>Sustancias alucin\u00f3genas<\/li><li>Semillas<\/li><li>T\u00edtulos valores<\/li><li>Pasaportes<\/li><\/ul><p><strong>SERVICIOS NACIONALES<\/strong><\/p><p><strong>Servicio Nacional y Urbano<\/strong><br \/>Entregamos en todo el territorio nacional documentos, paquetes\u00a0 y cajas.<br \/>Entregas urbanas: 24 horas<br \/>Nacionales: 48 horas<br \/>Poblaciones: 96 horas<\/p><p><strong>Beneficios:<\/strong><\/p><ul><li>Empaque de seguridad para documentos gratuito<\/li><li>Servicio de empaque y embalaje<\/li><li>Ensobrado y etiquetado<\/li><li>Entregas puerta a puerta<\/li><li>Entregas certificadas<\/li><li>Seguimiento permanente a trav\u00e9s de nuestra p\u00e1gina Web, donde encontrar\u00e1 en tiempos reales estados de\u00a0 sus env\u00edos hasta su entrega final<\/li><li>Notificaci\u00f3n autom\u00e1tica de entrega final v\u00eda correo electr\u00f3nico<\/li><\/ul><p><strong>IMPORTACIONES<\/strong><\/p><p><strong>Importaciones Ordinarias<\/strong><br \/>Traemos a Colombia su carga pesada, v\u00eda a\u00e9rea, mar\u00edtima, maquinaria, veh\u00edculos nuevos, repuestos, menajes de casa, equipajes no acompa\u00f1ados\u00a0 a\u00a0 trav\u00e9s de alianzas con sociedades reconocidas por su seriedad y cumplimiento.<\/p><p><strong>Beneficios:<\/strong><\/p><ul><li>Asesor\u00eda para la nacionalizaci\u00f3n: permisos de importaci\u00f3n, vistos buenos,\u00a0 licencias y documentaci\u00f3n en general a presentar<\/li><li>Tramites de pre \u2013 inspecciones e inspecciones de la mercanc\u00eda<\/li><li>Pago de impuestos aduaneros<\/li><li>Retiro de la mercanc\u00eda<\/li><li>Transporte a destino final en cualquier parte de Colombia<\/li><li>Seguimiento permanente a trav\u00e9s de nuestra p\u00e1gina Web, donde encontrar\u00e1 en tiempos reales estados de sus env\u00edos hasta\u00a0 su entrega final<\/li><li>Notificaci\u00f3n autom\u00e1tica de entrega final v\u00eda correo electr\u00f3nico<\/li><li>Personal altamente calificado presente en todos los procesos<\/li><\/ul><p>Para ver el tipo de cambio oficial en Colombia puede visitar la p\u00e1gina de la<a title=\"Tipo de cambio en Colombia\" href=\"http:\/\/www.dian.gov.co\/dian\/15servicios.nsf\/tasadecambio?openview\" target=\"_blank\" rel=\"noopener noreferrer\"> Dian.<\/a><\/p><\/div><\/div>\t\t\t\t\t\t\t\t<\/div>\n\t\t\t\t<\/div>\n\t\t\t\t\t<\/div>\n\t\t<\/div>\n\t\t\t\t\t<\/div>\n\t\t<\/section>\n\t\t\t\t\t<\/div>\n\t\t<\/div>\n\t\t\t\t\t<\/div>\n\t\t<\/section>\n\t\t\t\t<section class=\"elementor-section elementor-top-section elementor-element elementor-element-8ea52da elementor-section-boxed elementor-section-height-default elementor-section-height-default\" data-id=\"8ea52da\" data-element_type=\"section\">\n\t\t\t\t\t\t<div class=\"elementor-container elementor-column-gap-default\">\n\t\t\t\t\t<div class=\"elementor-column elementor-col-100 elementor-top-column elementor-element elementor-element-d272bba\" data-id=\"d272bba\" data-element_type=\"column\">\n\t\t\t<div class=\"elementor-widget-wrap elementor-element-populated\">\n\t\t\t\t\t\t<div class=\"elementor-element elementor-element-b9f8f43 elementor-widget elementor-widget-video\" data-id=\"b9f8f43\" data-element_type=\"widget\" data-settings=\"{&quot;youtube_url&quot;:&quot;http:\\\/\\\/www.youtube.com\\\/watch?v=MsTczSC1YzI&quot;,&quot;video_type&quot;:&quot;youtube&quot;,&quot;controls&quot;:&quot;yes&quot;}\" data-widget_type=\"video.default\">\n\t\t\t\t<div class=\"elementor-widget-container\">\n\t\t\t\t\t\t\t<div class=\"elementor-wrapper elementor-open-inline\">\n\t\t\t<div class=\"elementor-video\"><\/div>\t\t<\/div>\n\t\t\t\t\t\t<\/div>\n\t\t\t\t<\/div>\n\t\t\t\t\t<\/div>\n\t\t<\/div>\n\t\t\t\t\t<\/div>\n\t\t<\/section>\n\t\t\t\t<\/div>\n\t\t","protected":false},"excerpt":{"rendered":"<p>Desde Colombia EXPRESITO CARGA, es una empresa\u00a0 colombiana constituida bajo\u00a0 el amparo de la legislaci\u00f3n colombiana, como empresa de Mensajer\u00eda Especializada y Env\u00edos Urgentes Resoluci\u00f3n Ministerio de Comunicaciones y de la\u00a0 Direcci\u00f3n de Impuestos\u00a0 Aduanas \u201cDIAN\u201d. Contamos con un\u00a0 dep\u00f3sito habilitado por la direcci\u00f3n de Impuestos y Aduanas Nacionales para poder importar o exportar documentos, &hellip;<\/p>\n<p class=\"read-more\"> <a class=\"\" href=\"https:\/\/expresito.com\/home\/desde-colombia\/\"> <span class=\"screen-reader-text\">Desde colombia<\/span> Leer m\u00e1s &raquo;<\/a><\/p>\n","protected":false},"author":1,"featured_media":0,"parent":0,"menu_order":0,"comment_status":"closed","ping_status":"closed","template":"","meta":{"_acf_changed":false,"wp_popup_display_lightbox":0,"wp_popup_suppress":"","wp_popup_trigger":"","wp_popup_trigger_amount":0,"wp_popup_disable_on_mobile":false,"site-sidebar-layout":"no-sidebar","site-content-layout":"page-builder","ast-global-header-display":"","ast-main-header-display":"","ast-hfb-above-header-display":"","ast-hfb-below-header-display":"","ast-hfb-mobile-header-display":"","site-post-title":"disabled","ast-breadcrumbs-content":"","ast-featured-img":"disabled","footer-sml-layout":"","theme-transparent-header-meta":"enabled","adv-header-id-meta":"","stick-header-meta":"","header-above-stick-meta":"","header-main-stick-meta":"","header-below-stick-meta":"","footnotes":""},"class_list":["post-3075","page","type-page","status-publish","hentry"],"acf":[],"yoast_head":"<!-- This site is optimized with the Yoast SEO plugin v27.3 - https:\/\/yoast.com\/product\/yoast-seo-wordpress\/ -->\n<title>Desde colombia - Expresito<\/title>\n<meta name=\"description\" content=\"Envia desde colombia\" \/>\n<meta name=\"robots\" content=\"index, follow, max-snippet:-1, max-image-preview:large, max-video-preview:-1\" \/>\n<link rel=\"canonical\" href=\"https:\/\/expresito.com\/home\/desde-colombia\/\" \/>\n<meta property=\"og:locale\" content=\"es_ES\" \/>\n<meta property=\"og:type\" content=\"article\" \/>\n<meta property=\"og:title\" content=\"Desde colombia - Expresito\" \/>\n<meta property=\"og:description\" content=\"Envia desde colombia\" \/>\n<meta property=\"og:url\" content=\"https:\/\/expresito.com\/home\/desde-colombia\/\" \/>\n<meta property=\"og:site_name\" content=\"Expresito\" \/>\n<meta property=\"article:publisher\" content=\"https:\/\/www.facebook.com\/EXPRESITOCARGA?mibextid=ZbWKwL\" \/>\n<meta property=\"article:modified_time\" content=\"2024-02-23T18:10:53+00:00\" \/>\n<meta property=\"og:image\" content=\"https:\/\/expresito.com\/home\/wp-content\/uploads\/2024\/02\/banner_desde-300x144-1.jpg\" \/>\n<meta name=\"twitter:card\" content=\"summary_large_image\" \/>\n<meta name=\"twitter:site\" content=\"@ExpresitoC\" \/>\n<meta name=\"twitter:label1\" content=\"Tiempo de lectura\" \/>\n\t<meta name=\"twitter:data1\" content=\"3 minutos\" \/>\n<script type=\"application\/ld+json\" class=\"yoast-schema-graph\">{\"@context\":\"https:\\\/\\\/schema.org\",\"@graph\":[{\"@type\":\"WebPage\",\"@id\":\"https:\\\/\\\/expresito.com\\\/home\\\/desde-colombia\\\/\",\"url\":\"https:\\\/\\\/expresito.com\\\/home\\\/desde-colombia\\\/\",\"name\":\"Desde colombia - Expresito\",\"isPartOf\":{\"@id\":\"https:\\\/\\\/expresito.com\\\/home\\\/#website\"},\"primaryImageOfPage\":{\"@id\":\"https:\\\/\\\/expresito.com\\\/home\\\/desde-colombia\\\/#primaryimage\"},\"image\":{\"@id\":\"https:\\\/\\\/expresito.com\\\/home\\\/desde-colombia\\\/#primaryimage\"},\"thumbnailUrl\":\"https:\\\/\\\/expresito.com\\\/home\\\/wp-content\\\/uploads\\\/2024\\\/02\\\/banner_desde-300x144-1.jpg\",\"datePublished\":\"2023-12-23T14:25:40+00:00\",\"dateModified\":\"2024-02-23T18:10:53+00:00\",\"description\":\"Envia desde colombia\",\"breadcrumb\":{\"@id\":\"https:\\\/\\\/expresito.com\\\/home\\\/desde-colombia\\\/#breadcrumb\"},\"inLanguage\":\"es\",\"potentialAction\":[{\"@type\":\"ReadAction\",\"target\":[\"https:\\\/\\\/expresito.com\\\/home\\\/desde-colombia\\\/\"]}]},{\"@type\":\"ImageObject\",\"inLanguage\":\"es\",\"@id\":\"https:\\\/\\\/expresito.com\\\/home\\\/desde-colombia\\\/#primaryimage\",\"url\":\"https:\\\/\\\/expresito.com\\\/home\\\/wp-content\\\/uploads\\\/2024\\\/02\\\/banner_desde-300x144-1.jpg\",\"contentUrl\":\"https:\\\/\\\/expresito.com\\\/home\\\/wp-content\\\/uploads\\\/2024\\\/02\\\/banner_desde-300x144-1.jpg\",\"width\":300,\"height\":144},{\"@type\":\"BreadcrumbList\",\"@id\":\"https:\\\/\\\/expresito.com\\\/home\\\/desde-colombia\\\/#breadcrumb\",\"itemListElement\":[{\"@type\":\"ListItem\",\"position\":1,\"name\":\"Portada\",\"item\":\"https:\\\/\\\/expresito.com\\\/home\\\/\"},{\"@type\":\"ListItem\",\"position\":2,\"name\":\"Desde colombia\"}]},{\"@type\":\"WebSite\",\"@id\":\"https:\\\/\\\/expresito.com\\\/home\\\/#website\",\"url\":\"https:\\\/\\\/expresito.com\\\/home\\\/\",\"name\":\"Expresito Carga- Envios a Latino America, Envios a Ecuador Y colombia\",\"description\":\"Carga y Correo a Colombia, Ecuador, Per\u00fa, M\u00e9xico, Rep\u00fablica Dominicana, Venezuela, Honduras, Guatemala, El Salvador, Canad\u00e1 y Todo Estados Unidos.\",\"publisher\":{\"@id\":\"https:\\\/\\\/expresito.com\\\/home\\\/#organization\"},\"potentialAction\":[{\"@type\":\"SearchAction\",\"target\":{\"@type\":\"EntryPoint\",\"urlTemplate\":\"https:\\\/\\\/expresito.com\\\/home\\\/?s={search_term_string}\"},\"query-input\":{\"@type\":\"PropertyValueSpecification\",\"valueRequired\":true,\"valueName\":\"search_term_string\"}}],\"inLanguage\":\"es\"},{\"@type\":\"Organization\",\"@id\":\"https:\\\/\\\/expresito.com\\\/home\\\/#organization\",\"name\":\"Expresito Carga\",\"url\":\"https:\\\/\\\/expresito.com\\\/home\\\/\",\"logo\":{\"@type\":\"ImageObject\",\"inLanguage\":\"es\",\"@id\":\"https:\\\/\\\/expresito.com\\\/home\\\/#\\\/schema\\\/logo\\\/image\\\/\",\"url\":\"https:\\\/\\\/expresito.com\\\/home\\\/wp-content\\\/uploads\\\/2023\\\/12\\\/logo4.png\",\"contentUrl\":\"https:\\\/\\\/expresito.com\\\/home\\\/wp-content\\\/uploads\\\/2023\\\/12\\\/logo4.png\",\"width\":1123,\"height\":232,\"caption\":\"Expresito Carga\"},\"image\":{\"@id\":\"https:\\\/\\\/expresito.com\\\/home\\\/#\\\/schema\\\/logo\\\/image\\\/\"},\"sameAs\":[\"https:\\\/\\\/www.facebook.com\\\/EXPRESITOCARGA?mibextid=ZbWKwL\",\"https:\\\/\\\/x.com\\\/ExpresitoC\",\"https:\\\/\\\/www.instagram.com\\\/expresitocarga?igsh=NDI1Z2xubGc1bm9q\",\"https:\\\/\\\/www.tiktok.com\\\/@expresito?_t=8k1FMiVJLK2&_r=1\",\"https:\\\/\\\/pin.it\\\/2W49waiNL\"]}]}<\/script>\n<!-- \/ Yoast SEO plugin. -->","yoast_head_json":{"title":"Desde colombia - Expresito","description":"Envia desde colombia","robots":{"index":"index","follow":"follow","max-snippet":"max-snippet:-1","max-image-preview":"max-image-preview:large","max-video-preview":"max-video-preview:-1"},"canonical":"https:\/\/expresito.com\/home\/desde-colombia\/","og_locale":"es_ES","og_type":"article","og_title":"Desde colombia - Expresito","og_description":"Envia desde colombia","og_url":"https:\/\/expresito.com\/home\/desde-colombia\/","og_site_name":"Expresito","article_publisher":"https:\/\/www.facebook.com\/EXPRESITOCARGA?mibextid=ZbWKwL","article_modified_time":"2024-02-23T18:10:53+00:00","og_image":[{"url":"https:\/\/expresito.com\/home\/wp-content\/uploads\/2024\/02\/banner_desde-300x144-1.jpg","type":"","width":"","height":""}],"twitter_card":"summary_large_image","twitter_site":"@ExpresitoC","twitter_misc":{"Tiempo de lectura":"3 minutos"},"schema":{"@context":"https:\/\/schema.org","@graph":[{"@type":"WebPage","@id":"https:\/\/expresito.com\/home\/desde-colombia\/","url":"https:\/\/expresito.com\/home\/desde-colombia\/","name":"Desde colombia - Expresito","isPartOf":{"@id":"https:\/\/expresito.com\/home\/#website"},"primaryImageOfPage":{"@id":"https:\/\/expresito.com\/home\/desde-colombia\/#primaryimage"},"image":{"@id":"https:\/\/expresito.com\/home\/desde-colombia\/#primaryimage"},"thumbnailUrl":"https:\/\/expresito.com\/home\/wp-content\/uploads\/2024\/02\/banner_desde-300x144-1.jpg","datePublished":"2023-12-23T14:25:40+00:00","dateModified":"2024-02-23T18:10:53+00:00","description":"Envia desde colombia","breadcrumb":{"@id":"https:\/\/expresito.com\/home\/desde-colombia\/#breadcrumb"},"inLanguage":"es","potentialAction":[{"@type":"ReadAction","target":["https:\/\/expresito.com\/home\/desde-colombia\/"]}]},{"@type":"ImageObject","inLanguage":"es","@id":"https:\/\/expresito.com\/home\/desde-colombia\/#primaryimage","url":"https:\/\/expresito.com\/home\/wp-content\/uploads\/2024\/02\/banner_desde-300x144-1.jpg","contentUrl":"https:\/\/expresito.com\/home\/wp-content\/uploads\/2024\/02\/banner_desde-300x144-1.jpg","width":300,"height":144},{"@type":"BreadcrumbList","@id":"https:\/\/expresito.com\/home\/desde-colombia\/#breadcrumb","itemListElement":[{"@type":"ListItem","position":1,"name":"Portada","item":"https:\/\/expresito.com\/home\/"},{"@type":"ListItem","position":2,"name":"Desde colombia"}]},{"@type":"WebSite","@id":"https:\/\/expresito.com\/home\/#website","url":"https:\/\/expresito.com\/home\/","name":"Expresito Carga- Envios a Latino America, Envios a Ecuador Y colombia","description":"Carga y Correo a Colombia, Ecuador, Per\u00fa, M\u00e9xico, Rep\u00fablica Dominicana, Venezuela, Honduras, Guatemala, El Salvador, Canad\u00e1 y Todo Estados Unidos.","publisher":{"@id":"https:\/\/expresito.com\/home\/#organization"},"potentialAction":[{"@type":"SearchAction","target":{"@type":"EntryPoint","urlTemplate":"https:\/\/expresito.com\/home\/?s={search_term_string}"},"query-input":{"@type":"PropertyValueSpecification","valueRequired":true,"valueName":"search_term_string"}}],"inLanguage":"es"},{"@type":"Organization","@id":"https:\/\/expresito.com\/home\/#organization","name":"Expresito Carga","url":"https:\/\/expresito.com\/home\/","logo":{"@type":"ImageObject","inLanguage":"es","@id":"https:\/\/expresito.com\/home\/#\/schema\/logo\/image\/","url":"https:\/\/expresito.com\/home\/wp-content\/uploads\/2023\/12\/logo4.png","contentUrl":"https:\/\/expresito.com\/home\/wp-content\/uploads\/2023\/12\/logo4.png","width":1123,"height":232,"caption":"Expresito Carga"},"image":{"@id":"https:\/\/expresito.com\/home\/#\/schema\/logo\/image\/"},"sameAs":["https:\/\/www.facebook.com\/EXPRESITOCARGA?mibextid=ZbWKwL","https:\/\/x.com\/ExpresitoC","https:\/\/www.instagram.com\/expresitocarga?igsh=NDI1Z2xubGc1bm9q","https:\/\/www.tiktok.com\/@expresito?_t=8k1FMiVJLK2&_r=1","https:\/\/pin.it\/2W49waiNL"]}]}},"jetpack_sharing_enabled":true,"_links":{"self":[{"href":"https:\/\/expresito.com\/home\/wp-json\/wp\/v2\/pages\/3075","targetHints":{"allow":["GET"]}}],"collection":[{"href":"https:\/\/expresito.com\/home\/wp-json\/wp\/v2\/pages"}],"about":[{"href":"https:\/\/expresito.com\/home\/wp-json\/wp\/v2\/types\/page"}],"author":[{"embeddable":true,"href":"https:\/\/expresito.com\/home\/wp-json\/wp\/v2\/users\/1"}],"replies":[{"embeddable":true,"href":"https:\/\/expresito.com\/home\/wp-json\/wp\/v2\/comments?post=3075"}],"version-history":[{"count":8,"href":"https:\/\/expresito.com\/home\/wp-json\/wp\/v2\/pages\/3075\/revisions"}],"predecessor-version":[{"id":3840,"href":"https:\/\/expresito.com\/home\/wp-json\/wp\/v2\/pages\/3075\/revisions\/3840"}],"wp:attachment":[{"href":"https:\/\/expresito.com\/home\/wp-json\/wp\/v2\/media?parent=3075"}],"curies":[{"name":"wp","href":"https:\/\/api.w.org\/{rel}","templated":true}]}}