{"id":3255,"date":"2023-12-27T19:11:04","date_gmt":"2023-12-27T19:11:04","guid":{"rendered":"https:\/\/expresito.com\/home\/?page_id=3255"},"modified":"2024-07-03T18:15:37","modified_gmt":"2024-07-03T22:15:37","slug":"politicas-de-seguro","status":"publish","type":"page","link":"https:\/\/expresito.com\/home\/politicas-de-seguro\/","title":{"rendered":"Politicas de seguro"},"content":{"rendered":"\t\t<div data-elementor-type=\"wp-page\" data-elementor-id=\"3255\" class=\"elementor elementor-3255\" data-elementor-post-type=\"page\">\n\t\t\t\t\t\t<section class=\"elementor-section elementor-top-section elementor-element elementor-element-60fccf5c elementor-section-height-min-height elementor-section-boxed elementor-section-height-default elementor-section-items-middle\" data-id=\"60fccf5c\" data-element_type=\"section\" data-settings=\"{&quot;background_background&quot;:&quot;classic&quot;,&quot;shape_divider_bottom&quot;:&quot;triangle&quot;,&quot;shape_divider_bottom_negative&quot;:&quot;yes&quot;}\">\n\t\t\t\t\t\t\t<div class=\"elementor-background-overlay\"><\/div>\n\t\t\t\t\t\t<div class=\"elementor-shape elementor-shape-bottom\" data-negative=\"true\">\n\t\t\t<svg xmlns=\"http:\/\/www.w3.org\/2000\/svg\" viewBox=\"0 0 1000 100\" preserveAspectRatio=\"none\">\n\t<path class=\"elementor-shape-fill\" d=\"M500.2,94.7L0,0v100h1000V0L500.2,94.7z\"\/>\n<\/svg>\t\t<\/div>\n\t\t\t\t\t<div class=\"elementor-container elementor-column-gap-default\">\n\t\t\t\t\t<div class=\"elementor-column elementor-col-100 elementor-top-column elementor-element elementor-element-42089db8\" data-id=\"42089db8\" data-element_type=\"column\">\n\t\t\t<div class=\"elementor-widget-wrap elementor-element-populated\">\n\t\t\t\t\t\t<div class=\"elementor-element elementor-element-4be053db elementor-invisible elementor-widget elementor-widget-heading\" data-id=\"4be053db\" data-element_type=\"widget\" data-settings=\"{&quot;_animation&quot;:&quot;fadeInUp&quot;}\" data-widget_type=\"heading.default\">\n\t\t\t\t<div class=\"elementor-widget-container\">\n\t\t\t\t\t<h1 class=\"elementor-heading-title elementor-size-xl\">POLITICAS DE SEGURO\n<\/h1>\t\t\t\t<\/div>\n\t\t\t\t<\/div>\n\t\t\t\t\t<\/div>\n\t\t<\/div>\n\t\t\t\t\t<\/div>\n\t\t<\/section>\n\t\t\t\t<section class=\"elementor-section elementor-top-section elementor-element elementor-element-26c0776 elementor-section-height-min-height elementor-section-items-stretch elementor-section-boxed elementor-section-height-default\" data-id=\"26c0776\" data-element_type=\"section\">\n\t\t\t\t\t\t<div class=\"elementor-container elementor-column-gap-default\">\n\t\t\t\t\t<div class=\"elementor-column elementor-col-100 elementor-top-column elementor-element elementor-element-3622559\" data-id=\"3622559\" data-element_type=\"column\">\n\t\t\t<div class=\"elementor-widget-wrap elementor-element-populated\">\n\t\t\t\t\t\t<section class=\"elementor-section elementor-inner-section elementor-element elementor-element-1bc5369 elementor-section-boxed elementor-section-height-default elementor-section-height-default\" data-id=\"1bc5369\" data-element_type=\"section\">\n\t\t\t\t\t\t<div class=\"elementor-container elementor-column-gap-wider\">\n\t\t\t\t\t<div class=\"elementor-column elementor-col-100 elementor-inner-column elementor-element elementor-element-2a787f73\" data-id=\"2a787f73\" data-element_type=\"column\">\n\t\t\t<div class=\"elementor-widget-wrap elementor-element-populated\">\n\t\t\t\t\t\t<div class=\"elementor-element elementor-element-7a8d8ba elementor-widget elementor-widget-text-editor\" data-id=\"7a8d8ba\" data-element_type=\"widget\" data-widget_type=\"text-editor.default\">\n\t\t\t\t<div class=\"elementor-widget-container\">\n\t\t\t\t\t\t\t\t\t<p>MANUAL DE POL\u00cdTICAS DE SEGURO EXPRESITO CARGA<\/p>\n<p>El servicio de Expresito Carga, es un servicio \u00e1gil y eficiente, es por ello que queremos informarle a usted como cliente, las POL\u00cdTICAS DE SEGURO que respaldan su mercanc\u00eda, una vez que parte a su lugar de destino.<\/p>\n<p>Este material, le va a ayudar a entender mejor el servicio que le brinda Expresito en caso de P\u00c9RDIDAS TOTALES.<\/p>\n<p>\u00bfPUEDO ASEGURAR TODA MI MERCANC\u00cdA?<\/p>\n<p>Dentro del seguro no aplican los siguientes art\u00edculos:<\/p>\n<p>Joyer\u00eda.<br>Obras de arte.<br>Cristaler\u00eda, vidrios en general.<br>Loza, vajillas, cer\u00e1mica, etc.<br>Art\u00edculos cuyo material es delicado, sensible, rompible o sus similares, quedan fuera de cobertura al no aplicar una aseguranza.<br>\u00bfEL SEGURO ES OBLIGATORIO?<\/p>\n<p>SI, el seguro es obligatorio para servicios Carga local, Carga Global y Casilleros, y en el servicio de paqueter\u00eda electr\u00f3nica debemos tomar precauciones.<\/p>\n<p>Para Paqueter\u00eda Regular el remitente es responsable de la aseguranza el mismo que deber\u00e1 ser con valores reales presentando sus facturas de compras confirmando el valor declarado. El valor de la seguranza ser\u00e1 por un m\u00ednimo m\u00e1ximo de $200USD.<\/p>\n<p>REEMPAQUE OBLIGATORIO<\/p>\n<p>SI, es importante que se adquieran los materiales de reempaque para los art\u00edculos considerados como fr\u00e1giles y los asegurados para que al momento de transito o viaje estos lleguen en mejor condiciones as\u00ed evitar cualquier tipo de da\u00f1o.<\/p>\n<p>De no tener material de reempaque no podremos estimar analizar si esto cubre la aseguranza.<\/p>\n<p>Desde Origen se debe proveer que la caja no viajes con vac\u00edos esta debe estar compacta, art\u00edculos que generen riegos como polvos, l\u00edquidos, oleos deberes ser empacados con pl\u00e1stico de haber riegos no contaminen los dem\u00e1s art\u00edculos.<\/p>\n<p>El seguro no aplica para: DEFORMACIONES DE LA CAJA, ABOLLADURAS, RASGADURAS, FILTRACIONES POR HUMEDAD, ARTICULOS QUE HAYAN CONTAMINADO EL INTERIOR POR FALTA DE PROTECCIONES, ETC.<\/p>\n<p>El material de reempaque es muy importante que cuenten con la calidad normativa para carga a\u00e9rea internacional como: cajas de cart\u00f3n reforzadas (RD), Icopor, burbuja, cinta, pl\u00e1stico, stickers de fr\u00e1gil etc.<\/p>\n<p>\u00bfCU\u00c1L ES EL VALOR DEL SEGURO?<\/p>\n<p>Para el servicio de <b>Carga con Impuesto<\/b>.- El porcentaje a cobrar del seguro es el 6% que se deduce del valor declarado total de su env\u00edo. Dependiendo el caso, situaci\u00f3n o circunstancias, la cobertura del seguro pueden ser parciales o totales. Esto lo va a definir en el momento de las verificaciones.<\/p>\n<p>Requisitos: Valor asegurado minimo desde $150 hasta $1000 presentar&nbsp;<span style=\"color: #333333;\"><span lang=\"es-419\" style=\"font-family: Cambria, serif;\">solite a su asesor asignado el formulario de aceptacion,<\/span><\/span><\/p>\n<p style=\"margin: 0cm;\"><span style=\"color: #333333;\"><span lang=\"es-419\" style=\"font-family: Cambria, serif;\">deber\u00e1 gestionar el&nbsp; pre pago del seguro v\u00eda zelle y adjutar &nbsp;lista con &nbsp;precios detallando su envio junto con los comprobantes de pago (tickettes) <\/span><\/span><\/p>\n<p style=\"margin: 0cm;\"><span style=\"color: #333333;\"><span lang=\"es-419\" style=\"font-family: Cambria, serif;\">que sumen y confirmen el valor asegurado.<\/span><\/span><\/p>\n<p style=\"margin: 0cm;\"><b><span lang=\"es-419\" style=\"font-family: 'Cambria',serif; color: #c00000; mso-ansi-language: #580A;\">&nbsp;<\/span><\/b><\/p>\n<p>En el caso de Paqueter\u00eda regular: El seguro es b\u00e1sico y ya viene incluido, en cual se contemplan un valor de $50 USD en caso de extravi\u00f3 del paquete. Si el cliente remitente considera colocar aseguranza lo puede hacer bajo estos t\u00e9rminos:<\/p>\n<p>-Los valores asegurados deben ser reales y comprobables presentando sus facturas de compras y m\u00e9todos de pago utilizados confirmando el valor declarado.<\/p>\n<p>-El valor de la seguranza ser\u00e1 por un m\u00ednimo m\u00e1ximo de $200USD<\/p>\n<p>Paqueter\u00eda Electr\u00f3nica: El seguro es Obligatorio, el porcentaje a cobrar del seguro es el 6% del articulo el\u00e9ctrico mas el deducible del valor declarado total de su env\u00edo.<\/p>\n<p>IMPORTANTE:<\/p>\n<p>Este seguro aplica s\u00f3lo por, P\u00c9RDIDA o ROBO TOTALES, m\u00e1s NO por p\u00e9rdidas parciales de mercanc\u00eda.<\/p>\n<p>\u00bfPUEDO DECLARAR CUALQUIER VALOR QUE DESEE SOBRE MI MERCANC\u00cdA?<\/p>\n<p>Importante saber que los valores que utilicemos sobre nuestra mercanc\u00eda, deben ser declarados de forma real. Si lo que enviamos es usado, o ya tiene un tiempo con nosotros, se debe declarar de forma clara, ya que una vez que llegue ante Aduanas, se verificar\u00e1 el estado de sus objetos y de encontrar alg\u00fan valor incorrecto, o mal declarado se proceder\u00e1 a reajustar su producto y tendr\u00e1 que cancelar un valor adicional.<\/p>\n<p>PARA RECORDAR AL MOMENTO DE REALIZAR UN RECLAMO DE SU SEGURO:<\/p>\n<p>Todos los art\u00edculos que enviemos deben:<\/p>\n<p>Estar declarados en nuestra gu\u00eda o factura. (Inventariados)<br>Seguro NO cubre en mercanc\u00eda que NO est\u00e1 descrita en el sistema.<br>No cubre sino tiene material de reempaque.<br>No cubre perdidas parciales de art\u00edculos u objetos.<\/p>\n<p>Para poder realizar el reclamo de su seguro: debe de solicitar v\u00eda email cs@expresito.com junto con el numero de gu\u00eda e im\u00e1genes de como recibi\u00f3 su carga.<\/p>\n<p>La notificaci\u00f3n debe de realizarse dentro de las 24 horas de haber recibido la carga o mercanc\u00eda.<\/p>\t\t\t\t\t\t\t\t<\/div>\n\t\t\t\t<\/div>\n\t\t\t\t\t<\/div>\n\t\t<\/div>\n\t\t\t\t\t<\/div>\n\t\t<\/section>\n\t\t\t\t\t<\/div>\n\t\t<\/div>\n\t\t\t\t\t<\/div>\n\t\t<\/section>\n\t\t\t\t<\/div>\n\t\t","protected":false},"excerpt":{"rendered":"<p>POLITICAS DE SEGURO MANUAL DE POL\u00cdTICAS DE SEGURO EXPRESITO CARGA El servicio de Expresito Carga, es un servicio \u00e1gil y eficiente, es por ello que queremos informarle a usted como cliente, las POL\u00cdTICAS DE SEGURO que respaldan su mercanc\u00eda, una vez que parte a su lugar de destino. Este material, le va a ayudar a &hellip;<\/p>\n<p class=\"read-more\"> <a class=\"\" href=\"https:\/\/expresito.com\/home\/politicas-de-seguro\/\"> <span class=\"screen-reader-text\">Politicas de seguro<\/span> Leer m\u00e1s &raquo;<\/a><\/p>\n","protected":false},"author":1,"featured_media":0,"parent":0,"menu_order":0,"comment_status":"closed","ping_status":"closed","template":"","meta":{"_acf_changed":false,"wp_popup_display_lightbox":0,"wp_popup_suppress":"","wp_popup_trigger":"","wp_popup_trigger_amount":0,"wp_popup_disable_on_mobile":false,"site-sidebar-layout":"no-sidebar","site-content-layout":"page-builder","ast-global-header-display":"","ast-main-header-display":"","ast-hfb-above-header-display":"","ast-hfb-below-header-display":"","ast-hfb-mobile-header-display":"","site-post-title":"disabled","ast-breadcrumbs-content":"","ast-featured-img":"disabled","footer-sml-layout":"","theme-transparent-header-meta":"enabled","adv-header-id-meta":"","stick-header-meta":"","header-above-stick-meta":"","header-main-stick-meta":"","header-below-stick-meta":"","footnotes":""},"class_list":["post-3255","page","type-page","status-publish","hentry"],"acf":[],"yoast_head":"<!-- This site is optimized with the Yoast SEO plugin v27.4 - https:\/\/yoast.com\/product\/yoast-seo-wordpress\/ -->\n<title>Politicas de seguro - Expresito<\/title>\n<meta name=\"description\" content=\"Politicas de seguro\" \/>\n<meta name=\"robots\" content=\"index, follow, max-snippet:-1, max-image-preview:large, max-video-preview:-1\" \/>\n<link rel=\"canonical\" href=\"https:\/\/expresito.com\/home\/politicas-de-seguro\/\" \/>\n<meta property=\"og:locale\" content=\"es_ES\" \/>\n<meta property=\"og:type\" content=\"article\" \/>\n<meta property=\"og:title\" content=\"Politicas de seguro - Expresito\" \/>\n<meta property=\"og:description\" content=\"Politicas de seguro\" \/>\n<meta property=\"og:url\" content=\"https:\/\/expresito.com\/home\/politicas-de-seguro\/\" \/>\n<meta property=\"og:site_name\" content=\"Expresito\" \/>\n<meta property=\"article:publisher\" content=\"https:\/\/www.facebook.com\/EXPRESITOCARGA?mibextid=ZbWKwL\" \/>\n<meta property=\"article:modified_time\" content=\"2024-07-03T22:15:37+00:00\" \/>\n<meta name=\"twitter:card\" content=\"summary_large_image\" \/>\n<meta name=\"twitter:site\" content=\"@ExpresitoC\" \/>\n<meta name=\"twitter:label1\" content=\"Tiempo de lectura\" \/>\n\t<meta name=\"twitter:data1\" content=\"4 minutos\" \/>\n<script type=\"application\/ld+json\" class=\"yoast-schema-graph\">{\"@context\":\"https:\\\/\\\/schema.org\",\"@graph\":[{\"@type\":\"WebPage\",\"@id\":\"https:\\\/\\\/expresito.com\\\/home\\\/politicas-de-seguro\\\/\",\"url\":\"https:\\\/\\\/expresito.com\\\/home\\\/politicas-de-seguro\\\/\",\"name\":\"Politicas de seguro - Expresito\",\"isPartOf\":{\"@id\":\"https:\\\/\\\/expresito.com\\\/home\\\/#website\"},\"datePublished\":\"2023-12-27T19:11:04+00:00\",\"dateModified\":\"2024-07-03T22:15:37+00:00\",\"description\":\"Politicas de seguro\",\"breadcrumb\":{\"@id\":\"https:\\\/\\\/expresito.com\\\/home\\\/politicas-de-seguro\\\/#breadcrumb\"},\"inLanguage\":\"es\",\"potentialAction\":[{\"@type\":\"ReadAction\",\"target\":[\"https:\\\/\\\/expresito.com\\\/home\\\/politicas-de-seguro\\\/\"]}]},{\"@type\":\"BreadcrumbList\",\"@id\":\"https:\\\/\\\/expresito.com\\\/home\\\/politicas-de-seguro\\\/#breadcrumb\",\"itemListElement\":[{\"@type\":\"ListItem\",\"position\":1,\"name\":\"Portada\",\"item\":\"https:\\\/\\\/expresito.com\\\/home\\\/\"},{\"@type\":\"ListItem\",\"position\":2,\"name\":\"Politicas de seguro\"}]},{\"@type\":\"WebSite\",\"@id\":\"https:\\\/\\\/expresito.com\\\/home\\\/#website\",\"url\":\"https:\\\/\\\/expresito.com\\\/home\\\/\",\"name\":\"Expresito Carga- Envios a Latino America, Envios a Ecuador Y colombia\",\"description\":\"Carga y Correo a Colombia, Ecuador, Per\u00fa, M\u00e9xico, Rep\u00fablica Dominicana, Venezuela, Honduras, Guatemala, El Salvador, Canad\u00e1 y Todo Estados Unidos.\",\"publisher\":{\"@id\":\"https:\\\/\\\/expresito.com\\\/home\\\/#organization\"},\"potentialAction\":[{\"@type\":\"SearchAction\",\"target\":{\"@type\":\"EntryPoint\",\"urlTemplate\":\"https:\\\/\\\/expresito.com\\\/home\\\/?s={search_term_string}\"},\"query-input\":{\"@type\":\"PropertyValueSpecification\",\"valueRequired\":true,\"valueName\":\"search_term_string\"}}],\"inLanguage\":\"es\"},{\"@type\":\"Organization\",\"@id\":\"https:\\\/\\\/expresito.com\\\/home\\\/#organization\",\"name\":\"Expresito Carga\",\"url\":\"https:\\\/\\\/expresito.com\\\/home\\\/\",\"logo\":{\"@type\":\"ImageObject\",\"inLanguage\":\"es\",\"@id\":\"https:\\\/\\\/expresito.com\\\/home\\\/#\\\/schema\\\/logo\\\/image\\\/\",\"url\":\"https:\\\/\\\/expresito.com\\\/home\\\/wp-content\\\/uploads\\\/2023\\\/12\\\/logo4.png\",\"contentUrl\":\"https:\\\/\\\/expresito.com\\\/home\\\/wp-content\\\/uploads\\\/2023\\\/12\\\/logo4.png\",\"width\":1123,\"height\":232,\"caption\":\"Expresito Carga\"},\"image\":{\"@id\":\"https:\\\/\\\/expresito.com\\\/home\\\/#\\\/schema\\\/logo\\\/image\\\/\"},\"sameAs\":[\"https:\\\/\\\/www.facebook.com\\\/EXPRESITOCARGA?mibextid=ZbWKwL\",\"https:\\\/\\\/x.com\\\/ExpresitoC\",\"https:\\\/\\\/www.instagram.com\\\/expresitocarga?igsh=NDI1Z2xubGc1bm9q\",\"https:\\\/\\\/www.tiktok.com\\\/@expresito?_t=8k1FMiVJLK2&_r=1\",\"https:\\\/\\\/pin.it\\\/2W49waiNL\"]}]}<\/script>\n<!-- \/ Yoast SEO plugin. -->","yoast_head_json":{"title":"Politicas de seguro - Expresito","description":"Politicas de seguro","robots":{"index":"index","follow":"follow","max-snippet":"max-snippet:-1","max-image-preview":"max-image-preview:large","max-video-preview":"max-video-preview:-1"},"canonical":"https:\/\/expresito.com\/home\/politicas-de-seguro\/","og_locale":"es_ES","og_type":"article","og_title":"Politicas de seguro - Expresito","og_description":"Politicas de seguro","og_url":"https:\/\/expresito.com\/home\/politicas-de-seguro\/","og_site_name":"Expresito","article_publisher":"https:\/\/www.facebook.com\/EXPRESITOCARGA?mibextid=ZbWKwL","article_modified_time":"2024-07-03T22:15:37+00:00","twitter_card":"summary_large_image","twitter_site":"@ExpresitoC","twitter_misc":{"Tiempo de lectura":"4 minutos"},"schema":{"@context":"https:\/\/schema.org","@graph":[{"@type":"WebPage","@id":"https:\/\/expresito.com\/home\/politicas-de-seguro\/","url":"https:\/\/expresito.com\/home\/politicas-de-seguro\/","name":"Politicas de seguro - Expresito","isPartOf":{"@id":"https:\/\/expresito.com\/home\/#website"},"datePublished":"2023-12-27T19:11:04+00:00","dateModified":"2024-07-03T22:15:37+00:00","description":"Politicas de seguro","breadcrumb":{"@id":"https:\/\/expresito.com\/home\/politicas-de-seguro\/#breadcrumb"},"inLanguage":"es","potentialAction":[{"@type":"ReadAction","target":["https:\/\/expresito.com\/home\/politicas-de-seguro\/"]}]},{"@type":"BreadcrumbList","@id":"https:\/\/expresito.com\/home\/politicas-de-seguro\/#breadcrumb","itemListElement":[{"@type":"ListItem","position":1,"name":"Portada","item":"https:\/\/expresito.com\/home\/"},{"@type":"ListItem","position":2,"name":"Politicas de seguro"}]},{"@type":"WebSite","@id":"https:\/\/expresito.com\/home\/#website","url":"https:\/\/expresito.com\/home\/","name":"Expresito Carga- Envios a Latino America, Envios a Ecuador Y colombia","description":"Carga y Correo a Colombia, Ecuador, Per\u00fa, M\u00e9xico, Rep\u00fablica Dominicana, Venezuela, Honduras, Guatemala, El Salvador, Canad\u00e1 y Todo Estados Unidos.","publisher":{"@id":"https:\/\/expresito.com\/home\/#organization"},"potentialAction":[{"@type":"SearchAction","target":{"@type":"EntryPoint","urlTemplate":"https:\/\/expresito.com\/home\/?s={search_term_string}"},"query-input":{"@type":"PropertyValueSpecification","valueRequired":true,"valueName":"search_term_string"}}],"inLanguage":"es"},{"@type":"Organization","@id":"https:\/\/expresito.com\/home\/#organization","name":"Expresito Carga","url":"https:\/\/expresito.com\/home\/","logo":{"@type":"ImageObject","inLanguage":"es","@id":"https:\/\/expresito.com\/home\/#\/schema\/logo\/image\/","url":"https:\/\/expresito.com\/home\/wp-content\/uploads\/2023\/12\/logo4.png","contentUrl":"https:\/\/expresito.com\/home\/wp-content\/uploads\/2023\/12\/logo4.png","width":1123,"height":232,"caption":"Expresito Carga"},"image":{"@id":"https:\/\/expresito.com\/home\/#\/schema\/logo\/image\/"},"sameAs":["https:\/\/www.facebook.com\/EXPRESITOCARGA?mibextid=ZbWKwL","https:\/\/x.com\/ExpresitoC","https:\/\/www.instagram.com\/expresitocarga?igsh=NDI1Z2xubGc1bm9q","https:\/\/www.tiktok.com\/@expresito?_t=8k1FMiVJLK2&_r=1","https:\/\/pin.it\/2W49waiNL"]}]}},"jetpack_sharing_enabled":true,"_links":{"self":[{"href":"https:\/\/expresito.com\/home\/wp-json\/wp\/v2\/pages\/3255","targetHints":{"allow":["GET"]}}],"collection":[{"href":"https:\/\/expresito.com\/home\/wp-json\/wp\/v2\/pages"}],"about":[{"href":"https:\/\/expresito.com\/home\/wp-json\/wp\/v2\/types\/page"}],"author":[{"embeddable":true,"href":"https:\/\/expresito.com\/home\/wp-json\/wp\/v2\/users\/1"}],"replies":[{"embeddable":true,"href":"https:\/\/expresito.com\/home\/wp-json\/wp\/v2\/comments?post=3255"}],"version-history":[{"count":14,"href":"https:\/\/expresito.com\/home\/wp-json\/wp\/v2\/pages\/3255\/revisions"}],"predecessor-version":[{"id":4897,"href":"https:\/\/expresito.com\/home\/wp-json\/wp\/v2\/pages\/3255\/revisions\/4897"}],"wp:attachment":[{"href":"https:\/\/expresito.com\/home\/wp-json\/wp\/v2\/media?parent=3255"}],"curies":[{"name":"wp","href":"https:\/\/api.w.org\/{rel}","templated":true}]}}