{"id":3587,"date":"2024-02-15T11:06:36","date_gmt":"2024-02-15T16:06:36","guid":{"rendered":"https:\/\/expresito.com\/home\/?page_id=3587"},"modified":"2024-02-26T13:34:42","modified_gmt":"2024-02-26T18:34:42","slug":"politicasdeprivacidad","status":"publish","type":"page","link":"https:\/\/expresito.com\/home\/politicasdeprivacidad\/","title":{"rendered":"politicasdeprivacidad"},"content":{"rendered":"\t\t<div data-elementor-type=\"wp-page\" data-elementor-id=\"3587\" class=\"elementor elementor-3587\" data-elementor-post-type=\"page\">\n\t\t\t\t\t\t<section class=\"elementor-section elementor-top-section elementor-element elementor-element-1491a711 elementor-section-height-min-height elementor-section-boxed elementor-section-height-default elementor-section-items-middle\" data-id=\"1491a711\" data-element_type=\"section\" data-settings=\"{&quot;background_background&quot;:&quot;classic&quot;,&quot;shape_divider_bottom&quot;:&quot;triangle&quot;,&quot;shape_divider_bottom_negative&quot;:&quot;yes&quot;}\">\n\t\t\t\t\t\t\t<div class=\"elementor-background-overlay\"><\/div>\n\t\t\t\t\t\t<div class=\"elementor-shape elementor-shape-bottom\" data-negative=\"true\">\n\t\t\t<svg xmlns=\"http:\/\/www.w3.org\/2000\/svg\" viewBox=\"0 0 1000 100\" preserveAspectRatio=\"none\">\n\t<path class=\"elementor-shape-fill\" d=\"M500.2,94.7L0,0v100h1000V0L500.2,94.7z\"\/>\n<\/svg>\t\t<\/div>\n\t\t\t\t\t<div class=\"elementor-container elementor-column-gap-default\">\n\t\t\t\t\t<div class=\"elementor-column elementor-col-100 elementor-top-column elementor-element elementor-element-6203ab3e\" data-id=\"6203ab3e\" data-element_type=\"column\">\n\t\t\t<div class=\"elementor-widget-wrap elementor-element-populated\">\n\t\t\t\t\t\t<div class=\"elementor-element elementor-element-0983688 elementor-hidden-tablet elementor-hidden-mobile elementor-widget elementor-widget-spacer\" data-id=\"0983688\" data-element_type=\"widget\" data-widget_type=\"spacer.default\">\n\t\t\t\t<div class=\"elementor-widget-container\">\n\t\t\t\t\t\t\t<div class=\"elementor-spacer\">\n\t\t\t<div class=\"elementor-spacer-inner\"><\/div>\n\t\t<\/div>\n\t\t\t\t\t\t<\/div>\n\t\t\t\t<\/div>\n\t\t\t\t<div class=\"elementor-element elementor-element-2143ba31 elementor-invisible elementor-widget elementor-widget-heading\" data-id=\"2143ba31\" data-element_type=\"widget\" data-settings=\"{&quot;_animation&quot;:&quot;fadeInUp&quot;}\" data-widget_type=\"heading.default\">\n\t\t\t\t<div class=\"elementor-widget-container\">\n\t\t\t\t\t<h1 class=\"elementor-heading-title elementor-size-xl\">Pol\u00edtica de Privacidad\n<\/h1>\t\t\t\t<\/div>\n\t\t\t\t<\/div>\n\t\t\t\t<div class=\"elementor-element elementor-element-0cee73b elementor-hidden-tablet elementor-hidden-mobile elementor-widget elementor-widget-spacer\" data-id=\"0cee73b\" data-element_type=\"widget\" data-widget_type=\"spacer.default\">\n\t\t\t\t<div class=\"elementor-widget-container\">\n\t\t\t\t\t\t\t<div class=\"elementor-spacer\">\n\t\t\t<div class=\"elementor-spacer-inner\"><\/div>\n\t\t<\/div>\n\t\t\t\t\t\t<\/div>\n\t\t\t\t<\/div>\n\t\t\t\t\t<\/div>\n\t\t<\/div>\n\t\t\t\t\t<\/div>\n\t\t<\/section>\n\t\t\t\t<section class=\"elementor-section elementor-top-section elementor-element elementor-element-686ad87a elementor-reverse-mobile elementor-section-boxed elementor-section-height-default elementor-section-height-default\" data-id=\"686ad87a\" data-element_type=\"section\" data-settings=\"{&quot;background_background&quot;:&quot;classic&quot;}\">\n\t\t\t\t\t\t<div class=\"elementor-container elementor-column-gap-wider\">\n\t\t\t\t\t<div class=\"elementor-column elementor-col-100 elementor-top-column elementor-element elementor-element-28d068d8\" data-id=\"28d068d8\" data-element_type=\"column\">\n\t\t\t<div class=\"elementor-widget-wrap elementor-element-populated\">\n\t\t\t\t\t\t<div class=\"elementor-element elementor-element-4cab9b02 elementor-invisible elementor-widget elementor-widget-text-editor\" data-id=\"4cab9b02\" data-element_type=\"widget\" data-settings=\"{&quot;_animation&quot;:&quot;fadeInUp&quot;,&quot;_animation_delay&quot;:400}\" data-widget_type=\"text-editor.default\">\n\t\t\t\t<div class=\"elementor-widget-container\">\n\t\t\t\t\t\t\t\t\t<p><span style=\"font-style: inherit; font-weight: inherit;\">Esta Pol\u00edtica de Privacidad describe c\u00f3mo recopilamos, utilizamos y divulgamos informaci\u00f3n personal cuando utilizas nuestro sitio web\/aplicaci\u00f3n.<\/span><\/p><p><strong>Informaci\u00f3n que Recopilamos<\/strong><\/p><p>Podemos recopilar informaci\u00f3n personal como tu nombre, direcci\u00f3n de correo electr\u00f3nico y otros detalles de contacto cuando nos los proporcionas voluntariamente. Tambi\u00e9n podemos recopilar informaci\u00f3n no personal como el tipo de navegador, sistema operativo y datos de uso del sitio web mediante cookies y tecnolog\u00edas similares.<\/p><p><strong>C\u00f3mo Utilizamos tu Informaci\u00f3n<\/strong><\/p><p>Utilizamos la informaci\u00f3n que recopilamos para proporcionar y mejorar nuestro sitio web\/aplicaci\u00f3n, comunicarnos contigo y personalizar tu experiencia. Tambi\u00e9n podemos utilizar tu informaci\u00f3n para enviarte correos electr\u00f3nicos promocionales y otras comunicaciones que puedan ser de tu inter\u00e9s.<\/p><p><strong>Compartir tu Informaci\u00f3n<\/strong><\/p><p>No compartimos tu informaci\u00f3n con proveedores de servicios de terceros que nos ayuden a operar nuestro sitio web\/aplicaci\u00f3n o llevar a cabo nuestro negocio. Podemos compartir tu informaci\u00f3n en respuesta a obligaciones legales, para proteger nuestros derechos o los derechos de otros, o con tu consentimiento.<\/p><p><strong>Seguridad de los Datos<\/strong><\/p><p>Tomamos medidas razonables para proteger tu informaci\u00f3n contra el acceso, uso o divulgaci\u00f3n no autorizados. Sin embargo, ning\u00fan m\u00e9todo de transmisi\u00f3n por internet o almacenamiento electr\u00f3nico es 100% seguro, por lo que no podemos garantizar seguridad absoluta.<\/p><p><strong>Tus Opciones<\/strong><\/p><p>Puedes optar por no proporcionar cierta informaci\u00f3n personal, pero esto puede limitar tu capacidad para utilizar ciertas funciones de nuestro sitio web\/aplicaci\u00f3n. Tambi\u00e9n puedes optar por no recibir correos electr\u00f3nicos promocionales siguiendo las instrucciones de cancelaci\u00f3n de suscripci\u00f3n proporcionadas en esos correos electr\u00f3nicos.<\/p><p><strong>Cambios en esta Pol\u00edtica<\/strong><\/p><p>Podemos actualizar esta Pol\u00edtica de Privacidad de vez en cuando, as\u00ed que rev\u00edsala peri\u00f3dicamente. Tu uso continuado de nuestro sitio web\/aplicaci\u00f3n despu\u00e9s de cualquier cambio indica tu aceptaci\u00f3n de la pol\u00edtica actualizada.<\/p><p><strong>Cont\u00e1ctanos<\/strong><\/p><p>Si tienes alguna pregunta o inquietud sobre esta Pol\u00edtica de Privacidad, por favor utiliza la pesta\u00f1a de contacto para comunicarte con nosotros.&#8221;<\/p>\t\t\t\t\t\t\t\t<\/div>\n\t\t\t\t<\/div>\n\t\t\t\t\t<\/div>\n\t\t<\/div>\n\t\t\t\t\t<\/div>\n\t\t<\/section>\n\t\t\t\t<\/div>\n\t\t","protected":false},"excerpt":{"rendered":"<p>Pol\u00edtica de Privacidad Esta Pol\u00edtica de Privacidad describe c\u00f3mo recopilamos, utilizamos y divulgamos informaci\u00f3n personal cuando utilizas nuestro sitio web\/aplicaci\u00f3n. Informaci\u00f3n que Recopilamos Podemos recopilar informaci\u00f3n personal como tu nombre, direcci\u00f3n de correo electr\u00f3nico y otros detalles de contacto cuando nos los proporcionas voluntariamente. Tambi\u00e9n podemos recopilar informaci\u00f3n no personal como el tipo de navegador, &hellip;<\/p>\n<p class=\"read-more\"> <a class=\"\" href=\"https:\/\/expresito.com\/home\/politicasdeprivacidad\/\"> <span class=\"screen-reader-text\">politicasdeprivacidad<\/span> Leer m\u00e1s &raquo;<\/a><\/p>\n","protected":false},"author":9,"featured_media":0,"parent":0,"menu_order":0,"comment_status":"closed","ping_status":"closed","template":"","meta":{"_acf_changed":false,"wp_popup_display_lightbox":0,"wp_popup_suppress":"","wp_popup_trigger":"","wp_popup_trigger_amount":0,"wp_popup_disable_on_mobile":false,"site-sidebar-layout":"no-sidebar","site-content-layout":"page-builder","ast-global-header-display":"","ast-main-header-display":"","ast-hfb-above-header-display":"","ast-hfb-below-header-display":"","ast-hfb-mobile-header-display":"","site-post-title":"disabled","ast-breadcrumbs-content":"","ast-featured-img":"disabled","footer-sml-layout":"","theme-transparent-header-meta":"enabled","adv-header-id-meta":"","stick-header-meta":"","header-above-stick-meta":"","header-main-stick-meta":"","header-below-stick-meta":"","footnotes":""},"class_list":["post-3587","page","type-page","status-publish","hentry"],"acf":[],"yoast_head":"<!-- This site is optimized with the Yoast SEO plugin v27.3 - https:\/\/yoast.com\/product\/yoast-seo-wordpress\/ -->\n<title>politicasdeprivacidad - Expresito<\/title>\n<meta name=\"robots\" content=\"index, follow, max-snippet:-1, max-image-preview:large, max-video-preview:-1\" \/>\n<link rel=\"canonical\" href=\"https:\/\/expresito.com\/home\/politicasdeprivacidad\/\" \/>\n<meta property=\"og:locale\" content=\"es_ES\" \/>\n<meta property=\"og:type\" content=\"article\" \/>\n<meta property=\"og:title\" content=\"politicasdeprivacidad - Expresito\" \/>\n<meta property=\"og:description\" content=\"Pol\u00edtica de Privacidad Esta Pol\u00edtica de Privacidad describe c\u00f3mo recopilamos, utilizamos y divulgamos informaci\u00f3n personal cuando utilizas nuestro sitio web\/aplicaci\u00f3n. Informaci\u00f3n que Recopilamos Podemos recopilar informaci\u00f3n personal como tu nombre, direcci\u00f3n de correo electr\u00f3nico y otros detalles de contacto cuando nos los proporcionas voluntariamente. Tambi\u00e9n podemos recopilar informaci\u00f3n no personal como el tipo de navegador, &hellip; politicasdeprivacidad Leer m\u00e1s &raquo;\" \/>\n<meta property=\"og:url\" content=\"https:\/\/expresito.com\/home\/politicasdeprivacidad\/\" \/>\n<meta property=\"og:site_name\" content=\"Expresito\" \/>\n<meta property=\"article:publisher\" content=\"https:\/\/www.facebook.com\/EXPRESITOCARGA?mibextid=ZbWKwL\" \/>\n<meta property=\"article:modified_time\" content=\"2024-02-26T18:34:42+00:00\" \/>\n<meta name=\"twitter:card\" content=\"summary_large_image\" \/>\n<meta name=\"twitter:site\" content=\"@ExpresitoC\" \/>\n<meta name=\"twitter:label1\" content=\"Tiempo de lectura\" \/>\n\t<meta name=\"twitter:data1\" content=\"2 minutos\" \/>\n<script type=\"application\/ld+json\" class=\"yoast-schema-graph\">{\"@context\":\"https:\\\/\\\/schema.org\",\"@graph\":[{\"@type\":\"WebPage\",\"@id\":\"https:\\\/\\\/expresito.com\\\/home\\\/politicasdeprivacidad\\\/\",\"url\":\"https:\\\/\\\/expresito.com\\\/home\\\/politicasdeprivacidad\\\/\",\"name\":\"politicasdeprivacidad - Expresito\",\"isPartOf\":{\"@id\":\"https:\\\/\\\/expresito.com\\\/home\\\/#website\"},\"datePublished\":\"2024-02-15T16:06:36+00:00\",\"dateModified\":\"2024-02-26T18:34:42+00:00\",\"breadcrumb\":{\"@id\":\"https:\\\/\\\/expresito.com\\\/home\\\/politicasdeprivacidad\\\/#breadcrumb\"},\"inLanguage\":\"es\",\"potentialAction\":[{\"@type\":\"ReadAction\",\"target\":[\"https:\\\/\\\/expresito.com\\\/home\\\/politicasdeprivacidad\\\/\"]}]},{\"@type\":\"BreadcrumbList\",\"@id\":\"https:\\\/\\\/expresito.com\\\/home\\\/politicasdeprivacidad\\\/#breadcrumb\",\"itemListElement\":[{\"@type\":\"ListItem\",\"position\":1,\"name\":\"Portada\",\"item\":\"https:\\\/\\\/expresito.com\\\/home\\\/\"},{\"@type\":\"ListItem\",\"position\":2,\"name\":\"politicasdeprivacidad\"}]},{\"@type\":\"WebSite\",\"@id\":\"https:\\\/\\\/expresito.com\\\/home\\\/#website\",\"url\":\"https:\\\/\\\/expresito.com\\\/home\\\/\",\"name\":\"Expresito Carga- Envios a Latino America, Envios a Ecuador Y colombia\",\"description\":\"Carga y Correo a Colombia, Ecuador, Per\u00fa, M\u00e9xico, Rep\u00fablica Dominicana, Venezuela, Honduras, Guatemala, El Salvador, Canad\u00e1 y Todo Estados Unidos.\",\"publisher\":{\"@id\":\"https:\\\/\\\/expresito.com\\\/home\\\/#organization\"},\"potentialAction\":[{\"@type\":\"SearchAction\",\"target\":{\"@type\":\"EntryPoint\",\"urlTemplate\":\"https:\\\/\\\/expresito.com\\\/home\\\/?s={search_term_string}\"},\"query-input\":{\"@type\":\"PropertyValueSpecification\",\"valueRequired\":true,\"valueName\":\"search_term_string\"}}],\"inLanguage\":\"es\"},{\"@type\":\"Organization\",\"@id\":\"https:\\\/\\\/expresito.com\\\/home\\\/#organization\",\"name\":\"Expresito Carga\",\"url\":\"https:\\\/\\\/expresito.com\\\/home\\\/\",\"logo\":{\"@type\":\"ImageObject\",\"inLanguage\":\"es\",\"@id\":\"https:\\\/\\\/expresito.com\\\/home\\\/#\\\/schema\\\/logo\\\/image\\\/\",\"url\":\"https:\\\/\\\/expresito.com\\\/home\\\/wp-content\\\/uploads\\\/2023\\\/12\\\/logo4.png\",\"contentUrl\":\"https:\\\/\\\/expresito.com\\\/home\\\/wp-content\\\/uploads\\\/2023\\\/12\\\/logo4.png\",\"width\":1123,\"height\":232,\"caption\":\"Expresito Carga\"},\"image\":{\"@id\":\"https:\\\/\\\/expresito.com\\\/home\\\/#\\\/schema\\\/logo\\\/image\\\/\"},\"sameAs\":[\"https:\\\/\\\/www.facebook.com\\\/EXPRESITOCARGA?mibextid=ZbWKwL\",\"https:\\\/\\\/x.com\\\/ExpresitoC\",\"https:\\\/\\\/www.instagram.com\\\/expresitocarga?igsh=NDI1Z2xubGc1bm9q\",\"https:\\\/\\\/www.tiktok.com\\\/@expresito?_t=8k1FMiVJLK2&_r=1\",\"https:\\\/\\\/pin.it\\\/2W49waiNL\"]}]}<\/script>\n<!-- \/ Yoast SEO plugin. -->","yoast_head_json":{"title":"politicasdeprivacidad - Expresito","robots":{"index":"index","follow":"follow","max-snippet":"max-snippet:-1","max-image-preview":"max-image-preview:large","max-video-preview":"max-video-preview:-1"},"canonical":"https:\/\/expresito.com\/home\/politicasdeprivacidad\/","og_locale":"es_ES","og_type":"article","og_title":"politicasdeprivacidad - Expresito","og_description":"Pol\u00edtica de Privacidad Esta Pol\u00edtica de Privacidad describe c\u00f3mo recopilamos, utilizamos y divulgamos informaci\u00f3n personal cuando utilizas nuestro sitio web\/aplicaci\u00f3n. Informaci\u00f3n que Recopilamos Podemos recopilar informaci\u00f3n personal como tu nombre, direcci\u00f3n de correo electr\u00f3nico y otros detalles de contacto cuando nos los proporcionas voluntariamente. Tambi\u00e9n podemos recopilar informaci\u00f3n no personal como el tipo de navegador, &hellip; politicasdeprivacidad Leer m\u00e1s &raquo;","og_url":"https:\/\/expresito.com\/home\/politicasdeprivacidad\/","og_site_name":"Expresito","article_publisher":"https:\/\/www.facebook.com\/EXPRESITOCARGA?mibextid=ZbWKwL","article_modified_time":"2024-02-26T18:34:42+00:00","twitter_card":"summary_large_image","twitter_site":"@ExpresitoC","twitter_misc":{"Tiempo de lectura":"2 minutos"},"schema":{"@context":"https:\/\/schema.org","@graph":[{"@type":"WebPage","@id":"https:\/\/expresito.com\/home\/politicasdeprivacidad\/","url":"https:\/\/expresito.com\/home\/politicasdeprivacidad\/","name":"politicasdeprivacidad - Expresito","isPartOf":{"@id":"https:\/\/expresito.com\/home\/#website"},"datePublished":"2024-02-15T16:06:36+00:00","dateModified":"2024-02-26T18:34:42+00:00","breadcrumb":{"@id":"https:\/\/expresito.com\/home\/politicasdeprivacidad\/#breadcrumb"},"inLanguage":"es","potentialAction":[{"@type":"ReadAction","target":["https:\/\/expresito.com\/home\/politicasdeprivacidad\/"]}]},{"@type":"BreadcrumbList","@id":"https:\/\/expresito.com\/home\/politicasdeprivacidad\/#breadcrumb","itemListElement":[{"@type":"ListItem","position":1,"name":"Portada","item":"https:\/\/expresito.com\/home\/"},{"@type":"ListItem","position":2,"name":"politicasdeprivacidad"}]},{"@type":"WebSite","@id":"https:\/\/expresito.com\/home\/#website","url":"https:\/\/expresito.com\/home\/","name":"Expresito Carga- Envios a Latino America, Envios a Ecuador Y colombia","description":"Carga y Correo a Colombia, Ecuador, Per\u00fa, M\u00e9xico, Rep\u00fablica Dominicana, Venezuela, Honduras, Guatemala, El Salvador, Canad\u00e1 y Todo Estados Unidos.","publisher":{"@id":"https:\/\/expresito.com\/home\/#organization"},"potentialAction":[{"@type":"SearchAction","target":{"@type":"EntryPoint","urlTemplate":"https:\/\/expresito.com\/home\/?s={search_term_string}"},"query-input":{"@type":"PropertyValueSpecification","valueRequired":true,"valueName":"search_term_string"}}],"inLanguage":"es"},{"@type":"Organization","@id":"https:\/\/expresito.com\/home\/#organization","name":"Expresito Carga","url":"https:\/\/expresito.com\/home\/","logo":{"@type":"ImageObject","inLanguage":"es","@id":"https:\/\/expresito.com\/home\/#\/schema\/logo\/image\/","url":"https:\/\/expresito.com\/home\/wp-content\/uploads\/2023\/12\/logo4.png","contentUrl":"https:\/\/expresito.com\/home\/wp-content\/uploads\/2023\/12\/logo4.png","width":1123,"height":232,"caption":"Expresito Carga"},"image":{"@id":"https:\/\/expresito.com\/home\/#\/schema\/logo\/image\/"},"sameAs":["https:\/\/www.facebook.com\/EXPRESITOCARGA?mibextid=ZbWKwL","https:\/\/x.com\/ExpresitoC","https:\/\/www.instagram.com\/expresitocarga?igsh=NDI1Z2xubGc1bm9q","https:\/\/www.tiktok.com\/@expresito?_t=8k1FMiVJLK2&_r=1","https:\/\/pin.it\/2W49waiNL"]}]}},"jetpack_sharing_enabled":true,"_links":{"self":[{"href":"https:\/\/expresito.com\/home\/wp-json\/wp\/v2\/pages\/3587","targetHints":{"allow":["GET"]}}],"collection":[{"href":"https:\/\/expresito.com\/home\/wp-json\/wp\/v2\/pages"}],"about":[{"href":"https:\/\/expresito.com\/home\/wp-json\/wp\/v2\/types\/page"}],"author":[{"embeddable":true,"href":"https:\/\/expresito.com\/home\/wp-json\/wp\/v2\/users\/9"}],"replies":[{"embeddable":true,"href":"https:\/\/expresito.com\/home\/wp-json\/wp\/v2\/comments?post=3587"}],"version-history":[{"count":9,"href":"https:\/\/expresito.com\/home\/wp-json\/wp\/v2\/pages\/3587\/revisions"}],"predecessor-version":[{"id":3852,"href":"https:\/\/expresito.com\/home\/wp-json\/wp\/v2\/pages\/3587\/revisions\/3852"}],"wp:attachment":[{"href":"https:\/\/expresito.com\/home\/wp-json\/wp\/v2\/media?parent=3587"}],"curies":[{"name":"wp","href":"https:\/\/api.w.org\/{rel}","templated":true}]}}