{"id":3992,"date":"2024-03-18T12:54:14","date_gmt":"2024-03-18T16:54:14","guid":{"rendered":"https:\/\/expresito.com\/home\/contactos\/"},"modified":"2026-02-10T13:14:09","modified_gmt":"2026-02-10T18:14:09","slug":"contactos","status":"publish","type":"page","link":"https:\/\/expresito.com\/home\/contactos\/","title":{"rendered":"Contactos"},"content":{"rendered":"<div><strong>Llame gratis en Estados Unidos \u00a0\u00a0<\/strong><strong>1-866<\/strong>&#8211;<strong>Mi-<\/strong><strong>Carga\u00a0 (<\/strong> <strong>1-866-642-2742<\/strong><strong>)<\/strong><\/div>\n<div><\/div>\n<div>\n<table border=\"0\">\n<tbody>\n<tr>\n<td><strong>Corona Queens<\/strong>102-46 Corona Ave.<br \/>\nCorona, NY, 11368<br \/>\n(718) 205-2222<br \/>\nventas@expresito.com<strong>Horario de Atenci\u00f3n:<\/strong>Lunes a Viernes: 9:00AM &#8211; 6:00PM<br \/>\nFin de Semana: 10:00AM &#8211; 4:00PM<\/p>\n<p>&nbsp;<\/p>\n<p>Como llegar? ver mapa<\/td>\n<td><strong>Queens<br \/>\n<\/strong>37-62 80 ST<br \/>\nJackson Hts. NY, 11372<br \/>\n(718) 371-1582<br \/>\n<a href=\"mailto:ventas@expresito.com\">ventas@expresito.com<\/a><strong>Horario de Atenci\u00f3n:<br \/>\n<\/strong>Lunes a Viernes: 10:00AM &#8211; 6:00PM<br \/>\nFin de Semana:\u00a0 10:00AM &#8211; 4:00PM<strong>Como llegar ?<\/strong>\u00a0<a href=\"https:\/\/maps.google.com\/maps?q=37-62+80+ST+Jackson+Hts.+NY,+11372+(718)+371-1582&amp;hl=en&amp;sll=40.743895,-73.860085&amp;sspn=0.006397,0.013787&amp;t=m&amp;z=15\" target=\"_blank\" rel=\"noopener\">ver mapa<\/a><\/td>\n<\/tr>\n<tr>\n<td><\/td>\n<td><\/td>\n<\/tr>\n<tr>\n<td><\/td>\n<td><\/td>\n<\/tr>\n<tr>\n<td><strong>Brooklyn<br \/>\n<\/strong>4216 5th Ave.<br \/>\nBrooklyn, NY 11232<br \/>\n(718) 412-2030<br \/>\n<a href=\"mailto:ventas@expresito.com\">ventas@expresito.com<\/a><br \/>\n<strong>Horario de Atencion:<br \/>\n<\/strong>Lunes a Viernes: 10:00AM &#8211; 6:00PM<br \/>\nFin de Semana:\u00a0 10:00AM &#8211; 4:00PM<strong>Como llegar ?:<\/strong>\u00a0<a href=\"https:\/\/maps.google.com\/maps?q=42-16+5th+Ave.+Brooklyn,+NY+11232+(718)+412-2030&amp;hl=en&amp;sll=40.745852,-73.873029&amp;sspn=0.025588,0.055146&amp;hq=(718)+412-2030&amp;hnear=16+5th+Ave,+Brooklyn,+Kings,+New+York+11217&amp;t=m&amp;z=17&amp;iwloc=A\" target=\"_blank\" rel=\"noopener\">ver mapa<\/a><\/td>\n<td><strong>Elizabeth<br \/>\n<\/strong>350 Morris Ave.<br \/>\nElizabeth, NJ 07208<br \/>\n(908)-248-0241<br \/>\n<a href=\"mailto:ventas@expresito.com\">ventas@expresito.com<\/a><br \/>\n<strong>Horario de Atencion:<br \/>\n<\/strong>Lunes a Viernes: 10:00AM &#8211; 6:00PM<br \/>\nSabados:\u00a0 10:00AM &#8211; 4:00PM<strong>Como llegar\u00a0<\/strong>?\u00a0<a href=\"https:\/\/maps.google.com\/maps?q=350+Morris+Ave.+Elizabeth,+NJ+07208+(908)-248-0241&amp;hl=en&amp;ll=40.670052,-74.219266&amp;spn=0.006404,0.013787&amp;sll=40.670117,-74.219266&amp;sspn=0.006404,0.013787&amp;hnear=350+Morris+Ave,+Elizabeth,+New+Jersey+07208&amp;t=m&amp;z=17\" target=\"_blank\" rel=\"noopener\">ver mapa<\/a><\/td>\n<\/tr>\n<tr>\n<td><strong>Union City<\/strong><br \/>\n4606 Bergenline Ave<br \/>\nUnion City, NJ 07087<br \/>\n(201) 766-5570<strong>Horario de Atenci\u00f3n:<br \/>\n<\/strong>Lunes a Viernes: 10:00AM &#8211; 6:00PM<br \/>\nFin de Semana: 10:00AM &#8211; 4:00PM<strong>Como llegar?<\/strong><a href=\"https:\/\/maps.google.com\/maps?q=4606+Bergenline+Ave+%E2%80%A8Union+City,+NJ+07087%E2%80%A8+(201)+766-5570&amp;hl=en&amp;ie=UTF8&amp;sll=40.743895,-73.860085&amp;sspn=0.006609,0.013776&amp;hnear=4606+Bergenline+Ave,+Union+City,+New+Jersey+07087&amp;t=m&amp;z=17\" target=\"_blank\" rel=\"noopener\">\u00a0ver mapa<\/a><\/td>\n<td><strong>Miami<\/strong><br \/>\n3100 NW 72 Ave Local #128<br \/>\nMiami, FL 33122<br \/>\n(305) 716-9600<strong>Horario de Atenci\u00f3n:<br \/>\n<\/strong>Lunes a Viernes: 9:00AM &#8211; 6:00PM<br \/>\nSabados: 10:00AM &#8211; 4:00PM<strong>Como llegar?\u00a0<\/strong><a href=\"http:\/\/maps.google.com\/maps?q=3100+NW+72+Ave+Local+%23128+%E2%80%A8Miami,+FL+33122%E2%80%A8+(305)+716-9600&amp;hl=en&amp;ie=UTF8&amp;sll=40.697488,-73.979681&amp;sspn=0.846472,1.783905&amp;hq=3100+NW+72+Ave+Local+%23128+%E2%80%A8Miami,+FL+33122%E2%80%A8+(305)+716-9600&amp;radius=15000&amp;t=m&amp;z=13\" target=\"_blank\" rel=\"noopener\">ver mapa<\/a><\/td>\n<\/tr>\n<tr>\n<td>\n<table border=\"0\">\n<tbody>\n<tr>\n<td><strong>Agencia Colombia<\/strong><strong>Bogota<\/strong><br \/>\nCra 97 No. 24C-75 Bodega # 34.<br \/>\nCentro Empresarial \u201c Muelle Industrial\u201dA 5mm del Aeropuerto Int\u2019 El Dorado.<br \/>\nBogota &#8211;<a href=\"mailto:colombia@expresito.com\">colombia@expresito.com<\/a><br \/>\nPhone: Tel. (57) 1 5479000 &#8211; (57) 1 2671810.<br \/>\nCel. (57)3505545478<br \/>\nLlamadas desde Usa: 1 (212) 202-0789 Ext: 1502-Llame gratis desde cualquier parte:<a href=\"http:\/\/www.expresito.co\/expresito\/llamegratis.html\">\u00a0haga un click aqui<\/a><a title=\"http:\/\/www.paginasamarillas.com.co\/empresa\/expresito+carga+ltda-bogota-143979?idAnuncio=25624239\" name=\"http:\/\/www.paginasamarillas.com.co\/empresa\/expresito+carga+ltda-bogota-143979?idAnuncio=25624239\"><\/a><strong>Como llegar ?<\/strong>\u00a0<a href=\"https:\/\/maps.google.com\/maps?q=Cra+97+24C-75++Bogota+colombia&amp;hl=es-419&amp;ie=UTF8&amp;sll=4.669681,-74.145288&amp;sspn=0.009014,0.013937&amp;hnear=Carrera+97+%23+24-75,+Bogot%C3%A1,+Cundinamarca,+Colombia&amp;t=m&amp;z=17\" target=\"_blank\" rel=\"noopener\">ver mapa<\/a>vea nuestro portal de Colombia al Mundo\u00a0<a href=\"http:\/\/www.expresito.co\/\">www.expresito.co<\/a><strong>\u00a0<\/strong><\/td>\n<\/tr>\n<\/tbody>\n<\/table>\n<\/td>\n<td><span style=\"color: #000000;\"><strong>Guayaquil<br \/>\n<\/strong>Av. De las Americas.<br \/>\nCdla. Sim\u00f3n Bol\u00edvar<br \/>\nfrente al Aeropuerto S.Bolivar<br \/>\nMz. 4 Edif. 57<br \/>\nGuayaquil, Ecuador<br \/>\nEmail:<\/span>\u00a0<a href=\"mailto:ecuador@expresito.com\">ecuador@expresito.com<\/a><br \/>\n<span style=\"color: #000000;\">Phone: (593) 04-239-8220 -239-8225 -269-2619 -269-2743<br \/>\nUSA: 1 (212) 202-3248<\/span><br \/>\n<strong>Como llegar ?<\/strong>\u00a0<a href=\"https:\/\/maps.google.com\/maps?q=-2.151425,-79.886539&amp;hl=en&amp;num=1&amp;t=m&amp;z=17\" target=\"_blank\" rel=\"noopener\">ver mapa<\/a><\/td>\n<\/tr>\n<tr>\n<td><strong>Cuenca<br \/>\n<\/strong>Hermano Miguel # 1032<br \/>\nEntre Gran Colombia y Mariscal Lamar.<br \/>\nCuenca, Ecuador<br \/>\nEmail:\u00a0<a href=\"mailto:cuenca@expresito.com\">cuenca@expresito.com<\/a><br \/>\nPhone: (5937) 284-98-29<br \/>\nIP Phone USA: 1 (212) 202-3248<br \/>\n<strong>Como llegar ?<\/strong>\u00a0<a href=\"https:\/\/maps.google.com\/maps?q=-2.896335,-79.001593&amp;hl=en&amp;num=1&amp;t=m&amp;z=17\" target=\"_blank\" rel=\"noopener\">ver mapa<\/a><\/td>\n<td><\/td>\n<\/tr>\n<\/tbody>\n<\/table>\n<p><strong>Agencia Peru\u00a0<\/strong><\/p>\n<p>CONTIEXPRESS<\/p>\n<p>Avenida Argentina , 2459 &#8211; Lima<br \/>\nLIma Peru<span style=\"color: #333300;\"><br \/>\n<\/span><span style=\"color: #333300;\">Email:<\/span>\u00a0<a href=\"mailto:Peru@expresito.com\">Peru@expresito.com<\/a><br \/>\n<span style=\"color: #333300;\">TIP Phone USA: (212)-202-3248 Ext: 1400 +511 (336) 6674<\/span><\/p>\n<\/div>\n<div>\n<p>&nbsp;<\/p>\n<div>\n<p><strong>Departamento de Agentes Autorizados<\/strong><br \/>\nQuiere ser nuestro Agente ?<br \/>\nEmail:\u00a0<a href=\"mailto:agencias@expresito.com\">agencias@expresito.com<\/a>\u00a0Esta direcci\u00f3n electr\u00f3nica esta protegida contra spambots. Es necesario activar Javascript para visualizarla<\/p>\n<\/div>\n<p>Si\u00e9ntase libre de enviarnos sus comentarios y\/o sugerencias<\/p>\n<\/div>\n","protected":false},"excerpt":{"rendered":"<p>Llame gratis en Estados Unidos \u00a0\u00a01-866&#8211;Mi-Carga\u00a0 ( 1-866-642-2742) Corona Queens102-46 Corona Ave. Corona, NY, 11368 (718) 205-2222 ventas@expresito.comHorario de Atenci\u00f3n:Lunes a Viernes: 9:00AM &#8211; 6:00PM Fin de Semana: 10:00AM &#8211; 4:00PM &nbsp; Como llegar? ver mapa Queens 37-62 80 ST Jackson Hts. NY, 11372 (718) 371-1582 ventas@expresito.comHorario de Atenci\u00f3n: Lunes a Viernes: 10:00AM &#8211; 6:00PM &hellip;<\/p>\n<p class=\"read-more\"> <a class=\"\" href=\"https:\/\/expresito.com\/home\/contactos\/\"> <span class=\"screen-reader-text\">Contactos<\/span> Leer m\u00e1s &raquo;<\/a><\/p>\n","protected":false},"author":1,"featured_media":0,"parent":0,"menu_order":0,"comment_status":"open","ping_status":"open","template":"","meta":{"_acf_changed":false,"wp_popup_display_lightbox":0,"wp_popup_suppress":"","wp_popup_trigger":"","wp_popup_trigger_amount":0,"wp_popup_disable_on_mobile":false,"site-sidebar-layout":"default","site-content-layout":"default","ast-global-header-display":"","ast-main-header-display":"","ast-hfb-above-header-display":"","ast-hfb-below-header-display":"","ast-hfb-mobile-header-display":"","site-post-title":"disabled","ast-breadcrumbs-content":"","ast-featured-img":"","footer-sml-layout":"","theme-transparent-header-meta":"default","adv-header-id-meta":"","stick-header-meta":"","header-above-stick-meta":"","header-main-stick-meta":"","header-below-stick-meta":"","footnotes":""},"class_list":["post-3992","page","type-page","status-publish","hentry"],"acf":[],"yoast_head":"<!-- This site is optimized with the Yoast SEO plugin v27.4 - https:\/\/yoast.com\/product\/yoast-seo-wordpress\/ -->\n<title>Contactos - Expresito<\/title>\n<meta name=\"description\" content=\"Encuentra las direcciones y horarios de las oficinas de Expresito Carga. Drop off de paquetes y env\u00edos a Ecuador,Colombia,Peru,Chile y MAS!\" \/>\n<meta name=\"robots\" content=\"index, follow, max-snippet:-1, max-image-preview:large, max-video-preview:-1\" \/>\n<link rel=\"canonical\" href=\"https:\/\/expresito.com\/home\/contactos\/\" \/>\n<meta property=\"og:locale\" content=\"es_ES\" \/>\n<meta property=\"og:type\" content=\"article\" \/>\n<meta property=\"og:title\" content=\"Contactos - Expresito\" \/>\n<meta property=\"og:description\" content=\"Encuentra las direcciones y horarios de las oficinas de Expresito Carga. Drop off de paquetes y env\u00edos a Ecuador,Colombia,Peru,Chile y MAS!\" \/>\n<meta property=\"og:url\" content=\"https:\/\/expresito.com\/home\/contactos\/\" \/>\n<meta property=\"og:site_name\" content=\"Expresito\" \/>\n<meta property=\"article:publisher\" content=\"https:\/\/www.facebook.com\/EXPRESITOCARGA?mibextid=ZbWKwL\" \/>\n<meta property=\"article:modified_time\" content=\"2026-02-10T18:14:09+00:00\" \/>\n<meta name=\"twitter:card\" content=\"summary_large_image\" \/>\n<meta name=\"twitter:site\" content=\"@ExpresitoC\" \/>\n<meta name=\"twitter:label1\" content=\"Tiempo de lectura\" \/>\n\t<meta name=\"twitter:data1\" content=\"2 minutos\" \/>\n<script type=\"application\/ld+json\" class=\"yoast-schema-graph\">{\"@context\":\"https:\\\/\\\/schema.org\",\"@graph\":[{\"@type\":\"WebPage\",\"@id\":\"https:\\\/\\\/expresito.com\\\/home\\\/contactos\\\/\",\"url\":\"https:\\\/\\\/expresito.com\\\/home\\\/contactos\\\/\",\"name\":\"Contactos - Expresito\",\"isPartOf\":{\"@id\":\"https:\\\/\\\/expresito.com\\\/home\\\/#website\"},\"datePublished\":\"2024-03-18T16:54:14+00:00\",\"dateModified\":\"2026-02-10T18:14:09+00:00\",\"description\":\"Encuentra las direcciones y horarios de las oficinas de Expresito Carga. Drop off de paquetes y env\u00edos a Ecuador,Colombia,Peru,Chile y MAS!\",\"breadcrumb\":{\"@id\":\"https:\\\/\\\/expresito.com\\\/home\\\/contactos\\\/#breadcrumb\"},\"inLanguage\":\"es\",\"potentialAction\":[{\"@type\":\"ReadAction\",\"target\":[\"https:\\\/\\\/expresito.com\\\/home\\\/contactos\\\/\"]}]},{\"@type\":\"BreadcrumbList\",\"@id\":\"https:\\\/\\\/expresito.com\\\/home\\\/contactos\\\/#breadcrumb\",\"itemListElement\":[{\"@type\":\"ListItem\",\"position\":1,\"name\":\"Portada\",\"item\":\"https:\\\/\\\/expresito.com\\\/home\\\/\"},{\"@type\":\"ListItem\",\"position\":2,\"name\":\"Contactos\"}]},{\"@type\":\"WebSite\",\"@id\":\"https:\\\/\\\/expresito.com\\\/home\\\/#website\",\"url\":\"https:\\\/\\\/expresito.com\\\/home\\\/\",\"name\":\"Expresito Carga- Envios a Latino America, Envios a Ecuador Y colombia\",\"description\":\"Carga y Correo a Colombia, Ecuador, Per\u00fa, M\u00e9xico, Rep\u00fablica Dominicana, Venezuela, Honduras, Guatemala, El Salvador, Canad\u00e1 y Todo Estados Unidos.\",\"publisher\":{\"@id\":\"https:\\\/\\\/expresito.com\\\/home\\\/#organization\"},\"potentialAction\":[{\"@type\":\"SearchAction\",\"target\":{\"@type\":\"EntryPoint\",\"urlTemplate\":\"https:\\\/\\\/expresito.com\\\/home\\\/?s={search_term_string}\"},\"query-input\":{\"@type\":\"PropertyValueSpecification\",\"valueRequired\":true,\"valueName\":\"search_term_string\"}}],\"inLanguage\":\"es\"},{\"@type\":\"Organization\",\"@id\":\"https:\\\/\\\/expresito.com\\\/home\\\/#organization\",\"name\":\"Expresito Carga\",\"url\":\"https:\\\/\\\/expresito.com\\\/home\\\/\",\"logo\":{\"@type\":\"ImageObject\",\"inLanguage\":\"es\",\"@id\":\"https:\\\/\\\/expresito.com\\\/home\\\/#\\\/schema\\\/logo\\\/image\\\/\",\"url\":\"https:\\\/\\\/expresito.com\\\/home\\\/wp-content\\\/uploads\\\/2023\\\/12\\\/logo4.png\",\"contentUrl\":\"https:\\\/\\\/expresito.com\\\/home\\\/wp-content\\\/uploads\\\/2023\\\/12\\\/logo4.png\",\"width\":1123,\"height\":232,\"caption\":\"Expresito Carga\"},\"image\":{\"@id\":\"https:\\\/\\\/expresito.com\\\/home\\\/#\\\/schema\\\/logo\\\/image\\\/\"},\"sameAs\":[\"https:\\\/\\\/www.facebook.com\\\/EXPRESITOCARGA?mibextid=ZbWKwL\",\"https:\\\/\\\/x.com\\\/ExpresitoC\",\"https:\\\/\\\/www.instagram.com\\\/expresitocarga?igsh=NDI1Z2xubGc1bm9q\",\"https:\\\/\\\/www.tiktok.com\\\/@expresito?_t=8k1FMiVJLK2&_r=1\",\"https:\\\/\\\/pin.it\\\/2W49waiNL\"]}]}<\/script>\n<!-- \/ Yoast SEO plugin. -->","yoast_head_json":{"title":"Contactos - Expresito","description":"Encuentra las direcciones y horarios de las oficinas de Expresito Carga. Drop off de paquetes y env\u00edos a Ecuador,Colombia,Peru,Chile y MAS!","robots":{"index":"index","follow":"follow","max-snippet":"max-snippet:-1","max-image-preview":"max-image-preview:large","max-video-preview":"max-video-preview:-1"},"canonical":"https:\/\/expresito.com\/home\/contactos\/","og_locale":"es_ES","og_type":"article","og_title":"Contactos - Expresito","og_description":"Encuentra las direcciones y horarios de las oficinas de Expresito Carga. Drop off de paquetes y env\u00edos a Ecuador,Colombia,Peru,Chile y MAS!","og_url":"https:\/\/expresito.com\/home\/contactos\/","og_site_name":"Expresito","article_publisher":"https:\/\/www.facebook.com\/EXPRESITOCARGA?mibextid=ZbWKwL","article_modified_time":"2026-02-10T18:14:09+00:00","twitter_card":"summary_large_image","twitter_site":"@ExpresitoC","twitter_misc":{"Tiempo de lectura":"2 minutos"},"schema":{"@context":"https:\/\/schema.org","@graph":[{"@type":"WebPage","@id":"https:\/\/expresito.com\/home\/contactos\/","url":"https:\/\/expresito.com\/home\/contactos\/","name":"Contactos - Expresito","isPartOf":{"@id":"https:\/\/expresito.com\/home\/#website"},"datePublished":"2024-03-18T16:54:14+00:00","dateModified":"2026-02-10T18:14:09+00:00","description":"Encuentra las direcciones y horarios de las oficinas de Expresito Carga. Drop off de paquetes y env\u00edos a Ecuador,Colombia,Peru,Chile y MAS!","breadcrumb":{"@id":"https:\/\/expresito.com\/home\/contactos\/#breadcrumb"},"inLanguage":"es","potentialAction":[{"@type":"ReadAction","target":["https:\/\/expresito.com\/home\/contactos\/"]}]},{"@type":"BreadcrumbList","@id":"https:\/\/expresito.com\/home\/contactos\/#breadcrumb","itemListElement":[{"@type":"ListItem","position":1,"name":"Portada","item":"https:\/\/expresito.com\/home\/"},{"@type":"ListItem","position":2,"name":"Contactos"}]},{"@type":"WebSite","@id":"https:\/\/expresito.com\/home\/#website","url":"https:\/\/expresito.com\/home\/","name":"Expresito Carga- Envios a Latino America, Envios a Ecuador Y colombia","description":"Carga y Correo a Colombia, Ecuador, Per\u00fa, M\u00e9xico, Rep\u00fablica Dominicana, Venezuela, Honduras, Guatemala, El Salvador, Canad\u00e1 y Todo Estados Unidos.","publisher":{"@id":"https:\/\/expresito.com\/home\/#organization"},"potentialAction":[{"@type":"SearchAction","target":{"@type":"EntryPoint","urlTemplate":"https:\/\/expresito.com\/home\/?s={search_term_string}"},"query-input":{"@type":"PropertyValueSpecification","valueRequired":true,"valueName":"search_term_string"}}],"inLanguage":"es"},{"@type":"Organization","@id":"https:\/\/expresito.com\/home\/#organization","name":"Expresito Carga","url":"https:\/\/expresito.com\/home\/","logo":{"@type":"ImageObject","inLanguage":"es","@id":"https:\/\/expresito.com\/home\/#\/schema\/logo\/image\/","url":"https:\/\/expresito.com\/home\/wp-content\/uploads\/2023\/12\/logo4.png","contentUrl":"https:\/\/expresito.com\/home\/wp-content\/uploads\/2023\/12\/logo4.png","width":1123,"height":232,"caption":"Expresito Carga"},"image":{"@id":"https:\/\/expresito.com\/home\/#\/schema\/logo\/image\/"},"sameAs":["https:\/\/www.facebook.com\/EXPRESITOCARGA?mibextid=ZbWKwL","https:\/\/x.com\/ExpresitoC","https:\/\/www.instagram.com\/expresitocarga?igsh=NDI1Z2xubGc1bm9q","https:\/\/www.tiktok.com\/@expresito?_t=8k1FMiVJLK2&_r=1","https:\/\/pin.it\/2W49waiNL"]}]}},"jetpack_sharing_enabled":true,"_links":{"self":[{"href":"https:\/\/expresito.com\/home\/wp-json\/wp\/v2\/pages\/3992","targetHints":{"allow":["GET"]}}],"collection":[{"href":"https:\/\/expresito.com\/home\/wp-json\/wp\/v2\/pages"}],"about":[{"href":"https:\/\/expresito.com\/home\/wp-json\/wp\/v2\/types\/page"}],"author":[{"embeddable":true,"href":"https:\/\/expresito.com\/home\/wp-json\/wp\/v2\/users\/1"}],"replies":[{"embeddable":true,"href":"https:\/\/expresito.com\/home\/wp-json\/wp\/v2\/comments?post=3992"}],"version-history":[{"count":3,"href":"https:\/\/expresito.com\/home\/wp-json\/wp\/v2\/pages\/3992\/revisions"}],"predecessor-version":[{"id":6307,"href":"https:\/\/expresito.com\/home\/wp-json\/wp\/v2\/pages\/3992\/revisions\/6307"}],"wp:attachment":[{"href":"https:\/\/expresito.com\/home\/wp-json\/wp\/v2\/media?parent=3992"}],"curies":[{"name":"wp","href":"https:\/\/api.w.org\/{rel}","templated":true}]}}