{"id":3997,"date":"2024-03-18T12:54:14","date_gmt":"2024-03-18T16:54:14","guid":{"rendered":"https:\/\/expresito.com\/home\/recargos-adicionales\/"},"modified":"2024-03-18T13:03:16","modified_gmt":"2024-03-18T17:03:16","slug":"recargos-adicionales","status":"publish","type":"page","link":"https:\/\/expresito.com\/home\/recargos-adicionales\/","title":{"rendered":"Recargos Adicionales"},"content":{"rendered":"<p>&nbsp;<\/p>\n<p>Cargos adicionales por manejos extras<\/p>\n<ul>\n<li>Se cobrar\u00e1 este recargo en el caso que usted incumpla los siguientes items:<\/li>\n<li>Paquete sin nombre.<br \/>\nNo ingreso de alerta sobre el producto a recibir en casillero.<br \/>\nEl producto no llega con factura<br \/>\nNo ingreso dentro del casillero las respectivas instrucciones<br \/>\nNo ingreso la c\u00e9dula de identidad dentro del casillero<br \/>\nMal registro\u00a0en la cuenta de casillero.<\/li>\n<li>En el caso de enviar a nuestras oficinas un paquete sin antes haberse registrado o creado una cuenta de casillero con EXPRESITO CARGA.<\/li>\n<li>Por agrupar y consolidar\u00a0art\u00edculos siendo estos, carga comercial.<\/li>\n<li>Carga Comercial Repetida calificada por un supervisor el costo del env\u00edo es de\u00a0<strong>$50<\/strong>por paquetes.<\/li>\n<li>Una cuenta que usa varios nombres.<\/li>\n<li>Art\u00edculos\u00a0repetidos es clasificada comercial\u00a0autom\u00e1ticamente.<\/li>\n<\/ul>\n<h3>Pa\u00eds<\/h3>\n<ul>\n<li><a href=\"https:\/\/www.expresito.com\/expresito\/blog\/canada\/\">Canad\u00e1<\/a><\/li>\n<li><a href=\"https:\/\/www.expresito.com\/expresito\/blog\/informacion-usa\/\">Estados Unidos<\/a><\/li>\n<li><a href=\"https:\/\/www.expresito.com\/expresito\/blog\/puerta-a-puerta\/\">M\u00e9xico<\/a><\/li>\n<li><a href=\"https:\/\/www.expresito.com\/expresito\/blog\/guatemala\/\">Guatemala<\/a><\/li>\n<li><a href=\"https:\/\/www.expresito.com\/expresito\/blog\/puerta-a-puerta-nicaragua\/\">Nicaragua<\/a><\/li>\n<li><a href=\"https:\/\/www.expresito.com\/expresito\/blog\/documentos-express\/\">Costa Rica<\/a><\/li>\n<li><a href=\"https:\/\/www.expresito.com\/expresito\/blog\/puerta-a-puerta-rd\/\">Rep\u00fablica Dominicana<\/a><\/li>\n<\/ul>\n<h3>Pa\u00eds<\/h3>\n<ul>\n<li><a href=\"https:\/\/www.expresito.com\/expresito\/blog\/venezuela\/\">Venezuela<\/a><\/li>\n<li><a href=\"https:\/\/www.expresito.com\/expresito\/blog\/documentos-col\/\">Colombia\u00a0<\/a><\/li>\n<li><a href=\"https:\/\/www.expresito.com\/expresito\/blog\/documentos-express-y-regular-ecuador\/\">Ecuador<\/a><\/li>\n<li><a href=\"https:\/\/www.expresito.com\/expresito\/blog\/encomiendas-a-peru\/\">Per\u00fa<\/a><\/li>\n<li><a href=\"https:\/\/www.expresito.com\/expresito\/blog\/bolivia\/\">Bolivia<\/a><\/li>\n<li><a href=\"https:\/\/www.expresito.com\/expresito\/blog\/puerta-a-puerta-2\/\">Panam\u00e1<\/a><\/li>\n<li><a href=\"https:\/\/www.expresito.com\/expresito\/blog\/documentos-express\/\">Honduras<\/a><\/li>\n<\/ul>\n<p>&nbsp;<\/p>\n<h3>SERVICIOS<\/h3>\n<ul>\n<li><a href=\"https:\/\/www.expresito.com\/expresito\/expresito-carga\">Expresito Carga<\/a><\/li>\n<li><a href=\"https:\/\/www.expresito.com\/expresito\/expresito-global\/\">Expresito Global<\/a><\/li>\n<li><a href=\"https:\/\/www.expresito.com\/expresito\/expresito-menajes\/\">Expresito Menajes<\/a><\/li>\n<li><a href=\"https:\/\/www.expresitocompras.com\/\">Expresito Compras<\/a><\/li>\n<\/ul>\n<p>&nbsp;<\/p>\n<h3>SITIOS RELACIONADOS<\/h3>\n<ul>\n<li><a href=\"https:\/\/www.ecarga.com\">Ecarga<\/a><\/li>\n<li><a href=\"https:\/\/www.expresito.com\/casilleros\">Expresito Casillero<\/a><\/li>\n<\/ul>\n<p>&nbsp;<\/p>\n","protected":false},"excerpt":{"rendered":"<p>&nbsp; Cargos adicionales por manejos extras Se cobrar\u00e1 este recargo en el caso que usted incumpla los siguientes items: Paquete sin nombre. No ingreso de alerta sobre el producto a recibir en casillero. El producto no llega con factura No ingreso dentro del casillero las respectivas instrucciones No ingreso la c\u00e9dula de identidad dentro del &hellip;<\/p>\n<p class=\"read-more\"> <a class=\"\" href=\"https:\/\/expresito.com\/home\/recargos-adicionales\/\"> <span class=\"screen-reader-text\">Recargos Adicionales<\/span> Leer m\u00e1s &raquo;<\/a><\/p>\n","protected":false},"author":1,"featured_media":0,"parent":0,"menu_order":0,"comment_status":"open","ping_status":"open","template":"","meta":{"_acf_changed":false,"wp_popup_display_lightbox":0,"wp_popup_suppress":"","wp_popup_trigger":"","wp_popup_trigger_amount":0,"wp_popup_disable_on_mobile":false,"site-sidebar-layout":"default","site-content-layout":"default","ast-global-header-display":"","ast-main-header-display":"","ast-hfb-above-header-display":"","ast-hfb-below-header-display":"","ast-hfb-mobile-header-display":"","site-post-title":"","ast-breadcrumbs-content":"","ast-featured-img":"","footer-sml-layout":"","theme-transparent-header-meta":"default","adv-header-id-meta":"","stick-header-meta":"","header-above-stick-meta":"","header-main-stick-meta":"","header-below-stick-meta":"","footnotes":""},"class_list":["post-3997","page","type-page","status-publish","hentry"],"acf":[],"yoast_head":"<!-- This site is optimized with the Yoast SEO plugin v27.4 - https:\/\/yoast.com\/product\/yoast-seo-wordpress\/ -->\n<title>Recargos Adicionales - Expresito<\/title>\n<meta name=\"robots\" content=\"index, follow, max-snippet:-1, max-image-preview:large, max-video-preview:-1\" \/>\n<link rel=\"canonical\" href=\"https:\/\/expresito.com\/home\/recargos-adicionales\/\" \/>\n<meta property=\"og:locale\" content=\"es_ES\" \/>\n<meta property=\"og:type\" content=\"article\" \/>\n<meta property=\"og:title\" content=\"Recargos Adicionales - Expresito\" \/>\n<meta property=\"og:description\" content=\"&nbsp; Cargos adicionales por manejos extras Se cobrar\u00e1 este recargo en el caso que usted incumpla los siguientes items: Paquete sin nombre. No ingreso de alerta sobre el producto a recibir en casillero. El producto no llega con factura No ingreso dentro del casillero las respectivas instrucciones No ingreso la c\u00e9dula de identidad dentro del &hellip; Recargos Adicionales Leer m\u00e1s &raquo;\" \/>\n<meta property=\"og:url\" content=\"https:\/\/expresito.com\/home\/recargos-adicionales\/\" \/>\n<meta property=\"og:site_name\" content=\"Expresito\" \/>\n<meta property=\"article:publisher\" content=\"https:\/\/www.facebook.com\/EXPRESITOCARGA?mibextid=ZbWKwL\" \/>\n<meta property=\"article:modified_time\" content=\"2024-03-18T17:03:16+00:00\" \/>\n<meta name=\"twitter:card\" content=\"summary_large_image\" \/>\n<meta name=\"twitter:site\" content=\"@ExpresitoC\" \/>\n<meta name=\"twitter:label1\" content=\"Tiempo de lectura\" \/>\n\t<meta name=\"twitter:data1\" content=\"1 minuto\" \/>\n<script type=\"application\/ld+json\" class=\"yoast-schema-graph\">{\"@context\":\"https:\\\/\\\/schema.org\",\"@graph\":[{\"@type\":\"WebPage\",\"@id\":\"https:\\\/\\\/expresito.com\\\/home\\\/recargos-adicionales\\\/\",\"url\":\"https:\\\/\\\/expresito.com\\\/home\\\/recargos-adicionales\\\/\",\"name\":\"Recargos Adicionales - Expresito\",\"isPartOf\":{\"@id\":\"https:\\\/\\\/expresito.com\\\/home\\\/#website\"},\"datePublished\":\"2024-03-18T16:54:14+00:00\",\"dateModified\":\"2024-03-18T17:03:16+00:00\",\"breadcrumb\":{\"@id\":\"https:\\\/\\\/expresito.com\\\/home\\\/recargos-adicionales\\\/#breadcrumb\"},\"inLanguage\":\"es\",\"potentialAction\":[{\"@type\":\"ReadAction\",\"target\":[\"https:\\\/\\\/expresito.com\\\/home\\\/recargos-adicionales\\\/\"]}]},{\"@type\":\"BreadcrumbList\",\"@id\":\"https:\\\/\\\/expresito.com\\\/home\\\/recargos-adicionales\\\/#breadcrumb\",\"itemListElement\":[{\"@type\":\"ListItem\",\"position\":1,\"name\":\"Portada\",\"item\":\"https:\\\/\\\/expresito.com\\\/home\\\/\"},{\"@type\":\"ListItem\",\"position\":2,\"name\":\"Recargos Adicionales\"}]},{\"@type\":\"WebSite\",\"@id\":\"https:\\\/\\\/expresito.com\\\/home\\\/#website\",\"url\":\"https:\\\/\\\/expresito.com\\\/home\\\/\",\"name\":\"Expresito Carga- Envios a Latino America, Envios a Ecuador Y colombia\",\"description\":\"Carga y Correo a Colombia, Ecuador, Per\u00fa, M\u00e9xico, Rep\u00fablica Dominicana, Venezuela, Honduras, Guatemala, El Salvador, Canad\u00e1 y Todo Estados Unidos.\",\"publisher\":{\"@id\":\"https:\\\/\\\/expresito.com\\\/home\\\/#organization\"},\"potentialAction\":[{\"@type\":\"SearchAction\",\"target\":{\"@type\":\"EntryPoint\",\"urlTemplate\":\"https:\\\/\\\/expresito.com\\\/home\\\/?s={search_term_string}\"},\"query-input\":{\"@type\":\"PropertyValueSpecification\",\"valueRequired\":true,\"valueName\":\"search_term_string\"}}],\"inLanguage\":\"es\"},{\"@type\":\"Organization\",\"@id\":\"https:\\\/\\\/expresito.com\\\/home\\\/#organization\",\"name\":\"Expresito Carga\",\"url\":\"https:\\\/\\\/expresito.com\\\/home\\\/\",\"logo\":{\"@type\":\"ImageObject\",\"inLanguage\":\"es\",\"@id\":\"https:\\\/\\\/expresito.com\\\/home\\\/#\\\/schema\\\/logo\\\/image\\\/\",\"url\":\"https:\\\/\\\/expresito.com\\\/home\\\/wp-content\\\/uploads\\\/2023\\\/12\\\/logo4.png\",\"contentUrl\":\"https:\\\/\\\/expresito.com\\\/home\\\/wp-content\\\/uploads\\\/2023\\\/12\\\/logo4.png\",\"width\":1123,\"height\":232,\"caption\":\"Expresito Carga\"},\"image\":{\"@id\":\"https:\\\/\\\/expresito.com\\\/home\\\/#\\\/schema\\\/logo\\\/image\\\/\"},\"sameAs\":[\"https:\\\/\\\/www.facebook.com\\\/EXPRESITOCARGA?mibextid=ZbWKwL\",\"https:\\\/\\\/x.com\\\/ExpresitoC\",\"https:\\\/\\\/www.instagram.com\\\/expresitocarga?igsh=NDI1Z2xubGc1bm9q\",\"https:\\\/\\\/www.tiktok.com\\\/@expresito?_t=8k1FMiVJLK2&_r=1\",\"https:\\\/\\\/pin.it\\\/2W49waiNL\"]}]}<\/script>\n<!-- \/ Yoast SEO plugin. -->","yoast_head_json":{"title":"Recargos Adicionales - Expresito","robots":{"index":"index","follow":"follow","max-snippet":"max-snippet:-1","max-image-preview":"max-image-preview:large","max-video-preview":"max-video-preview:-1"},"canonical":"https:\/\/expresito.com\/home\/recargos-adicionales\/","og_locale":"es_ES","og_type":"article","og_title":"Recargos Adicionales - Expresito","og_description":"&nbsp; Cargos adicionales por manejos extras Se cobrar\u00e1 este recargo en el caso que usted incumpla los siguientes items: Paquete sin nombre. No ingreso de alerta sobre el producto a recibir en casillero. El producto no llega con factura No ingreso dentro del casillero las respectivas instrucciones No ingreso la c\u00e9dula de identidad dentro del &hellip; Recargos Adicionales Leer m\u00e1s &raquo;","og_url":"https:\/\/expresito.com\/home\/recargos-adicionales\/","og_site_name":"Expresito","article_publisher":"https:\/\/www.facebook.com\/EXPRESITOCARGA?mibextid=ZbWKwL","article_modified_time":"2024-03-18T17:03:16+00:00","twitter_card":"summary_large_image","twitter_site":"@ExpresitoC","twitter_misc":{"Tiempo de lectura":"1 minuto"},"schema":{"@context":"https:\/\/schema.org","@graph":[{"@type":"WebPage","@id":"https:\/\/expresito.com\/home\/recargos-adicionales\/","url":"https:\/\/expresito.com\/home\/recargos-adicionales\/","name":"Recargos Adicionales - Expresito","isPartOf":{"@id":"https:\/\/expresito.com\/home\/#website"},"datePublished":"2024-03-18T16:54:14+00:00","dateModified":"2024-03-18T17:03:16+00:00","breadcrumb":{"@id":"https:\/\/expresito.com\/home\/recargos-adicionales\/#breadcrumb"},"inLanguage":"es","potentialAction":[{"@type":"ReadAction","target":["https:\/\/expresito.com\/home\/recargos-adicionales\/"]}]},{"@type":"BreadcrumbList","@id":"https:\/\/expresito.com\/home\/recargos-adicionales\/#breadcrumb","itemListElement":[{"@type":"ListItem","position":1,"name":"Portada","item":"https:\/\/expresito.com\/home\/"},{"@type":"ListItem","position":2,"name":"Recargos Adicionales"}]},{"@type":"WebSite","@id":"https:\/\/expresito.com\/home\/#website","url":"https:\/\/expresito.com\/home\/","name":"Expresito Carga- Envios a Latino America, Envios a Ecuador Y colombia","description":"Carga y Correo a Colombia, Ecuador, Per\u00fa, M\u00e9xico, Rep\u00fablica Dominicana, Venezuela, Honduras, Guatemala, El Salvador, Canad\u00e1 y Todo Estados Unidos.","publisher":{"@id":"https:\/\/expresito.com\/home\/#organization"},"potentialAction":[{"@type":"SearchAction","target":{"@type":"EntryPoint","urlTemplate":"https:\/\/expresito.com\/home\/?s={search_term_string}"},"query-input":{"@type":"PropertyValueSpecification","valueRequired":true,"valueName":"search_term_string"}}],"inLanguage":"es"},{"@type":"Organization","@id":"https:\/\/expresito.com\/home\/#organization","name":"Expresito Carga","url":"https:\/\/expresito.com\/home\/","logo":{"@type":"ImageObject","inLanguage":"es","@id":"https:\/\/expresito.com\/home\/#\/schema\/logo\/image\/","url":"https:\/\/expresito.com\/home\/wp-content\/uploads\/2023\/12\/logo4.png","contentUrl":"https:\/\/expresito.com\/home\/wp-content\/uploads\/2023\/12\/logo4.png","width":1123,"height":232,"caption":"Expresito Carga"},"image":{"@id":"https:\/\/expresito.com\/home\/#\/schema\/logo\/image\/"},"sameAs":["https:\/\/www.facebook.com\/EXPRESITOCARGA?mibextid=ZbWKwL","https:\/\/x.com\/ExpresitoC","https:\/\/www.instagram.com\/expresitocarga?igsh=NDI1Z2xubGc1bm9q","https:\/\/www.tiktok.com\/@expresito?_t=8k1FMiVJLK2&_r=1","https:\/\/pin.it\/2W49waiNL"]}]}},"jetpack_sharing_enabled":true,"_links":{"self":[{"href":"https:\/\/expresito.com\/home\/wp-json\/wp\/v2\/pages\/3997","targetHints":{"allow":["GET"]}}],"collection":[{"href":"https:\/\/expresito.com\/home\/wp-json\/wp\/v2\/pages"}],"about":[{"href":"https:\/\/expresito.com\/home\/wp-json\/wp\/v2\/types\/page"}],"author":[{"embeddable":true,"href":"https:\/\/expresito.com\/home\/wp-json\/wp\/v2\/users\/1"}],"replies":[{"embeddable":true,"href":"https:\/\/expresito.com\/home\/wp-json\/wp\/v2\/comments?post=3997"}],"version-history":[{"count":1,"href":"https:\/\/expresito.com\/home\/wp-json\/wp\/v2\/pages\/3997\/revisions"}],"predecessor-version":[{"id":4007,"href":"https:\/\/expresito.com\/home\/wp-json\/wp\/v2\/pages\/3997\/revisions\/4007"}],"wp:attachment":[{"href":"https:\/\/expresito.com\/home\/wp-json\/wp\/v2\/media?parent=3997"}],"curies":[{"name":"wp","href":"https:\/\/api.w.org\/{rel}","templated":true}]}}