{"id":4827,"date":"2024-06-13T13:44:34","date_gmt":"2024-06-13T17:44:34","guid":{"rendered":"https:\/\/expresito.com\/home\/?page_id=4827"},"modified":"2026-02-10T11:02:44","modified_gmt":"2026-02-10T16:02:44","slug":"expresito-documentos","status":"publish","type":"page","link":"https:\/\/expresito.com\/home\/expresito-documentos\/","title":{"rendered":"Expresito Envio de Documentos"},"content":{"rendered":"\t\t<div data-elementor-type=\"wp-page\" data-elementor-id=\"4827\" class=\"elementor elementor-4827\" data-elementor-post-type=\"page\">\n\t\t\t\t\t\t<section class=\"elementor-section elementor-top-section elementor-element elementor-element-60fccf5c elementor-section-height-min-height elementor-section-boxed elementor-section-height-default elementor-section-items-middle\" data-id=\"60fccf5c\" data-element_type=\"section\" data-settings=\"{&quot;background_background&quot;:&quot;video&quot;,&quot;shape_divider_bottom&quot;:&quot;triangle&quot;,&quot;shape_divider_bottom_negative&quot;:&quot;yes&quot;,&quot;background_video_link&quot;:&quot;https:\\\/\\\/www.youtube.com\\\/watch?v=0hQ5Fpew5Fw&amp;ab_channel=Gorodenkoff&quot;,&quot;background_video_start&quot;:32,&quot;background_video_end&quot;:45}\">\n\t\t\t\t\t\t\t\t<div class=\"elementor-background-video-container elementor-hidden-mobile\">\n\t\t\t\t\t\t\t\t\t\t\t\t\t<div class=\"elementor-background-video-embed\"><\/div>\n\t\t\t\t\t\t\t\t\t\t\t\t<\/div>\n\t\t\t\t\t\t\t\t\t<div class=\"elementor-background-overlay\"><\/div>\n\t\t\t\t\t\t<div class=\"elementor-shape elementor-shape-bottom\" data-negative=\"true\">\n\t\t\t<svg xmlns=\"http:\/\/www.w3.org\/2000\/svg\" viewBox=\"0 0 1000 100\" preserveAspectRatio=\"none\">\n\t<path class=\"elementor-shape-fill\" d=\"M500.2,94.7L0,0v100h1000V0L500.2,94.7z\"\/>\n<\/svg>\t\t<\/div>\n\t\t\t\t\t<div class=\"elementor-container elementor-column-gap-default\">\n\t\t\t\t\t<div class=\"elementor-column elementor-col-100 elementor-top-column elementor-element elementor-element-42089db8\" data-id=\"42089db8\" data-element_type=\"column\">\n\t\t\t<div class=\"elementor-widget-wrap elementor-element-populated\">\n\t\t\t\t\t\t<div class=\"elementor-element elementor-element-4be053db elementor-invisible elementor-widget elementor-widget-heading\" data-id=\"4be053db\" data-element_type=\"widget\" data-settings=\"{&quot;_animation&quot;:&quot;fadeInUp&quot;}\" data-widget_type=\"heading.default\">\n\t\t\t\t<div class=\"elementor-widget-container\">\n\t\t\t\t\t<h1 class=\"elementor-heading-title elementor-size-xl\"><strong>Documentos<\/strong><\/h1>\t\t\t\t<\/div>\n\t\t\t\t<\/div>\n\t\t\t\t\t<\/div>\n\t\t<\/div>\n\t\t\t\t\t<\/div>\n\t\t<\/section>\n\t\t\t\t<section class=\"elementor-section elementor-top-section elementor-element elementor-element-26c0776 elementor-section-height-min-height elementor-section-items-stretch elementor-section-boxed elementor-section-height-default\" data-id=\"26c0776\" data-element_type=\"section\">\n\t\t\t\t\t\t<div class=\"elementor-container elementor-column-gap-default\">\n\t\t\t\t\t<div class=\"elementor-column elementor-col-50 elementor-top-column elementor-element elementor-element-3622559\" data-id=\"3622559\" data-element_type=\"column\">\n\t\t\t<div class=\"elementor-widget-wrap elementor-element-populated\">\n\t\t\t\t\t\t<div class=\"elementor-element elementor-element-2289e2b elementor-widget elementor-widget-image\" data-id=\"2289e2b\" data-element_type=\"widget\" data-widget_type=\"image.default\">\n\t\t\t\t<div class=\"elementor-widget-container\">\n\t\t\t\t\t\t\t\t\t\t\t\t\t\t\t<img fetchpriority=\"high\" decoding=\"async\" width=\"1024\" height=\"717\" src=\"https:\/\/expresito.com\/home\/wp-content\/uploads\/2024\/06\/ARTE_BANNER-WEBSITE_DOCUMENTOS_Mesa-de-trabajo-1-e1722968263680-1024x717.jpg\" class=\"attachment-large size-large wp-image-4834\" alt=\"\" srcset=\"https:\/\/expresito.com\/home\/wp-content\/uploads\/2024\/06\/ARTE_BANNER-WEBSITE_DOCUMENTOS_Mesa-de-trabajo-1-e1722968263680-1024x717.jpg 1024w, https:\/\/expresito.com\/home\/wp-content\/uploads\/2024\/06\/ARTE_BANNER-WEBSITE_DOCUMENTOS_Mesa-de-trabajo-1-e1722968263680-300x210.jpg 300w, https:\/\/expresito.com\/home\/wp-content\/uploads\/2024\/06\/ARTE_BANNER-WEBSITE_DOCUMENTOS_Mesa-de-trabajo-1-e1722968263680-768x538.jpg 768w, https:\/\/expresito.com\/home\/wp-content\/uploads\/2024\/06\/ARTE_BANNER-WEBSITE_DOCUMENTOS_Mesa-de-trabajo-1-e1722968263680-1536x1075.jpg 1536w, https:\/\/expresito.com\/home\/wp-content\/uploads\/2024\/06\/ARTE_BANNER-WEBSITE_DOCUMENTOS_Mesa-de-trabajo-1-e1722968263680-600x420.jpg 600w, https:\/\/expresito.com\/home\/wp-content\/uploads\/2024\/06\/ARTE_BANNER-WEBSITE_DOCUMENTOS_Mesa-de-trabajo-1-e1722968263680.jpg 1650w\" sizes=\"(max-width: 1024px) 100vw, 1024px\" \/>\t\t\t\t\t\t\t\t\t\t\t\t\t\t\t<\/div>\n\t\t\t\t<\/div>\n\t\t\t\t\t<\/div>\n\t\t<\/div>\n\t\t\t\t<div class=\"elementor-column elementor-col-50 elementor-top-column elementor-element elementor-element-d6960f1\" data-id=\"d6960f1\" data-element_type=\"column\">\n\t\t\t<div class=\"elementor-widget-wrap elementor-element-populated\">\n\t\t\t\t\t\t<div class=\"elementor-element elementor-element-d9f0de8 elementor-widget elementor-widget-text-editor\" data-id=\"d9f0de8\" data-element_type=\"widget\" data-widget_type=\"text-editor.default\">\n\t\t\t\t<div class=\"elementor-widget-container\">\n\t\t\t\t\t\t\t\t\t<h4>DOCUMENTOS EXPRESS Y REGULAR<\/h4><ul><li>Servicio a\u00e9reo.<\/li><li style=\"font-size: 17px;\">Peso m\u00e1ximo 8 onzas (8 hojas).<\/li><li style=\"font-size: 17px;\">Se puede enviar Tickets a\u00e9reos, cartas, invitaciones, papeler\u00eda en general y poderes.<\/li><li style=\"font-size: 17px;\">0% Impuestos.<\/li><li style=\"font-size: 17px;\">No aplica pago de seguro.<\/li><li style=\"font-size: 17px;\">Env\u00edo con m\u00e1s peso tienen costos extras.<\/li><li style=\"font-size: 17px;\"><span style=\"font-weight: bold;\">Servicio Regular:<\/span>\u00a0Entrega de 10 a 12 d\u00edas h\u00e1biles.<\/li><li style=\"font-size: 17px;\"><span style=\"font-weight: bold;\">Servicio Express:<\/span>\u00a0Entrega de 4 a 6 d\u00edas.<\/li><li style=\"font-size: 17px;\">Los d\u00edas de entregan pueden variar seg\u00fan la ciudad donde env\u00eda.<\/li><li style=\"font-size: 17px;\">Ciudades principales tienen un precio diferente al de otras ciudades.<\/li><\/ul><div><span style=\"font-weight: bold;\"><span style=\"color: #ff0000;\">NO SE PUEDEN ENVIAR EN CARGA:<\/span><\/span>\u00a0Dinero, cheques, pasaportes, IDs y tarjetas de cr\u00e9dito.<\/div>\t\t\t\t\t\t\t\t<\/div>\n\t\t\t\t<\/div>\n\t\t\t\t\t<\/div>\n\t\t<\/div>\n\t\t\t\t\t<\/div>\n\t\t<\/section>\n\t\t\t\t<\/div>\n\t\t","protected":false},"excerpt":{"rendered":"<p>Documentos DOCUMENTOS EXPRESS Y REGULAR Servicio a\u00e9reo. Peso m\u00e1ximo 8 onzas (8 hojas). Se puede enviar Tickets a\u00e9reos, cartas, invitaciones, papeler\u00eda en general y poderes. 0% Impuestos. No aplica pago de seguro. Env\u00edo con m\u00e1s peso tienen costos extras. Servicio Regular:\u00a0Entrega de 10 a 12 d\u00edas h\u00e1biles. Servicio Express:\u00a0Entrega de 4 a 6 d\u00edas. Los &hellip;<\/p>\n<p class=\"read-more\"> <a class=\"\" href=\"https:\/\/expresito.com\/home\/expresito-documentos\/\"> <span class=\"screen-reader-text\">Expresito Envio de Documentos<\/span> Leer m\u00e1s &raquo;<\/a><\/p>\n","protected":false},"author":16,"featured_media":0,"parent":0,"menu_order":0,"comment_status":"closed","ping_status":"closed","template":"","meta":{"_acf_changed":false,"wp_popup_display_lightbox":0,"wp_popup_suppress":"","wp_popup_trigger":"","wp_popup_trigger_amount":0,"wp_popup_disable_on_mobile":false,"site-sidebar-layout":"no-sidebar","site-content-layout":"page-builder","ast-global-header-display":"","ast-main-header-display":"","ast-hfb-above-header-display":"","ast-hfb-below-header-display":"","ast-hfb-mobile-header-display":"","site-post-title":"disabled","ast-breadcrumbs-content":"","ast-featured-img":"disabled","footer-sml-layout":"","theme-transparent-header-meta":"enabled","adv-header-id-meta":"","stick-header-meta":"","header-above-stick-meta":"","header-main-stick-meta":"","header-below-stick-meta":"","footnotes":""},"class_list":["post-4827","page","type-page","status-publish","hentry"],"acf":[],"yoast_head":"<!-- This site is optimized with the Yoast SEO plugin v27.3 - https:\/\/yoast.com\/product\/yoast-seo-wordpress\/ -->\n<title>Expresito Envio de Documentos - Expresito<\/title>\n<meta name=\"description\" content=\"Expresito Drop off\" \/>\n<meta name=\"robots\" content=\"index, follow, max-snippet:-1, max-image-preview:large, max-video-preview:-1\" \/>\n<link rel=\"canonical\" href=\"https:\/\/expresito.com\/home\/expresito-documentos\/\" \/>\n<meta property=\"og:locale\" content=\"es_ES\" \/>\n<meta property=\"og:type\" content=\"article\" \/>\n<meta property=\"og:title\" content=\"Expresito Envio de Documentos - Expresito\" \/>\n<meta property=\"og:description\" content=\"Expresito Drop off\" \/>\n<meta property=\"og:url\" content=\"https:\/\/expresito.com\/home\/expresito-documentos\/\" \/>\n<meta property=\"og:site_name\" content=\"Expresito\" \/>\n<meta property=\"article:publisher\" content=\"https:\/\/www.facebook.com\/EXPRESITOCARGA?mibextid=ZbWKwL\" \/>\n<meta property=\"article:modified_time\" content=\"2026-02-10T16:02:44+00:00\" \/>\n<meta property=\"og:image\" content=\"https:\/\/expresito.com\/home\/wp-content\/uploads\/2024\/06\/ARTE_BANNER-WEBSITE_DOCUMENTOS_Mesa-de-trabajo-1-1024x812.jpg\" \/>\n<meta name=\"twitter:card\" content=\"summary_large_image\" \/>\n<meta name=\"twitter:site\" content=\"@ExpresitoC\" \/>\n<meta name=\"twitter:label1\" content=\"Tiempo de lectura\" \/>\n\t<meta name=\"twitter:data1\" content=\"1 minuto\" \/>\n<script type=\"application\/ld+json\" class=\"yoast-schema-graph\">{\"@context\":\"https:\\\/\\\/schema.org\",\"@graph\":[{\"@type\":\"WebPage\",\"@id\":\"https:\\\/\\\/expresito.com\\\/home\\\/expresito-documentos\\\/\",\"url\":\"https:\\\/\\\/expresito.com\\\/home\\\/expresito-documentos\\\/\",\"name\":\"Expresito Envio de Documentos - Expresito\",\"isPartOf\":{\"@id\":\"https:\\\/\\\/expresito.com\\\/home\\\/#website\"},\"primaryImageOfPage\":{\"@id\":\"https:\\\/\\\/expresito.com\\\/home\\\/expresito-documentos\\\/#primaryimage\"},\"image\":{\"@id\":\"https:\\\/\\\/expresito.com\\\/home\\\/expresito-documentos\\\/#primaryimage\"},\"thumbnailUrl\":\"https:\\\/\\\/expresito.com\\\/home\\\/wp-content\\\/uploads\\\/2024\\\/06\\\/ARTE_BANNER-WEBSITE_DOCUMENTOS_Mesa-de-trabajo-1-1024x812.jpg\",\"datePublished\":\"2024-06-13T17:44:34+00:00\",\"dateModified\":\"2026-02-10T16:02:44+00:00\",\"description\":\"Expresito Drop off\",\"breadcrumb\":{\"@id\":\"https:\\\/\\\/expresito.com\\\/home\\\/expresito-documentos\\\/#breadcrumb\"},\"inLanguage\":\"es\",\"potentialAction\":[{\"@type\":\"ReadAction\",\"target\":[\"https:\\\/\\\/expresito.com\\\/home\\\/expresito-documentos\\\/\"]}]},{\"@type\":\"ImageObject\",\"inLanguage\":\"es\",\"@id\":\"https:\\\/\\\/expresito.com\\\/home\\\/expresito-documentos\\\/#primaryimage\",\"url\":\"https:\\\/\\\/expresito.com\\\/home\\\/wp-content\\\/uploads\\\/2024\\\/06\\\/ARTE_BANNER-WEBSITE_DOCUMENTOS_Mesa-de-trabajo-1-e1722968263680.jpg\",\"contentUrl\":\"https:\\\/\\\/expresito.com\\\/home\\\/wp-content\\\/uploads\\\/2024\\\/06\\\/ARTE_BANNER-WEBSITE_DOCUMENTOS_Mesa-de-trabajo-1-e1722968263680.jpg\",\"width\":1650,\"height\":1155},{\"@type\":\"BreadcrumbList\",\"@id\":\"https:\\\/\\\/expresito.com\\\/home\\\/expresito-documentos\\\/#breadcrumb\",\"itemListElement\":[{\"@type\":\"ListItem\",\"position\":1,\"name\":\"Portada\",\"item\":\"https:\\\/\\\/expresito.com\\\/home\\\/\"},{\"@type\":\"ListItem\",\"position\":2,\"name\":\"Expresito Envio de Documentos\"}]},{\"@type\":\"WebSite\",\"@id\":\"https:\\\/\\\/expresito.com\\\/home\\\/#website\",\"url\":\"https:\\\/\\\/expresito.com\\\/home\\\/\",\"name\":\"Expresito Carga- Envios a Latino America, Envios a Ecuador Y colombia\",\"description\":\"Carga y Correo a Colombia, Ecuador, Per\u00fa, M\u00e9xico, Rep\u00fablica Dominicana, Venezuela, Honduras, Guatemala, El Salvador, Canad\u00e1 y Todo Estados Unidos.\",\"publisher\":{\"@id\":\"https:\\\/\\\/expresito.com\\\/home\\\/#organization\"},\"potentialAction\":[{\"@type\":\"SearchAction\",\"target\":{\"@type\":\"EntryPoint\",\"urlTemplate\":\"https:\\\/\\\/expresito.com\\\/home\\\/?s={search_term_string}\"},\"query-input\":{\"@type\":\"PropertyValueSpecification\",\"valueRequired\":true,\"valueName\":\"search_term_string\"}}],\"inLanguage\":\"es\"},{\"@type\":\"Organization\",\"@id\":\"https:\\\/\\\/expresito.com\\\/home\\\/#organization\",\"name\":\"Expresito Carga\",\"url\":\"https:\\\/\\\/expresito.com\\\/home\\\/\",\"logo\":{\"@type\":\"ImageObject\",\"inLanguage\":\"es\",\"@id\":\"https:\\\/\\\/expresito.com\\\/home\\\/#\\\/schema\\\/logo\\\/image\\\/\",\"url\":\"https:\\\/\\\/expresito.com\\\/home\\\/wp-content\\\/uploads\\\/2023\\\/12\\\/logo4.png\",\"contentUrl\":\"https:\\\/\\\/expresito.com\\\/home\\\/wp-content\\\/uploads\\\/2023\\\/12\\\/logo4.png\",\"width\":1123,\"height\":232,\"caption\":\"Expresito Carga\"},\"image\":{\"@id\":\"https:\\\/\\\/expresito.com\\\/home\\\/#\\\/schema\\\/logo\\\/image\\\/\"},\"sameAs\":[\"https:\\\/\\\/www.facebook.com\\\/EXPRESITOCARGA?mibextid=ZbWKwL\",\"https:\\\/\\\/x.com\\\/ExpresitoC\",\"https:\\\/\\\/www.instagram.com\\\/expresitocarga?igsh=NDI1Z2xubGc1bm9q\",\"https:\\\/\\\/www.tiktok.com\\\/@expresito?_t=8k1FMiVJLK2&_r=1\",\"https:\\\/\\\/pin.it\\\/2W49waiNL\"]}]}<\/script>\n<!-- \/ Yoast SEO plugin. -->","yoast_head_json":{"title":"Expresito Envio de Documentos - Expresito","description":"Expresito Drop off","robots":{"index":"index","follow":"follow","max-snippet":"max-snippet:-1","max-image-preview":"max-image-preview:large","max-video-preview":"max-video-preview:-1"},"canonical":"https:\/\/expresito.com\/home\/expresito-documentos\/","og_locale":"es_ES","og_type":"article","og_title":"Expresito Envio de Documentos - Expresito","og_description":"Expresito Drop off","og_url":"https:\/\/expresito.com\/home\/expresito-documentos\/","og_site_name":"Expresito","article_publisher":"https:\/\/www.facebook.com\/EXPRESITOCARGA?mibextid=ZbWKwL","article_modified_time":"2026-02-10T16:02:44+00:00","og_image":[{"url":"https:\/\/expresito.com\/home\/wp-content\/uploads\/2024\/06\/ARTE_BANNER-WEBSITE_DOCUMENTOS_Mesa-de-trabajo-1-1024x812.jpg","type":"","width":"","height":""}],"twitter_card":"summary_large_image","twitter_site":"@ExpresitoC","twitter_misc":{"Tiempo de lectura":"1 minuto"},"schema":{"@context":"https:\/\/schema.org","@graph":[{"@type":"WebPage","@id":"https:\/\/expresito.com\/home\/expresito-documentos\/","url":"https:\/\/expresito.com\/home\/expresito-documentos\/","name":"Expresito Envio de Documentos - Expresito","isPartOf":{"@id":"https:\/\/expresito.com\/home\/#website"},"primaryImageOfPage":{"@id":"https:\/\/expresito.com\/home\/expresito-documentos\/#primaryimage"},"image":{"@id":"https:\/\/expresito.com\/home\/expresito-documentos\/#primaryimage"},"thumbnailUrl":"https:\/\/expresito.com\/home\/wp-content\/uploads\/2024\/06\/ARTE_BANNER-WEBSITE_DOCUMENTOS_Mesa-de-trabajo-1-1024x812.jpg","datePublished":"2024-06-13T17:44:34+00:00","dateModified":"2026-02-10T16:02:44+00:00","description":"Expresito Drop off","breadcrumb":{"@id":"https:\/\/expresito.com\/home\/expresito-documentos\/#breadcrumb"},"inLanguage":"es","potentialAction":[{"@type":"ReadAction","target":["https:\/\/expresito.com\/home\/expresito-documentos\/"]}]},{"@type":"ImageObject","inLanguage":"es","@id":"https:\/\/expresito.com\/home\/expresito-documentos\/#primaryimage","url":"https:\/\/expresito.com\/home\/wp-content\/uploads\/2024\/06\/ARTE_BANNER-WEBSITE_DOCUMENTOS_Mesa-de-trabajo-1-e1722968263680.jpg","contentUrl":"https:\/\/expresito.com\/home\/wp-content\/uploads\/2024\/06\/ARTE_BANNER-WEBSITE_DOCUMENTOS_Mesa-de-trabajo-1-e1722968263680.jpg","width":1650,"height":1155},{"@type":"BreadcrumbList","@id":"https:\/\/expresito.com\/home\/expresito-documentos\/#breadcrumb","itemListElement":[{"@type":"ListItem","position":1,"name":"Portada","item":"https:\/\/expresito.com\/home\/"},{"@type":"ListItem","position":2,"name":"Expresito Envio de Documentos"}]},{"@type":"WebSite","@id":"https:\/\/expresito.com\/home\/#website","url":"https:\/\/expresito.com\/home\/","name":"Expresito Carga- Envios a Latino America, Envios a Ecuador Y colombia","description":"Carga y Correo a Colombia, Ecuador, Per\u00fa, M\u00e9xico, Rep\u00fablica Dominicana, Venezuela, Honduras, Guatemala, El Salvador, Canad\u00e1 y Todo Estados Unidos.","publisher":{"@id":"https:\/\/expresito.com\/home\/#organization"},"potentialAction":[{"@type":"SearchAction","target":{"@type":"EntryPoint","urlTemplate":"https:\/\/expresito.com\/home\/?s={search_term_string}"},"query-input":{"@type":"PropertyValueSpecification","valueRequired":true,"valueName":"search_term_string"}}],"inLanguage":"es"},{"@type":"Organization","@id":"https:\/\/expresito.com\/home\/#organization","name":"Expresito Carga","url":"https:\/\/expresito.com\/home\/","logo":{"@type":"ImageObject","inLanguage":"es","@id":"https:\/\/expresito.com\/home\/#\/schema\/logo\/image\/","url":"https:\/\/expresito.com\/home\/wp-content\/uploads\/2023\/12\/logo4.png","contentUrl":"https:\/\/expresito.com\/home\/wp-content\/uploads\/2023\/12\/logo4.png","width":1123,"height":232,"caption":"Expresito Carga"},"image":{"@id":"https:\/\/expresito.com\/home\/#\/schema\/logo\/image\/"},"sameAs":["https:\/\/www.facebook.com\/EXPRESITOCARGA?mibextid=ZbWKwL","https:\/\/x.com\/ExpresitoC","https:\/\/www.instagram.com\/expresitocarga?igsh=NDI1Z2xubGc1bm9q","https:\/\/www.tiktok.com\/@expresito?_t=8k1FMiVJLK2&_r=1","https:\/\/pin.it\/2W49waiNL"]}]}},"jetpack_sharing_enabled":true,"_links":{"self":[{"href":"https:\/\/expresito.com\/home\/wp-json\/wp\/v2\/pages\/4827","targetHints":{"allow":["GET"]}}],"collection":[{"href":"https:\/\/expresito.com\/home\/wp-json\/wp\/v2\/pages"}],"about":[{"href":"https:\/\/expresito.com\/home\/wp-json\/wp\/v2\/types\/page"}],"author":[{"embeddable":true,"href":"https:\/\/expresito.com\/home\/wp-json\/wp\/v2\/users\/16"}],"replies":[{"embeddable":true,"href":"https:\/\/expresito.com\/home\/wp-json\/wp\/v2\/comments?post=4827"}],"version-history":[{"count":17,"href":"https:\/\/expresito.com\/home\/wp-json\/wp\/v2\/pages\/4827\/revisions"}],"predecessor-version":[{"id":6281,"href":"https:\/\/expresito.com\/home\/wp-json\/wp\/v2\/pages\/4827\/revisions\/6281"}],"wp:attachment":[{"href":"https:\/\/expresito.com\/home\/wp-json\/wp\/v2\/media?parent=4827"}],"curies":[{"name":"wp","href":"https:\/\/api.w.org\/{rel}","templated":true}]}}