{"id":4977,"date":"2024-07-31T11:40:17","date_gmt":"2024-07-31T15:40:17","guid":{"rendered":"https:\/\/expresito.com\/home\/?page_id=4977"},"modified":"2026-02-10T11:17:42","modified_gmt":"2026-02-10T16:17:42","slug":"tarifascargacolombia","status":"publish","type":"page","link":"https:\/\/expresito.com\/home\/tarifascargacolombia\/","title":{"rendered":"Tarifas de Envios de USA A Colombia"},"content":{"rendered":"\t\t<div data-elementor-type=\"wp-page\" data-elementor-id=\"4977\" class=\"elementor elementor-4977\" data-elementor-post-type=\"page\">\n\t\t\t\t\t\t<section class=\"elementor-section elementor-top-section elementor-element elementor-element-57ca742e elementor-section-boxed elementor-section-height-default elementor-section-height-default\" data-id=\"57ca742e\" data-element_type=\"section\">\n\t\t\t\t\t\t<div class=\"elementor-container elementor-column-gap-default\">\n\t\t\t\t\t<div class=\"elementor-column elementor-col-100 elementor-top-column elementor-element elementor-element-408ae72d\" data-id=\"408ae72d\" data-element_type=\"column\">\n\t\t\t<div class=\"elementor-widget-wrap elementor-element-populated\">\n\t\t\t\t\t\t<div class=\"elementor-element elementor-element-d2e088b elementor-widget elementor-widget-spacer\" data-id=\"d2e088b\" data-element_type=\"widget\" data-widget_type=\"spacer.default\">\n\t\t\t\t<div class=\"elementor-widget-container\">\n\t\t\t\t\t\t\t<div class=\"elementor-spacer\">\n\t\t\t<div class=\"elementor-spacer-inner\"><\/div>\n\t\t<\/div>\n\t\t\t\t\t\t<\/div>\n\t\t\t\t<\/div>\n\t\t\t\t<div class=\"elementor-element elementor-element-782a4e6 elementor-widget elementor-widget-accordion\" data-id=\"782a4e6\" data-element_type=\"widget\" data-settings=\"{&quot;_animation&quot;:&quot;none&quot;,&quot;_animation_tablet&quot;:&quot;fadeInLeft&quot;,&quot;_animation_mobile&quot;:&quot;fadeInLeft&quot;}\" data-widget_type=\"accordion.default\">\n\t\t\t\t<div class=\"elementor-widget-container\">\n\t\t\t\t\t\t\t<div class=\"elementor-accordion\">\n\t\t\t\t\t\t\t<div class=\"elementor-accordion-item\">\n\t\t\t\t\t<div id=\"elementor-tab-title-1261\" class=\"elementor-tab-title\" data-tab=\"1\" role=\"button\" aria-controls=\"elementor-tab-content-1261\" aria-expanded=\"false\">\n\t\t\t\t\t\t\t\t\t\t\t\t\t<span class=\"elementor-accordion-icon elementor-accordion-icon-left\" aria-hidden=\"true\">\n\t\t\t\t\t\t\t\t\t\t\t\t\t\t\t<span class=\"elementor-accordion-icon-closed\"><i class=\"fas fa-angle-double-down\"><\/i><\/span>\n\t\t\t\t\t\t\t\t<span class=\"elementor-accordion-icon-opened\"><i class=\"fas fa-angle-double-down\"><\/i><\/span>\n\t\t\t\t\t\t\t\t\t\t\t\t\t\t<\/span>\n\t\t\t\t\t\t\t\t\t\t\t\t<a class=\"elementor-accordion-title\" tabindex=\"0\">Colombia<\/a>\n\t\t\t\t\t<\/div>\n\t\t\t\t\t<div id=\"elementor-tab-content-1261\" class=\"elementor-tab-content elementor-clearfix\" data-tab=\"1\" role=\"region\" aria-labelledby=\"elementor-tab-title-1261\"><p>Carga a Colombia<\/p><table width=\"602\"><tbody><tr><td colspan=\"5\" width=\"60\">LBS<\/td><td colspan=\"8\" width=\"62\">Flete<\/td><td colspan=\"7\" width=\"55\">VD<\/td><td colspan=\"6\" width=\"67\">IMP<\/td><td colspan=\"6\" width=\"54\">SEGURO<\/td><td colspan=\"6\" width=\"60\">DOMICILIO<\/td><td colspan=\"6\" width=\"54\">FUEL SURCH<\/td><td colspan=\"7\" width=\"61\">BODEGA DIAN<\/td><td colspan=\"8\" width=\"62\">PVP LOCAL<\/td><td colspan=\"7\" width=\"67\">PVP GLOBAL<\/td><\/tr><tr><td colspan=\"5\">5<\/td><td colspan=\"8\">$8,95<\/td><td colspan=\"7\">$150,00<\/td><td colspan=\"6\">$0,00<\/td><td colspan=\"6\">$0,00<\/td><td colspan=\"6\">$10,00<\/td><td colspan=\"6\">$0,00<\/td><td colspan=\"7\">$0,00<\/td><td colspan=\"8\">$18,95<\/td><td colspan=\"7\">$0,00<\/td><\/tr><tr><td colspan=\"5\">10<\/td><td colspan=\"8\">$17,90<\/td><td colspan=\"7\">$150,00<\/td><td colspan=\"6\">$0,00<\/td><td colspan=\"6\">$0,00<\/td><td colspan=\"6\">$10,00<\/td><td colspan=\"6\">$0,00<\/td><td colspan=\"7\">$0,00<\/td><td colspan=\"8\">$27,90<\/td><td colspan=\"7\">$0,00<\/td><\/tr><tr><td colspan=\"5\">15<\/td><td colspan=\"8\">$26,85<\/td><td colspan=\"7\">$150,00<\/td><td colspan=\"6\">$0,00<\/td><td colspan=\"6\">$0,00<\/td><td colspan=\"6\">$10,00<\/td><td colspan=\"6\">$0,00<\/td><td colspan=\"7\">$0,00<\/td><td colspan=\"8\">$36,85<\/td><td colspan=\"7\">$60,00<\/td><\/tr><tr><td colspan=\"5\">20<\/td><td colspan=\"8\">$35,80<\/td><td colspan=\"7\">$150,00<\/td><td colspan=\"6\">$0,00<\/td><td colspan=\"6\">$0,00<\/td><td colspan=\"6\">$10,00<\/td><td colspan=\"6\">$0,00<\/td><td colspan=\"7\">$0,00<\/td><td colspan=\"8\">$45,80<\/td><td colspan=\"7\">$80,00<\/td><\/tr><tr><td colspan=\"5\">25<\/td><td colspan=\"8\">$44,75<\/td><td colspan=\"7\">$150,00<\/td><td colspan=\"6\">$0,00<\/td><td colspan=\"6\">$0,00<\/td><td colspan=\"6\">$10,00<\/td><td colspan=\"6\">$0,00<\/td><td colspan=\"7\">$0,00<\/td><td colspan=\"8\">$54,75<\/td><td colspan=\"7\">$100,00<\/td><\/tr><tr><td colspan=\"5\">30<\/td><td colspan=\"8\">$53,70<\/td><td colspan=\"7\">$150,00<\/td><td colspan=\"6\">$0,00<\/td><td colspan=\"6\">$0,00<\/td><td colspan=\"6\">$10,00<\/td><td colspan=\"6\">$0,00<\/td><td colspan=\"7\">$0,00<\/td><td colspan=\"8\">$63,70<\/td><td colspan=\"7\">$120,00<\/td><\/tr><tr><td colspan=\"5\">35<\/td><td colspan=\"8\">$62,65<\/td><td colspan=\"7\">$150,00<\/td><td colspan=\"6\">$0,00<\/td><td colspan=\"6\">$0,00<\/td><td colspan=\"6\">$10,00<\/td><td colspan=\"6\">$0,00<\/td><td colspan=\"7\">$0,00<\/td><td colspan=\"8\">$72,65<\/td><td colspan=\"7\">$140,00<\/td><\/tr><tr><td colspan=\"5\">40<\/td><td colspan=\"8\">$71,60<\/td><td colspan=\"7\">$150,00<\/td><td colspan=\"6\">$0,00<\/td><td colspan=\"6\">$0,00<\/td><td colspan=\"6\">$10,00<\/td><td colspan=\"6\">$0,00<\/td><td colspan=\"7\">$0,00<\/td><td colspan=\"8\">$81,60<\/td><td colspan=\"7\">$160,00<\/td><\/tr><tr><td colspan=\"5\">45<\/td><td colspan=\"8\">$80,55<\/td><td colspan=\"7\">$150,00<\/td><td colspan=\"6\">$0,00<\/td><td colspan=\"6\">$0,00<\/td><td colspan=\"6\">$10,00<\/td><td colspan=\"6\">$0,00<\/td><td colspan=\"7\">$0,00<\/td><td colspan=\"8\">$90,55<\/td><td colspan=\"7\">$180,00<\/td><\/tr><tr><td colspan=\"5\">50<\/td><td colspan=\"8\">$89,50<\/td><td colspan=\"7\">$150,00<\/td><td colspan=\"6\">$0,00<\/td><td colspan=\"6\">$0,00<\/td><td colspan=\"6\">$10,00<\/td><td colspan=\"6\">$0,00<\/td><td colspan=\"7\">$0,00<\/td><td colspan=\"8\">$99,50<\/td><td colspan=\"7\">$200,00<\/td><\/tr><tr><td colspan=\"5\">55<\/td><td colspan=\"8\">$98,45<\/td><td colspan=\"7\">$199,00<\/td><td colspan=\"6\">$0,00<\/td><td colspan=\"6\">$0,00<\/td><td colspan=\"6\">$10,00<\/td><td colspan=\"6\">$0,00<\/td><td colspan=\"7\">$0,00<\/td><td colspan=\"8\">$108,45<\/td><td colspan=\"7\">$220,00<\/td><\/tr><tr><td colspan=\"5\">60<\/td><td colspan=\"8\">$107,40<\/td><td colspan=\"7\">$199,00<\/td><td colspan=\"6\">$0,00<\/td><td colspan=\"6\">$0,00<\/td><td colspan=\"6\">$10,00<\/td><td colspan=\"6\">$0,00<\/td><td colspan=\"7\">$0,00<\/td><td colspan=\"8\">$117,40<\/td><td colspan=\"7\">$240,00<\/td><\/tr><tr><td colspan=\"5\">65<\/td><td colspan=\"8\">$116,35<\/td><td colspan=\"7\">$199,00<\/td><td colspan=\"6\">$0,00<\/td><td colspan=\"6\">$0,00<\/td><td colspan=\"6\">$10,00<\/td><td colspan=\"6\">$0,00<\/td><td colspan=\"7\">$0,00<\/td><td colspan=\"8\">$126,35<\/td><td colspan=\"7\">$260,00<\/td><\/tr><tr><td colspan=\"5\">70<\/td><td colspan=\"8\">$125,30<\/td><td colspan=\"7\">$199,00<\/td><td colspan=\"6\">$0,00<\/td><td colspan=\"6\">$0,00<\/td><td colspan=\"6\">$10,00<\/td><td colspan=\"6\">$0,00<\/td><td colspan=\"7\">$0,00<\/td><td colspan=\"8\">$135,30<\/td><td colspan=\"7\">$280,00<\/td><\/tr><tr><td colspan=\"5\">75<\/td><td colspan=\"8\">$134,25<\/td><td colspan=\"7\">$199,00<\/td><td colspan=\"6\">$0,00<\/td><td colspan=\"6\">$0,00<\/td><td colspan=\"6\">$10,00<\/td><td colspan=\"6\">$0,00<\/td><td colspan=\"7\">$0,00<\/td><td colspan=\"8\">$144,25<\/td><td colspan=\"7\">$300,00<\/td><\/tr><tr><td colspan=\"5\">80<\/td><td colspan=\"8\">$143,20<\/td><td colspan=\"7\">$199,00<\/td><td colspan=\"6\">$0,00<\/td><td colspan=\"6\">$0,00<\/td><td colspan=\"6\">$10,00<\/td><td colspan=\"6\">$0,00<\/td><td colspan=\"7\">$0,00<\/td><td colspan=\"8\">$153,20<\/td><td colspan=\"7\">$320,00<\/td><\/tr><tr><td colspan=\"5\">85<\/td><td colspan=\"8\">$152,15<\/td><td colspan=\"7\">$199,00<\/td><td colspan=\"6\">$0,00<\/td><td colspan=\"6\">$0,00<\/td><td colspan=\"6\">$10,00<\/td><td colspan=\"6\">$0,00<\/td><td colspan=\"7\">$0,00<\/td><td colspan=\"8\">$162,15<\/td><td colspan=\"7\">$340,00<\/td><\/tr><tr><td colspan=\"5\">90<\/td><td colspan=\"8\">$161,10<\/td><td colspan=\"7\">$199,00<\/td><td colspan=\"6\">$0,00<\/td><td colspan=\"6\">$0,00<\/td><td colspan=\"6\">$10,00<\/td><td colspan=\"6\">$0,00<\/td><td colspan=\"7\">$0,00<\/td><td colspan=\"8\">$171,10<\/td><td colspan=\"7\">$360,00<\/td><\/tr><tr><td colspan=\"5\">95<\/td><td colspan=\"8\">$170,05<\/td><td colspan=\"7\">$199,00<\/td><td colspan=\"6\">$0,00<\/td><td colspan=\"6\">$0,00<\/td><td colspan=\"6\">$10,00<\/td><td colspan=\"6\">$0,00<\/td><td colspan=\"7\">$0,00<\/td><td colspan=\"8\">$180,05<\/td><td colspan=\"7\">$380,00<\/td><\/tr><tr><td colspan=\"5\">100<\/td><td colspan=\"8\">$179,00<\/td><td colspan=\"7\">$199,00<\/td><td colspan=\"6\">$0,00<\/td><td colspan=\"6\">$0,00<\/td><td colspan=\"6\">$10,00<\/td><td colspan=\"6\">$0,00<\/td><td colspan=\"7\">$0,00<\/td><td colspan=\"8\">$189,00<\/td><td colspan=\"7\">$400,00<\/td><\/tr><tr><td colspan=\"5\">105<\/td><td colspan=\"8\">$187,95<\/td><td colspan=\"7\">$199,00<\/td><td colspan=\"6\">$0,00<\/td><td colspan=\"6\">$0,00<\/td><td colspan=\"6\">$10,00<\/td><td colspan=\"6\">$0,00<\/td><td colspan=\"7\">$0,00<\/td><td colspan=\"8\">$197,95<\/td><td colspan=\"7\">$420,00<\/td><\/tr><tr><td colspan=\"5\">109<\/td><td colspan=\"8\">$195,11<\/td><td colspan=\"7\">$199,00<\/td><td colspan=\"6\">$0,00<\/td><td colspan=\"6\">$0,00<\/td><td colspan=\"6\">$10,00<\/td><td colspan=\"6\">$0,00<\/td><td colspan=\"7\">$0,00<\/td><td colspan=\"8\">$205,11<\/td><td colspan=\"7\">$436,00<\/td><\/tr><\/tbody><\/table><p>* Servicio Puerta a Puerta, lo entregan en la puerta de la casa. <br \/>* 0% de impuestos hasta $199 de valor declarado<br \/>* Impuestos responsabilidad del cliente. * $0.25 x lb Bodega DIAN<br \/>* El valor declarado en esta tabla es sugerido pero el valor lo define el cliente. <br \/>* $0.45 x lb Full Surcharge<br \/>* Se puede enviar de todo con excepci\u00f3n de repuestos usados y carga comercial. <br \/>* Tarifa Local $1.79 x lb + $10 Domicilio Incl seguro hasta $100<br \/>* Tarifa Global $4.00 x lb Incl seguro hasta $200 + Domicilio<\/p><p><img fetchpriority=\"high\" decoding=\"async\" class=\"aligncenter\" src=\"https:\/\/expresito.com\/home\/wp-content\/uploads\/2024\/07\/colombia.jpg\" alt=\"\" width=\"700\" height=\"574\" \/><\/p><table width=\"509\"><tbody><tr><td width=\"153\">PESO<\/td><td width=\"97\">P.V.P<\/td><td width=\"259\">INCLUYE CAJA #<\/td><\/tr><tr><td width=\"153\">CAJA 5 LBS<\/td><td width=\"97\">$\u00a0\u00a0\u00a0\u00a0\u00a0\u00a0\u00a0\u00a0\u00a0\u00a0\u00a0\u00a0 20.00<\/td><td width=\"259\">CAJA #30<\/td><\/tr><tr><td width=\"153\">CAJA 10 LBS<\/td><td width=\"97\">$\u00a0\u00a0\u00a0\u00a0\u00a0\u00a0\u00a0\u00a0\u00a0\u00a0\u00a0\u00a0 25.00<\/td><td width=\"259\">CAJA #30\u00a0\u00a0 o\u00a0\u00a0\u00a0 CAJA #38<\/td><\/tr><tr><td width=\"153\">CAJA 15 LBS<\/td><td width=\"97\">$\u00a0\u00a0\u00a0\u00a0\u00a0\u00a0\u00a0\u00a0\u00a0\u00a0\u00a0\u00a0 35.00<\/td><td width=\"259\">CAJA #38<\/td><\/tr><tr><td width=\"153\">CAJA 20 LBS<\/td><td width=\"97\">$\u00a0\u00a0\u00a0\u00a0\u00a0\u00a0\u00a0\u00a0\u00a0\u00a0\u00a0\u00a0 45.00<\/td><td width=\"259\">CAJA #38<\/td><\/tr><tr><td width=\"153\">CAJA 25 LBS<\/td><td width=\"97\">$\u00a0\u00a0\u00a0\u00a0\u00a0\u00a0\u00a0\u00a0\u00a0\u00a0\u00a0\u00a0 55.00<\/td><td width=\"259\">CAJA #50<\/td><\/tr><tr><td width=\"153\">CAJA 30 LBS<\/td><td width=\"97\">$\u00a0\u00a0\u00a0\u00a0\u00a0\u00a0\u00a0\u00a0\u00a0\u00a0\u00a0\u00a0 65.00<\/td><td width=\"259\">CAJA #50<\/td><\/tr><tr><td width=\"153\">CAJA 35 LBS<\/td><td width=\"97\">$\u00a0\u00a0\u00a0\u00a0\u00a0\u00a0\u00a0\u00a0\u00a0\u00a0\u00a0\u00a0 75.00<\/td><td width=\"259\">CAJA #56<\/td><\/tr><tr><td width=\"153\">CAJA 40 LBS<\/td><td width=\"97\">$\u00a0\u00a0\u00a0\u00a0\u00a0\u00a0\u00a0\u00a0\u00a0\u00a0\u00a0\u00a0 85.00<\/td><td width=\"259\">CAJA #56<\/td><\/tr><tr><td width=\"153\">CAJA 45 LBS<\/td><td width=\"97\">$\u00a0\u00a0\u00a0\u00a0\u00a0\u00a0\u00a0\u00a0\u00a0\u00a0\u00a0\u00a0 95.00<\/td><td width=\"259\">CAJA #RD con medidas (18X18X23)<\/td><\/tr><tr><td width=\"153\">CAJA 50 LBS<\/td><td width=\"97\">$\u00a0\u00a0\u00a0\u00a0\u00a0\u00a0\u00a0\u00a0\u00a0\u00a0 105.00<\/td><td width=\"259\">CAJA #RD con medidas (18X18X25)<\/td><\/tr><\/tbody><\/table><p>1. Sin l\u00edmite de envios.<br \/>2. Incluye caja Gratis<br \/>3. Valido en todas las oficinas NY, NJ, CT y MIA. 4. Tarifa incluye valor declarado hasta $199. 5. Tarifa incluye seguro hasta $100.<br \/>6. No incluye impuestos.<br \/>7. Aplica el peso mayor, sea peso f\u00edsico o peso volumen.<br \/>8. No valido para Ipiales y la isla San Andr\u00e9s.<br \/>9. No valido para envi\u00f3 de celulares, tablets y laptops.<\/p><\/div>\n\t\t\t\t<\/div>\n\t\t\t\t\t\t\t\t<\/div>\n\t\t\t\t\t\t<\/div>\n\t\t\t\t<\/div>\n\t\t\t\t\t<\/div>\n\t\t<\/div>\n\t\t\t\t\t<\/div>\n\t\t<\/section>\n\t\t\t\t<section class=\"elementor-section elementor-top-section elementor-element elementor-element-1fcb19f elementor-section-boxed elementor-section-height-default elementor-section-height-default\" data-id=\"1fcb19f\" data-element_type=\"section\">\n\t\t\t\t\t\t<div class=\"elementor-container elementor-column-gap-default\">\n\t\t\t\t\t<div class=\"elementor-column elementor-col-100 elementor-top-column elementor-element elementor-element-793576f\" data-id=\"793576f\" data-element_type=\"column\">\n\t\t\t<div class=\"elementor-widget-wrap elementor-element-populated\">\n\t\t\t\t\t\t\t<\/div>\n\t\t<\/div>\n\t\t\t\t\t<\/div>\n\t\t<\/section>\n\t\t\t\t<\/div>\n\t\t","protected":false},"excerpt":{"rendered":"<p>Colombia Carga a Colombia LBS Flete VD IMP SEGURO DOMICILIO FUEL SURCH BODEGA DIAN PVP LOCAL PVP GLOBAL 5 $8,95 $150,00 $0,00 $0,00 $10,00 $0,00 $0,00 $18,95 $0,00 10 $17,90 $150,00 $0,00 $0,00 $10,00 $0,00 $0,00 $27,90 $0,00 15 $26,85 $150,00 $0,00 $0,00 $10,00 $0,00 $0,00 $36,85 $60,00 20 $35,80 $150,00 $0,00 $0,00 $10,00 $0,00 &hellip;<\/p>\n<p class=\"read-more\"> <a class=\"\" href=\"https:\/\/expresito.com\/home\/tarifascargacolombia\/\"> <span class=\"screen-reader-text\">Tarifas de Envios de USA A Colombia<\/span> Leer m\u00e1s &raquo;<\/a><\/p>\n","protected":false},"author":9,"featured_media":0,"parent":0,"menu_order":0,"comment_status":"open","ping_status":"open","template":"","meta":{"_acf_changed":false,"wp_popup_display_lightbox":0,"wp_popup_suppress":"","wp_popup_trigger":"","wp_popup_trigger_amount":0,"wp_popup_disable_on_mobile":false,"site-sidebar-layout":"default","site-content-layout":"default","ast-global-header-display":"","ast-main-header-display":"","ast-hfb-above-header-display":"","ast-hfb-below-header-display":"","ast-hfb-mobile-header-display":"","site-post-title":"","ast-breadcrumbs-content":"","ast-featured-img":"","footer-sml-layout":"","theme-transparent-header-meta":"default","adv-header-id-meta":"","stick-header-meta":"","header-above-stick-meta":"","header-main-stick-meta":"","header-below-stick-meta":"","footnotes":""},"class_list":["post-4977","page","type-page","status-publish","hentry"],"acf":[],"yoast_head":"<!-- This site is optimized with the Yoast SEO plugin v27.3 - https:\/\/yoast.com\/product\/yoast-seo-wordpress\/ -->\n<title>Tarifas de Envios de USA A Colombia - Expresito<\/title>\n<meta name=\"robots\" content=\"index, follow, max-snippet:-1, max-image-preview:large, max-video-preview:-1\" \/>\n<link rel=\"canonical\" href=\"https:\/\/expresito.com\/home\/tarifascargacolombia\/\" \/>\n<meta property=\"og:locale\" content=\"es_ES\" \/>\n<meta property=\"og:type\" content=\"article\" \/>\n<meta property=\"og:title\" content=\"Tarifas de Envios de USA A Colombia - Expresito\" \/>\n<meta property=\"og:description\" content=\"Colombia Carga a Colombia LBS Flete VD IMP SEGURO DOMICILIO FUEL SURCH BODEGA DIAN PVP LOCAL PVP GLOBAL 5 $8,95 $150,00 $0,00 $0,00 $10,00 $0,00 $0,00 $18,95 $0,00 10 $17,90 $150,00 $0,00 $0,00 $10,00 $0,00 $0,00 $27,90 $0,00 15 $26,85 $150,00 $0,00 $0,00 $10,00 $0,00 $0,00 $36,85 $60,00 20 $35,80 $150,00 $0,00 $0,00 $10,00 $0,00 &hellip; Tarifas de Envios de USA A Colombia Leer m\u00e1s &raquo;\" \/>\n<meta property=\"og:url\" content=\"https:\/\/expresito.com\/home\/tarifascargacolombia\/\" \/>\n<meta property=\"og:site_name\" content=\"Expresito\" \/>\n<meta property=\"article:publisher\" content=\"https:\/\/www.facebook.com\/EXPRESITOCARGA?mibextid=ZbWKwL\" \/>\n<meta property=\"article:modified_time\" content=\"2026-02-10T16:17:42+00:00\" \/>\n<meta property=\"og:image\" content=\"https:\/\/expresito.com\/home\/wp-content\/uploads\/2024\/07\/colombia.jpg\" \/>\n<meta name=\"twitter:card\" content=\"summary_large_image\" \/>\n<meta name=\"twitter:site\" content=\"@ExpresitoC\" \/>\n<meta name=\"twitter:label1\" content=\"Tiempo de lectura\" \/>\n\t<meta name=\"twitter:data1\" content=\"3 minutos\" \/>\n<script type=\"application\/ld+json\" class=\"yoast-schema-graph\">{\"@context\":\"https:\\\/\\\/schema.org\",\"@graph\":[{\"@type\":\"WebPage\",\"@id\":\"https:\\\/\\\/expresito.com\\\/home\\\/tarifascargacolombia\\\/\",\"url\":\"https:\\\/\\\/expresito.com\\\/home\\\/tarifascargacolombia\\\/\",\"name\":\"Tarifas de Envios de USA A Colombia - Expresito\",\"isPartOf\":{\"@id\":\"https:\\\/\\\/expresito.com\\\/home\\\/#website\"},\"primaryImageOfPage\":{\"@id\":\"https:\\\/\\\/expresito.com\\\/home\\\/tarifascargacolombia\\\/#primaryimage\"},\"image\":{\"@id\":\"https:\\\/\\\/expresito.com\\\/home\\\/tarifascargacolombia\\\/#primaryimage\"},\"thumbnailUrl\":\"https:\\\/\\\/expresito.com\\\/home\\\/wp-content\\\/uploads\\\/2024\\\/07\\\/colombia.jpg\",\"datePublished\":\"2024-07-31T15:40:17+00:00\",\"dateModified\":\"2026-02-10T16:17:42+00:00\",\"breadcrumb\":{\"@id\":\"https:\\\/\\\/expresito.com\\\/home\\\/tarifascargacolombia\\\/#breadcrumb\"},\"inLanguage\":\"es\",\"potentialAction\":[{\"@type\":\"ReadAction\",\"target\":[\"https:\\\/\\\/expresito.com\\\/home\\\/tarifascargacolombia\\\/\"]}]},{\"@type\":\"ImageObject\",\"inLanguage\":\"es\",\"@id\":\"https:\\\/\\\/expresito.com\\\/home\\\/tarifascargacolombia\\\/#primaryimage\",\"url\":\"https:\\\/\\\/expresito.com\\\/home\\\/wp-content\\\/uploads\\\/2024\\\/07\\\/colombia.jpg\",\"contentUrl\":\"https:\\\/\\\/expresito.com\\\/home\\\/wp-content\\\/uploads\\\/2024\\\/07\\\/colombia.jpg\",\"width\":700,\"height\":574},{\"@type\":\"BreadcrumbList\",\"@id\":\"https:\\\/\\\/expresito.com\\\/home\\\/tarifascargacolombia\\\/#breadcrumb\",\"itemListElement\":[{\"@type\":\"ListItem\",\"position\":1,\"name\":\"Portada\",\"item\":\"https:\\\/\\\/expresito.com\\\/home\\\/\"},{\"@type\":\"ListItem\",\"position\":2,\"name\":\"Tarifas de Envios de USA A Colombia\"}]},{\"@type\":\"WebSite\",\"@id\":\"https:\\\/\\\/expresito.com\\\/home\\\/#website\",\"url\":\"https:\\\/\\\/expresito.com\\\/home\\\/\",\"name\":\"Expresito Carga- Envios a Latino America, Envios a Ecuador Y colombia\",\"description\":\"Carga y Correo a Colombia, Ecuador, Per\u00fa, M\u00e9xico, Rep\u00fablica Dominicana, Venezuela, Honduras, Guatemala, El Salvador, Canad\u00e1 y Todo Estados Unidos.\",\"publisher\":{\"@id\":\"https:\\\/\\\/expresito.com\\\/home\\\/#organization\"},\"potentialAction\":[{\"@type\":\"SearchAction\",\"target\":{\"@type\":\"EntryPoint\",\"urlTemplate\":\"https:\\\/\\\/expresito.com\\\/home\\\/?s={search_term_string}\"},\"query-input\":{\"@type\":\"PropertyValueSpecification\",\"valueRequired\":true,\"valueName\":\"search_term_string\"}}],\"inLanguage\":\"es\"},{\"@type\":\"Organization\",\"@id\":\"https:\\\/\\\/expresito.com\\\/home\\\/#organization\",\"name\":\"Expresito Carga\",\"url\":\"https:\\\/\\\/expresito.com\\\/home\\\/\",\"logo\":{\"@type\":\"ImageObject\",\"inLanguage\":\"es\",\"@id\":\"https:\\\/\\\/expresito.com\\\/home\\\/#\\\/schema\\\/logo\\\/image\\\/\",\"url\":\"https:\\\/\\\/expresito.com\\\/home\\\/wp-content\\\/uploads\\\/2023\\\/12\\\/logo4.png\",\"contentUrl\":\"https:\\\/\\\/expresito.com\\\/home\\\/wp-content\\\/uploads\\\/2023\\\/12\\\/logo4.png\",\"width\":1123,\"height\":232,\"caption\":\"Expresito Carga\"},\"image\":{\"@id\":\"https:\\\/\\\/expresito.com\\\/home\\\/#\\\/schema\\\/logo\\\/image\\\/\"},\"sameAs\":[\"https:\\\/\\\/www.facebook.com\\\/EXPRESITOCARGA?mibextid=ZbWKwL\",\"https:\\\/\\\/x.com\\\/ExpresitoC\",\"https:\\\/\\\/www.instagram.com\\\/expresitocarga?igsh=NDI1Z2xubGc1bm9q\",\"https:\\\/\\\/www.tiktok.com\\\/@expresito?_t=8k1FMiVJLK2&_r=1\",\"https:\\\/\\\/pin.it\\\/2W49waiNL\"]}]}<\/script>\n<!-- \/ Yoast SEO plugin. -->","yoast_head_json":{"title":"Tarifas de Envios de USA A Colombia - Expresito","robots":{"index":"index","follow":"follow","max-snippet":"max-snippet:-1","max-image-preview":"max-image-preview:large","max-video-preview":"max-video-preview:-1"},"canonical":"https:\/\/expresito.com\/home\/tarifascargacolombia\/","og_locale":"es_ES","og_type":"article","og_title":"Tarifas de Envios de USA A Colombia - Expresito","og_description":"Colombia Carga a Colombia LBS Flete VD IMP SEGURO DOMICILIO FUEL SURCH BODEGA DIAN PVP LOCAL PVP GLOBAL 5 $8,95 $150,00 $0,00 $0,00 $10,00 $0,00 $0,00 $18,95 $0,00 10 $17,90 $150,00 $0,00 $0,00 $10,00 $0,00 $0,00 $27,90 $0,00 15 $26,85 $150,00 $0,00 $0,00 $10,00 $0,00 $0,00 $36,85 $60,00 20 $35,80 $150,00 $0,00 $0,00 $10,00 $0,00 &hellip; Tarifas de Envios de USA A Colombia Leer m\u00e1s &raquo;","og_url":"https:\/\/expresito.com\/home\/tarifascargacolombia\/","og_site_name":"Expresito","article_publisher":"https:\/\/www.facebook.com\/EXPRESITOCARGA?mibextid=ZbWKwL","article_modified_time":"2026-02-10T16:17:42+00:00","og_image":[{"url":"https:\/\/expresito.com\/home\/wp-content\/uploads\/2024\/07\/colombia.jpg","type":"","width":"","height":""}],"twitter_card":"summary_large_image","twitter_site":"@ExpresitoC","twitter_misc":{"Tiempo de lectura":"3 minutos"},"schema":{"@context":"https:\/\/schema.org","@graph":[{"@type":"WebPage","@id":"https:\/\/expresito.com\/home\/tarifascargacolombia\/","url":"https:\/\/expresito.com\/home\/tarifascargacolombia\/","name":"Tarifas de Envios de USA A Colombia - Expresito","isPartOf":{"@id":"https:\/\/expresito.com\/home\/#website"},"primaryImageOfPage":{"@id":"https:\/\/expresito.com\/home\/tarifascargacolombia\/#primaryimage"},"image":{"@id":"https:\/\/expresito.com\/home\/tarifascargacolombia\/#primaryimage"},"thumbnailUrl":"https:\/\/expresito.com\/home\/wp-content\/uploads\/2024\/07\/colombia.jpg","datePublished":"2024-07-31T15:40:17+00:00","dateModified":"2026-02-10T16:17:42+00:00","breadcrumb":{"@id":"https:\/\/expresito.com\/home\/tarifascargacolombia\/#breadcrumb"},"inLanguage":"es","potentialAction":[{"@type":"ReadAction","target":["https:\/\/expresito.com\/home\/tarifascargacolombia\/"]}]},{"@type":"ImageObject","inLanguage":"es","@id":"https:\/\/expresito.com\/home\/tarifascargacolombia\/#primaryimage","url":"https:\/\/expresito.com\/home\/wp-content\/uploads\/2024\/07\/colombia.jpg","contentUrl":"https:\/\/expresito.com\/home\/wp-content\/uploads\/2024\/07\/colombia.jpg","width":700,"height":574},{"@type":"BreadcrumbList","@id":"https:\/\/expresito.com\/home\/tarifascargacolombia\/#breadcrumb","itemListElement":[{"@type":"ListItem","position":1,"name":"Portada","item":"https:\/\/expresito.com\/home\/"},{"@type":"ListItem","position":2,"name":"Tarifas de Envios de USA A Colombia"}]},{"@type":"WebSite","@id":"https:\/\/expresito.com\/home\/#website","url":"https:\/\/expresito.com\/home\/","name":"Expresito Carga- Envios a Latino America, Envios a Ecuador Y colombia","description":"Carga y Correo a Colombia, Ecuador, Per\u00fa, M\u00e9xico, Rep\u00fablica Dominicana, Venezuela, Honduras, Guatemala, El Salvador, Canad\u00e1 y Todo Estados Unidos.","publisher":{"@id":"https:\/\/expresito.com\/home\/#organization"},"potentialAction":[{"@type":"SearchAction","target":{"@type":"EntryPoint","urlTemplate":"https:\/\/expresito.com\/home\/?s={search_term_string}"},"query-input":{"@type":"PropertyValueSpecification","valueRequired":true,"valueName":"search_term_string"}}],"inLanguage":"es"},{"@type":"Organization","@id":"https:\/\/expresito.com\/home\/#organization","name":"Expresito Carga","url":"https:\/\/expresito.com\/home\/","logo":{"@type":"ImageObject","inLanguage":"es","@id":"https:\/\/expresito.com\/home\/#\/schema\/logo\/image\/","url":"https:\/\/expresito.com\/home\/wp-content\/uploads\/2023\/12\/logo4.png","contentUrl":"https:\/\/expresito.com\/home\/wp-content\/uploads\/2023\/12\/logo4.png","width":1123,"height":232,"caption":"Expresito Carga"},"image":{"@id":"https:\/\/expresito.com\/home\/#\/schema\/logo\/image\/"},"sameAs":["https:\/\/www.facebook.com\/EXPRESITOCARGA?mibextid=ZbWKwL","https:\/\/x.com\/ExpresitoC","https:\/\/www.instagram.com\/expresitocarga?igsh=NDI1Z2xubGc1bm9q","https:\/\/www.tiktok.com\/@expresito?_t=8k1FMiVJLK2&_r=1","https:\/\/pin.it\/2W49waiNL"]}]}},"jetpack_sharing_enabled":true,"_links":{"self":[{"href":"https:\/\/expresito.com\/home\/wp-json\/wp\/v2\/pages\/4977","targetHints":{"allow":["GET"]}}],"collection":[{"href":"https:\/\/expresito.com\/home\/wp-json\/wp\/v2\/pages"}],"about":[{"href":"https:\/\/expresito.com\/home\/wp-json\/wp\/v2\/types\/page"}],"author":[{"embeddable":true,"href":"https:\/\/expresito.com\/home\/wp-json\/wp\/v2\/users\/9"}],"replies":[{"embeddable":true,"href":"https:\/\/expresito.com\/home\/wp-json\/wp\/v2\/comments?post=4977"}],"version-history":[{"count":14,"href":"https:\/\/expresito.com\/home\/wp-json\/wp\/v2\/pages\/4977\/revisions"}],"predecessor-version":[{"id":6290,"href":"https:\/\/expresito.com\/home\/wp-json\/wp\/v2\/pages\/4977\/revisions\/6290"}],"wp:attachment":[{"href":"https:\/\/expresito.com\/home\/wp-json\/wp\/v2\/media?parent=4977"}],"curies":[{"name":"wp","href":"https:\/\/api.w.org\/{rel}","templated":true}]}}