{"id":5003,"date":"2024-07-31T12:58:07","date_gmt":"2024-07-31T16:58:07","guid":{"rendered":"https:\/\/expresito.com\/home\/?page_id=5003"},"modified":"2026-02-10T11:16:57","modified_gmt":"2026-02-10T16:16:57","slug":"tarifas-carga-chile","status":"publish","type":"page","link":"https:\/\/expresito.com\/home\/tarifas-carga-chile\/","title":{"rendered":"Tarifas de Envios de USA A Chile"},"content":{"rendered":"\t\t<div data-elementor-type=\"wp-page\" data-elementor-id=\"5003\" class=\"elementor elementor-5003\" data-elementor-post-type=\"page\">\n\t\t\t\t\t\t<section class=\"elementor-section elementor-top-section elementor-element elementor-element-57ca742e elementor-section-boxed elementor-section-height-default elementor-section-height-default\" data-id=\"57ca742e\" data-element_type=\"section\">\n\t\t\t\t\t\t<div class=\"elementor-container elementor-column-gap-default\">\n\t\t\t\t\t<div class=\"elementor-column elementor-col-100 elementor-top-column elementor-element elementor-element-408ae72d\" data-id=\"408ae72d\" data-element_type=\"column\">\n\t\t\t<div class=\"elementor-widget-wrap elementor-element-populated\">\n\t\t\t\t\t\t<div class=\"elementor-element elementor-element-d2e088b elementor-widget elementor-widget-spacer\" data-id=\"d2e088b\" data-element_type=\"widget\" data-widget_type=\"spacer.default\">\n\t\t\t\t<div class=\"elementor-widget-container\">\n\t\t\t\t\t\t\t<div class=\"elementor-spacer\">\n\t\t\t<div class=\"elementor-spacer-inner\"><\/div>\n\t\t<\/div>\n\t\t\t\t\t\t<\/div>\n\t\t\t\t<\/div>\n\t\t\t\t<div class=\"elementor-element elementor-element-a971cf8 elementor-invisible elementor-widget elementor-widget-heading\" data-id=\"a971cf8\" data-element_type=\"widget\" data-settings=\"{&quot;_animation&quot;:&quot;fadeInLeft&quot;}\" data-widget_type=\"heading.default\">\n\t\t\t\t<div class=\"elementor-widget-container\">\n\t\t\t\t\t<h2 class=\"elementor-heading-title elementor-size-default\">Tarifas Carga a Chile<\/h2>\t\t\t\t<\/div>\n\t\t\t\t<\/div>\n\t\t\t\t<div class=\"elementor-element elementor-element-782a4e6 elementor-widget elementor-widget-accordion\" data-id=\"782a4e6\" data-element_type=\"widget\" data-settings=\"{&quot;_animation&quot;:&quot;none&quot;,&quot;_animation_tablet&quot;:&quot;fadeInLeft&quot;,&quot;_animation_mobile&quot;:&quot;fadeInLeft&quot;}\" data-widget_type=\"accordion.default\">\n\t\t\t\t<div class=\"elementor-widget-container\">\n\t\t\t\t\t\t\t<div class=\"elementor-accordion\">\n\t\t\t\t\t\t\t<div class=\"elementor-accordion-item\">\n\t\t\t\t\t<div id=\"elementor-tab-title-1261\" class=\"elementor-tab-title\" data-tab=\"1\" role=\"button\" aria-controls=\"elementor-tab-content-1261\" aria-expanded=\"false\">\n\t\t\t\t\t\t\t\t\t\t\t\t\t<span class=\"elementor-accordion-icon elementor-accordion-icon-left\" aria-hidden=\"true\">\n\t\t\t\t\t\t\t\t\t\t\t\t\t\t\t<span class=\"elementor-accordion-icon-closed\"><i class=\"fas fa-angle-double-down\"><\/i><\/span>\n\t\t\t\t\t\t\t\t<span class=\"elementor-accordion-icon-opened\"><i class=\"fas fa-angle-double-down\"><\/i><\/span>\n\t\t\t\t\t\t\t\t\t\t\t\t\t\t<\/span>\n\t\t\t\t\t\t\t\t\t\t\t\t<a class=\"elementor-accordion-title\" tabindex=\"0\">Chile <\/a>\n\t\t\t\t\t<\/div>\n\t\t\t\t\t<div id=\"elementor-tab-content-1261\" class=\"elementor-tab-content elementor-clearfix\" data-tab=\"1\" role=\"region\" aria-labelledby=\"elementor-tab-title-1261\"><p><img fetchpriority=\"high\" decoding=\"async\" class=\"size-large wp-image-3747 aligncenter\" src=\"https:\/\/expresito.com\/home\/wp-content\/uploads\/2023\/12\/CHILE-2022-1080x675-1-1024x640.jpg\" alt=\"\" width=\"1024\" height=\"640\" srcset=\"https:\/\/expresito.com\/home\/wp-content\/uploads\/2023\/12\/CHILE-2022-1080x675-1-1024x640.jpg 1024w, https:\/\/expresito.com\/home\/wp-content\/uploads\/2023\/12\/CHILE-2022-1080x675-1-300x188.jpg 300w, https:\/\/expresito.com\/home\/wp-content\/uploads\/2023\/12\/CHILE-2022-1080x675-1-768x480.jpg 768w, https:\/\/expresito.com\/home\/wp-content\/uploads\/2023\/12\/CHILE-2022-1080x675-1-600x375.jpg 600w, https:\/\/expresito.com\/home\/wp-content\/uploads\/2023\/12\/CHILE-2022-1080x675-1.jpg 1080w\" sizes=\"(max-width: 1024px) 100vw, 1024px\" \/><\/p><table width=\"521\"><tbody><tr><td colspan=\"6\" width=\"67\">LBS.<\/td><td colspan=\"7\" width=\"55\">FLETE<\/td><td colspan=\"8\" width=\"62\">AWB<\/td><td colspan=\"6\" width=\"67\">VALOR<br \/>DECLAR.<\/td><td colspan=\"7\" width=\"67\">IMPTO<\/td><td colspan=\"6\" width=\"66\">SEGURO<\/td><td colspan=\"9\" width=\"69\">TOTAL PVP<\/td><td colspan=\"8\" width=\"68\">PVP GLOBAL<\/td><\/tr><tr><td colspan=\"6\">10<\/td><td colspan=\"7\">$75,00<\/td><td colspan=\"8\">$10,00<\/td><td colspan=\"6\">$150,00<\/td><td colspan=\"7\">$0,00<\/td><td colspan=\"6\">$9,00<\/td><td colspan=\"9\">$94,00<\/td><td colspan=\"8\">$109,00<\/td><\/tr><tr><td colspan=\"6\">15<\/td><td colspan=\"7\">$112,50<\/td><td colspan=\"8\">$10,00<\/td><td colspan=\"6\">$150,00<\/td><td colspan=\"7\">$0,00<\/td><td colspan=\"6\">$9,00<\/td><td colspan=\"9\">$131,50<\/td><td colspan=\"8\">$154,00<\/td><\/tr><tr><td colspan=\"6\">20<\/td><td colspan=\"7\">$150,00<\/td><td colspan=\"8\">$10,00<\/td><td colspan=\"6\">$150,00<\/td><td colspan=\"7\">$0,00<\/td><td colspan=\"6\">$9,00<\/td><td colspan=\"9\">$169,00<\/td><td colspan=\"8\">$199,00<\/td><\/tr><tr><td colspan=\"6\">25<\/td><td colspan=\"7\">$187,50<\/td><td colspan=\"8\">$10,00<\/td><td colspan=\"6\">$150,00<\/td><td colspan=\"7\">$0,00<\/td><td colspan=\"6\">$9,00<\/td><td colspan=\"9\">$206,50<\/td><td colspan=\"8\">$244,00<\/td><\/tr><tr><td colspan=\"6\">30<\/td><td colspan=\"7\">$225,00<\/td><td colspan=\"8\">$10,00<\/td><td colspan=\"6\">$150,00<\/td><td colspan=\"7\">$0,00<\/td><td colspan=\"6\">$9,00<\/td><td colspan=\"9\">$244,00<\/td><td colspan=\"8\">$289,00<\/td><\/tr><tr><td colspan=\"6\">35<\/td><td colspan=\"7\">$262,50<\/td><td colspan=\"8\">$10,00<\/td><td colspan=\"6\">$150,00<\/td><td colspan=\"7\">$0,00<\/td><td colspan=\"6\">$9,00<\/td><td colspan=\"9\">$281,50<\/td><td colspan=\"8\">$334,00<\/td><\/tr><tr><td colspan=\"6\">40<\/td><td colspan=\"7\">$300,00<\/td><td colspan=\"8\">$10,00<\/td><td colspan=\"6\">$150,00<\/td><td colspan=\"7\">$0,00<\/td><td colspan=\"6\">$9,00<\/td><td colspan=\"9\">$319,00<\/td><td colspan=\"8\">$379,00<\/td><\/tr><tr><td colspan=\"6\">45<\/td><td colspan=\"7\">$337,50<\/td><td colspan=\"8\">$10,00<\/td><td colspan=\"6\">$150,00<\/td><td colspan=\"7\">$0,00<\/td><td colspan=\"6\">$9,00<\/td><td colspan=\"9\">$356,50<\/td><td colspan=\"8\">$424,00<\/td><\/tr><tr><td colspan=\"6\">50<\/td><td colspan=\"7\">$375,00<\/td><td colspan=\"8\">$10,00<\/td><td colspan=\"6\">$150,00<\/td><td colspan=\"7\">$0,00<\/td><td colspan=\"6\">$9,00<\/td><td colspan=\"9\">$394,00<\/td><td colspan=\"8\">$469,00<\/td><\/tr><tr><td colspan=\"6\">55<\/td><td colspan=\"7\">$412,50<\/td><td colspan=\"8\">$10,00<\/td><td colspan=\"6\">$150,00<\/td><td colspan=\"7\">$0,00<\/td><td colspan=\"6\">$9,00<\/td><td colspan=\"9\">$431,50<\/td><td colspan=\"8\">$514,00<\/td><\/tr><tr><td colspan=\"6\">60<\/td><td colspan=\"7\">$450,00<\/td><td colspan=\"8\">$10,00<\/td><td colspan=\"6\">$150,00<\/td><td colspan=\"7\">$0,00<\/td><td colspan=\"6\">$9,00<\/td><td colspan=\"9\">$469,00<\/td><td colspan=\"8\">$559,00<\/td><\/tr><tr><td colspan=\"6\">65<\/td><td colspan=\"7\">$487,50<\/td><td colspan=\"8\">$10,00<\/td><td colspan=\"6\">$150,00<\/td><td colspan=\"7\">$0,00<\/td><td colspan=\"6\">$9,00<\/td><td colspan=\"9\">$506,50<\/td><td colspan=\"8\">$604,00<\/td><\/tr><tr><td colspan=\"6\">70<\/td><td colspan=\"7\">$525,00<\/td><td colspan=\"8\">$10,00<\/td><td colspan=\"6\">$150,00<\/td><td colspan=\"7\">$0,00<\/td><td colspan=\"6\">$9,00<\/td><td colspan=\"9\">$544,00<\/td><td colspan=\"8\">$649,00<\/td><\/tr><tr><td colspan=\"6\">75<\/td><td colspan=\"7\">$562,50<\/td><td colspan=\"8\">$10,00<\/td><td colspan=\"6\">$150,00<\/td><td colspan=\"7\">$0,00<\/td><td colspan=\"6\">$9,00<\/td><td colspan=\"9\">$581,50<\/td><td colspan=\"8\">$694,00<\/td><\/tr><tr><td colspan=\"6\">80<\/td><td colspan=\"7\">$600,00<\/td><td colspan=\"8\">$10,00<\/td><td colspan=\"6\">$150,00<\/td><td colspan=\"7\">$0,00<\/td><td colspan=\"6\">$9,00<\/td><td colspan=\"9\">$619,00<\/td><td colspan=\"8\">$739,00<\/td><\/tr><tr><td colspan=\"6\">85<\/td><td colspan=\"7\">$637,50<\/td><td colspan=\"8\">$10,00<\/td><td colspan=\"6\">$150,00<\/td><td colspan=\"7\">$0,00<\/td><td colspan=\"6\">$9,00<\/td><td colspan=\"9\">$656,50<\/td><td colspan=\"8\">$784,00<\/td><\/tr><tr><td colspan=\"6\">90<\/td><td colspan=\"7\">$675,00<\/td><td colspan=\"8\">$10,00<\/td><td colspan=\"6\">$150,00<\/td><td colspan=\"7\">$0,00<\/td><td colspan=\"6\">$9,00<\/td><td colspan=\"9\">$694,00<\/td><td colspan=\"8\">$829,00<\/td><\/tr><tr><td colspan=\"6\">95<\/td><td colspan=\"7\">$712,50<\/td><td colspan=\"8\">$10,00<\/td><td colspan=\"6\">$150,00<\/td><td colspan=\"7\">$0,00<\/td><td colspan=\"6\">$9,00<\/td><td colspan=\"9\">$731,50<\/td><td colspan=\"8\">$874,00<\/td><\/tr><tr><td colspan=\"6\">100<\/td><td colspan=\"7\">$750,00<\/td><td colspan=\"8\">$10,00<\/td><td colspan=\"6\">$150,00<\/td><td colspan=\"7\">$0,00<\/td><td colspan=\"6\">$9,00<\/td><td colspan=\"9\">$769,00<\/td><td colspan=\"8\">$919,00<\/td><\/tr><tr><td colspan=\"6\">109<\/td><td colspan=\"7\">$817,50<\/td><td colspan=\"8\">$10,00<\/td><td colspan=\"6\">$150,00<\/td><td colspan=\"7\">$0,00<\/td><td colspan=\"6\">$9,00<\/td><td colspan=\"9\">$836,50<\/td><td colspan=\"8\">$1.000,00<\/td><\/tr><\/tbody><\/table><p><strong>Seguro:<\/strong>\u00a06% M\u00edn. $100 M\u00e1x. $1.000<br \/><strong>Impuesto:<\/strong>\u00a0% Impuestos Var\u00edan seg\u00fan Valor Declarado<br \/><strong>Tiempo de entrega:<\/strong>\u00a08 a 10 d\u00edas h\u00e1biles.<br \/><strong>Documentaci\u00f3n:\u00a0<\/strong>$10.00<\/p><p><strong>Importante:<\/strong><\/p><ul><li>M\u00e1ximo se puede enviar 5 art\u00edculos iguales.<\/li><li>Presentar factura de art\u00edculos nuevos.<\/li><li>Indispensable solicitar RUT del destinatario, direcci\u00f3n, email y tel\u00e9fono.<\/li><li>Destinatario: tener nacionalidad Chilena.<\/li><\/ul><p><strong>No se puede enviar:\u00a0<\/strong>armas, dinero, drogas, cigarrillos, licor, vitaminas, medicinas, perfumes, cremas etc.<\/p><\/div>\n\t\t\t\t<\/div>\n\t\t\t\t\t\t\t\t<\/div>\n\t\t\t\t\t\t<\/div>\n\t\t\t\t<\/div>\n\t\t\t\t\t<\/div>\n\t\t<\/div>\n\t\t\t\t\t<\/div>\n\t\t<\/section>\n\t\t\t\t<section class=\"elementor-section elementor-top-section elementor-element elementor-element-1fcb19f elementor-section-boxed elementor-section-height-default elementor-section-height-default\" data-id=\"1fcb19f\" data-element_type=\"section\">\n\t\t\t\t\t\t<div class=\"elementor-container elementor-column-gap-default\">\n\t\t\t\t\t<div class=\"elementor-column elementor-col-100 elementor-top-column elementor-element elementor-element-793576f\" data-id=\"793576f\" data-element_type=\"column\">\n\t\t\t<div class=\"elementor-widget-wrap elementor-element-populated\">\n\t\t\t\t\t\t\t<\/div>\n\t\t<\/div>\n\t\t\t\t\t<\/div>\n\t\t<\/section>\n\t\t\t\t<\/div>\n\t\t","protected":false},"excerpt":{"rendered":"<p>Tarifas Carga a Chile Chile LBS. FLETE AWB VALOR DECLAR. IMPTO SEGURO TOTAL PVP PVP GLOBAL 10 $75,00 $10,00 $150,00 $0,00 $9,00 $94,00 $109,00 15 $112,50 $10,00 $150,00 $0,00 $9,00 $131,50 $154,00 20 $150,00 $10,00 $150,00 $0,00 $9,00 $169,00 $199,00 25 $187,50 $10,00 $150,00 $0,00 $9,00 $206,50 $244,00 30 $225,00 $10,00 $150,00 $0,00 $9,00 $244,00 &hellip;<\/p>\n<p class=\"read-more\"> <a class=\"\" href=\"https:\/\/expresito.com\/home\/tarifas-carga-chile\/\"> <span class=\"screen-reader-text\">Tarifas de Envios de USA A Chile<\/span> Leer m\u00e1s &raquo;<\/a><\/p>\n","protected":false},"author":9,"featured_media":0,"parent":0,"menu_order":0,"comment_status":"open","ping_status":"open","template":"","meta":{"_acf_changed":false,"wp_popup_display_lightbox":0,"wp_popup_suppress":"","wp_popup_trigger":"","wp_popup_trigger_amount":0,"wp_popup_disable_on_mobile":false,"site-sidebar-layout":"default","site-content-layout":"default","ast-global-header-display":"","ast-main-header-display":"","ast-hfb-above-header-display":"","ast-hfb-below-header-display":"","ast-hfb-mobile-header-display":"","site-post-title":"","ast-breadcrumbs-content":"","ast-featured-img":"","footer-sml-layout":"","theme-transparent-header-meta":"default","adv-header-id-meta":"","stick-header-meta":"","header-above-stick-meta":"","header-main-stick-meta":"","header-below-stick-meta":"","footnotes":""},"class_list":["post-5003","page","type-page","status-publish","hentry"],"acf":[],"yoast_head":"<!-- This site is optimized with the Yoast SEO plugin v27.3 - https:\/\/yoast.com\/product\/yoast-seo-wordpress\/ -->\n<title>Tarifas de Envios de USA A Chile - Expresito<\/title>\n<meta name=\"robots\" content=\"index, follow, max-snippet:-1, max-image-preview:large, max-video-preview:-1\" \/>\n<link rel=\"canonical\" href=\"https:\/\/expresito.com\/home\/tarifas-carga-chile\/\" \/>\n<meta property=\"og:locale\" content=\"es_ES\" \/>\n<meta property=\"og:type\" content=\"article\" \/>\n<meta property=\"og:title\" content=\"Tarifas de Envios de USA A Chile - Expresito\" \/>\n<meta property=\"og:description\" content=\"Tarifas Carga a Chile Chile LBS. FLETE AWB VALOR DECLAR. IMPTO SEGURO TOTAL PVP PVP GLOBAL 10 $75,00 $10,00 $150,00 $0,00 $9,00 $94,00 $109,00 15 $112,50 $10,00 $150,00 $0,00 $9,00 $131,50 $154,00 20 $150,00 $10,00 $150,00 $0,00 $9,00 $169,00 $199,00 25 $187,50 $10,00 $150,00 $0,00 $9,00 $206,50 $244,00 30 $225,00 $10,00 $150,00 $0,00 $9,00 $244,00 &hellip; Tarifas de Envios de USA A Chile Leer m\u00e1s &raquo;\" \/>\n<meta property=\"og:url\" content=\"https:\/\/expresito.com\/home\/tarifas-carga-chile\/\" \/>\n<meta property=\"og:site_name\" content=\"Expresito\" \/>\n<meta property=\"article:publisher\" content=\"https:\/\/www.facebook.com\/EXPRESITOCARGA?mibextid=ZbWKwL\" \/>\n<meta property=\"article:modified_time\" content=\"2026-02-10T16:16:57+00:00\" \/>\n<meta property=\"og:image\" content=\"https:\/\/expresito.com\/home\/wp-content\/uploads\/2023\/12\/CHILE-2022-1080x675-1-1024x640.jpg\" \/>\n<meta name=\"twitter:card\" content=\"summary_large_image\" \/>\n<meta name=\"twitter:site\" content=\"@ExpresitoC\" \/>\n<meta name=\"twitter:label1\" content=\"Tiempo de lectura\" \/>\n\t<meta name=\"twitter:data1\" content=\"2 minutos\" \/>\n<script type=\"application\/ld+json\" class=\"yoast-schema-graph\">{\"@context\":\"https:\\\/\\\/schema.org\",\"@graph\":[{\"@type\":\"WebPage\",\"@id\":\"https:\\\/\\\/expresito.com\\\/home\\\/tarifas-carga-chile\\\/\",\"url\":\"https:\\\/\\\/expresito.com\\\/home\\\/tarifas-carga-chile\\\/\",\"name\":\"Tarifas de Envios de USA A Chile - Expresito\",\"isPartOf\":{\"@id\":\"https:\\\/\\\/expresito.com\\\/home\\\/#website\"},\"primaryImageOfPage\":{\"@id\":\"https:\\\/\\\/expresito.com\\\/home\\\/tarifas-carga-chile\\\/#primaryimage\"},\"image\":{\"@id\":\"https:\\\/\\\/expresito.com\\\/home\\\/tarifas-carga-chile\\\/#primaryimage\"},\"thumbnailUrl\":\"https:\\\/\\\/expresito.com\\\/home\\\/wp-content\\\/uploads\\\/2023\\\/12\\\/CHILE-2022-1080x675-1-1024x640.jpg\",\"datePublished\":\"2024-07-31T16:58:07+00:00\",\"dateModified\":\"2026-02-10T16:16:57+00:00\",\"breadcrumb\":{\"@id\":\"https:\\\/\\\/expresito.com\\\/home\\\/tarifas-carga-chile\\\/#breadcrumb\"},\"inLanguage\":\"es\",\"potentialAction\":[{\"@type\":\"ReadAction\",\"target\":[\"https:\\\/\\\/expresito.com\\\/home\\\/tarifas-carga-chile\\\/\"]}]},{\"@type\":\"ImageObject\",\"inLanguage\":\"es\",\"@id\":\"https:\\\/\\\/expresito.com\\\/home\\\/tarifas-carga-chile\\\/#primaryimage\",\"url\":\"https:\\\/\\\/expresito.com\\\/home\\\/wp-content\\\/uploads\\\/2023\\\/12\\\/CHILE-2022-1080x675-1.jpg\",\"contentUrl\":\"https:\\\/\\\/expresito.com\\\/home\\\/wp-content\\\/uploads\\\/2023\\\/12\\\/CHILE-2022-1080x675-1.jpg\",\"width\":1080,\"height\":675},{\"@type\":\"BreadcrumbList\",\"@id\":\"https:\\\/\\\/expresito.com\\\/home\\\/tarifas-carga-chile\\\/#breadcrumb\",\"itemListElement\":[{\"@type\":\"ListItem\",\"position\":1,\"name\":\"Portada\",\"item\":\"https:\\\/\\\/expresito.com\\\/home\\\/\"},{\"@type\":\"ListItem\",\"position\":2,\"name\":\"Tarifas de Envios de USA A Chile\"}]},{\"@type\":\"WebSite\",\"@id\":\"https:\\\/\\\/expresito.com\\\/home\\\/#website\",\"url\":\"https:\\\/\\\/expresito.com\\\/home\\\/\",\"name\":\"Expresito Carga- Envios a Latino America, Envios a Ecuador Y colombia\",\"description\":\"Carga y Correo a Colombia, Ecuador, Per\u00fa, M\u00e9xico, Rep\u00fablica Dominicana, Venezuela, Honduras, Guatemala, El Salvador, Canad\u00e1 y Todo Estados Unidos.\",\"publisher\":{\"@id\":\"https:\\\/\\\/expresito.com\\\/home\\\/#organization\"},\"potentialAction\":[{\"@type\":\"SearchAction\",\"target\":{\"@type\":\"EntryPoint\",\"urlTemplate\":\"https:\\\/\\\/expresito.com\\\/home\\\/?s={search_term_string}\"},\"query-input\":{\"@type\":\"PropertyValueSpecification\",\"valueRequired\":true,\"valueName\":\"search_term_string\"}}],\"inLanguage\":\"es\"},{\"@type\":\"Organization\",\"@id\":\"https:\\\/\\\/expresito.com\\\/home\\\/#organization\",\"name\":\"Expresito Carga\",\"url\":\"https:\\\/\\\/expresito.com\\\/home\\\/\",\"logo\":{\"@type\":\"ImageObject\",\"inLanguage\":\"es\",\"@id\":\"https:\\\/\\\/expresito.com\\\/home\\\/#\\\/schema\\\/logo\\\/image\\\/\",\"url\":\"https:\\\/\\\/expresito.com\\\/home\\\/wp-content\\\/uploads\\\/2023\\\/12\\\/logo4.png\",\"contentUrl\":\"https:\\\/\\\/expresito.com\\\/home\\\/wp-content\\\/uploads\\\/2023\\\/12\\\/logo4.png\",\"width\":1123,\"height\":232,\"caption\":\"Expresito Carga\"},\"image\":{\"@id\":\"https:\\\/\\\/expresito.com\\\/home\\\/#\\\/schema\\\/logo\\\/image\\\/\"},\"sameAs\":[\"https:\\\/\\\/www.facebook.com\\\/EXPRESITOCARGA?mibextid=ZbWKwL\",\"https:\\\/\\\/x.com\\\/ExpresitoC\",\"https:\\\/\\\/www.instagram.com\\\/expresitocarga?igsh=NDI1Z2xubGc1bm9q\",\"https:\\\/\\\/www.tiktok.com\\\/@expresito?_t=8k1FMiVJLK2&_r=1\",\"https:\\\/\\\/pin.it\\\/2W49waiNL\"]}]}<\/script>\n<!-- \/ Yoast SEO plugin. -->","yoast_head_json":{"title":"Tarifas de Envios de USA A Chile - Expresito","robots":{"index":"index","follow":"follow","max-snippet":"max-snippet:-1","max-image-preview":"max-image-preview:large","max-video-preview":"max-video-preview:-1"},"canonical":"https:\/\/expresito.com\/home\/tarifas-carga-chile\/","og_locale":"es_ES","og_type":"article","og_title":"Tarifas de Envios de USA A Chile - Expresito","og_description":"Tarifas Carga a Chile Chile LBS. FLETE AWB VALOR DECLAR. IMPTO SEGURO TOTAL PVP PVP GLOBAL 10 $75,00 $10,00 $150,00 $0,00 $9,00 $94,00 $109,00 15 $112,50 $10,00 $150,00 $0,00 $9,00 $131,50 $154,00 20 $150,00 $10,00 $150,00 $0,00 $9,00 $169,00 $199,00 25 $187,50 $10,00 $150,00 $0,00 $9,00 $206,50 $244,00 30 $225,00 $10,00 $150,00 $0,00 $9,00 $244,00 &hellip; Tarifas de Envios de USA A Chile Leer m\u00e1s &raquo;","og_url":"https:\/\/expresito.com\/home\/tarifas-carga-chile\/","og_site_name":"Expresito","article_publisher":"https:\/\/www.facebook.com\/EXPRESITOCARGA?mibextid=ZbWKwL","article_modified_time":"2026-02-10T16:16:57+00:00","og_image":[{"url":"https:\/\/expresito.com\/home\/wp-content\/uploads\/2023\/12\/CHILE-2022-1080x675-1-1024x640.jpg","type":"","width":"","height":""}],"twitter_card":"summary_large_image","twitter_site":"@ExpresitoC","twitter_misc":{"Tiempo de lectura":"2 minutos"},"schema":{"@context":"https:\/\/schema.org","@graph":[{"@type":"WebPage","@id":"https:\/\/expresito.com\/home\/tarifas-carga-chile\/","url":"https:\/\/expresito.com\/home\/tarifas-carga-chile\/","name":"Tarifas de Envios de USA A Chile - Expresito","isPartOf":{"@id":"https:\/\/expresito.com\/home\/#website"},"primaryImageOfPage":{"@id":"https:\/\/expresito.com\/home\/tarifas-carga-chile\/#primaryimage"},"image":{"@id":"https:\/\/expresito.com\/home\/tarifas-carga-chile\/#primaryimage"},"thumbnailUrl":"https:\/\/expresito.com\/home\/wp-content\/uploads\/2023\/12\/CHILE-2022-1080x675-1-1024x640.jpg","datePublished":"2024-07-31T16:58:07+00:00","dateModified":"2026-02-10T16:16:57+00:00","breadcrumb":{"@id":"https:\/\/expresito.com\/home\/tarifas-carga-chile\/#breadcrumb"},"inLanguage":"es","potentialAction":[{"@type":"ReadAction","target":["https:\/\/expresito.com\/home\/tarifas-carga-chile\/"]}]},{"@type":"ImageObject","inLanguage":"es","@id":"https:\/\/expresito.com\/home\/tarifas-carga-chile\/#primaryimage","url":"https:\/\/expresito.com\/home\/wp-content\/uploads\/2023\/12\/CHILE-2022-1080x675-1.jpg","contentUrl":"https:\/\/expresito.com\/home\/wp-content\/uploads\/2023\/12\/CHILE-2022-1080x675-1.jpg","width":1080,"height":675},{"@type":"BreadcrumbList","@id":"https:\/\/expresito.com\/home\/tarifas-carga-chile\/#breadcrumb","itemListElement":[{"@type":"ListItem","position":1,"name":"Portada","item":"https:\/\/expresito.com\/home\/"},{"@type":"ListItem","position":2,"name":"Tarifas de Envios de USA A Chile"}]},{"@type":"WebSite","@id":"https:\/\/expresito.com\/home\/#website","url":"https:\/\/expresito.com\/home\/","name":"Expresito Carga- Envios a Latino America, Envios a Ecuador Y colombia","description":"Carga y Correo a Colombia, Ecuador, Per\u00fa, M\u00e9xico, Rep\u00fablica Dominicana, Venezuela, Honduras, Guatemala, El Salvador, Canad\u00e1 y Todo Estados Unidos.","publisher":{"@id":"https:\/\/expresito.com\/home\/#organization"},"potentialAction":[{"@type":"SearchAction","target":{"@type":"EntryPoint","urlTemplate":"https:\/\/expresito.com\/home\/?s={search_term_string}"},"query-input":{"@type":"PropertyValueSpecification","valueRequired":true,"valueName":"search_term_string"}}],"inLanguage":"es"},{"@type":"Organization","@id":"https:\/\/expresito.com\/home\/#organization","name":"Expresito Carga","url":"https:\/\/expresito.com\/home\/","logo":{"@type":"ImageObject","inLanguage":"es","@id":"https:\/\/expresito.com\/home\/#\/schema\/logo\/image\/","url":"https:\/\/expresito.com\/home\/wp-content\/uploads\/2023\/12\/logo4.png","contentUrl":"https:\/\/expresito.com\/home\/wp-content\/uploads\/2023\/12\/logo4.png","width":1123,"height":232,"caption":"Expresito Carga"},"image":{"@id":"https:\/\/expresito.com\/home\/#\/schema\/logo\/image\/"},"sameAs":["https:\/\/www.facebook.com\/EXPRESITOCARGA?mibextid=ZbWKwL","https:\/\/x.com\/ExpresitoC","https:\/\/www.instagram.com\/expresitocarga?igsh=NDI1Z2xubGc1bm9q","https:\/\/www.tiktok.com\/@expresito?_t=8k1FMiVJLK2&_r=1","https:\/\/pin.it\/2W49waiNL"]}]}},"jetpack_sharing_enabled":true,"_links":{"self":[{"href":"https:\/\/expresito.com\/home\/wp-json\/wp\/v2\/pages\/5003","targetHints":{"allow":["GET"]}}],"collection":[{"href":"https:\/\/expresito.com\/home\/wp-json\/wp\/v2\/pages"}],"about":[{"href":"https:\/\/expresito.com\/home\/wp-json\/wp\/v2\/types\/page"}],"author":[{"embeddable":true,"href":"https:\/\/expresito.com\/home\/wp-json\/wp\/v2\/users\/9"}],"replies":[{"embeddable":true,"href":"https:\/\/expresito.com\/home\/wp-json\/wp\/v2\/comments?post=5003"}],"version-history":[{"count":6,"href":"https:\/\/expresito.com\/home\/wp-json\/wp\/v2\/pages\/5003\/revisions"}],"predecessor-version":[{"id":6289,"href":"https:\/\/expresito.com\/home\/wp-json\/wp\/v2\/pages\/5003\/revisions\/6289"}],"wp:attachment":[{"href":"https:\/\/expresito.com\/home\/wp-json\/wp\/v2\/media?parent=5003"}],"curies":[{"name":"wp","href":"https:\/\/api.w.org\/{rel}","templated":true}]}}