{"id":5062,"date":"2024-07-31T14:03:52","date_gmt":"2024-07-31T18:03:52","guid":{"rendered":"https:\/\/expresito.com\/home\/?page_id=5062"},"modified":"2024-07-31T14:05:18","modified_gmt":"2024-07-31T18:05:18","slug":"tarifas-carga-panama","status":"publish","type":"page","link":"https:\/\/expresito.com\/home\/tarifas-carga-panama\/","title":{"rendered":"Tarifas Carga Panama"},"content":{"rendered":"\t\t<div data-elementor-type=\"wp-page\" data-elementor-id=\"5062\" class=\"elementor elementor-5062\" data-elementor-post-type=\"page\">\n\t\t\t\t\t\t<section class=\"elementor-section elementor-top-section elementor-element elementor-element-57ca742e elementor-section-boxed elementor-section-height-default elementor-section-height-default\" data-id=\"57ca742e\" data-element_type=\"section\">\n\t\t\t\t\t\t<div class=\"elementor-container elementor-column-gap-default\">\n\t\t\t\t\t<div class=\"elementor-column elementor-col-100 elementor-top-column elementor-element elementor-element-408ae72d\" data-id=\"408ae72d\" data-element_type=\"column\">\n\t\t\t<div class=\"elementor-widget-wrap elementor-element-populated\">\n\t\t\t\t\t\t<div class=\"elementor-element elementor-element-d2e088b elementor-widget elementor-widget-spacer\" data-id=\"d2e088b\" data-element_type=\"widget\" data-widget_type=\"spacer.default\">\n\t\t\t\t<div class=\"elementor-widget-container\">\n\t\t\t\t\t\t\t<div class=\"elementor-spacer\">\n\t\t\t<div class=\"elementor-spacer-inner\"><\/div>\n\t\t<\/div>\n\t\t\t\t\t\t<\/div>\n\t\t\t\t<\/div>\n\t\t\t\t<div class=\"elementor-element elementor-element-a971cf8 elementor-invisible elementor-widget elementor-widget-heading\" data-id=\"a971cf8\" data-element_type=\"widget\" data-settings=\"{&quot;_animation&quot;:&quot;fadeInLeft&quot;}\" data-widget_type=\"heading.default\">\n\t\t\t\t<div class=\"elementor-widget-container\">\n\t\t\t\t\t<h2 class=\"elementor-heading-title elementor-size-default\">Tarifas Carga a Panama<br><\/h2>\t\t\t\t<\/div>\n\t\t\t\t<\/div>\n\t\t\t\t<div class=\"elementor-element elementor-element-782a4e6 elementor-widget elementor-widget-accordion\" data-id=\"782a4e6\" data-element_type=\"widget\" data-settings=\"{&quot;_animation&quot;:&quot;none&quot;,&quot;_animation_tablet&quot;:&quot;fadeInLeft&quot;,&quot;_animation_mobile&quot;:&quot;fadeInLeft&quot;}\" data-widget_type=\"accordion.default\">\n\t\t\t\t<div class=\"elementor-widget-container\">\n\t\t\t\t\t\t\t<div class=\"elementor-accordion\">\n\t\t\t\t\t\t\t<div class=\"elementor-accordion-item\">\n\t\t\t\t\t<div id=\"elementor-tab-title-1261\" class=\"elementor-tab-title\" data-tab=\"1\" role=\"button\" aria-controls=\"elementor-tab-content-1261\" aria-expanded=\"false\">\n\t\t\t\t\t\t\t\t\t\t\t\t\t<span class=\"elementor-accordion-icon elementor-accordion-icon-left\" aria-hidden=\"true\">\n\t\t\t\t\t\t\t\t\t\t\t\t\t\t\t<span class=\"elementor-accordion-icon-closed\"><i class=\"fas fa-angle-double-down\"><\/i><\/span>\n\t\t\t\t\t\t\t\t<span class=\"elementor-accordion-icon-opened\"><i class=\"fas fa-angle-double-down\"><\/i><\/span>\n\t\t\t\t\t\t\t\t\t\t\t\t\t\t<\/span>\n\t\t\t\t\t\t\t\t\t\t\t\t<a class=\"elementor-accordion-title\" tabindex=\"0\">Panama<\/a>\n\t\t\t\t\t<\/div>\n\t\t\t\t\t<div id=\"elementor-tab-content-1261\" class=\"elementor-tab-content elementor-clearfix\" data-tab=\"1\" role=\"region\" aria-labelledby=\"elementor-tab-title-1261\"><p>\u00a0<\/p><table width=\"535\"><tbody><tr><td colspan=\"6\" width=\"67\">Lbs.<\/td><td colspan=\"9\" width=\"69\">Flete<\/td><td colspan=\"7\" width=\"61\">AWB<\/td><td colspan=\"8\" width=\"81\">Valor Declarado<\/td><td colspan=\"6\" width=\"60\">Imp.<\/td><td colspan=\"7\" width=\"67\">Seg<\/td><td colspan=\"8\" width=\"68\">PVP LOCAL<\/td><td colspan=\"8\" width=\"62\">PVP GLOBAL<\/td><\/tr><tr><td colspan=\"6\" width=\"67\">1-5<\/td><td colspan=\"9\">$25,00<\/td><td colspan=\"7\">$10,00<\/td><td colspan=\"8\">$50,00<\/td><td colspan=\"6\">$18,00<\/td><td colspan=\"7\">$9,00<\/td><td colspan=\"8\">$62,00<\/td><td colspan=\"8\" width=\"62\">&#8211;<\/td><\/tr><tr><td colspan=\"6\">10<\/td><td colspan=\"9\">$50,00<\/td><td colspan=\"7\">$10,00<\/td><td colspan=\"8\">$50,00<\/td><td colspan=\"6\">$18,00<\/td><td colspan=\"7\">$9,00<\/td><td colspan=\"8\">$87,00<\/td><td colspan=\"8\">$97,00<\/td><\/tr><tr><td colspan=\"6\">15<\/td><td colspan=\"9\">$75,00<\/td><td colspan=\"7\">$10,00<\/td><td colspan=\"8\">$50,00<\/td><td colspan=\"6\">$18,00<\/td><td colspan=\"7\">$9,00<\/td><td colspan=\"8\">$112,00<\/td><td colspan=\"8\">$127,00<\/td><\/tr><tr><td colspan=\"6\">20<\/td><td colspan=\"9\">$100,00<\/td><td colspan=\"7\">$10,00<\/td><td colspan=\"8\">$50,00<\/td><td colspan=\"6\">$18,00<\/td><td colspan=\"7\">$9,00<\/td><td colspan=\"8\">$137,00<\/td><td colspan=\"8\">$157,00<\/td><\/tr><tr><td colspan=\"6\">25<\/td><td colspan=\"9\">$125,00<\/td><td colspan=\"7\">$10,00<\/td><td colspan=\"8\">$50,00<\/td><td colspan=\"6\">$18,00<\/td><td colspan=\"7\">$9,00<\/td><td colspan=\"8\">$162,00<\/td><td colspan=\"8\">$187,00<\/td><\/tr><tr><td colspan=\"6\">30<\/td><td colspan=\"9\">$150,00<\/td><td colspan=\"7\">$10,00<\/td><td colspan=\"8\">$50,00<\/td><td colspan=\"6\">$18,00<\/td><td colspan=\"7\">$9,00<\/td><td colspan=\"8\">$187,00<\/td><td colspan=\"8\">$217,00<\/td><\/tr><tr><td colspan=\"6\">35<\/td><td colspan=\"9\">$175,00<\/td><td colspan=\"7\">$10,00<\/td><td colspan=\"8\">$50,00<\/td><td colspan=\"6\">$18,00<\/td><td colspan=\"7\">$9,00<\/td><td colspan=\"8\">$212,00<\/td><td colspan=\"8\">$247,00<\/td><\/tr><tr><td colspan=\"6\">40<\/td><td colspan=\"9\">$200,00<\/td><td colspan=\"7\">$10,00<\/td><td colspan=\"8\">$50,00<\/td><td colspan=\"6\">$18,00<\/td><td colspan=\"7\">$9,00<\/td><td colspan=\"8\">$237,00<\/td><td colspan=\"8\">$277,00<\/td><\/tr><tr><td colspan=\"6\">45<\/td><td colspan=\"9\">$225,00<\/td><td colspan=\"7\">$10,00<\/td><td colspan=\"8\">$50,00<\/td><td colspan=\"6\">$18,00<\/td><td colspan=\"7\">$9,00<\/td><td colspan=\"8\">$262,00<\/td><td colspan=\"8\">$307,00<\/td><\/tr><tr><td colspan=\"6\">50<\/td><td colspan=\"9\">$250,00<\/td><td colspan=\"7\">$10,00<\/td><td colspan=\"8\">$50,00<\/td><td colspan=\"6\">$18,00<\/td><td colspan=\"7\">$9,00<\/td><td colspan=\"8\">$287,00<\/td><td colspan=\"8\">$337,00<\/td><\/tr><tr><td colspan=\"6\">55<\/td><td colspan=\"9\">$275,00<\/td><td colspan=\"7\">$10,00<\/td><td colspan=\"8\">$80,00<\/td><td colspan=\"6\">$28,80<\/td><td colspan=\"7\">$9,00<\/td><td colspan=\"8\">$322,80<\/td><td colspan=\"8\">$467,80<\/td><\/tr><tr><td colspan=\"6\">60<\/td><td colspan=\"9\">$300,00<\/td><td colspan=\"7\">$10,00<\/td><td colspan=\"8\">$80,00<\/td><td colspan=\"6\">$28,80<\/td><td colspan=\"7\">$9,00<\/td><td colspan=\"8\">$347,80<\/td><td colspan=\"8\">$502,80<\/td><\/tr><tr><td colspan=\"6\">65<\/td><td colspan=\"9\">$325,00<\/td><td colspan=\"7\">$10,00<\/td><td colspan=\"8\">$80,00<\/td><td colspan=\"6\">$28,80<\/td><td colspan=\"7\">$9,00<\/td><td colspan=\"8\">$372,80<\/td><td colspan=\"8\">$537,80<\/td><\/tr><tr><td colspan=\"6\">70<\/td><td colspan=\"9\">$350,00<\/td><td colspan=\"7\">$10,00<\/td><td colspan=\"8\">$80,00<\/td><td colspan=\"6\">$28,80<\/td><td colspan=\"7\">$9,00<\/td><td colspan=\"8\">$397,80<\/td><td colspan=\"8\">$572,80<\/td><\/tr><tr><td colspan=\"6\">75<\/td><td colspan=\"9\">$375,00<\/td><td colspan=\"7\">$10,00<\/td><td colspan=\"8\">$80,00<\/td><td colspan=\"6\">$28,80<\/td><td colspan=\"7\">$9,00<\/td><td colspan=\"8\">$422,80<\/td><td colspan=\"8\">$607,80<\/td><\/tr><tr><td colspan=\"6\">80<\/td><td colspan=\"9\">$400,00<\/td><td colspan=\"7\">$10,00<\/td><td colspan=\"8\">$100,00<\/td><td colspan=\"6\">$36,00<\/td><td colspan=\"7\">$9,00<\/td><td colspan=\"8\">$455,00<\/td><td colspan=\"8\">$650,00<\/td><\/tr><tr><td colspan=\"6\">85<\/td><td colspan=\"9\">$425,00<\/td><td colspan=\"7\">$10,00<\/td><td colspan=\"8\">$100,00<\/td><td colspan=\"6\">$36,00<\/td><td colspan=\"7\">$9,00<\/td><td colspan=\"8\">$480,00<\/td><td colspan=\"8\">$685,00<\/td><\/tr><tr><td colspan=\"6\">90<\/td><td colspan=\"9\">$450,00<\/td><td colspan=\"7\">$10,00<\/td><td colspan=\"8\">$100,00<\/td><td colspan=\"6\">$36,00<\/td><td colspan=\"7\">$9,00<\/td><td colspan=\"8\">$505,00<\/td><td colspan=\"8\">$720,00<\/td><\/tr><tr><td colspan=\"6\">95<\/td><td colspan=\"9\">$475,00<\/td><td colspan=\"7\">$10,00<\/td><td colspan=\"8\">$100,00<\/td><td colspan=\"6\">$36,00<\/td><td colspan=\"7\">$9,00<\/td><td colspan=\"8\">$530,00<\/td><td colspan=\"8\">$755,00<\/td><\/tr><tr><td colspan=\"6\">100<\/td><td colspan=\"9\">$500,00<\/td><td colspan=\"7\">$10,00<\/td><td colspan=\"8\">$100,00<\/td><td colspan=\"6\">$36,00<\/td><td colspan=\"7\">$9,00<\/td><td colspan=\"8\">$555,00<\/td><td colspan=\"8\">$790,00<\/td><\/tr><\/tbody><\/table><p>** Peso Maximo El Salvador : 60lbs , no volumen<\/p><p>** Seguro es obligatorio 6%. En caso de perdida solo se paga valor asegurado.<\/p><p>** No se pueden enviar perfumes<\/p><\/div>\n\t\t\t\t<\/div>\n\t\t\t\t\t\t\t\t<\/div>\n\t\t\t\t\t\t<\/div>\n\t\t\t\t<\/div>\n\t\t\t\t\t<\/div>\n\t\t<\/div>\n\t\t\t\t\t<\/div>\n\t\t<\/section>\n\t\t\t\t<section class=\"elementor-section elementor-top-section elementor-element elementor-element-1fcb19f elementor-section-boxed elementor-section-height-default elementor-section-height-default\" data-id=\"1fcb19f\" data-element_type=\"section\">\n\t\t\t\t\t\t<div class=\"elementor-container elementor-column-gap-default\">\n\t\t\t\t\t<div class=\"elementor-column elementor-col-100 elementor-top-column elementor-element elementor-element-793576f\" data-id=\"793576f\" data-element_type=\"column\">\n\t\t\t<div class=\"elementor-widget-wrap elementor-element-populated\">\n\t\t\t\t\t\t\t<\/div>\n\t\t<\/div>\n\t\t\t\t\t<\/div>\n\t\t<\/section>\n\t\t\t\t<\/div>\n\t\t","protected":false},"excerpt":{"rendered":"<p>Tarifas Carga a Panama Panama \u00a0 Lbs. Flete AWB Valor Declarado Imp. Seg PVP LOCAL PVP GLOBAL 1-5 $25,00 $10,00 $50,00 $18,00 $9,00 $62,00 &#8211; 10 $50,00 $10,00 $50,00 $18,00 $9,00 $87,00 $97,00 15 $75,00 $10,00 $50,00 $18,00 $9,00 $112,00 $127,00 20 $100,00 $10,00 $50,00 $18,00 $9,00 $137,00 $157,00 25 $125,00 $10,00 $50,00 $18,00 $9,00 &hellip;<\/p>\n<p class=\"read-more\"> <a class=\"\" href=\"https:\/\/expresito.com\/home\/tarifas-carga-panama\/\"> <span class=\"screen-reader-text\">Tarifas Carga Panama<\/span> Leer m\u00e1s &raquo;<\/a><\/p>\n","protected":false},"author":9,"featured_media":0,"parent":0,"menu_order":0,"comment_status":"open","ping_status":"open","template":"","meta":{"_acf_changed":false,"wp_popup_display_lightbox":0,"wp_popup_suppress":"","wp_popup_trigger":"","wp_popup_trigger_amount":0,"wp_popup_disable_on_mobile":false,"site-sidebar-layout":"default","site-content-layout":"default","ast-global-header-display":"","ast-main-header-display":"","ast-hfb-above-header-display":"","ast-hfb-below-header-display":"","ast-hfb-mobile-header-display":"","site-post-title":"","ast-breadcrumbs-content":"","ast-featured-img":"","footer-sml-layout":"","theme-transparent-header-meta":"default","adv-header-id-meta":"","stick-header-meta":"","header-above-stick-meta":"","header-main-stick-meta":"","header-below-stick-meta":"","footnotes":""},"class_list":["post-5062","page","type-page","status-publish","hentry"],"acf":[],"yoast_head":"<!-- This site is optimized with the Yoast SEO plugin v27.3 - https:\/\/yoast.com\/product\/yoast-seo-wordpress\/ -->\n<title>Tarifas Carga Panama - Expresito<\/title>\n<meta name=\"robots\" content=\"index, follow, max-snippet:-1, max-image-preview:large, max-video-preview:-1\" \/>\n<link rel=\"canonical\" href=\"https:\/\/expresito.com\/home\/tarifas-carga-panama\/\" \/>\n<meta property=\"og:locale\" content=\"es_ES\" \/>\n<meta property=\"og:type\" content=\"article\" \/>\n<meta property=\"og:title\" content=\"Tarifas Carga Panama - Expresito\" \/>\n<meta property=\"og:description\" content=\"Tarifas Carga a Panama Panama \u00a0 Lbs. Flete AWB Valor Declarado Imp. Seg PVP LOCAL PVP GLOBAL 1-5 $25,00 $10,00 $50,00 $18,00 $9,00 $62,00 &#8211; 10 $50,00 $10,00 $50,00 $18,00 $9,00 $87,00 $97,00 15 $75,00 $10,00 $50,00 $18,00 $9,00 $112,00 $127,00 20 $100,00 $10,00 $50,00 $18,00 $9,00 $137,00 $157,00 25 $125,00 $10,00 $50,00 $18,00 $9,00 &hellip; Tarifas Carga Panama Leer m\u00e1s &raquo;\" \/>\n<meta property=\"og:url\" content=\"https:\/\/expresito.com\/home\/tarifas-carga-panama\/\" \/>\n<meta property=\"og:site_name\" content=\"Expresito\" \/>\n<meta property=\"article:publisher\" content=\"https:\/\/www.facebook.com\/EXPRESITOCARGA?mibextid=ZbWKwL\" \/>\n<meta property=\"article:modified_time\" content=\"2024-07-31T18:05:18+00:00\" \/>\n<meta name=\"twitter:card\" content=\"summary_large_image\" \/>\n<meta name=\"twitter:site\" content=\"@ExpresitoC\" \/>\n<meta name=\"twitter:label1\" content=\"Tiempo de lectura\" \/>\n\t<meta name=\"twitter:data1\" content=\"1 minuto\" \/>\n<script type=\"application\/ld+json\" class=\"yoast-schema-graph\">{\"@context\":\"https:\\\/\\\/schema.org\",\"@graph\":[{\"@type\":\"WebPage\",\"@id\":\"https:\\\/\\\/expresito.com\\\/home\\\/tarifas-carga-panama\\\/\",\"url\":\"https:\\\/\\\/expresito.com\\\/home\\\/tarifas-carga-panama\\\/\",\"name\":\"Tarifas Carga Panama - Expresito\",\"isPartOf\":{\"@id\":\"https:\\\/\\\/expresito.com\\\/home\\\/#website\"},\"datePublished\":\"2024-07-31T18:03:52+00:00\",\"dateModified\":\"2024-07-31T18:05:18+00:00\",\"breadcrumb\":{\"@id\":\"https:\\\/\\\/expresito.com\\\/home\\\/tarifas-carga-panama\\\/#breadcrumb\"},\"inLanguage\":\"es\",\"potentialAction\":[{\"@type\":\"ReadAction\",\"target\":[\"https:\\\/\\\/expresito.com\\\/home\\\/tarifas-carga-panama\\\/\"]}]},{\"@type\":\"BreadcrumbList\",\"@id\":\"https:\\\/\\\/expresito.com\\\/home\\\/tarifas-carga-panama\\\/#breadcrumb\",\"itemListElement\":[{\"@type\":\"ListItem\",\"position\":1,\"name\":\"Portada\",\"item\":\"https:\\\/\\\/expresito.com\\\/home\\\/\"},{\"@type\":\"ListItem\",\"position\":2,\"name\":\"Tarifas Carga Panama\"}]},{\"@type\":\"WebSite\",\"@id\":\"https:\\\/\\\/expresito.com\\\/home\\\/#website\",\"url\":\"https:\\\/\\\/expresito.com\\\/home\\\/\",\"name\":\"Expresito Carga- Envios a Latino America, Envios a Ecuador Y colombia\",\"description\":\"Carga y Correo a Colombia, Ecuador, Per\u00fa, M\u00e9xico, Rep\u00fablica Dominicana, Venezuela, Honduras, Guatemala, El Salvador, Canad\u00e1 y Todo Estados Unidos.\",\"publisher\":{\"@id\":\"https:\\\/\\\/expresito.com\\\/home\\\/#organization\"},\"potentialAction\":[{\"@type\":\"SearchAction\",\"target\":{\"@type\":\"EntryPoint\",\"urlTemplate\":\"https:\\\/\\\/expresito.com\\\/home\\\/?s={search_term_string}\"},\"query-input\":{\"@type\":\"PropertyValueSpecification\",\"valueRequired\":true,\"valueName\":\"search_term_string\"}}],\"inLanguage\":\"es\"},{\"@type\":\"Organization\",\"@id\":\"https:\\\/\\\/expresito.com\\\/home\\\/#organization\",\"name\":\"Expresito Carga\",\"url\":\"https:\\\/\\\/expresito.com\\\/home\\\/\",\"logo\":{\"@type\":\"ImageObject\",\"inLanguage\":\"es\",\"@id\":\"https:\\\/\\\/expresito.com\\\/home\\\/#\\\/schema\\\/logo\\\/image\\\/\",\"url\":\"https:\\\/\\\/expresito.com\\\/home\\\/wp-content\\\/uploads\\\/2023\\\/12\\\/logo4.png\",\"contentUrl\":\"https:\\\/\\\/expresito.com\\\/home\\\/wp-content\\\/uploads\\\/2023\\\/12\\\/logo4.png\",\"width\":1123,\"height\":232,\"caption\":\"Expresito Carga\"},\"image\":{\"@id\":\"https:\\\/\\\/expresito.com\\\/home\\\/#\\\/schema\\\/logo\\\/image\\\/\"},\"sameAs\":[\"https:\\\/\\\/www.facebook.com\\\/EXPRESITOCARGA?mibextid=ZbWKwL\",\"https:\\\/\\\/x.com\\\/ExpresitoC\",\"https:\\\/\\\/www.instagram.com\\\/expresitocarga?igsh=NDI1Z2xubGc1bm9q\",\"https:\\\/\\\/www.tiktok.com\\\/@expresito?_t=8k1FMiVJLK2&_r=1\",\"https:\\\/\\\/pin.it\\\/2W49waiNL\"]}]}<\/script>\n<!-- \/ Yoast SEO plugin. -->","yoast_head_json":{"title":"Tarifas Carga Panama - Expresito","robots":{"index":"index","follow":"follow","max-snippet":"max-snippet:-1","max-image-preview":"max-image-preview:large","max-video-preview":"max-video-preview:-1"},"canonical":"https:\/\/expresito.com\/home\/tarifas-carga-panama\/","og_locale":"es_ES","og_type":"article","og_title":"Tarifas Carga Panama - Expresito","og_description":"Tarifas Carga a Panama Panama \u00a0 Lbs. Flete AWB Valor Declarado Imp. Seg PVP LOCAL PVP GLOBAL 1-5 $25,00 $10,00 $50,00 $18,00 $9,00 $62,00 &#8211; 10 $50,00 $10,00 $50,00 $18,00 $9,00 $87,00 $97,00 15 $75,00 $10,00 $50,00 $18,00 $9,00 $112,00 $127,00 20 $100,00 $10,00 $50,00 $18,00 $9,00 $137,00 $157,00 25 $125,00 $10,00 $50,00 $18,00 $9,00 &hellip; Tarifas Carga Panama Leer m\u00e1s &raquo;","og_url":"https:\/\/expresito.com\/home\/tarifas-carga-panama\/","og_site_name":"Expresito","article_publisher":"https:\/\/www.facebook.com\/EXPRESITOCARGA?mibextid=ZbWKwL","article_modified_time":"2024-07-31T18:05:18+00:00","twitter_card":"summary_large_image","twitter_site":"@ExpresitoC","twitter_misc":{"Tiempo de lectura":"1 minuto"},"schema":{"@context":"https:\/\/schema.org","@graph":[{"@type":"WebPage","@id":"https:\/\/expresito.com\/home\/tarifas-carga-panama\/","url":"https:\/\/expresito.com\/home\/tarifas-carga-panama\/","name":"Tarifas Carga Panama - Expresito","isPartOf":{"@id":"https:\/\/expresito.com\/home\/#website"},"datePublished":"2024-07-31T18:03:52+00:00","dateModified":"2024-07-31T18:05:18+00:00","breadcrumb":{"@id":"https:\/\/expresito.com\/home\/tarifas-carga-panama\/#breadcrumb"},"inLanguage":"es","potentialAction":[{"@type":"ReadAction","target":["https:\/\/expresito.com\/home\/tarifas-carga-panama\/"]}]},{"@type":"BreadcrumbList","@id":"https:\/\/expresito.com\/home\/tarifas-carga-panama\/#breadcrumb","itemListElement":[{"@type":"ListItem","position":1,"name":"Portada","item":"https:\/\/expresito.com\/home\/"},{"@type":"ListItem","position":2,"name":"Tarifas Carga Panama"}]},{"@type":"WebSite","@id":"https:\/\/expresito.com\/home\/#website","url":"https:\/\/expresito.com\/home\/","name":"Expresito Carga- Envios a Latino America, Envios a Ecuador Y colombia","description":"Carga y Correo a Colombia, Ecuador, Per\u00fa, M\u00e9xico, Rep\u00fablica Dominicana, Venezuela, Honduras, Guatemala, El Salvador, Canad\u00e1 y Todo Estados Unidos.","publisher":{"@id":"https:\/\/expresito.com\/home\/#organization"},"potentialAction":[{"@type":"SearchAction","target":{"@type":"EntryPoint","urlTemplate":"https:\/\/expresito.com\/home\/?s={search_term_string}"},"query-input":{"@type":"PropertyValueSpecification","valueRequired":true,"valueName":"search_term_string"}}],"inLanguage":"es"},{"@type":"Organization","@id":"https:\/\/expresito.com\/home\/#organization","name":"Expresito Carga","url":"https:\/\/expresito.com\/home\/","logo":{"@type":"ImageObject","inLanguage":"es","@id":"https:\/\/expresito.com\/home\/#\/schema\/logo\/image\/","url":"https:\/\/expresito.com\/home\/wp-content\/uploads\/2023\/12\/logo4.png","contentUrl":"https:\/\/expresito.com\/home\/wp-content\/uploads\/2023\/12\/logo4.png","width":1123,"height":232,"caption":"Expresito Carga"},"image":{"@id":"https:\/\/expresito.com\/home\/#\/schema\/logo\/image\/"},"sameAs":["https:\/\/www.facebook.com\/EXPRESITOCARGA?mibextid=ZbWKwL","https:\/\/x.com\/ExpresitoC","https:\/\/www.instagram.com\/expresitocarga?igsh=NDI1Z2xubGc1bm9q","https:\/\/www.tiktok.com\/@expresito?_t=8k1FMiVJLK2&_r=1","https:\/\/pin.it\/2W49waiNL"]}]}},"jetpack_sharing_enabled":true,"_links":{"self":[{"href":"https:\/\/expresito.com\/home\/wp-json\/wp\/v2\/pages\/5062","targetHints":{"allow":["GET"]}}],"collection":[{"href":"https:\/\/expresito.com\/home\/wp-json\/wp\/v2\/pages"}],"about":[{"href":"https:\/\/expresito.com\/home\/wp-json\/wp\/v2\/types\/page"}],"author":[{"embeddable":true,"href":"https:\/\/expresito.com\/home\/wp-json\/wp\/v2\/users\/9"}],"replies":[{"embeddable":true,"href":"https:\/\/expresito.com\/home\/wp-json\/wp\/v2\/comments?post=5062"}],"version-history":[{"count":4,"href":"https:\/\/expresito.com\/home\/wp-json\/wp\/v2\/pages\/5062\/revisions"}],"predecessor-version":[{"id":5066,"href":"https:\/\/expresito.com\/home\/wp-json\/wp\/v2\/pages\/5062\/revisions\/5066"}],"wp:attachment":[{"href":"https:\/\/expresito.com\/home\/wp-json\/wp\/v2\/media?parent=5062"}],"curies":[{"name":"wp","href":"https:\/\/api.w.org\/{rel}","templated":true}]}}