{"id":5072,"date":"2024-07-31T14:11:04","date_gmt":"2024-07-31T18:11:04","guid":{"rendered":"https:\/\/expresito.com\/home\/?page_id=5072"},"modified":"2024-07-31T14:12:33","modified_gmt":"2024-07-31T18:12:33","slug":"tarifas-carga-costarica","status":"publish","type":"page","link":"https:\/\/expresito.com\/home\/tarifas-carga-costarica\/","title":{"rendered":"Tarifas Carga Costa Rica"},"content":{"rendered":"\t\t<div data-elementor-type=\"wp-page\" data-elementor-id=\"5072\" class=\"elementor elementor-5072\" data-elementor-post-type=\"page\">\n\t\t\t\t\t\t<section class=\"elementor-section elementor-top-section elementor-element elementor-element-57ca742e elementor-section-boxed elementor-section-height-default elementor-section-height-default\" data-id=\"57ca742e\" data-element_type=\"section\">\n\t\t\t\t\t\t<div class=\"elementor-container elementor-column-gap-default\">\n\t\t\t\t\t<div class=\"elementor-column elementor-col-100 elementor-top-column elementor-element elementor-element-408ae72d\" data-id=\"408ae72d\" data-element_type=\"column\">\n\t\t\t<div class=\"elementor-widget-wrap elementor-element-populated\">\n\t\t\t\t\t\t<div class=\"elementor-element elementor-element-d2e088b elementor-widget elementor-widget-spacer\" data-id=\"d2e088b\" data-element_type=\"widget\" data-widget_type=\"spacer.default\">\n\t\t\t\t<div class=\"elementor-widget-container\">\n\t\t\t\t\t\t\t<div class=\"elementor-spacer\">\n\t\t\t<div class=\"elementor-spacer-inner\"><\/div>\n\t\t<\/div>\n\t\t\t\t\t\t<\/div>\n\t\t\t\t<\/div>\n\t\t\t\t<div class=\"elementor-element elementor-element-a971cf8 elementor-invisible elementor-widget elementor-widget-heading\" data-id=\"a971cf8\" data-element_type=\"widget\" data-settings=\"{&quot;_animation&quot;:&quot;fadeInLeft&quot;}\" data-widget_type=\"heading.default\">\n\t\t\t\t<div class=\"elementor-widget-container\">\n\t\t\t\t\t<h2 class=\"elementor-heading-title elementor-size-default\">Tarifas Carga a Costa Rica<\/h2>\t\t\t\t<\/div>\n\t\t\t\t<\/div>\n\t\t\t\t<div class=\"elementor-element elementor-element-782a4e6 elementor-widget elementor-widget-accordion\" data-id=\"782a4e6\" data-element_type=\"widget\" data-settings=\"{&quot;_animation&quot;:&quot;none&quot;,&quot;_animation_tablet&quot;:&quot;fadeInLeft&quot;,&quot;_animation_mobile&quot;:&quot;fadeInLeft&quot;}\" data-widget_type=\"accordion.default\">\n\t\t\t\t<div class=\"elementor-widget-container\">\n\t\t\t\t\t\t\t<div class=\"elementor-accordion\">\n\t\t\t\t\t\t\t<div class=\"elementor-accordion-item\">\n\t\t\t\t\t<div id=\"elementor-tab-title-1261\" class=\"elementor-tab-title\" data-tab=\"1\" role=\"button\" aria-controls=\"elementor-tab-content-1261\" aria-expanded=\"false\">\n\t\t\t\t\t\t\t\t\t\t\t\t\t<span class=\"elementor-accordion-icon elementor-accordion-icon-left\" aria-hidden=\"true\">\n\t\t\t\t\t\t\t\t\t\t\t\t\t\t\t<span class=\"elementor-accordion-icon-closed\"><i class=\"fas fa-angle-double-down\"><\/i><\/span>\n\t\t\t\t\t\t\t\t<span class=\"elementor-accordion-icon-opened\"><i class=\"fas fa-angle-double-down\"><\/i><\/span>\n\t\t\t\t\t\t\t\t\t\t\t\t\t\t<\/span>\n\t\t\t\t\t\t\t\t\t\t\t\t<a class=\"elementor-accordion-title\" tabindex=\"0\">Costa Rica<\/a>\n\t\t\t\t\t<\/div>\n\t\t\t\t\t<div id=\"elementor-tab-content-1261\" class=\"elementor-tab-content elementor-clearfix\" data-tab=\"1\" role=\"region\" aria-labelledby=\"elementor-tab-title-1261\"><p>\u00a0<\/p><table width=\"602\"><tbody><tr><td colspan=\"8\" width=\"81\">Lbs.<\/td><td colspan=\"8\" width=\"68\">Flete<\/td><td colspan=\"7\" width=\"68\">AWB<\/td><td colspan=\"9\" width=\"81\">Valor Declarado<\/td><td colspan=\"6\" width=\"60\">Imp.<\/td><td colspan=\"9\" width=\"75\">Seg<\/td><td colspan=\"9\" width=\"81\">PVP LOCAL<\/td><td colspan=\"10\" width=\"88\">PVP GLOBAL<\/td><\/tr><tr><td colspan=\"8\" width=\"81\">1-5<\/td><td colspan=\"8\">$27,50<\/td><td colspan=\"7\">$10,00<\/td><td colspan=\"9\">$10,00<\/td><td colspan=\"6\">$4,50<\/td><td colspan=\"9\">$9,00<\/td><td colspan=\"9\">$51,00<\/td><td colspan=\"10\" width=\"88\">&#8211;<\/td><\/tr><tr><td colspan=\"8\">10<\/td><td colspan=\"8\">$55,00<\/td><td colspan=\"7\">$10,00<\/td><td colspan=\"9\">$10,00<\/td><td colspan=\"6\">$4,50<\/td><td colspan=\"9\">$9,00<\/td><td colspan=\"9\">$78,50<\/td><td colspan=\"10\">$ 88,50<\/td><\/tr><tr><td colspan=\"8\">15<\/td><td colspan=\"8\">$82,50<\/td><td colspan=\"7\">$10,00<\/td><td colspan=\"9\">$30,00<\/td><td colspan=\"6\">$13,50<\/td><td colspan=\"9\">$9,00<\/td><td colspan=\"9\">$115,00<\/td><td colspan=\"10\">$ 130,00<\/td><\/tr><tr><td colspan=\"8\">20<\/td><td colspan=\"8\">$110,00<\/td><td colspan=\"7\">$10,00<\/td><td colspan=\"9\">$30,00<\/td><td colspan=\"6\">$13,50<\/td><td colspan=\"9\">$9,00<\/td><td colspan=\"9\">$142,50<\/td><td colspan=\"10\">$ 162,50<\/td><\/tr><tr><td colspan=\"8\">25<\/td><td colspan=\"8\">$137,50<\/td><td colspan=\"7\">$10,00<\/td><td colspan=\"9\">$50,00<\/td><td colspan=\"6\">$22,50<\/td><td colspan=\"9\">$9,00<\/td><td colspan=\"9\">$179,00<\/td><td colspan=\"10\">$ 204,00<\/td><\/tr><tr><td colspan=\"8\">30<\/td><td colspan=\"8\">$165,00<\/td><td colspan=\"7\">$10,00<\/td><td colspan=\"9\">$50,00<\/td><td colspan=\"6\">$22,50<\/td><td colspan=\"9\">$9,00<\/td><td colspan=\"9\">$206,50<\/td><td colspan=\"10\">$ 236,50<\/td><\/tr><tr><td colspan=\"8\">35<\/td><td colspan=\"8\">$192,50<\/td><td colspan=\"7\">$10,00<\/td><td colspan=\"9\">$50,00<\/td><td colspan=\"6\">$22,50<\/td><td colspan=\"9\">$9,00<\/td><td colspan=\"9\">$234,00<\/td><td colspan=\"10\">$ 269,00<\/td><\/tr><tr><td colspan=\"8\">40<\/td><td colspan=\"8\">$220,00<\/td><td colspan=\"7\">$10,00<\/td><td colspan=\"9\">$50,00<\/td><td colspan=\"6\">$22,50<\/td><td colspan=\"9\">$9,00<\/td><td colspan=\"9\">$261,50<\/td><td colspan=\"10\">$ 301,50<\/td><\/tr><tr><td colspan=\"8\">45<\/td><td colspan=\"8\">$247,50<\/td><td colspan=\"7\">$10,00<\/td><td colspan=\"9\">$50,00<\/td><td colspan=\"6\">$22,50<\/td><td colspan=\"9\">$9,00<\/td><td colspan=\"9\">$289,00<\/td><td colspan=\"10\">$ 334,00<\/td><\/tr><tr><td colspan=\"8\">50<\/td><td colspan=\"8\">$275,00<\/td><td colspan=\"7\">$10,00<\/td><td colspan=\"9\">$50,00<\/td><td colspan=\"6\">$22,50<\/td><td colspan=\"9\">$9,00<\/td><td colspan=\"9\">$316,50<\/td><td colspan=\"10\">$ 366,50<\/td><\/tr><tr><td colspan=\"8\">60<\/td><td colspan=\"8\">$330,00<\/td><td colspan=\"7\">$10,00<\/td><td colspan=\"9\">$80,00<\/td><td colspan=\"6\">$36,00<\/td><td colspan=\"9\">$9,00<\/td><td colspan=\"9\">$385,00<\/td><td colspan=\"10\">$ 540,00<\/td><\/tr><tr><td colspan=\"8\">70<\/td><td colspan=\"8\">$385,00<\/td><td colspan=\"7\">$10,00<\/td><td colspan=\"9\">$80,00<\/td><td colspan=\"6\">$36,00<\/td><td colspan=\"9\">$9,00<\/td><td colspan=\"9\">$440,00<\/td><td colspan=\"10\">$ 615,00<\/td><\/tr><tr><td colspan=\"8\">80<\/td><td colspan=\"8\">$440,00<\/td><td colspan=\"7\">$10,00<\/td><td colspan=\"9\">$80,00<\/td><td colspan=\"6\">$36,00<\/td><td colspan=\"9\">$9,00<\/td><td colspan=\"9\">$495,00<\/td><td colspan=\"10\">$ 690,00<\/td><\/tr><tr><td colspan=\"8\">90<\/td><td colspan=\"8\">$495,00<\/td><td colspan=\"7\">$10,00<\/td><td colspan=\"9\">$80,00<\/td><td colspan=\"6\">$36,00<\/td><td colspan=\"9\">$9,00<\/td><td colspan=\"9\">$550,00<\/td><td colspan=\"10\">$ 765,00<\/td><\/tr><tr><td colspan=\"8\">100<\/td><td colspan=\"8\">$550,00<\/td><td colspan=\"7\">$10,00<\/td><td colspan=\"9\">$80,00<\/td><td colspan=\"6\">$36,00<\/td><td colspan=\"9\">$9,00<\/td><td colspan=\"9\">$605,00<\/td><td colspan=\"10\">$ 840,00<\/td><\/tr><tr><td colspan=\"8\">109<\/td><td colspan=\"8\">$599,50<\/td><td colspan=\"7\">$10,00<\/td><td colspan=\"9\">$80,00<\/td><td colspan=\"6\">$36,00<\/td><td colspan=\"9\">$9,00<\/td><td colspan=\"9\">$654,50<\/td><td colspan=\"10\">$ 907,50<\/td><\/tr><\/tbody><\/table><p>** Seguro es obligatorio 6%. En caso de perdida solo se paga valor asegurado.<\/p><p>** No se pueden enviar perfumes<\/p><\/div>\n\t\t\t\t<\/div>\n\t\t\t\t\t\t\t\t<\/div>\n\t\t\t\t\t\t<\/div>\n\t\t\t\t<\/div>\n\t\t\t\t\t<\/div>\n\t\t<\/div>\n\t\t\t\t\t<\/div>\n\t\t<\/section>\n\t\t\t\t<section class=\"elementor-section elementor-top-section elementor-element elementor-element-1fcb19f elementor-section-boxed elementor-section-height-default elementor-section-height-default\" data-id=\"1fcb19f\" data-element_type=\"section\">\n\t\t\t\t\t\t<div class=\"elementor-container elementor-column-gap-default\">\n\t\t\t\t\t<div class=\"elementor-column elementor-col-100 elementor-top-column elementor-element elementor-element-793576f\" data-id=\"793576f\" data-element_type=\"column\">\n\t\t\t<div class=\"elementor-widget-wrap elementor-element-populated\">\n\t\t\t\t\t\t\t<\/div>\n\t\t<\/div>\n\t\t\t\t\t<\/div>\n\t\t<\/section>\n\t\t\t\t<\/div>\n\t\t","protected":false},"excerpt":{"rendered":"<p>Tarifas Carga a Costa Rica Costa Rica \u00a0 Lbs. Flete AWB Valor Declarado Imp. Seg PVP LOCAL PVP GLOBAL 1-5 $27,50 $10,00 $10,00 $4,50 $9,00 $51,00 &#8211; 10 $55,00 $10,00 $10,00 $4,50 $9,00 $78,50 $ 88,50 15 $82,50 $10,00 $30,00 $13,50 $9,00 $115,00 $ 130,00 20 $110,00 $10,00 $30,00 $13,50 $9,00 $142,50 $ 162,50 25 &hellip;<\/p>\n<p class=\"read-more\"> <a class=\"\" href=\"https:\/\/expresito.com\/home\/tarifas-carga-costarica\/\"> <span class=\"screen-reader-text\">Tarifas Carga Costa Rica<\/span> Leer m\u00e1s &raquo;<\/a><\/p>\n","protected":false},"author":9,"featured_media":0,"parent":0,"menu_order":0,"comment_status":"open","ping_status":"open","template":"","meta":{"_acf_changed":false,"wp_popup_display_lightbox":0,"wp_popup_suppress":"","wp_popup_trigger":"","wp_popup_trigger_amount":0,"wp_popup_disable_on_mobile":false,"site-sidebar-layout":"default","site-content-layout":"default","ast-global-header-display":"","ast-main-header-display":"","ast-hfb-above-header-display":"","ast-hfb-below-header-display":"","ast-hfb-mobile-header-display":"","site-post-title":"","ast-breadcrumbs-content":"","ast-featured-img":"","footer-sml-layout":"","theme-transparent-header-meta":"default","adv-header-id-meta":"","stick-header-meta":"","header-above-stick-meta":"","header-main-stick-meta":"","header-below-stick-meta":"","footnotes":""},"class_list":["post-5072","page","type-page","status-publish","hentry"],"acf":[],"yoast_head":"<!-- This site is optimized with the Yoast SEO plugin v27.4 - https:\/\/yoast.com\/product\/yoast-seo-wordpress\/ -->\n<title>Tarifas Carga Costa Rica - Expresito<\/title>\n<meta name=\"robots\" content=\"index, follow, max-snippet:-1, max-image-preview:large, max-video-preview:-1\" \/>\n<link rel=\"canonical\" href=\"https:\/\/expresito.com\/home\/tarifas-carga-costarica\/\" \/>\n<meta property=\"og:locale\" content=\"es_ES\" \/>\n<meta property=\"og:type\" content=\"article\" \/>\n<meta property=\"og:title\" content=\"Tarifas Carga Costa Rica - Expresito\" \/>\n<meta property=\"og:description\" content=\"Tarifas Carga a Costa Rica Costa Rica \u00a0 Lbs. Flete AWB Valor Declarado Imp. Seg PVP LOCAL PVP GLOBAL 1-5 $27,50 $10,00 $10,00 $4,50 $9,00 $51,00 &#8211; 10 $55,00 $10,00 $10,00 $4,50 $9,00 $78,50 $ 88,50 15 $82,50 $10,00 $30,00 $13,50 $9,00 $115,00 $ 130,00 20 $110,00 $10,00 $30,00 $13,50 $9,00 $142,50 $ 162,50 25 &hellip; Tarifas Carga Costa Rica Leer m\u00e1s &raquo;\" \/>\n<meta property=\"og:url\" content=\"https:\/\/expresito.com\/home\/tarifas-carga-costarica\/\" \/>\n<meta property=\"og:site_name\" content=\"Expresito\" \/>\n<meta property=\"article:publisher\" content=\"https:\/\/www.facebook.com\/EXPRESITOCARGA?mibextid=ZbWKwL\" \/>\n<meta property=\"article:modified_time\" content=\"2024-07-31T18:12:33+00:00\" \/>\n<meta name=\"twitter:card\" content=\"summary_large_image\" \/>\n<meta name=\"twitter:site\" content=\"@ExpresitoC\" \/>\n<meta name=\"twitter:label1\" content=\"Tiempo de lectura\" \/>\n\t<meta name=\"twitter:data1\" content=\"1 minuto\" \/>\n<script type=\"application\/ld+json\" class=\"yoast-schema-graph\">{\"@context\":\"https:\\\/\\\/schema.org\",\"@graph\":[{\"@type\":\"WebPage\",\"@id\":\"https:\\\/\\\/expresito.com\\\/home\\\/tarifas-carga-costarica\\\/\",\"url\":\"https:\\\/\\\/expresito.com\\\/home\\\/tarifas-carga-costarica\\\/\",\"name\":\"Tarifas Carga Costa Rica - Expresito\",\"isPartOf\":{\"@id\":\"https:\\\/\\\/expresito.com\\\/home\\\/#website\"},\"datePublished\":\"2024-07-31T18:11:04+00:00\",\"dateModified\":\"2024-07-31T18:12:33+00:00\",\"breadcrumb\":{\"@id\":\"https:\\\/\\\/expresito.com\\\/home\\\/tarifas-carga-costarica\\\/#breadcrumb\"},\"inLanguage\":\"es\",\"potentialAction\":[{\"@type\":\"ReadAction\",\"target\":[\"https:\\\/\\\/expresito.com\\\/home\\\/tarifas-carga-costarica\\\/\"]}]},{\"@type\":\"BreadcrumbList\",\"@id\":\"https:\\\/\\\/expresito.com\\\/home\\\/tarifas-carga-costarica\\\/#breadcrumb\",\"itemListElement\":[{\"@type\":\"ListItem\",\"position\":1,\"name\":\"Portada\",\"item\":\"https:\\\/\\\/expresito.com\\\/home\\\/\"},{\"@type\":\"ListItem\",\"position\":2,\"name\":\"Tarifas Carga Costa Rica\"}]},{\"@type\":\"WebSite\",\"@id\":\"https:\\\/\\\/expresito.com\\\/home\\\/#website\",\"url\":\"https:\\\/\\\/expresito.com\\\/home\\\/\",\"name\":\"Expresito Carga- Envios a Latino America, Envios a Ecuador Y colombia\",\"description\":\"Carga y Correo a Colombia, Ecuador, Per\u00fa, M\u00e9xico, Rep\u00fablica Dominicana, Venezuela, Honduras, Guatemala, El Salvador, Canad\u00e1 y Todo Estados Unidos.\",\"publisher\":{\"@id\":\"https:\\\/\\\/expresito.com\\\/home\\\/#organization\"},\"potentialAction\":[{\"@type\":\"SearchAction\",\"target\":{\"@type\":\"EntryPoint\",\"urlTemplate\":\"https:\\\/\\\/expresito.com\\\/home\\\/?s={search_term_string}\"},\"query-input\":{\"@type\":\"PropertyValueSpecification\",\"valueRequired\":true,\"valueName\":\"search_term_string\"}}],\"inLanguage\":\"es\"},{\"@type\":\"Organization\",\"@id\":\"https:\\\/\\\/expresito.com\\\/home\\\/#organization\",\"name\":\"Expresito Carga\",\"url\":\"https:\\\/\\\/expresito.com\\\/home\\\/\",\"logo\":{\"@type\":\"ImageObject\",\"inLanguage\":\"es\",\"@id\":\"https:\\\/\\\/expresito.com\\\/home\\\/#\\\/schema\\\/logo\\\/image\\\/\",\"url\":\"https:\\\/\\\/expresito.com\\\/home\\\/wp-content\\\/uploads\\\/2023\\\/12\\\/logo4.png\",\"contentUrl\":\"https:\\\/\\\/expresito.com\\\/home\\\/wp-content\\\/uploads\\\/2023\\\/12\\\/logo4.png\",\"width\":1123,\"height\":232,\"caption\":\"Expresito Carga\"},\"image\":{\"@id\":\"https:\\\/\\\/expresito.com\\\/home\\\/#\\\/schema\\\/logo\\\/image\\\/\"},\"sameAs\":[\"https:\\\/\\\/www.facebook.com\\\/EXPRESITOCARGA?mibextid=ZbWKwL\",\"https:\\\/\\\/x.com\\\/ExpresitoC\",\"https:\\\/\\\/www.instagram.com\\\/expresitocarga?igsh=NDI1Z2xubGc1bm9q\",\"https:\\\/\\\/www.tiktok.com\\\/@expresito?_t=8k1FMiVJLK2&_r=1\",\"https:\\\/\\\/pin.it\\\/2W49waiNL\"]}]}<\/script>\n<!-- \/ Yoast SEO plugin. -->","yoast_head_json":{"title":"Tarifas Carga Costa Rica - Expresito","robots":{"index":"index","follow":"follow","max-snippet":"max-snippet:-1","max-image-preview":"max-image-preview:large","max-video-preview":"max-video-preview:-1"},"canonical":"https:\/\/expresito.com\/home\/tarifas-carga-costarica\/","og_locale":"es_ES","og_type":"article","og_title":"Tarifas Carga Costa Rica - Expresito","og_description":"Tarifas Carga a Costa Rica Costa Rica \u00a0 Lbs. Flete AWB Valor Declarado Imp. Seg PVP LOCAL PVP GLOBAL 1-5 $27,50 $10,00 $10,00 $4,50 $9,00 $51,00 &#8211; 10 $55,00 $10,00 $10,00 $4,50 $9,00 $78,50 $ 88,50 15 $82,50 $10,00 $30,00 $13,50 $9,00 $115,00 $ 130,00 20 $110,00 $10,00 $30,00 $13,50 $9,00 $142,50 $ 162,50 25 &hellip; Tarifas Carga Costa Rica Leer m\u00e1s &raquo;","og_url":"https:\/\/expresito.com\/home\/tarifas-carga-costarica\/","og_site_name":"Expresito","article_publisher":"https:\/\/www.facebook.com\/EXPRESITOCARGA?mibextid=ZbWKwL","article_modified_time":"2024-07-31T18:12:33+00:00","twitter_card":"summary_large_image","twitter_site":"@ExpresitoC","twitter_misc":{"Tiempo de lectura":"1 minuto"},"schema":{"@context":"https:\/\/schema.org","@graph":[{"@type":"WebPage","@id":"https:\/\/expresito.com\/home\/tarifas-carga-costarica\/","url":"https:\/\/expresito.com\/home\/tarifas-carga-costarica\/","name":"Tarifas Carga Costa Rica - Expresito","isPartOf":{"@id":"https:\/\/expresito.com\/home\/#website"},"datePublished":"2024-07-31T18:11:04+00:00","dateModified":"2024-07-31T18:12:33+00:00","breadcrumb":{"@id":"https:\/\/expresito.com\/home\/tarifas-carga-costarica\/#breadcrumb"},"inLanguage":"es","potentialAction":[{"@type":"ReadAction","target":["https:\/\/expresito.com\/home\/tarifas-carga-costarica\/"]}]},{"@type":"BreadcrumbList","@id":"https:\/\/expresito.com\/home\/tarifas-carga-costarica\/#breadcrumb","itemListElement":[{"@type":"ListItem","position":1,"name":"Portada","item":"https:\/\/expresito.com\/home\/"},{"@type":"ListItem","position":2,"name":"Tarifas Carga Costa Rica"}]},{"@type":"WebSite","@id":"https:\/\/expresito.com\/home\/#website","url":"https:\/\/expresito.com\/home\/","name":"Expresito Carga- Envios a Latino America, Envios a Ecuador Y colombia","description":"Carga y Correo a Colombia, Ecuador, Per\u00fa, M\u00e9xico, Rep\u00fablica Dominicana, Venezuela, Honduras, Guatemala, El Salvador, Canad\u00e1 y Todo Estados Unidos.","publisher":{"@id":"https:\/\/expresito.com\/home\/#organization"},"potentialAction":[{"@type":"SearchAction","target":{"@type":"EntryPoint","urlTemplate":"https:\/\/expresito.com\/home\/?s={search_term_string}"},"query-input":{"@type":"PropertyValueSpecification","valueRequired":true,"valueName":"search_term_string"}}],"inLanguage":"es"},{"@type":"Organization","@id":"https:\/\/expresito.com\/home\/#organization","name":"Expresito Carga","url":"https:\/\/expresito.com\/home\/","logo":{"@type":"ImageObject","inLanguage":"es","@id":"https:\/\/expresito.com\/home\/#\/schema\/logo\/image\/","url":"https:\/\/expresito.com\/home\/wp-content\/uploads\/2023\/12\/logo4.png","contentUrl":"https:\/\/expresito.com\/home\/wp-content\/uploads\/2023\/12\/logo4.png","width":1123,"height":232,"caption":"Expresito Carga"},"image":{"@id":"https:\/\/expresito.com\/home\/#\/schema\/logo\/image\/"},"sameAs":["https:\/\/www.facebook.com\/EXPRESITOCARGA?mibextid=ZbWKwL","https:\/\/x.com\/ExpresitoC","https:\/\/www.instagram.com\/expresitocarga?igsh=NDI1Z2xubGc1bm9q","https:\/\/www.tiktok.com\/@expresito?_t=8k1FMiVJLK2&_r=1","https:\/\/pin.it\/2W49waiNL"]}]}},"jetpack_sharing_enabled":true,"_links":{"self":[{"href":"https:\/\/expresito.com\/home\/wp-json\/wp\/v2\/pages\/5072","targetHints":{"allow":["GET"]}}],"collection":[{"href":"https:\/\/expresito.com\/home\/wp-json\/wp\/v2\/pages"}],"about":[{"href":"https:\/\/expresito.com\/home\/wp-json\/wp\/v2\/types\/page"}],"author":[{"embeddable":true,"href":"https:\/\/expresito.com\/home\/wp-json\/wp\/v2\/users\/9"}],"replies":[{"embeddable":true,"href":"https:\/\/expresito.com\/home\/wp-json\/wp\/v2\/comments?post=5072"}],"version-history":[{"count":7,"href":"https:\/\/expresito.com\/home\/wp-json\/wp\/v2\/pages\/5072\/revisions"}],"predecessor-version":[{"id":5079,"href":"https:\/\/expresito.com\/home\/wp-json\/wp\/v2\/pages\/5072\/revisions\/5079"}],"wp:attachment":[{"href":"https:\/\/expresito.com\/home\/wp-json\/wp\/v2\/media?parent=5072"}],"curies":[{"name":"wp","href":"https:\/\/api.w.org\/{rel}","templated":true}]}}