{"id":5362,"date":"2024-08-08T14:41:52","date_gmt":"2024-08-08T18:41:52","guid":{"rendered":"https:\/\/expresito.com\/home\/?page_id=5362"},"modified":"2026-02-10T17:38:26","modified_gmt":"2026-02-10T22:38:26","slug":"envios-a-peru-desde-estados-unidos","status":"publish","type":"page","link":"https:\/\/expresito.com\/home\/envios-a-peru-desde-estados-unidos\/","title":{"rendered":"Envios a Peru desde Estados Unidos"},"content":{"rendered":"\t\t<div data-elementor-type=\"wp-page\" data-elementor-id=\"5362\" class=\"elementor elementor-5362\" data-elementor-post-type=\"page\">\n\t\t\t\t\t\t<section class=\"elementor-section elementor-top-section elementor-element elementor-element-60fccf5c elementor-section-height-min-height elementor-section-boxed elementor-section-height-default elementor-section-items-middle\" data-id=\"60fccf5c\" data-element_type=\"section\" data-settings=\"{&quot;background_background&quot;:&quot;video&quot;,&quot;shape_divider_bottom&quot;:&quot;triangle&quot;,&quot;shape_divider_bottom_negative&quot;:&quot;yes&quot;,&quot;background_video_link&quot;:&quot;https:\\\/\\\/www.youtube.com\\\/watch?v=0hQ5Fpew5Fw&amp;ab_channel=Gorodenkoff&quot;,&quot;background_video_start&quot;:32,&quot;background_video_end&quot;:45}\">\n\t\t\t\t\t\t\t\t<div class=\"elementor-background-video-container elementor-hidden-mobile\">\n\t\t\t\t\t\t\t\t\t\t\t\t\t<div class=\"elementor-background-video-embed\"><\/div>\n\t\t\t\t\t\t\t\t\t\t\t\t<\/div>\n\t\t\t\t\t\t\t\t\t<div class=\"elementor-background-overlay\"><\/div>\n\t\t\t\t\t\t<div class=\"elementor-shape elementor-shape-bottom\" data-negative=\"true\">\n\t\t\t<svg xmlns=\"http:\/\/www.w3.org\/2000\/svg\" viewBox=\"0 0 1000 100\" preserveAspectRatio=\"none\">\n\t<path class=\"elementor-shape-fill\" d=\"M500.2,94.7L0,0v100h1000V0L500.2,94.7z\"\/>\n<\/svg>\t\t<\/div>\n\t\t\t\t\t<div class=\"elementor-container elementor-column-gap-default\">\n\t\t\t\t\t<div class=\"elementor-column elementor-col-100 elementor-top-column elementor-element elementor-element-42089db8\" data-id=\"42089db8\" data-element_type=\"column\">\n\t\t\t<div class=\"elementor-widget-wrap elementor-element-populated\">\n\t\t\t\t\t\t<div class=\"elementor-element elementor-element-4be053db elementor-invisible elementor-widget elementor-widget-heading\" data-id=\"4be053db\" data-element_type=\"widget\" data-settings=\"{&quot;_animation&quot;:&quot;fadeInUp&quot;}\" data-widget_type=\"heading.default\">\n\t\t\t\t<div class=\"elementor-widget-container\">\n\t\t\t\t\t<h1 class=\"elementor-heading-title elementor-size-xl\"><strong>Per\u00fa<\/strong><\/h1>\t\t\t\t<\/div>\n\t\t\t\t<\/div>\n\t\t\t\t\t<\/div>\n\t\t<\/div>\n\t\t\t\t\t<\/div>\n\t\t<\/section>\n\t\t\t\t<section class=\"elementor-section elementor-top-section elementor-element elementor-element-26c0776 elementor-section-height-min-height elementor-section-items-stretch elementor-section-boxed elementor-section-height-default\" data-id=\"26c0776\" data-element_type=\"section\">\n\t\t\t\t\t\t<div class=\"elementor-container elementor-column-gap-default\">\n\t\t\t\t\t<div class=\"elementor-column elementor-col-100 elementor-top-column elementor-element elementor-element-3622559\" data-id=\"3622559\" data-element_type=\"column\">\n\t\t\t<div class=\"elementor-widget-wrap elementor-element-populated\">\n\t\t\t\t\t\t<section class=\"elementor-section elementor-inner-section elementor-element elementor-element-1bc5369 elementor-section-boxed elementor-section-height-default elementor-section-height-default\" data-id=\"1bc5369\" data-element_type=\"section\">\n\t\t\t\t\t\t<div class=\"elementor-container elementor-column-gap-wider\">\n\t\t\t\t\t<div class=\"elementor-column elementor-col-100 elementor-inner-column elementor-element elementor-element-2a787f73\" data-id=\"2a787f73\" data-element_type=\"column\">\n\t\t\t<div class=\"elementor-widget-wrap elementor-element-populated\">\n\t\t\t\t\t\t<div class=\"elementor-element elementor-element-f4bfa6f elementor-widget elementor-widget-text-editor\" data-id=\"f4bfa6f\" data-element_type=\"widget\" data-widget_type=\"text-editor.default\">\n\t\t\t\t<div class=\"elementor-widget-container\">\n\t\t\t\t\t\t\t\t\t<div><h4 style=\"font-size: 1.41176rem; font-style: normal; margin-bottom: 0px;\">CARGA PUERTA A PUERTA:<\/h4><\/div><ul style=\"font-size: 17px; font-style: normal; font-weight: 400;\"><li>Peso por caja: Min 10 lbs &#8211; Max 109 lbs<\/li><li>Valor declarado por envi\u00f3 Max $2.000<\/li><li>Impuestos: Valor declarado desde $201 en adelante paga 40%<\/li><li>Seguro obligatorio 6%.<\/li><li>Gu\u00eda domicilio.<\/li><li>SI carga comercial. (m\u00e1s de 6 articulos iguales)<\/li><li>Sin l\u00edmite de env\u00edos.<\/li><\/ul><p>En este servicio se pueden enviar los siguientes articulos:<\/p><p><img fetchpriority=\"high\" decoding=\"async\" class=\"alignleft wp-image-5136\" src=\"https:\/\/expresito.com\/home\/wp-content\/uploads\/2024\/08\/POST-PARA-WEB-SITE-3-e1722883791769.png\" alt=\"\" width=\"808\" height=\"448\" srcset=\"https:\/\/expresito.com\/home\/wp-content\/uploads\/2024\/08\/POST-PARA-WEB-SITE-3-e1722883791769.png 1033w, https:\/\/expresito.com\/home\/wp-content\/uploads\/2024\/08\/POST-PARA-WEB-SITE-3-e1722883791769-300x166.png 300w, https:\/\/expresito.com\/home\/wp-content\/uploads\/2024\/08\/POST-PARA-WEB-SITE-3-e1722883791769-1024x568.png 1024w, https:\/\/expresito.com\/home\/wp-content\/uploads\/2024\/08\/POST-PARA-WEB-SITE-3-e1722883791769-768x426.png 768w, https:\/\/expresito.com\/home\/wp-content\/uploads\/2024\/08\/POST-PARA-WEB-SITE-3-e1722883791769-600x333.png 600w\" sizes=\"(max-width: 808px) 100vw, 808px\" \/><\/p><div><h4>CARGA SIN IMPUESTOS:<\/h4><\/div><ul><li>Peso por caja: Min 10 lbs &#8211; Max 109 lbs<\/li><li>Valor declarado por envi\u00f3 Max $200<\/li><li>Impuestos: Valor declarado hasta $200 paga 0%<\/li><li>Seguro obligatorio 6%.<\/li><li>Gu\u00eda domicilio.<\/li><li>Max 6 art\u00edculos iguales.<\/li><li>NO carga comercial.<\/li><li>Sin l\u00edmite de env\u00edos.<\/li><\/ul><p>En este servicio se pueden enviar los siguientes articulos:<\/p><p><img decoding=\"async\" class=\"alignleft wp-image-5136\" src=\"https:\/\/expresito.com\/home\/wp-content\/uploads\/2024\/08\/POST-PARA-WEB-SITE-3-e1722883791769.png\" alt=\"\" width=\"809\" height=\"449\" srcset=\"https:\/\/expresito.com\/home\/wp-content\/uploads\/2024\/08\/POST-PARA-WEB-SITE-3-e1722883791769.png 1033w, https:\/\/expresito.com\/home\/wp-content\/uploads\/2024\/08\/POST-PARA-WEB-SITE-3-e1722883791769-300x166.png 300w, https:\/\/expresito.com\/home\/wp-content\/uploads\/2024\/08\/POST-PARA-WEB-SITE-3-e1722883791769-1024x568.png 1024w, https:\/\/expresito.com\/home\/wp-content\/uploads\/2024\/08\/POST-PARA-WEB-SITE-3-e1722883791769-768x426.png 768w, https:\/\/expresito.com\/home\/wp-content\/uploads\/2024\/08\/POST-PARA-WEB-SITE-3-e1722883791769-600x333.png 600w\" sizes=\"(max-width: 809px) 100vw, 809px\" \/><\/p><p><strong>\u00a0<\/strong><\/p><p><strong>\u00a0<\/strong><\/p><p><strong>\u00a0<\/strong><\/p><p><strong>\u00a0<\/strong><\/p><p><strong>\u00a0<\/strong><\/p><h4>TARIFAS OFICIALES:\u00a0<\/h4><p>Clic en el siguiente link <span style=\"color: #003366;\"><a style=\"color: #003366;\" href=\"https:\/\/expresito.com\/home\/tarifas-carga-peru\/\">https:\/\/expresito.com\/home\/tarifas-carga-peru\/\u00a0<\/a><\/span><\/p><p><span style=\"color: #ff0000;\"><strong>ART\u00cdCULOS QUE NO SE PUEDEN ENVIAR EN CARGA: <\/strong><\/span>Vajillas usadas, Tablets con chip, Celulares, Articulos inflamables, Articulos m\u00e9dicos, Articulos con conexi\u00f3n inal\u00e1mbrica, Equipos y aparatos de telecomunicaciones.<\/p><h4><span style=\"color: #ff0000;\"><img decoding=\"async\" class=\"emoji\" role=\"img\" draggable=\"false\" src=\"https:\/\/s.w.org\/images\/core\/emoji\/15.0.3\/svg\/26d4.svg\" alt=\"\u26d4\" \/>\u00a0POLITICAS DE SEGURO\u00a0<u><img decoding=\"async\" class=\"emoji\" role=\"img\" draggable=\"false\" src=\"https:\/\/s.w.org\/images\/core\/emoji\/15.0.3\/svg\/26d4.svg\" alt=\"\u26d4\" \/><\/u><\/span><\/h4><ul><li>Carga valor b\u00e1sico asegurado USD 150.00<\/li><li>Carga valor m\u00e1ximo asegurado USD 1000.00<\/li><li>Seguro NO cubre decomisos de Aduana o Carga Comercial.<\/li><li>Seguro NO cubre da\u00f1os y roturas.<\/li><li>Seguro NO cubre p\u00e9rdidas ocasionadas por mal tiempo o desastres naturales.<\/li><li>Televisores y art\u00edculos fr\u00e1giles empaque adicional es indispensable.<\/li><\/ul>\t\t\t\t\t\t\t\t<\/div>\n\t\t\t\t<\/div>\n\t\t\t\t\t<\/div>\n\t\t<\/div>\n\t\t\t\t\t<\/div>\n\t\t<\/section>\n\t\t\t\t\t<\/div>\n\t\t<\/div>\n\t\t\t\t\t<\/div>\n\t\t<\/section>\n\t\t\t\t<\/div>\n\t\t","protected":false},"excerpt":{"rendered":"<p>Per\u00fa CARGA PUERTA A PUERTA: Peso por caja: Min 10 lbs &#8211; Max 109 lbs Valor declarado por envi\u00f3 Max $2.000 Impuestos: Valor declarado desde $201 en adelante paga 40% Seguro obligatorio 6%. Gu\u00eda domicilio. SI carga comercial. (m\u00e1s de 6 articulos iguales) Sin l\u00edmite de env\u00edos. En este servicio se pueden enviar los siguientes &hellip;<\/p>\n<p class=\"read-more\"> <a class=\"\" href=\"https:\/\/expresito.com\/home\/envios-a-peru-desde-estados-unidos\/\"> <span class=\"screen-reader-text\">Envios a Peru desde Estados Unidos<\/span> Leer m\u00e1s &raquo;<\/a><\/p>\n","protected":false},"author":16,"featured_media":0,"parent":0,"menu_order":0,"comment_status":"closed","ping_status":"closed","template":"","meta":{"_acf_changed":false,"wp_popup_display_lightbox":0,"wp_popup_suppress":"","wp_popup_trigger":"","wp_popup_trigger_amount":0,"wp_popup_disable_on_mobile":false,"site-sidebar-layout":"no-sidebar","site-content-layout":"page-builder","ast-global-header-display":"","ast-main-header-display":"","ast-hfb-above-header-display":"","ast-hfb-below-header-display":"","ast-hfb-mobile-header-display":"","site-post-title":"disabled","ast-breadcrumbs-content":"","ast-featured-img":"disabled","footer-sml-layout":"","theme-transparent-header-meta":"enabled","adv-header-id-meta":"","stick-header-meta":"","header-above-stick-meta":"","header-main-stick-meta":"","header-below-stick-meta":"","footnotes":""},"class_list":["post-5362","page","type-page","status-publish","hentry"],"acf":[],"yoast_head":"<!-- This site is optimized with the Yoast SEO plugin v27.3 - https:\/\/yoast.com\/product\/yoast-seo-wordpress\/ -->\n<title>Envios a Peru desde Estados Unidos | Paquetes y Cajas<\/title>\n<meta name=\"description\" content=\"Envios a Peru desde Estados Unidos con Expresito Carga. Enviamos paquetes y cajas a Per\u00fa desde New York, New Jersey, Connecticut y Florida.\" \/>\n<meta name=\"robots\" content=\"index, follow, max-snippet:-1, max-image-preview:large, max-video-preview:-1\" \/>\n<link rel=\"canonical\" href=\"https:\/\/expresito.com\/home\/envios-a-peru-desde-estados-unidos\/\" \/>\n<meta property=\"og:locale\" content=\"es_ES\" \/>\n<meta property=\"og:type\" content=\"article\" \/>\n<meta property=\"og:title\" content=\"Envios a Peru desde Estados Unidos | Paquetes y Cajas\" \/>\n<meta property=\"og:description\" content=\"Envios a Peru desde Estados Unidos con Expresito Carga. Enviamos paquetes y cajas a Per\u00fa desde New York, New Jersey, Connecticut y Florida.\" \/>\n<meta property=\"og:url\" content=\"https:\/\/expresito.com\/home\/envios-a-peru-desde-estados-unidos\/\" \/>\n<meta property=\"og:site_name\" content=\"Expresito\" \/>\n<meta property=\"article:publisher\" content=\"https:\/\/www.facebook.com\/EXPRESITOCARGA?mibextid=ZbWKwL\" \/>\n<meta property=\"article:modified_time\" content=\"2026-02-10T22:38:26+00:00\" \/>\n<meta property=\"og:image\" content=\"https:\/\/expresito.com\/home\/wp-content\/uploads\/2024\/08\/POST-PARA-WEB-SITE-3-e1722883791769.png\" \/>\n<meta name=\"twitter:card\" content=\"summary_large_image\" \/>\n<meta name=\"twitter:site\" content=\"@ExpresitoC\" \/>\n<meta name=\"twitter:label1\" content=\"Tiempo de lectura\" \/>\n\t<meta name=\"twitter:data1\" content=\"2 minutos\" \/>\n<script type=\"application\/ld+json\" class=\"yoast-schema-graph\">{\"@context\":\"https:\\\/\\\/schema.org\",\"@graph\":[{\"@type\":\"WebPage\",\"@id\":\"https:\\\/\\\/expresito.com\\\/home\\\/envios-a-peru-desde-estados-unidos\\\/\",\"url\":\"https:\\\/\\\/expresito.com\\\/home\\\/envios-a-peru-desde-estados-unidos\\\/\",\"name\":\"Envios a Peru desde Estados Unidos | Paquetes y Cajas\",\"isPartOf\":{\"@id\":\"https:\\\/\\\/expresito.com\\\/home\\\/#website\"},\"primaryImageOfPage\":{\"@id\":\"https:\\\/\\\/expresito.com\\\/home\\\/envios-a-peru-desde-estados-unidos\\\/#primaryimage\"},\"image\":{\"@id\":\"https:\\\/\\\/expresito.com\\\/home\\\/envios-a-peru-desde-estados-unidos\\\/#primaryimage\"},\"thumbnailUrl\":\"https:\\\/\\\/expresito.com\\\/home\\\/wp-content\\\/uploads\\\/2024\\\/08\\\/POST-PARA-WEB-SITE-3-e1722883791769.png\",\"datePublished\":\"2024-08-08T18:41:52+00:00\",\"dateModified\":\"2026-02-10T22:38:26+00:00\",\"description\":\"Envios a Peru desde Estados Unidos con Expresito Carga. Enviamos paquetes y cajas a Per\u00fa desde New York, New Jersey, Connecticut y Florida.\",\"breadcrumb\":{\"@id\":\"https:\\\/\\\/expresito.com\\\/home\\\/envios-a-peru-desde-estados-unidos\\\/#breadcrumb\"},\"inLanguage\":\"es\",\"potentialAction\":[{\"@type\":\"ReadAction\",\"target\":[\"https:\\\/\\\/expresito.com\\\/home\\\/envios-a-peru-desde-estados-unidos\\\/\"]}]},{\"@type\":\"ImageObject\",\"inLanguage\":\"es\",\"@id\":\"https:\\\/\\\/expresito.com\\\/home\\\/envios-a-peru-desde-estados-unidos\\\/#primaryimage\",\"url\":\"https:\\\/\\\/expresito.com\\\/home\\\/wp-content\\\/uploads\\\/2024\\\/08\\\/POST-PARA-WEB-SITE-3-e1722883791769.png\",\"contentUrl\":\"https:\\\/\\\/expresito.com\\\/home\\\/wp-content\\\/uploads\\\/2024\\\/08\\\/POST-PARA-WEB-SITE-3-e1722883791769.png\",\"width\":1033,\"height\":573},{\"@type\":\"BreadcrumbList\",\"@id\":\"https:\\\/\\\/expresito.com\\\/home\\\/envios-a-peru-desde-estados-unidos\\\/#breadcrumb\",\"itemListElement\":[{\"@type\":\"ListItem\",\"position\":1,\"name\":\"Portada\",\"item\":\"https:\\\/\\\/expresito.com\\\/home\\\/\"},{\"@type\":\"ListItem\",\"position\":2,\"name\":\"Envios a Peru desde Estados Unidos\"}]},{\"@type\":\"WebSite\",\"@id\":\"https:\\\/\\\/expresito.com\\\/home\\\/#website\",\"url\":\"https:\\\/\\\/expresito.com\\\/home\\\/\",\"name\":\"Expresito Carga- Envios a Latino America, Envios a Ecuador Y colombia\",\"description\":\"Carga y Correo a Colombia, Ecuador, Per\u00fa, M\u00e9xico, Rep\u00fablica Dominicana, Venezuela, Honduras, Guatemala, El Salvador, Canad\u00e1 y Todo Estados Unidos.\",\"publisher\":{\"@id\":\"https:\\\/\\\/expresito.com\\\/home\\\/#organization\"},\"potentialAction\":[{\"@type\":\"SearchAction\",\"target\":{\"@type\":\"EntryPoint\",\"urlTemplate\":\"https:\\\/\\\/expresito.com\\\/home\\\/?s={search_term_string}\"},\"query-input\":{\"@type\":\"PropertyValueSpecification\",\"valueRequired\":true,\"valueName\":\"search_term_string\"}}],\"inLanguage\":\"es\"},{\"@type\":\"Organization\",\"@id\":\"https:\\\/\\\/expresito.com\\\/home\\\/#organization\",\"name\":\"Expresito Carga\",\"url\":\"https:\\\/\\\/expresito.com\\\/home\\\/\",\"logo\":{\"@type\":\"ImageObject\",\"inLanguage\":\"es\",\"@id\":\"https:\\\/\\\/expresito.com\\\/home\\\/#\\\/schema\\\/logo\\\/image\\\/\",\"url\":\"https:\\\/\\\/expresito.com\\\/home\\\/wp-content\\\/uploads\\\/2023\\\/12\\\/logo4.png\",\"contentUrl\":\"https:\\\/\\\/expresito.com\\\/home\\\/wp-content\\\/uploads\\\/2023\\\/12\\\/logo4.png\",\"width\":1123,\"height\":232,\"caption\":\"Expresito Carga\"},\"image\":{\"@id\":\"https:\\\/\\\/expresito.com\\\/home\\\/#\\\/schema\\\/logo\\\/image\\\/\"},\"sameAs\":[\"https:\\\/\\\/www.facebook.com\\\/EXPRESITOCARGA?mibextid=ZbWKwL\",\"https:\\\/\\\/x.com\\\/ExpresitoC\",\"https:\\\/\\\/www.instagram.com\\\/expresitocarga?igsh=NDI1Z2xubGc1bm9q\",\"https:\\\/\\\/www.tiktok.com\\\/@expresito?_t=8k1FMiVJLK2&_r=1\",\"https:\\\/\\\/pin.it\\\/2W49waiNL\"]}]}<\/script>\n<!-- \/ Yoast SEO plugin. -->","yoast_head_json":{"title":"Envios a Peru desde Estados Unidos | Paquetes y Cajas","description":"Envios a Peru desde Estados Unidos con Expresito Carga. Enviamos paquetes y cajas a Per\u00fa desde New York, New Jersey, Connecticut y Florida.","robots":{"index":"index","follow":"follow","max-snippet":"max-snippet:-1","max-image-preview":"max-image-preview:large","max-video-preview":"max-video-preview:-1"},"canonical":"https:\/\/expresito.com\/home\/envios-a-peru-desde-estados-unidos\/","og_locale":"es_ES","og_type":"article","og_title":"Envios a Peru desde Estados Unidos | Paquetes y Cajas","og_description":"Envios a Peru desde Estados Unidos con Expresito Carga. Enviamos paquetes y cajas a Per\u00fa desde New York, New Jersey, Connecticut y Florida.","og_url":"https:\/\/expresito.com\/home\/envios-a-peru-desde-estados-unidos\/","og_site_name":"Expresito","article_publisher":"https:\/\/www.facebook.com\/EXPRESITOCARGA?mibextid=ZbWKwL","article_modified_time":"2026-02-10T22:38:26+00:00","og_image":[{"url":"https:\/\/expresito.com\/home\/wp-content\/uploads\/2024\/08\/POST-PARA-WEB-SITE-3-e1722883791769.png","type":"","width":"","height":""}],"twitter_card":"summary_large_image","twitter_site":"@ExpresitoC","twitter_misc":{"Tiempo de lectura":"2 minutos"},"schema":{"@context":"https:\/\/schema.org","@graph":[{"@type":"WebPage","@id":"https:\/\/expresito.com\/home\/envios-a-peru-desde-estados-unidos\/","url":"https:\/\/expresito.com\/home\/envios-a-peru-desde-estados-unidos\/","name":"Envios a Peru desde Estados Unidos | Paquetes y Cajas","isPartOf":{"@id":"https:\/\/expresito.com\/home\/#website"},"primaryImageOfPage":{"@id":"https:\/\/expresito.com\/home\/envios-a-peru-desde-estados-unidos\/#primaryimage"},"image":{"@id":"https:\/\/expresito.com\/home\/envios-a-peru-desde-estados-unidos\/#primaryimage"},"thumbnailUrl":"https:\/\/expresito.com\/home\/wp-content\/uploads\/2024\/08\/POST-PARA-WEB-SITE-3-e1722883791769.png","datePublished":"2024-08-08T18:41:52+00:00","dateModified":"2026-02-10T22:38:26+00:00","description":"Envios a Peru desde Estados Unidos con Expresito Carga. Enviamos paquetes y cajas a Per\u00fa desde New York, New Jersey, Connecticut y Florida.","breadcrumb":{"@id":"https:\/\/expresito.com\/home\/envios-a-peru-desde-estados-unidos\/#breadcrumb"},"inLanguage":"es","potentialAction":[{"@type":"ReadAction","target":["https:\/\/expresito.com\/home\/envios-a-peru-desde-estados-unidos\/"]}]},{"@type":"ImageObject","inLanguage":"es","@id":"https:\/\/expresito.com\/home\/envios-a-peru-desde-estados-unidos\/#primaryimage","url":"https:\/\/expresito.com\/home\/wp-content\/uploads\/2024\/08\/POST-PARA-WEB-SITE-3-e1722883791769.png","contentUrl":"https:\/\/expresito.com\/home\/wp-content\/uploads\/2024\/08\/POST-PARA-WEB-SITE-3-e1722883791769.png","width":1033,"height":573},{"@type":"BreadcrumbList","@id":"https:\/\/expresito.com\/home\/envios-a-peru-desde-estados-unidos\/#breadcrumb","itemListElement":[{"@type":"ListItem","position":1,"name":"Portada","item":"https:\/\/expresito.com\/home\/"},{"@type":"ListItem","position":2,"name":"Envios a Peru desde Estados Unidos"}]},{"@type":"WebSite","@id":"https:\/\/expresito.com\/home\/#website","url":"https:\/\/expresito.com\/home\/","name":"Expresito Carga- Envios a Latino America, Envios a Ecuador Y colombia","description":"Carga y Correo a Colombia, Ecuador, Per\u00fa, M\u00e9xico, Rep\u00fablica Dominicana, Venezuela, Honduras, Guatemala, El Salvador, Canad\u00e1 y Todo Estados Unidos.","publisher":{"@id":"https:\/\/expresito.com\/home\/#organization"},"potentialAction":[{"@type":"SearchAction","target":{"@type":"EntryPoint","urlTemplate":"https:\/\/expresito.com\/home\/?s={search_term_string}"},"query-input":{"@type":"PropertyValueSpecification","valueRequired":true,"valueName":"search_term_string"}}],"inLanguage":"es"},{"@type":"Organization","@id":"https:\/\/expresito.com\/home\/#organization","name":"Expresito Carga","url":"https:\/\/expresito.com\/home\/","logo":{"@type":"ImageObject","inLanguage":"es","@id":"https:\/\/expresito.com\/home\/#\/schema\/logo\/image\/","url":"https:\/\/expresito.com\/home\/wp-content\/uploads\/2023\/12\/logo4.png","contentUrl":"https:\/\/expresito.com\/home\/wp-content\/uploads\/2023\/12\/logo4.png","width":1123,"height":232,"caption":"Expresito Carga"},"image":{"@id":"https:\/\/expresito.com\/home\/#\/schema\/logo\/image\/"},"sameAs":["https:\/\/www.facebook.com\/EXPRESITOCARGA?mibextid=ZbWKwL","https:\/\/x.com\/ExpresitoC","https:\/\/www.instagram.com\/expresitocarga?igsh=NDI1Z2xubGc1bm9q","https:\/\/www.tiktok.com\/@expresito?_t=8k1FMiVJLK2&_r=1","https:\/\/pin.it\/2W49waiNL"]}]}},"jetpack_sharing_enabled":true,"_links":{"self":[{"href":"https:\/\/expresito.com\/home\/wp-json\/wp\/v2\/pages\/5362","targetHints":{"allow":["GET"]}}],"collection":[{"href":"https:\/\/expresito.com\/home\/wp-json\/wp\/v2\/pages"}],"about":[{"href":"https:\/\/expresito.com\/home\/wp-json\/wp\/v2\/types\/page"}],"author":[{"embeddable":true,"href":"https:\/\/expresito.com\/home\/wp-json\/wp\/v2\/users\/16"}],"replies":[{"embeddable":true,"href":"https:\/\/expresito.com\/home\/wp-json\/wp\/v2\/comments?post=5362"}],"version-history":[{"count":18,"href":"https:\/\/expresito.com\/home\/wp-json\/wp\/v2\/pages\/5362\/revisions"}],"predecessor-version":[{"id":5381,"href":"https:\/\/expresito.com\/home\/wp-json\/wp\/v2\/pages\/5362\/revisions\/5381"}],"wp:attachment":[{"href":"https:\/\/expresito.com\/home\/wp-json\/wp\/v2\/media?parent=5362"}],"curies":[{"name":"wp","href":"https:\/\/api.w.org\/{rel}","templated":true}]}}