{"id":812,"date":"2021-02-04T03:58:58","date_gmt":"2021-02-04T03:58:58","guid":{"rendered":"https:\/\/expresito.com\/home\/contact\/"},"modified":"2026-02-10T11:27:04","modified_gmt":"2026-02-10T16:27:04","slug":"contact","status":"publish","type":"page","link":"https:\/\/expresito.com\/home\/contact\/","title":{"rendered":"Contacta a Expresito Carga"},"content":{"rendered":"\t\t<div data-elementor-type=\"wp-page\" data-elementor-id=\"812\" class=\"elementor elementor-812\" data-elementor-post-type=\"page\">\n\t\t\t\t\t\t<section class=\"elementor-section elementor-top-section elementor-element elementor-element-22be2cc4 elementor-section-height-min-height elementor-section-boxed elementor-section-height-default elementor-section-items-middle\" data-id=\"22be2cc4\" data-element_type=\"section\" data-settings=\"{&quot;background_background&quot;:&quot;classic&quot;}\">\n\t\t\t\t\t\t\t<div class=\"elementor-background-overlay\"><\/div>\n\t\t\t\t\t\t\t<div class=\"elementor-container elementor-column-gap-default\">\n\t\t\t\t\t<div class=\"elementor-column elementor-col-100 elementor-top-column elementor-element elementor-element-218afd5f\" data-id=\"218afd5f\" data-element_type=\"column\">\n\t\t\t<div class=\"elementor-widget-wrap elementor-element-populated\">\n\t\t\t\t\t\t<div class=\"elementor-element elementor-element-42c7655b elementor-widget elementor-widget-heading\" data-id=\"42c7655b\" data-element_type=\"widget\" data-widget_type=\"heading.default\">\n\t\t\t\t<div class=\"elementor-widget-container\">\n\t\t\t\t\t<h1 class=\"elementor-heading-title elementor-size-xl\">Contactanos<\/h1>\t\t\t\t<\/div>\n\t\t\t\t<\/div>\n\t\t\t\t\t<\/div>\n\t\t<\/div>\n\t\t\t\t\t<\/div>\n\t\t<\/section>\n\t\t\t\t<section class=\"elementor-section elementor-top-section elementor-element elementor-element-31b11398 elementor-section-height-min-height elementor-section-items-stretch elementor-section-boxed elementor-section-height-default elementor-invisible\" data-id=\"31b11398\" data-element_type=\"section\" data-settings=\"{&quot;background_background&quot;:&quot;classic&quot;,&quot;animation&quot;:&quot;fadeInUp&quot;}\">\n\t\t\t\t\t\t<div class=\"elementor-container elementor-column-gap-default\">\n\t\t\t\t\t<div class=\"elementor-column elementor-col-100 elementor-top-column elementor-element elementor-element-27b13df6\" data-id=\"27b13df6\" data-element_type=\"column\">\n\t\t\t<div class=\"elementor-widget-wrap elementor-element-populated\">\n\t\t\t\t\t\t<section class=\"elementor-section elementor-inner-section elementor-element elementor-element-16d87a63 elementor-section-boxed elementor-section-height-default elementor-section-height-default\" data-id=\"16d87a63\" data-element_type=\"section\">\n\t\t\t\t\t\t<div class=\"elementor-container elementor-column-gap-default\">\n\t\t\t\t\t<div class=\"elementor-column elementor-col-33 elementor-inner-column elementor-element elementor-element-19e6097b\" data-id=\"19e6097b\" data-element_type=\"column\" data-settings=\"{&quot;background_background&quot;:&quot;classic&quot;}\">\n\t\t\t<div class=\"elementor-widget-wrap elementor-element-populated\">\n\t\t\t\t\t\t<div class=\"elementor-element elementor-element-6921b23b elementor-view-framed elementor-shape-circle elementor-position-top elementor-mobile-position-top elementor-invisible elementor-widget elementor-widget-icon-box\" data-id=\"6921b23b\" data-element_type=\"widget\" data-settings=\"{&quot;_animation&quot;:&quot;fadeIn&quot;,&quot;_animation_delay&quot;:1200}\" data-widget_type=\"icon-box.default\">\n\t\t\t\t<div class=\"elementor-widget-container\">\n\t\t\t\t\t\t\t<div class=\"elementor-icon-box-wrapper\">\n\n\t\t\t\t\t\t<div class=\"elementor-icon-box-icon\">\n\t\t\t\t<span  class=\"elementor-icon\">\n\t\t\t\t<i aria-hidden=\"true\" class=\"far fa-comments\"><\/i>\t\t\t\t<\/span>\n\t\t\t<\/div>\n\t\t\t\n\t\t\t\t\t\t<div class=\"elementor-icon-box-content\">\n\n\t\t\t\t\t\t\t\t\t<h3 class=\"elementor-icon-box-title\">\n\t\t\t\t\t\t<span  >\n\t\t\t\t\t\t\tInformaci\u00f3n general\t\t\t\t\t\t<\/span>\n\t\t\t\t\t<\/h3>\n\t\t\t\t\n\t\t\t\t\t\t\t\t\t<p class=\"elementor-icon-box-description\">\n\t\t\t\t\t\tDireccion<br\/>\ninfo@expresito.com<br\/>\n+718-205-2222<br\/>\nVentas\t\t\t\t\t<\/p>\n\t\t\t\t\n\t\t\t<\/div>\n\t\t\t\n\t\t<\/div>\n\t\t\t\t\t\t<\/div>\n\t\t\t\t<\/div>\n\t\t\t\t\t<\/div>\n\t\t<\/div>\n\t\t\t\t<div class=\"elementor-column elementor-col-33 elementor-inner-column elementor-element elementor-element-54dfd716\" data-id=\"54dfd716\" data-element_type=\"column\" data-settings=\"{&quot;background_background&quot;:&quot;classic&quot;}\">\n\t\t\t<div class=\"elementor-widget-wrap elementor-element-populated\">\n\t\t\t\t\t\t<div class=\"elementor-element elementor-element-768fc572 elementor-view-framed elementor-shape-circle elementor-position-top elementor-mobile-position-top elementor-invisible elementor-widget elementor-widget-icon-box\" data-id=\"768fc572\" data-element_type=\"widget\" data-settings=\"{&quot;_animation&quot;:&quot;fadeIn&quot;,&quot;_animation_delay&quot;:1200}\" data-widget_type=\"icon-box.default\">\n\t\t\t\t<div class=\"elementor-widget-container\">\n\t\t\t\t\t\t\t<div class=\"elementor-icon-box-wrapper\">\n\n\t\t\t\t\t\t<div class=\"elementor-icon-box-icon\">\n\t\t\t\t<span  class=\"elementor-icon\">\n\t\t\t\t<i aria-hidden=\"true\" class=\"far fa-handshake\"><\/i>\t\t\t\t<\/span>\n\t\t\t<\/div>\n\t\t\t\n\t\t\t\t\t\t<div class=\"elementor-icon-box-content\">\n\n\t\t\t\t\t\t\t\t\t<h3 class=\"elementor-icon-box-title\">\n\t\t\t\t\t\t<span  >\n\t\t\t\t\t\t\tVentas corporativas\t\t\t\t\t\t<\/span>\n\t\t\t\t\t<\/h3>\n\t\t\t\t\n\t\t\t\t\t\t\t\t\t<p class=\"elementor-icon-box-description\">\n\t\t\t\t\t\tDireccion<br\/>\ninfo@expresito.com<br\/>\n+718-205-2222<br\/>\nVentas\t\t\t\t\t<\/p>\n\t\t\t\t\n\t\t\t<\/div>\n\t\t\t\n\t\t<\/div>\n\t\t\t\t\t\t<\/div>\n\t\t\t\t<\/div>\n\t\t\t\t\t<\/div>\n\t\t<\/div>\n\t\t\t\t<div class=\"elementor-column elementor-col-33 elementor-inner-column elementor-element elementor-element-6f369ea4\" data-id=\"6f369ea4\" data-element_type=\"column\" data-settings=\"{&quot;background_background&quot;:&quot;classic&quot;}\">\n\t\t\t<div class=\"elementor-widget-wrap elementor-element-populated\">\n\t\t\t\t\t\t<div class=\"elementor-element elementor-element-23ac5ebf elementor-view-framed elementor-shape-circle elementor-position-top elementor-mobile-position-top elementor-invisible elementor-widget elementor-widget-icon-box\" data-id=\"23ac5ebf\" data-element_type=\"widget\" data-settings=\"{&quot;_animation&quot;:&quot;fadeIn&quot;,&quot;_animation_delay&quot;:1200}\" data-widget_type=\"icon-box.default\">\n\t\t\t\t<div class=\"elementor-widget-container\">\n\t\t\t\t\t\t\t<div class=\"elementor-icon-box-wrapper\">\n\n\t\t\t\t\t\t<div class=\"elementor-icon-box-icon\">\n\t\t\t\t<span  class=\"elementor-icon\">\n\t\t\t\t<i aria-hidden=\"true\" class=\"far fa-life-ring\"><\/i>\t\t\t\t<\/span>\n\t\t\t<\/div>\n\t\t\t\n\t\t\t\t\t\t<div class=\"elementor-icon-box-content\">\n\n\t\t\t\t\t\t\t\t\t<h3 class=\"elementor-icon-box-title\">\n\t\t\t\t\t\t<span  >\n\t\t\t\t\t\t\tAyuda y soporte\t\t\t\t\t\t<\/span>\n\t\t\t\t\t<\/h3>\n\t\t\t\t\n\t\t\t\t\t\t\t\t\t<p class=\"elementor-icon-box-description\">\n\t\t\t\t\t\tDireccion<br\/>\ninfo@expresito.com<br\/>\n+718-205-2222<br\/>\nVentas\t\t\t\t\t<\/p>\n\t\t\t\t\n\t\t\t<\/div>\n\t\t\t\n\t\t<\/div>\n\t\t\t\t\t\t<\/div>\n\t\t\t\t<\/div>\n\t\t\t\t\t<\/div>\n\t\t<\/div>\n\t\t\t\t\t<\/div>\n\t\t<\/section>\n\t\t\t\t\t<\/div>\n\t\t<\/div>\n\t\t\t\t\t<\/div>\n\t\t<\/section>\n\t\t\t\t<section class=\"elementor-section elementor-top-section elementor-element elementor-element-4ad1b27e elementor-section-height-min-height elementor-section-boxed elementor-section-height-default elementor-section-items-middle\" data-id=\"4ad1b27e\" data-element_type=\"section\" data-settings=\"{&quot;background_background&quot;:&quot;classic&quot;,&quot;shape_divider_top&quot;:&quot;triangle&quot;,&quot;shape_divider_top_negative&quot;:&quot;yes&quot;}\">\n\t\t\t\t\t\t\t<div class=\"elementor-background-overlay\"><\/div>\n\t\t\t\t\t\t<div class=\"elementor-shape elementor-shape-top\" data-negative=\"true\">\n\t\t\t<svg xmlns=\"http:\/\/www.w3.org\/2000\/svg\" viewBox=\"0 0 1000 100\" preserveAspectRatio=\"none\">\n\t<path class=\"elementor-shape-fill\" d=\"M500.2,94.7L0,0v100h1000V0L500.2,94.7z\"\/>\n<\/svg>\t\t<\/div>\n\t\t\t\t\t<div class=\"elementor-container elementor-column-gap-default\">\n\t\t\t\t\t<div class=\"elementor-column elementor-col-100 elementor-top-column elementor-element elementor-element-29a4dcbf\" data-id=\"29a4dcbf\" data-element_type=\"column\">\n\t\t\t<div class=\"elementor-widget-wrap elementor-element-populated\">\n\t\t\t\t\t\t<div class=\"elementor-element elementor-element-384c9fa6 elementor-invisible elementor-widget elementor-widget-heading\" data-id=\"384c9fa6\" data-element_type=\"widget\" data-settings=\"{&quot;_animation&quot;:&quot;fadeInLeft&quot;}\" data-widget_type=\"heading.default\">\n\t\t\t\t<div class=\"elementor-widget-container\">\n\t\t\t\t\t<h2 class=\"elementor-heading-title elementor-size-xl\">Oficinas centrales<\/h2>\t\t\t\t<\/div>\n\t\t\t\t<\/div>\n\t\t\t\t<div class=\"elementor-element elementor-element-31fbc189 elementor-invisible elementor-widget elementor-widget-text-editor\" data-id=\"31fbc189\" data-element_type=\"widget\" data-settings=\"{&quot;_animation&quot;:&quot;fadeInUp&quot;,&quot;_animation_delay&quot;:400}\" data-widget_type=\"text-editor.default\">\n\t\t\t\t<div class=\"elementor-widget-container\">\n\t\t\t\t\t\t\t\t\t<p>Ll\u00e1manos en USA 718-205-2222<br \/>Customer Service<\/p>\t\t\t\t\t\t\t\t<\/div>\n\t\t\t\t<\/div>\n\t\t\t\t<div class=\"elementor-element elementor-element-682e2a49 elementor-align-center elementor-widget elementor-widget-button\" data-id=\"682e2a49\" data-element_type=\"widget\" data-widget_type=\"button.default\">\n\t\t\t\t<div class=\"elementor-widget-container\">\n\t\t\t\t\t\t\t\t\t<div class=\"elementor-button-wrapper\">\n\t\t\t\t\t<a class=\"elementor-button elementor-button-link elementor-size-xs elementor-animation-grow\" href=\"#\">\n\t\t\t\t\t\t<span class=\"elementor-button-content-wrapper\">\n\t\t\t\t\t\t<span class=\"elementor-button-icon\">\n\t\t\t\t<i aria-hidden=\"true\" class=\"fab fa-whatsapp\"><\/i>\t\t\t<\/span>\n\t\t\t\t\t\t\t\t\t<span class=\"elementor-button-text\">Hablemos por whatsapp<\/span>\n\t\t\t\t\t<\/span>\n\t\t\t\t\t<\/a>\n\t\t\t\t<\/div>\n\t\t\t\t\t\t\t\t<\/div>\n\t\t\t\t<\/div>\n\t\t\t\t<div class=\"elementor-element elementor-element-305d6c36 elementor-shape-circle elementor-grid-0 e-grid-align-center elementor-widget elementor-widget-social-icons\" data-id=\"305d6c36\" data-element_type=\"widget\" data-widget_type=\"social-icons.default\">\n\t\t\t\t<div class=\"elementor-widget-container\">\n\t\t\t\t\t\t\t<div class=\"elementor-social-icons-wrapper elementor-grid\">\n\t\t\t\t\t\t\t<span class=\"elementor-grid-item\">\n\t\t\t\t\t<a class=\"elementor-icon elementor-social-icon elementor-social-icon-facebook-f elementor-animation-bob elementor-repeater-item-c117719\" target=\"_blank\">\n\t\t\t\t\t\t<span class=\"elementor-screen-only\">Facebook-f<\/span>\n\t\t\t\t\t\t<i class=\"fab fa-facebook-f\"><\/i>\t\t\t\t\t<\/a>\n\t\t\t\t<\/span>\n\t\t\t\t\t\t\t<span class=\"elementor-grid-item\">\n\t\t\t\t\t<a class=\"elementor-icon elementor-social-icon elementor-social-icon-twitter elementor-animation-bob elementor-repeater-item-6cb5303\" target=\"_blank\">\n\t\t\t\t\t\t<span class=\"elementor-screen-only\">Twitter<\/span>\n\t\t\t\t\t\t<i class=\"fab fa-twitter\"><\/i>\t\t\t\t\t<\/a>\n\t\t\t\t<\/span>\n\t\t\t\t\t\t\t<span class=\"elementor-grid-item\">\n\t\t\t\t\t<a class=\"elementor-icon elementor-social-icon elementor-social-icon-youtube elementor-animation-bob elementor-repeater-item-10f122e\" target=\"_blank\">\n\t\t\t\t\t\t<span class=\"elementor-screen-only\">Youtube<\/span>\n\t\t\t\t\t\t<i class=\"fab fa-youtube\"><\/i>\t\t\t\t\t<\/a>\n\t\t\t\t<\/span>\n\t\t\t\t\t<\/div>\n\t\t\t\t\t\t<\/div>\n\t\t\t\t<\/div>\n\t\t\t\t\t<\/div>\n\t\t<\/div>\n\t\t\t\t\t<\/div>\n\t\t<\/section>\n\t\t\t\t<\/div>\n\t\t","protected":false},"excerpt":{"rendered":"<p>Contactanos &nbsp; Informaci\u00f3n general Direccion info@expresito.com +718-205-2222 Ventas Ventas corporativas Direccion info@expresito.com +718-205-2222 Ventas Ayuda y soporte Direccion info@expresito.com +718-205-2222 Ventas Oficinas centrales Ll\u00e1manos en USA 718-205-2222 Customer Service Hablemos por whatsapp Facebook-f Twitter Youtube<\/p>\n","protected":false},"author":1,"featured_media":0,"parent":0,"menu_order":0,"comment_status":"closed","ping_status":"closed","template":"","meta":{"_acf_changed":false,"wp_popup_display_lightbox":0,"wp_popup_suppress":"","wp_popup_trigger":"","wp_popup_trigger_amount":0,"wp_popup_disable_on_mobile":false,"site-sidebar-layout":"no-sidebar","site-content-layout":"page-builder","ast-global-header-display":"","ast-main-header-display":"","ast-hfb-above-header-display":"","ast-hfb-below-header-display":"","ast-hfb-mobile-header-display":"","site-post-title":"disabled","ast-breadcrumbs-content":"","ast-featured-img":"disabled","footer-sml-layout":"","theme-transparent-header-meta":"enabled","adv-header-id-meta":"","stick-header-meta":"","header-above-stick-meta":"","header-main-stick-meta":"","header-below-stick-meta":"","footnotes":""},"class_list":["post-812","page","type-page","status-publish","hentry"],"acf":[],"yoast_head":"<!-- This site is optimized with the Yoast SEO plugin v27.4 - https:\/\/yoast.com\/product\/yoast-seo-wordpress\/ -->\n<title>Contacta a Expresito Carga - Expresito<\/title>\n<meta name=\"description\" content=\"Contacta a Expresito Carga\" \/>\n<meta name=\"robots\" content=\"index, follow, max-snippet:-1, max-image-preview:large, max-video-preview:-1\" \/>\n<link rel=\"canonical\" href=\"https:\/\/expresito.com\/home\/contact\/\" \/>\n<meta property=\"og:locale\" content=\"es_ES\" \/>\n<meta property=\"og:type\" content=\"article\" \/>\n<meta property=\"og:title\" content=\"Contacta a Expresito Carga - Expresito\" \/>\n<meta property=\"og:description\" content=\"Contacta a Expresito Carga\" \/>\n<meta property=\"og:url\" content=\"https:\/\/expresito.com\/home\/contact\/\" \/>\n<meta property=\"og:site_name\" content=\"Expresito\" \/>\n<meta property=\"article:publisher\" content=\"https:\/\/www.facebook.com\/EXPRESITOCARGA?mibextid=ZbWKwL\" \/>\n<meta property=\"article:modified_time\" content=\"2026-02-10T16:27:04+00:00\" \/>\n<meta name=\"twitter:card\" content=\"summary_large_image\" \/>\n<meta name=\"twitter:site\" content=\"@ExpresitoC\" \/>\n<meta name=\"twitter:label1\" content=\"Tiempo de lectura\" \/>\n\t<meta name=\"twitter:data1\" content=\"1 minuto\" \/>\n<script type=\"application\/ld+json\" class=\"yoast-schema-graph\">{\"@context\":\"https:\\\/\\\/schema.org\",\"@graph\":[{\"@type\":\"WebPage\",\"@id\":\"https:\\\/\\\/expresito.com\\\/home\\\/contact\\\/\",\"url\":\"https:\\\/\\\/expresito.com\\\/home\\\/contact\\\/\",\"name\":\"Contacta a Expresito Carga - Expresito\",\"isPartOf\":{\"@id\":\"https:\\\/\\\/expresito.com\\\/home\\\/#website\"},\"datePublished\":\"2021-02-04T03:58:58+00:00\",\"dateModified\":\"2026-02-10T16:27:04+00:00\",\"description\":\"Contacta a Expresito Carga\",\"breadcrumb\":{\"@id\":\"https:\\\/\\\/expresito.com\\\/home\\\/contact\\\/#breadcrumb\"},\"inLanguage\":\"es\",\"potentialAction\":[{\"@type\":\"ReadAction\",\"target\":[\"https:\\\/\\\/expresito.com\\\/home\\\/contact\\\/\"]}]},{\"@type\":\"BreadcrumbList\",\"@id\":\"https:\\\/\\\/expresito.com\\\/home\\\/contact\\\/#breadcrumb\",\"itemListElement\":[{\"@type\":\"ListItem\",\"position\":1,\"name\":\"Portada\",\"item\":\"https:\\\/\\\/expresito.com\\\/home\\\/\"},{\"@type\":\"ListItem\",\"position\":2,\"name\":\"Contacta a Expresito Carga\"}]},{\"@type\":\"WebSite\",\"@id\":\"https:\\\/\\\/expresito.com\\\/home\\\/#website\",\"url\":\"https:\\\/\\\/expresito.com\\\/home\\\/\",\"name\":\"Expresito Carga- Envios a Latino America, Envios a Ecuador Y colombia\",\"description\":\"Carga y Correo a Colombia, Ecuador, Per\u00fa, M\u00e9xico, Rep\u00fablica Dominicana, Venezuela, Honduras, Guatemala, El Salvador, Canad\u00e1 y Todo Estados Unidos.\",\"publisher\":{\"@id\":\"https:\\\/\\\/expresito.com\\\/home\\\/#organization\"},\"potentialAction\":[{\"@type\":\"SearchAction\",\"target\":{\"@type\":\"EntryPoint\",\"urlTemplate\":\"https:\\\/\\\/expresito.com\\\/home\\\/?s={search_term_string}\"},\"query-input\":{\"@type\":\"PropertyValueSpecification\",\"valueRequired\":true,\"valueName\":\"search_term_string\"}}],\"inLanguage\":\"es\"},{\"@type\":\"Organization\",\"@id\":\"https:\\\/\\\/expresito.com\\\/home\\\/#organization\",\"name\":\"Expresito Carga\",\"url\":\"https:\\\/\\\/expresito.com\\\/home\\\/\",\"logo\":{\"@type\":\"ImageObject\",\"inLanguage\":\"es\",\"@id\":\"https:\\\/\\\/expresito.com\\\/home\\\/#\\\/schema\\\/logo\\\/image\\\/\",\"url\":\"https:\\\/\\\/expresito.com\\\/home\\\/wp-content\\\/uploads\\\/2023\\\/12\\\/logo4.png\",\"contentUrl\":\"https:\\\/\\\/expresito.com\\\/home\\\/wp-content\\\/uploads\\\/2023\\\/12\\\/logo4.png\",\"width\":1123,\"height\":232,\"caption\":\"Expresito Carga\"},\"image\":{\"@id\":\"https:\\\/\\\/expresito.com\\\/home\\\/#\\\/schema\\\/logo\\\/image\\\/\"},\"sameAs\":[\"https:\\\/\\\/www.facebook.com\\\/EXPRESITOCARGA?mibextid=ZbWKwL\",\"https:\\\/\\\/x.com\\\/ExpresitoC\",\"https:\\\/\\\/www.instagram.com\\\/expresitocarga?igsh=NDI1Z2xubGc1bm9q\",\"https:\\\/\\\/www.tiktok.com\\\/@expresito?_t=8k1FMiVJLK2&_r=1\",\"https:\\\/\\\/pin.it\\\/2W49waiNL\"]}]}<\/script>\n<!-- \/ Yoast SEO plugin. -->","yoast_head_json":{"title":"Contacta a Expresito Carga - Expresito","description":"Contacta a Expresito Carga","robots":{"index":"index","follow":"follow","max-snippet":"max-snippet:-1","max-image-preview":"max-image-preview:large","max-video-preview":"max-video-preview:-1"},"canonical":"https:\/\/expresito.com\/home\/contact\/","og_locale":"es_ES","og_type":"article","og_title":"Contacta a Expresito Carga - Expresito","og_description":"Contacta a Expresito Carga","og_url":"https:\/\/expresito.com\/home\/contact\/","og_site_name":"Expresito","article_publisher":"https:\/\/www.facebook.com\/EXPRESITOCARGA?mibextid=ZbWKwL","article_modified_time":"2026-02-10T16:27:04+00:00","twitter_card":"summary_large_image","twitter_site":"@ExpresitoC","twitter_misc":{"Tiempo de lectura":"1 minuto"},"schema":{"@context":"https:\/\/schema.org","@graph":[{"@type":"WebPage","@id":"https:\/\/expresito.com\/home\/contact\/","url":"https:\/\/expresito.com\/home\/contact\/","name":"Contacta a Expresito Carga - Expresito","isPartOf":{"@id":"https:\/\/expresito.com\/home\/#website"},"datePublished":"2021-02-04T03:58:58+00:00","dateModified":"2026-02-10T16:27:04+00:00","description":"Contacta a Expresito Carga","breadcrumb":{"@id":"https:\/\/expresito.com\/home\/contact\/#breadcrumb"},"inLanguage":"es","potentialAction":[{"@type":"ReadAction","target":["https:\/\/expresito.com\/home\/contact\/"]}]},{"@type":"BreadcrumbList","@id":"https:\/\/expresito.com\/home\/contact\/#breadcrumb","itemListElement":[{"@type":"ListItem","position":1,"name":"Portada","item":"https:\/\/expresito.com\/home\/"},{"@type":"ListItem","position":2,"name":"Contacta a Expresito Carga"}]},{"@type":"WebSite","@id":"https:\/\/expresito.com\/home\/#website","url":"https:\/\/expresito.com\/home\/","name":"Expresito Carga- Envios a Latino America, Envios a Ecuador Y colombia","description":"Carga y Correo a Colombia, Ecuador, Per\u00fa, M\u00e9xico, Rep\u00fablica Dominicana, Venezuela, Honduras, Guatemala, El Salvador, Canad\u00e1 y Todo Estados Unidos.","publisher":{"@id":"https:\/\/expresito.com\/home\/#organization"},"potentialAction":[{"@type":"SearchAction","target":{"@type":"EntryPoint","urlTemplate":"https:\/\/expresito.com\/home\/?s={search_term_string}"},"query-input":{"@type":"PropertyValueSpecification","valueRequired":true,"valueName":"search_term_string"}}],"inLanguage":"es"},{"@type":"Organization","@id":"https:\/\/expresito.com\/home\/#organization","name":"Expresito Carga","url":"https:\/\/expresito.com\/home\/","logo":{"@type":"ImageObject","inLanguage":"es","@id":"https:\/\/expresito.com\/home\/#\/schema\/logo\/image\/","url":"https:\/\/expresito.com\/home\/wp-content\/uploads\/2023\/12\/logo4.png","contentUrl":"https:\/\/expresito.com\/home\/wp-content\/uploads\/2023\/12\/logo4.png","width":1123,"height":232,"caption":"Expresito Carga"},"image":{"@id":"https:\/\/expresito.com\/home\/#\/schema\/logo\/image\/"},"sameAs":["https:\/\/www.facebook.com\/EXPRESITOCARGA?mibextid=ZbWKwL","https:\/\/x.com\/ExpresitoC","https:\/\/www.instagram.com\/expresitocarga?igsh=NDI1Z2xubGc1bm9q","https:\/\/www.tiktok.com\/@expresito?_t=8k1FMiVJLK2&_r=1","https:\/\/pin.it\/2W49waiNL"]}]}},"jetpack_sharing_enabled":true,"_links":{"self":[{"href":"https:\/\/expresito.com\/home\/wp-json\/wp\/v2\/pages\/812","targetHints":{"allow":["GET"]}}],"collection":[{"href":"https:\/\/expresito.com\/home\/wp-json\/wp\/v2\/pages"}],"about":[{"href":"https:\/\/expresito.com\/home\/wp-json\/wp\/v2\/types\/page"}],"author":[{"embeddable":true,"href":"https:\/\/expresito.com\/home\/wp-json\/wp\/v2\/users\/1"}],"replies":[{"embeddable":true,"href":"https:\/\/expresito.com\/home\/wp-json\/wp\/v2\/comments?post=812"}],"version-history":[{"count":98,"href":"https:\/\/expresito.com\/home\/wp-json\/wp\/v2\/pages\/812\/revisions"}],"predecessor-version":[{"id":6296,"href":"https:\/\/expresito.com\/home\/wp-json\/wp\/v2\/pages\/812\/revisions\/6296"}],"wp:attachment":[{"href":"https:\/\/expresito.com\/home\/wp-json\/wp\/v2\/media?parent=812"}],"curies":[{"name":"wp","href":"https:\/\/api.w.org\/{rel}","templated":true}]}}