{"id":3557,"date":"2024-02-02T16:41:01","date_gmt":"2024-02-02T21:41:01","guid":{"rendered":"https:\/\/expresito.com\/home\/?post_type=product&#038;p=3557"},"modified":"2024-02-02T16:41:49","modified_gmt":"2024-02-02T21:41:49","slug":"organic-sacha-inchi-oil-250-ml","status":"publish","type":"product","link":"https:\/\/expresito.com\/home\/producto\/organic-sacha-inchi-oil-250-ml\/","title":{"rendered":"ORGANIC SACHA INCHI OIL (250 ml)"},"content":{"rendered":"<p>&nbsp;<\/p>\n<p>El aceite org\u00e1nico de Sacha Inchi de Aliksir, derivado de las semillas de Plukenetia volubilis, cuenta con omega-3, antioxidantes y vitaminas para una salud \u00f3ptima.<\/p>\n<p>Extra\u00eddo cuidadosamente de las semillas de la planta Plukenetia volubilis, este aceite es un tesoro para su bienestar.<\/p>\n<p>Rico en \u00e1cidos grasos omega-3 y repleto de antioxidantes, vitaminas y minerales, el aceite de sacha inchi org\u00e1nico ofrece una amplia gama de beneficios para la salud. D<\/p>\n<p>esde fortalecer el sistema cardiovascular hasta mejorar la funci\u00f3n cerebral y realzar la luminosidad de la piel, este elixir dorado es un complemento esencial para su dieta saludable.<\/p>\n","protected":false},"excerpt":{"rendered":"<p>&nbsp; El aceite org\u00e1nico de Sacha Inchi de Aliksir, derivado de las semillas de Plukenetia volubilis, cuenta con omega-3, antioxidantes y vitaminas para una salud \u00f3ptima. Extra\u00eddo cuidadosamente de las semillas de la planta Plukenetia volubilis, este aceite es un tesoro para su bienestar. Rico en \u00e1cidos grasos omega-3 y repleto de antioxidantes, vitaminas y &hellip;<\/p>\n<p class=\"read-more\"> <a class=\"\" href=\"https:\/\/expresito.com\/home\/producto\/organic-sacha-inchi-oil-250-ml\/\"> <span class=\"screen-reader-text\">ORGANIC SACHA INCHI OIL (250 ml)<\/span> Leer m\u00e1s &raquo;<\/a><\/p>\n","protected":false},"featured_media":3558,"comment_status":"closed","ping_status":"closed","template":"","meta":{"_acf_changed":false,"wp_popup_display_lightbox":0,"wp_popup_suppress":"","wp_popup_trigger":"","wp_popup_trigger_amount":0,"wp_popup_disable_on_mobile":false,"site-sidebar-layout":"default","site-content-layout":"default","ast-global-header-display":"","ast-main-header-display":"","ast-hfb-above-header-display":"","ast-hfb-below-header-display":"","ast-hfb-mobile-header-display":"","site-post-title":"","ast-breadcrumbs-content":"","ast-featured-img":"","footer-sml-layout":"","theme-transparent-header-meta":"default","adv-header-id-meta":"","stick-header-meta":"","header-above-stick-meta":"","header-main-stick-meta":"","header-below-stick-meta":""},"product_cat":[15],"product_tag":[],"class_list":{"0":"post-3557","1":"product","2":"type-product","3":"status-publish","4":"has-post-thumbnail","6":"product_cat-todo","7":"desktop-align-left","8":"tablet-align-left","9":"mobile-align-left","11":"first","12":"instock","13":"taxable","14":"shipping-taxable","15":"purchasable","16":"product-type-simple"},"acf":[],"yoast_head":"<!-- This site is optimized with the Yoast SEO plugin v27.3 - https:\/\/yoast.com\/product\/yoast-seo-wordpress\/ -->\n<title>ORGANIC SACHA INCHI OIL (250 ml) - Expresito<\/title>\n<meta name=\"robots\" content=\"index, follow, max-snippet:-1, max-image-preview:large, max-video-preview:-1\" \/>\n<link rel=\"canonical\" href=\"https:\/\/expresito.com\/home\/producto\/organic-sacha-inchi-oil-250-ml\/\" \/>\n<meta property=\"og:locale\" content=\"es_ES\" \/>\n<meta property=\"og:type\" content=\"article\" \/>\n<meta property=\"og:title\" content=\"ORGANIC SACHA INCHI OIL (250 ml) - Expresito\" \/>\n<meta property=\"og:description\" content=\"&nbsp; El aceite org\u00e1nico de Sacha Inchi de Aliksir, derivado de las semillas de Plukenetia volubilis, cuenta con omega-3, antioxidantes y vitaminas para una salud \u00f3ptima. Extra\u00eddo cuidadosamente de las semillas de la planta Plukenetia volubilis, este aceite es un tesoro para su bienestar. Rico en \u00e1cidos grasos omega-3 y repleto de antioxidantes, vitaminas y &hellip; ORGANIC SACHA INCHI OIL (250 ml) Leer m\u00e1s &raquo;\" \/>\n<meta property=\"og:url\" content=\"https:\/\/expresito.com\/home\/producto\/organic-sacha-inchi-oil-250-ml\/\" \/>\n<meta property=\"og:site_name\" content=\"Expresito\" \/>\n<meta property=\"article:publisher\" content=\"https:\/\/www.facebook.com\/EXPRESITOCARGA?mibextid=ZbWKwL\" \/>\n<meta property=\"article:modified_time\" content=\"2024-02-02T21:41:49+00:00\" \/>\n<meta property=\"og:image\" content=\"https:\/\/expresito.com\/home\/wp-content\/uploads\/2024\/02\/imgprincipal-oil-sacha1.jpg\" \/>\n\t<meta property=\"og:image:width\" content=\"700\" \/>\n\t<meta property=\"og:image:height\" content=\"700\" \/>\n\t<meta property=\"og:image:type\" content=\"image\/jpeg\" \/>\n<meta name=\"twitter:card\" content=\"summary_large_image\" \/>\n<meta name=\"twitter:site\" content=\"@ExpresitoC\" \/>\n<meta name=\"twitter:label1\" content=\"Tiempo de lectura\" \/>\n\t<meta name=\"twitter:data1\" content=\"1 minuto\" \/>\n<script type=\"application\/ld+json\" class=\"yoast-schema-graph\">{\"@context\":\"https:\\\/\\\/schema.org\",\"@graph\":[{\"@type\":\"WebPage\",\"@id\":\"https:\\\/\\\/expresito.com\\\/home\\\/producto\\\/organic-sacha-inchi-oil-250-ml\\\/\",\"url\":\"https:\\\/\\\/expresito.com\\\/home\\\/producto\\\/organic-sacha-inchi-oil-250-ml\\\/\",\"name\":\"ORGANIC SACHA INCHI OIL (250 ml) - Expresito\",\"isPartOf\":{\"@id\":\"https:\\\/\\\/expresito.com\\\/home\\\/#website\"},\"primaryImageOfPage\":{\"@id\":\"https:\\\/\\\/expresito.com\\\/home\\\/producto\\\/organic-sacha-inchi-oil-250-ml\\\/#primaryimage\"},\"image\":{\"@id\":\"https:\\\/\\\/expresito.com\\\/home\\\/producto\\\/organic-sacha-inchi-oil-250-ml\\\/#primaryimage\"},\"thumbnailUrl\":\"https:\\\/\\\/expresito.com\\\/home\\\/wp-content\\\/uploads\\\/2024\\\/02\\\/imgprincipal-oil-sacha1.jpg\",\"datePublished\":\"2024-02-02T21:41:01+00:00\",\"dateModified\":\"2024-02-02T21:41:49+00:00\",\"breadcrumb\":{\"@id\":\"https:\\\/\\\/expresito.com\\\/home\\\/producto\\\/organic-sacha-inchi-oil-250-ml\\\/#breadcrumb\"},\"inLanguage\":\"es\",\"potentialAction\":[{\"@type\":\"ReadAction\",\"target\":[\"https:\\\/\\\/expresito.com\\\/home\\\/producto\\\/organic-sacha-inchi-oil-250-ml\\\/\"]}]},{\"@type\":\"ImageObject\",\"inLanguage\":\"es\",\"@id\":\"https:\\\/\\\/expresito.com\\\/home\\\/producto\\\/organic-sacha-inchi-oil-250-ml\\\/#primaryimage\",\"url\":\"https:\\\/\\\/expresito.com\\\/home\\\/wp-content\\\/uploads\\\/2024\\\/02\\\/imgprincipal-oil-sacha1.jpg\",\"contentUrl\":\"https:\\\/\\\/expresito.com\\\/home\\\/wp-content\\\/uploads\\\/2024\\\/02\\\/imgprincipal-oil-sacha1.jpg\",\"width\":700,\"height\":700},{\"@type\":\"BreadcrumbList\",\"@id\":\"https:\\\/\\\/expresito.com\\\/home\\\/producto\\\/organic-sacha-inchi-oil-250-ml\\\/#breadcrumb\",\"itemListElement\":[{\"@type\":\"ListItem\",\"position\":1,\"name\":\"Portada\",\"item\":\"https:\\\/\\\/expresito.com\\\/home\\\/\"},{\"@type\":\"ListItem\",\"position\":2,\"name\":\"Tienda\",\"item\":\"https:\\\/\\\/expresito.com\\\/home\\\/tienda\\\/\"},{\"@type\":\"ListItem\",\"position\":3,\"name\":\"ORGANIC SACHA INCHI OIL (250 ml)\"}]},{\"@type\":\"WebSite\",\"@id\":\"https:\\\/\\\/expresito.com\\\/home\\\/#website\",\"url\":\"https:\\\/\\\/expresito.com\\\/home\\\/\",\"name\":\"Expresito Carga- Envios a Latino America, Envios a Ecuador Y colombia\",\"description\":\"Carga y Correo a Colombia, Ecuador, Per\u00fa, M\u00e9xico, Rep\u00fablica Dominicana, Venezuela, Honduras, Guatemala, El Salvador, Canad\u00e1 y Todo Estados Unidos.\",\"publisher\":{\"@id\":\"https:\\\/\\\/expresito.com\\\/home\\\/#organization\"},\"potentialAction\":[{\"@type\":\"SearchAction\",\"target\":{\"@type\":\"EntryPoint\",\"urlTemplate\":\"https:\\\/\\\/expresito.com\\\/home\\\/?s={search_term_string}\"},\"query-input\":{\"@type\":\"PropertyValueSpecification\",\"valueRequired\":true,\"valueName\":\"search_term_string\"}}],\"inLanguage\":\"es\"},{\"@type\":\"Organization\",\"@id\":\"https:\\\/\\\/expresito.com\\\/home\\\/#organization\",\"name\":\"Expresito Carga\",\"url\":\"https:\\\/\\\/expresito.com\\\/home\\\/\",\"logo\":{\"@type\":\"ImageObject\",\"inLanguage\":\"es\",\"@id\":\"https:\\\/\\\/expresito.com\\\/home\\\/#\\\/schema\\\/logo\\\/image\\\/\",\"url\":\"https:\\\/\\\/expresito.com\\\/home\\\/wp-content\\\/uploads\\\/2023\\\/12\\\/logo4.png\",\"contentUrl\":\"https:\\\/\\\/expresito.com\\\/home\\\/wp-content\\\/uploads\\\/2023\\\/12\\\/logo4.png\",\"width\":1123,\"height\":232,\"caption\":\"Expresito Carga\"},\"image\":{\"@id\":\"https:\\\/\\\/expresito.com\\\/home\\\/#\\\/schema\\\/logo\\\/image\\\/\"},\"sameAs\":[\"https:\\\/\\\/www.facebook.com\\\/EXPRESITOCARGA?mibextid=ZbWKwL\",\"https:\\\/\\\/x.com\\\/ExpresitoC\",\"https:\\\/\\\/www.instagram.com\\\/expresitocarga?igsh=NDI1Z2xubGc1bm9q\",\"https:\\\/\\\/www.tiktok.com\\\/@expresito?_t=8k1FMiVJLK2&_r=1\",\"https:\\\/\\\/pin.it\\\/2W49waiNL\"]}]}<\/script>\n<!-- \/ Yoast SEO plugin. -->","yoast_head_json":{"title":"ORGANIC SACHA INCHI OIL (250 ml) - Expresito","robots":{"index":"index","follow":"follow","max-snippet":"max-snippet:-1","max-image-preview":"max-image-preview:large","max-video-preview":"max-video-preview:-1"},"canonical":"https:\/\/expresito.com\/home\/producto\/organic-sacha-inchi-oil-250-ml\/","og_locale":"es_ES","og_type":"article","og_title":"ORGANIC SACHA INCHI OIL (250 ml) - Expresito","og_description":"&nbsp; El aceite org\u00e1nico de Sacha Inchi de Aliksir, derivado de las semillas de Plukenetia volubilis, cuenta con omega-3, antioxidantes y vitaminas para una salud \u00f3ptima. Extra\u00eddo cuidadosamente de las semillas de la planta Plukenetia volubilis, este aceite es un tesoro para su bienestar. Rico en \u00e1cidos grasos omega-3 y repleto de antioxidantes, vitaminas y &hellip; ORGANIC SACHA INCHI OIL (250 ml) Leer m\u00e1s &raquo;","og_url":"https:\/\/expresito.com\/home\/producto\/organic-sacha-inchi-oil-250-ml\/","og_site_name":"Expresito","article_publisher":"https:\/\/www.facebook.com\/EXPRESITOCARGA?mibextid=ZbWKwL","article_modified_time":"2024-02-02T21:41:49+00:00","og_image":[{"width":700,"height":700,"url":"https:\/\/expresito.com\/home\/wp-content\/uploads\/2024\/02\/imgprincipal-oil-sacha1.jpg","type":"image\/jpeg"}],"twitter_card":"summary_large_image","twitter_site":"@ExpresitoC","twitter_misc":{"Tiempo de lectura":"1 minuto"},"schema":{"@context":"https:\/\/schema.org","@graph":[{"@type":"WebPage","@id":"https:\/\/expresito.com\/home\/producto\/organic-sacha-inchi-oil-250-ml\/","url":"https:\/\/expresito.com\/home\/producto\/organic-sacha-inchi-oil-250-ml\/","name":"ORGANIC SACHA INCHI OIL (250 ml) - Expresito","isPartOf":{"@id":"https:\/\/expresito.com\/home\/#website"},"primaryImageOfPage":{"@id":"https:\/\/expresito.com\/home\/producto\/organic-sacha-inchi-oil-250-ml\/#primaryimage"},"image":{"@id":"https:\/\/expresito.com\/home\/producto\/organic-sacha-inchi-oil-250-ml\/#primaryimage"},"thumbnailUrl":"https:\/\/expresito.com\/home\/wp-content\/uploads\/2024\/02\/imgprincipal-oil-sacha1.jpg","datePublished":"2024-02-02T21:41:01+00:00","dateModified":"2024-02-02T21:41:49+00:00","breadcrumb":{"@id":"https:\/\/expresito.com\/home\/producto\/organic-sacha-inchi-oil-250-ml\/#breadcrumb"},"inLanguage":"es","potentialAction":[{"@type":"ReadAction","target":["https:\/\/expresito.com\/home\/producto\/organic-sacha-inchi-oil-250-ml\/"]}]},{"@type":"ImageObject","inLanguage":"es","@id":"https:\/\/expresito.com\/home\/producto\/organic-sacha-inchi-oil-250-ml\/#primaryimage","url":"https:\/\/expresito.com\/home\/wp-content\/uploads\/2024\/02\/imgprincipal-oil-sacha1.jpg","contentUrl":"https:\/\/expresito.com\/home\/wp-content\/uploads\/2024\/02\/imgprincipal-oil-sacha1.jpg","width":700,"height":700},{"@type":"BreadcrumbList","@id":"https:\/\/expresito.com\/home\/producto\/organic-sacha-inchi-oil-250-ml\/#breadcrumb","itemListElement":[{"@type":"ListItem","position":1,"name":"Portada","item":"https:\/\/expresito.com\/home\/"},{"@type":"ListItem","position":2,"name":"Tienda","item":"https:\/\/expresito.com\/home\/tienda\/"},{"@type":"ListItem","position":3,"name":"ORGANIC SACHA INCHI OIL (250 ml)"}]},{"@type":"WebSite","@id":"https:\/\/expresito.com\/home\/#website","url":"https:\/\/expresito.com\/home\/","name":"Expresito Carga- Envios a Latino America, Envios a Ecuador Y colombia","description":"Carga y Correo a Colombia, Ecuador, Per\u00fa, M\u00e9xico, Rep\u00fablica Dominicana, Venezuela, Honduras, Guatemala, El Salvador, Canad\u00e1 y Todo Estados Unidos.","publisher":{"@id":"https:\/\/expresito.com\/home\/#organization"},"potentialAction":[{"@type":"SearchAction","target":{"@type":"EntryPoint","urlTemplate":"https:\/\/expresito.com\/home\/?s={search_term_string}"},"query-input":{"@type":"PropertyValueSpecification","valueRequired":true,"valueName":"search_term_string"}}],"inLanguage":"es"},{"@type":"Organization","@id":"https:\/\/expresito.com\/home\/#organization","name":"Expresito Carga","url":"https:\/\/expresito.com\/home\/","logo":{"@type":"ImageObject","inLanguage":"es","@id":"https:\/\/expresito.com\/home\/#\/schema\/logo\/image\/","url":"https:\/\/expresito.com\/home\/wp-content\/uploads\/2023\/12\/logo4.png","contentUrl":"https:\/\/expresito.com\/home\/wp-content\/uploads\/2023\/12\/logo4.png","width":1123,"height":232,"caption":"Expresito Carga"},"image":{"@id":"https:\/\/expresito.com\/home\/#\/schema\/logo\/image\/"},"sameAs":["https:\/\/www.facebook.com\/EXPRESITOCARGA?mibextid=ZbWKwL","https:\/\/x.com\/ExpresitoC","https:\/\/www.instagram.com\/expresitocarga?igsh=NDI1Z2xubGc1bm9q","https:\/\/www.tiktok.com\/@expresito?_t=8k1FMiVJLK2&_r=1","https:\/\/pin.it\/2W49waiNL"]}]}},"jetpack_sharing_enabled":true,"_links":{"self":[{"href":"https:\/\/expresito.com\/home\/wp-json\/wp\/v2\/product\/3557","targetHints":{"allow":["GET"]}}],"collection":[{"href":"https:\/\/expresito.com\/home\/wp-json\/wp\/v2\/product"}],"about":[{"href":"https:\/\/expresito.com\/home\/wp-json\/wp\/v2\/types\/product"}],"replies":[{"embeddable":true,"href":"https:\/\/expresito.com\/home\/wp-json\/wp\/v2\/comments?post=3557"}],"wp:featuredmedia":[{"embeddable":true,"href":"https:\/\/expresito.com\/home\/wp-json\/wp\/v2\/media\/3558"}],"wp:attachment":[{"href":"https:\/\/expresito.com\/home\/wp-json\/wp\/v2\/media?parent=3557"}],"wp:term":[{"taxonomy":"product_cat","embeddable":true,"href":"https:\/\/expresito.com\/home\/wp-json\/wp\/v2\/product_cat?post=3557"},{"taxonomy":"product_tag","embeddable":true,"href":"https:\/\/expresito.com\/home\/wp-json\/wp\/v2\/product_tag?post=3557"}],"curies":[{"name":"wp","href":"https:\/\/api.w.org\/{rel}","templated":true}]}}