{"id":4461,"date":"2024-05-22T22:42:54","date_gmt":"2024-05-23T02:42:54","guid":{"rendered":"https:\/\/expresito.com\/home\/?post_type=product&#038;p=4461"},"modified":"2026-02-20T01:07:18","modified_gmt":"2026-02-20T06:07:18","slug":"monitor-interior-camara","status":"publish","type":"product","link":"https:\/\/expresito.com\/home\/producto\/monitor-interior-camara\/","title":{"rendered":"Monitor Interior Camara"},"content":{"rendered":"<p><img fetchpriority=\"high\" decoding=\"async\" class=\"alignnone size-medium wp-image-4462\" src=\"https:\/\/expresito.com\/home\/wp-content\/uploads\/2024\/05\/20220702_f4040cac-c4ad-43e8-aada-d6d2dfaa5c6d2-251x300.png\" alt=\"\" width=\"251\" height=\"300\" srcset=\"https:\/\/expresito.com\/home\/wp-content\/uploads\/2024\/05\/20220702_f4040cac-c4ad-43e8-aada-d6d2dfaa5c6d2-251x300.png 251w, https:\/\/expresito.com\/home\/wp-content\/uploads\/2024\/05\/20220702_f4040cac-c4ad-43e8-aada-d6d2dfaa5c6d2-855x1024.png 855w, https:\/\/expresito.com\/home\/wp-content\/uploads\/2024\/05\/20220702_f4040cac-c4ad-43e8-aada-d6d2dfaa5c6d2-768x920.png 768w, https:\/\/expresito.com\/home\/wp-content\/uploads\/2024\/05\/20220702_f4040cac-c4ad-43e8-aada-d6d2dfaa5c6d2-600x719.png 600w, https:\/\/expresito.com\/home\/wp-content\/uploads\/2024\/05\/20220702_f4040cac-c4ad-43e8-aada-d6d2dfaa5c6d2.png 1002w\" sizes=\"(max-width: 251px) 100vw, 251px\" \/> <img decoding=\"async\" class=\"alignnone size-medium wp-image-4463\" src=\"https:\/\/expresito.com\/home\/wp-content\/uploads\/2024\/05\/5people2-300x300.webp\" alt=\"\" width=\"300\" height=\"300\" srcset=\"https:\/\/expresito.com\/home\/wp-content\/uploads\/2024\/05\/5people2-300x300.webp 300w, https:\/\/expresito.com\/home\/wp-content\/uploads\/2024\/05\/5people2-1024x1024.webp 1024w, https:\/\/expresito.com\/home\/wp-content\/uploads\/2024\/05\/5people2-150x150.webp 150w, https:\/\/expresito.com\/home\/wp-content\/uploads\/2024\/05\/5people2-768x768.webp 768w, https:\/\/expresito.com\/home\/wp-content\/uploads\/2024\/05\/5people2-600x600.webp 600w, https:\/\/expresito.com\/home\/wp-content\/uploads\/2024\/05\/5people2-100x100.webp 100w, https:\/\/expresito.com\/home\/wp-content\/uploads\/2024\/05\/5people2.webp 1400w\" sizes=\"(max-width: 300px) 100vw, 300px\" \/> <img decoding=\"async\" class=\"alignnone size-medium wp-image-4464\" src=\"https:\/\/expresito.com\/home\/wp-content\/uploads\/2024\/05\/5people1-300x300.webp\" alt=\"\" width=\"300\" height=\"300\" srcset=\"https:\/\/expresito.com\/home\/wp-content\/uploads\/2024\/05\/5people1-300x300.webp 300w, https:\/\/expresito.com\/home\/wp-content\/uploads\/2024\/05\/5people1-1024x1024.webp 1024w, https:\/\/expresito.com\/home\/wp-content\/uploads\/2024\/05\/5people1-150x150.webp 150w, https:\/\/expresito.com\/home\/wp-content\/uploads\/2024\/05\/5people1-768x768.webp 768w, https:\/\/expresito.com\/home\/wp-content\/uploads\/2024\/05\/5people1-600x600.webp 600w, https:\/\/expresito.com\/home\/wp-content\/uploads\/2024\/05\/5people1-100x100.webp 100w, https:\/\/expresito.com\/home\/wp-content\/uploads\/2024\/05\/5people1.webp 1400w\" sizes=\"(max-width: 300px) 100vw, 300px\" \/> <img loading=\"lazy\" decoding=\"async\" class=\"alignnone size-medium wp-image-4465\" src=\"https:\/\/expresito.com\/home\/wp-content\/uploads\/2024\/05\/hu-300x225.webp\" alt=\"\" width=\"300\" height=\"225\" srcset=\"https:\/\/expresito.com\/home\/wp-content\/uploads\/2024\/05\/hu-300x225.webp 300w, https:\/\/expresito.com\/home\/wp-content\/uploads\/2024\/05\/hu-600x449.webp 600w, https:\/\/expresito.com\/home\/wp-content\/uploads\/2024\/05\/hu.webp 700w\" sizes=\"(max-width: 300px) 100vw, 300px\" \/> <img loading=\"lazy\" decoding=\"async\" class=\"alignnone size-medium wp-image-4466\" src=\"https:\/\/expresito.com\/home\/wp-content\/uploads\/2024\/05\/5g_2-300x225.webp\" alt=\"\" width=\"300\" height=\"225\" srcset=\"https:\/\/expresito.com\/home\/wp-content\/uploads\/2024\/05\/5g_2-300x225.webp 300w, https:\/\/expresito.com\/home\/wp-content\/uploads\/2024\/05\/5g_2-600x449.webp 600w, https:\/\/expresito.com\/home\/wp-content\/uploads\/2024\/05\/5g_2.webp 700w\" sizes=\"(max-width: 300px) 100vw, 300px\" \/> <img loading=\"lazy\" decoding=\"async\" class=\"alignnone size-medium wp-image-4467\" src=\"https:\/\/expresito.com\/home\/wp-content\/uploads\/2024\/05\/86e2480a5a56e6fbfd350dcf78c13750_79f8b447-58ee-4d35-a85f-1e258c4a9117-300x300.webp\" alt=\"\" width=\"300\" height=\"300\" srcset=\"https:\/\/expresito.com\/home\/wp-content\/uploads\/2024\/05\/86e2480a5a56e6fbfd350dcf78c13750_79f8b447-58ee-4d35-a85f-1e258c4a9117-300x300.webp 300w, https:\/\/expresito.com\/home\/wp-content\/uploads\/2024\/05\/86e2480a5a56e6fbfd350dcf78c13750_79f8b447-58ee-4d35-a85f-1e258c4a9117-150x150.webp 150w, https:\/\/expresito.com\/home\/wp-content\/uploads\/2024\/05\/86e2480a5a56e6fbfd350dcf78c13750_79f8b447-58ee-4d35-a85f-1e258c4a9117-600x600.webp 600w, https:\/\/expresito.com\/home\/wp-content\/uploads\/2024\/05\/86e2480a5a56e6fbfd350dcf78c13750_79f8b447-58ee-4d35-a85f-1e258c4a9117-100x100.webp 100w, https:\/\/expresito.com\/home\/wp-content\/uploads\/2024\/05\/86e2480a5a56e6fbfd350dcf78c13750_79f8b447-58ee-4d35-a85f-1e258c4a9117.webp 700w\" sizes=\"(max-width: 300px) 100vw, 300px\" \/> <img loading=\"lazy\" decoding=\"async\" class=\"alignnone size-medium wp-image-4468\" src=\"https:\/\/expresito.com\/home\/wp-content\/uploads\/2024\/05\/2422fddef1cdde30694229130e1d8b6c_6be92dd1-3447-4b73-a744-ac6899019339-300x300.webp\" alt=\"\" width=\"300\" height=\"300\" srcset=\"https:\/\/expresito.com\/home\/wp-content\/uploads\/2024\/05\/2422fddef1cdde30694229130e1d8b6c_6be92dd1-3447-4b73-a744-ac6899019339-300x300.webp 300w, https:\/\/expresito.com\/home\/wp-content\/uploads\/2024\/05\/2422fddef1cdde30694229130e1d8b6c_6be92dd1-3447-4b73-a744-ac6899019339-150x150.webp 150w, https:\/\/expresito.com\/home\/wp-content\/uploads\/2024\/05\/2422fddef1cdde30694229130e1d8b6c_6be92dd1-3447-4b73-a744-ac6899019339-600x600.webp 600w, https:\/\/expresito.com\/home\/wp-content\/uploads\/2024\/05\/2422fddef1cdde30694229130e1d8b6c_6be92dd1-3447-4b73-a744-ac6899019339-100x100.webp 100w, https:\/\/expresito.com\/home\/wp-content\/uploads\/2024\/05\/2422fddef1cdde30694229130e1d8b6c_6be92dd1-3447-4b73-a744-ac6899019339.webp 700w\" sizes=\"(max-width: 300px) 100vw, 300px\" \/> <img loading=\"lazy\" decoding=\"async\" class=\"alignnone size-medium wp-image-4469\" src=\"https:\/\/expresito.com\/home\/wp-content\/uploads\/2024\/05\/5c17617e03701f00d8eb96a229bff3ca_06eddd18-ebf5-4754-99ad-a195194f7208-300x300.webp\" alt=\"\" width=\"300\" height=\"300\" srcset=\"https:\/\/expresito.com\/home\/wp-content\/uploads\/2024\/05\/5c17617e03701f00d8eb96a229bff3ca_06eddd18-ebf5-4754-99ad-a195194f7208-300x300.webp 300w, https:\/\/expresito.com\/home\/wp-content\/uploads\/2024\/05\/5c17617e03701f00d8eb96a229bff3ca_06eddd18-ebf5-4754-99ad-a195194f7208-150x150.webp 150w, https:\/\/expresito.com\/home\/wp-content\/uploads\/2024\/05\/5c17617e03701f00d8eb96a229bff3ca_06eddd18-ebf5-4754-99ad-a195194f7208-600x600.webp 600w, https:\/\/expresito.com\/home\/wp-content\/uploads\/2024\/05\/5c17617e03701f00d8eb96a229bff3ca_06eddd18-ebf5-4754-99ad-a195194f7208-100x100.webp 100w, https:\/\/expresito.com\/home\/wp-content\/uploads\/2024\/05\/5c17617e03701f00d8eb96a229bff3ca_06eddd18-ebf5-4754-99ad-a195194f7208.webp 700w\" sizes=\"(max-width: 300px) 100vw, 300px\" \/> <img loading=\"lazy\" decoding=\"async\" class=\"alignnone size-medium wp-image-4470\" src=\"https:\/\/expresito.com\/home\/wp-content\/uploads\/2024\/05\/7_93caa6c8-f96a-4321-9948-2fa81e39a2db-1-300x300.webp\" alt=\"\" width=\"300\" height=\"300\" srcset=\"https:\/\/expresito.com\/home\/wp-content\/uploads\/2024\/05\/7_93caa6c8-f96a-4321-9948-2fa81e39a2db-1-300x300.webp 300w, https:\/\/expresito.com\/home\/wp-content\/uploads\/2024\/05\/7_93caa6c8-f96a-4321-9948-2fa81e39a2db-1-150x150.webp 150w, https:\/\/expresito.com\/home\/wp-content\/uploads\/2024\/05\/7_93caa6c8-f96a-4321-9948-2fa81e39a2db-1-600x600.webp 600w, https:\/\/expresito.com\/home\/wp-content\/uploads\/2024\/05\/7_93caa6c8-f96a-4321-9948-2fa81e39a2db-1-100x100.webp 100w, https:\/\/expresito.com\/home\/wp-content\/uploads\/2024\/05\/7_93caa6c8-f96a-4321-9948-2fa81e39a2db-1.webp 700w\" sizes=\"(max-width: 300px) 100vw, 300px\" \/> <img loading=\"lazy\" decoding=\"async\" class=\"alignnone size-medium wp-image-4471\" src=\"https:\/\/expresito.com\/home\/wp-content\/uploads\/2024\/05\/5._f9160901-6668-4173-af5d-22784e5f6844-300x300.webp\" alt=\"\" width=\"300\" height=\"300\" srcset=\"https:\/\/expresito.com\/home\/wp-content\/uploads\/2024\/05\/5._f9160901-6668-4173-af5d-22784e5f6844-300x300.webp 300w, https:\/\/expresito.com\/home\/wp-content\/uploads\/2024\/05\/5._f9160901-6668-4173-af5d-22784e5f6844-150x150.webp 150w, https:\/\/expresito.com\/home\/wp-content\/uploads\/2024\/05\/5._f9160901-6668-4173-af5d-22784e5f6844-600x600.webp 600w, https:\/\/expresito.com\/home\/wp-content\/uploads\/2024\/05\/5._f9160901-6668-4173-af5d-22784e5f6844-100x100.webp 100w, https:\/\/expresito.com\/home\/wp-content\/uploads\/2024\/05\/5._f9160901-6668-4173-af5d-22784e5f6844.webp 700w\" sizes=\"(max-width: 300px) 100vw, 300px\" \/><\/p>\n","protected":false},"excerpt":{"rendered":"<p><strong>Entregado en Colombia, Ecuador y Mexico\u00a0<\/strong><strong style=\"font-size: 16px; font-style: normal;\"><img loading=\"lazy\" decoding=\"async\" class=\"alignnone wp-image-3284\" src=\"https:\/\/expresito.com\/home\/wp-content\/uploads\/2023\/12\/BANDERAS-09.png\" alt=\"\" width=\"89\" height=\"89\" srcset=\"https:\/\/expresito.com\/home\/wp-content\/uploads\/2023\/12\/BANDERAS-09.png 197w, https:\/\/expresito.com\/home\/wp-content\/uploads\/2023\/12\/BANDERAS-09-150x150.png 150w, https:\/\/expresito.com\/home\/wp-content\/uploads\/2023\/12\/BANDERAS-09-100x100.png 100w\" sizes=\"(max-width: 89px) 100vw, 89px\" \/><\/strong><strong>Puerta a puerta.\u00a0<\/strong><\/p>\n<p><strong>Entregado en Colombia, Ecuador\u00a0<\/strong><strong style=\"font-size: 16px;\">y Mexico\u00a0<\/strong><\/p>\n<p><strong>Puerta a puerta.\u00a0<\/strong><\/p>\n<ul>\n<li>Entregas en USA,\u00a0 Colombia, Ecuador y Mexico. ( Incluido )<\/li>\n<li>Interior Camara<\/li>\n<li>Pro-Use<\/li>\n<li>Multi Presence<\/li>\n<li>360-Degree Coverage<\/li>\n<li>Dual Wi-Fi Modes<\/li>\n<li>One-Touch Calls<\/li>\n<li>Smart Motion Tracking<\/li>\n<li>IR Night Vision<\/li>\n<li>Alexa Compatible<\/li>\n<\/ul>\n<p>&nbsp;<\/p>\n","protected":false},"featured_media":4462,"comment_status":"open","ping_status":"closed","template":"","meta":{"_acf_changed":false,"wp_popup_display_lightbox":0,"wp_popup_suppress":"","wp_popup_trigger":"","wp_popup_trigger_amount":0,"wp_popup_disable_on_mobile":false,"site-sidebar-layout":"default","site-content-layout":"default","ast-global-header-display":"","ast-main-header-display":"","ast-hfb-above-header-display":"","ast-hfb-below-header-display":"","ast-hfb-mobile-header-display":"","site-post-title":"","ast-breadcrumbs-content":"","ast-featured-img":"","footer-sml-layout":"","theme-transparent-header-meta":"default","adv-header-id-meta":"","stick-header-meta":"","header-above-stick-meta":"","header-main-stick-meta":"","header-below-stick-meta":""},"product_cat":[133],"product_tag":[134],"class_list":{"0":"post-4461","1":"product","2":"type-product","3":"status-publish","4":"has-post-thumbnail","6":"product_cat-camara","7":"product_tag-camara","8":"desktop-align-left","9":"tablet-align-left","10":"mobile-align-left","12":"first","13":"instock","14":"sale","15":"taxable","16":"shipping-taxable","17":"purchasable","18":"product-type-simple"},"acf":[],"yoast_head":"<!-- This site is optimized with the Yoast SEO plugin v27.3 - https:\/\/yoast.com\/product\/yoast-seo-wordpress\/ -->\n<title>Monitor Interior Camara - Expresito<\/title>\n<meta name=\"description\" content=\"AOSU Solar Security Camera Wireless Outdoor System, 3K\/5MP Battery Powered WiFi Camera for Home Security, Panoramic PTZ, Auto Tracking, Human\/Vehicle Detection, Night Vision, Spotlights, 2-Way Talk\" \/>\n<meta name=\"robots\" content=\"index, follow, max-snippet:-1, max-image-preview:large, max-video-preview:-1\" \/>\n<link rel=\"canonical\" href=\"https:\/\/expresito.com\/home\/producto\/monitor-interior-camara\/\" \/>\n<meta property=\"og:locale\" content=\"es_ES\" \/>\n<meta property=\"og:type\" content=\"article\" \/>\n<meta property=\"og:title\" content=\"Monitor Interior Camara - Expresito\" \/>\n<meta property=\"og:description\" content=\"AOSU Solar Security Camera Wireless Outdoor System, 3K\/5MP Battery Powered WiFi Camera for Home Security, Panoramic PTZ, Auto Tracking, Human\/Vehicle Detection, Night Vision, Spotlights, 2-Way Talk\" \/>\n<meta property=\"og:url\" content=\"https:\/\/expresito.com\/home\/producto\/monitor-interior-camara\/\" \/>\n<meta property=\"og:site_name\" content=\"Expresito\" \/>\n<meta property=\"article:publisher\" content=\"https:\/\/www.facebook.com\/EXPRESITOCARGA?mibextid=ZbWKwL\" \/>\n<meta property=\"article:modified_time\" content=\"2026-02-20T06:07:18+00:00\" \/>\n<meta property=\"og:image\" content=\"https:\/\/expresito.com\/home\/wp-content\/uploads\/2024\/05\/20220702_f4040cac-c4ad-43e8-aada-d6d2dfaa5c6d2.png\" \/>\n\t<meta property=\"og:image:width\" content=\"1002\" \/>\n\t<meta property=\"og:image:height\" content=\"1200\" \/>\n\t<meta property=\"og:image:type\" content=\"image\/png\" \/>\n<meta name=\"twitter:card\" content=\"summary_large_image\" \/>\n<meta name=\"twitter:site\" content=\"@ExpresitoC\" \/>\n<meta name=\"twitter:label1\" content=\"Tiempo de lectura\" \/>\n\t<meta name=\"twitter:data1\" content=\"3 minutos\" \/>\n<script type=\"application\/ld+json\" class=\"yoast-schema-graph\">{\"@context\":\"https:\\\/\\\/schema.org\",\"@graph\":[{\"@type\":\"WebPage\",\"@id\":\"https:\\\/\\\/expresito.com\\\/home\\\/producto\\\/monitor-interior-camara\\\/\",\"url\":\"https:\\\/\\\/expresito.com\\\/home\\\/producto\\\/monitor-interior-camara\\\/\",\"name\":\"Monitor Interior Camara - Expresito\",\"isPartOf\":{\"@id\":\"https:\\\/\\\/expresito.com\\\/home\\\/#website\"},\"primaryImageOfPage\":{\"@id\":\"https:\\\/\\\/expresito.com\\\/home\\\/producto\\\/monitor-interior-camara\\\/#primaryimage\"},\"image\":{\"@id\":\"https:\\\/\\\/expresito.com\\\/home\\\/producto\\\/monitor-interior-camara\\\/#primaryimage\"},\"thumbnailUrl\":\"https:\\\/\\\/expresito.com\\\/home\\\/wp-content\\\/uploads\\\/2024\\\/05\\\/20220702_f4040cac-c4ad-43e8-aada-d6d2dfaa5c6d2.png\",\"datePublished\":\"2024-05-23T02:42:54+00:00\",\"dateModified\":\"2026-02-20T06:07:18+00:00\",\"description\":\"AOSU Solar Security Camera Wireless Outdoor System, 3K\\\/5MP Battery Powered WiFi Camera for Home Security, Panoramic PTZ, Auto Tracking, Human\\\/Vehicle Detection, Night Vision, Spotlights, 2-Way Talk\",\"breadcrumb\":{\"@id\":\"https:\\\/\\\/expresito.com\\\/home\\\/producto\\\/monitor-interior-camara\\\/#breadcrumb\"},\"inLanguage\":\"es\",\"potentialAction\":[{\"@type\":\"ReadAction\",\"target\":[\"https:\\\/\\\/expresito.com\\\/home\\\/producto\\\/monitor-interior-camara\\\/\"]}]},{\"@type\":\"ImageObject\",\"inLanguage\":\"es\",\"@id\":\"https:\\\/\\\/expresito.com\\\/home\\\/producto\\\/monitor-interior-camara\\\/#primaryimage\",\"url\":\"https:\\\/\\\/expresito.com\\\/home\\\/wp-content\\\/uploads\\\/2024\\\/05\\\/20220702_f4040cac-c4ad-43e8-aada-d6d2dfaa5c6d2.png\",\"contentUrl\":\"https:\\\/\\\/expresito.com\\\/home\\\/wp-content\\\/uploads\\\/2024\\\/05\\\/20220702_f4040cac-c4ad-43e8-aada-d6d2dfaa5c6d2.png\",\"width\":1002,\"height\":1200},{\"@type\":\"BreadcrumbList\",\"@id\":\"https:\\\/\\\/expresito.com\\\/home\\\/producto\\\/monitor-interior-camara\\\/#breadcrumb\",\"itemListElement\":[{\"@type\":\"ListItem\",\"position\":1,\"name\":\"Portada\",\"item\":\"https:\\\/\\\/expresito.com\\\/home\\\/\"},{\"@type\":\"ListItem\",\"position\":2,\"name\":\"Tienda\",\"item\":\"https:\\\/\\\/expresito.com\\\/home\\\/tienda\\\/\"},{\"@type\":\"ListItem\",\"position\":3,\"name\":\"Monitor Interior Camara\"}]},{\"@type\":\"WebSite\",\"@id\":\"https:\\\/\\\/expresito.com\\\/home\\\/#website\",\"url\":\"https:\\\/\\\/expresito.com\\\/home\\\/\",\"name\":\"Expresito Carga- Envios a Latino America, Envios a Ecuador Y colombia\",\"description\":\"Carga y Correo a Colombia, Ecuador, Per\u00fa, M\u00e9xico, Rep\u00fablica Dominicana, Venezuela, Honduras, Guatemala, El Salvador, Canad\u00e1 y Todo Estados Unidos.\",\"publisher\":{\"@id\":\"https:\\\/\\\/expresito.com\\\/home\\\/#organization\"},\"potentialAction\":[{\"@type\":\"SearchAction\",\"target\":{\"@type\":\"EntryPoint\",\"urlTemplate\":\"https:\\\/\\\/expresito.com\\\/home\\\/?s={search_term_string}\"},\"query-input\":{\"@type\":\"PropertyValueSpecification\",\"valueRequired\":true,\"valueName\":\"search_term_string\"}}],\"inLanguage\":\"es\"},{\"@type\":\"Organization\",\"@id\":\"https:\\\/\\\/expresito.com\\\/home\\\/#organization\",\"name\":\"Expresito Carga\",\"url\":\"https:\\\/\\\/expresito.com\\\/home\\\/\",\"logo\":{\"@type\":\"ImageObject\",\"inLanguage\":\"es\",\"@id\":\"https:\\\/\\\/expresito.com\\\/home\\\/#\\\/schema\\\/logo\\\/image\\\/\",\"url\":\"https:\\\/\\\/expresito.com\\\/home\\\/wp-content\\\/uploads\\\/2023\\\/12\\\/logo4.png\",\"contentUrl\":\"https:\\\/\\\/expresito.com\\\/home\\\/wp-content\\\/uploads\\\/2023\\\/12\\\/logo4.png\",\"width\":1123,\"height\":232,\"caption\":\"Expresito Carga\"},\"image\":{\"@id\":\"https:\\\/\\\/expresito.com\\\/home\\\/#\\\/schema\\\/logo\\\/image\\\/\"},\"sameAs\":[\"https:\\\/\\\/www.facebook.com\\\/EXPRESITOCARGA?mibextid=ZbWKwL\",\"https:\\\/\\\/x.com\\\/ExpresitoC\",\"https:\\\/\\\/www.instagram.com\\\/expresitocarga?igsh=NDI1Z2xubGc1bm9q\",\"https:\\\/\\\/www.tiktok.com\\\/@expresito?_t=8k1FMiVJLK2&_r=1\",\"https:\\\/\\\/pin.it\\\/2W49waiNL\"]}]}<\/script>\n<!-- \/ Yoast SEO plugin. -->","yoast_head_json":{"title":"Monitor Interior Camara - Expresito","description":"AOSU Solar Security Camera Wireless Outdoor System, 3K\/5MP Battery Powered WiFi Camera for Home Security, Panoramic PTZ, Auto Tracking, Human\/Vehicle Detection, Night Vision, Spotlights, 2-Way Talk","robots":{"index":"index","follow":"follow","max-snippet":"max-snippet:-1","max-image-preview":"max-image-preview:large","max-video-preview":"max-video-preview:-1"},"canonical":"https:\/\/expresito.com\/home\/producto\/monitor-interior-camara\/","og_locale":"es_ES","og_type":"article","og_title":"Monitor Interior Camara - Expresito","og_description":"AOSU Solar Security Camera Wireless Outdoor System, 3K\/5MP Battery Powered WiFi Camera for Home Security, Panoramic PTZ, Auto Tracking, Human\/Vehicle Detection, Night Vision, Spotlights, 2-Way Talk","og_url":"https:\/\/expresito.com\/home\/producto\/monitor-interior-camara\/","og_site_name":"Expresito","article_publisher":"https:\/\/www.facebook.com\/EXPRESITOCARGA?mibextid=ZbWKwL","article_modified_time":"2026-02-20T06:07:18+00:00","og_image":[{"width":1002,"height":1200,"url":"https:\/\/expresito.com\/home\/wp-content\/uploads\/2024\/05\/20220702_f4040cac-c4ad-43e8-aada-d6d2dfaa5c6d2.png","type":"image\/png"}],"twitter_card":"summary_large_image","twitter_site":"@ExpresitoC","twitter_misc":{"Tiempo de lectura":"3 minutos"},"schema":{"@context":"https:\/\/schema.org","@graph":[{"@type":"WebPage","@id":"https:\/\/expresito.com\/home\/producto\/monitor-interior-camara\/","url":"https:\/\/expresito.com\/home\/producto\/monitor-interior-camara\/","name":"Monitor Interior Camara - Expresito","isPartOf":{"@id":"https:\/\/expresito.com\/home\/#website"},"primaryImageOfPage":{"@id":"https:\/\/expresito.com\/home\/producto\/monitor-interior-camara\/#primaryimage"},"image":{"@id":"https:\/\/expresito.com\/home\/producto\/monitor-interior-camara\/#primaryimage"},"thumbnailUrl":"https:\/\/expresito.com\/home\/wp-content\/uploads\/2024\/05\/20220702_f4040cac-c4ad-43e8-aada-d6d2dfaa5c6d2.png","datePublished":"2024-05-23T02:42:54+00:00","dateModified":"2026-02-20T06:07:18+00:00","description":"AOSU Solar Security Camera Wireless Outdoor System, 3K\/5MP Battery Powered WiFi Camera for Home Security, Panoramic PTZ, Auto Tracking, Human\/Vehicle Detection, Night Vision, Spotlights, 2-Way Talk","breadcrumb":{"@id":"https:\/\/expresito.com\/home\/producto\/monitor-interior-camara\/#breadcrumb"},"inLanguage":"es","potentialAction":[{"@type":"ReadAction","target":["https:\/\/expresito.com\/home\/producto\/monitor-interior-camara\/"]}]},{"@type":"ImageObject","inLanguage":"es","@id":"https:\/\/expresito.com\/home\/producto\/monitor-interior-camara\/#primaryimage","url":"https:\/\/expresito.com\/home\/wp-content\/uploads\/2024\/05\/20220702_f4040cac-c4ad-43e8-aada-d6d2dfaa5c6d2.png","contentUrl":"https:\/\/expresito.com\/home\/wp-content\/uploads\/2024\/05\/20220702_f4040cac-c4ad-43e8-aada-d6d2dfaa5c6d2.png","width":1002,"height":1200},{"@type":"BreadcrumbList","@id":"https:\/\/expresito.com\/home\/producto\/monitor-interior-camara\/#breadcrumb","itemListElement":[{"@type":"ListItem","position":1,"name":"Portada","item":"https:\/\/expresito.com\/home\/"},{"@type":"ListItem","position":2,"name":"Tienda","item":"https:\/\/expresito.com\/home\/tienda\/"},{"@type":"ListItem","position":3,"name":"Monitor Interior Camara"}]},{"@type":"WebSite","@id":"https:\/\/expresito.com\/home\/#website","url":"https:\/\/expresito.com\/home\/","name":"Expresito Carga- Envios a Latino America, Envios a Ecuador Y colombia","description":"Carga y Correo a Colombia, Ecuador, Per\u00fa, M\u00e9xico, Rep\u00fablica Dominicana, Venezuela, Honduras, Guatemala, El Salvador, Canad\u00e1 y Todo Estados Unidos.","publisher":{"@id":"https:\/\/expresito.com\/home\/#organization"},"potentialAction":[{"@type":"SearchAction","target":{"@type":"EntryPoint","urlTemplate":"https:\/\/expresito.com\/home\/?s={search_term_string}"},"query-input":{"@type":"PropertyValueSpecification","valueRequired":true,"valueName":"search_term_string"}}],"inLanguage":"es"},{"@type":"Organization","@id":"https:\/\/expresito.com\/home\/#organization","name":"Expresito Carga","url":"https:\/\/expresito.com\/home\/","logo":{"@type":"ImageObject","inLanguage":"es","@id":"https:\/\/expresito.com\/home\/#\/schema\/logo\/image\/","url":"https:\/\/expresito.com\/home\/wp-content\/uploads\/2023\/12\/logo4.png","contentUrl":"https:\/\/expresito.com\/home\/wp-content\/uploads\/2023\/12\/logo4.png","width":1123,"height":232,"caption":"Expresito Carga"},"image":{"@id":"https:\/\/expresito.com\/home\/#\/schema\/logo\/image\/"},"sameAs":["https:\/\/www.facebook.com\/EXPRESITOCARGA?mibextid=ZbWKwL","https:\/\/x.com\/ExpresitoC","https:\/\/www.instagram.com\/expresitocarga?igsh=NDI1Z2xubGc1bm9q","https:\/\/www.tiktok.com\/@expresito?_t=8k1FMiVJLK2&_r=1","https:\/\/pin.it\/2W49waiNL"]}]}},"jetpack_sharing_enabled":true,"_links":{"self":[{"href":"https:\/\/expresito.com\/home\/wp-json\/wp\/v2\/product\/4461","targetHints":{"allow":["GET"]}}],"collection":[{"href":"https:\/\/expresito.com\/home\/wp-json\/wp\/v2\/product"}],"about":[{"href":"https:\/\/expresito.com\/home\/wp-json\/wp\/v2\/types\/product"}],"replies":[{"embeddable":true,"href":"https:\/\/expresito.com\/home\/wp-json\/wp\/v2\/comments?post=4461"}],"wp:featuredmedia":[{"embeddable":true,"href":"https:\/\/expresito.com\/home\/wp-json\/wp\/v2\/media\/4462"}],"wp:attachment":[{"href":"https:\/\/expresito.com\/home\/wp-json\/wp\/v2\/media?parent=4461"}],"wp:term":[{"taxonomy":"product_cat","embeddable":true,"href":"https:\/\/expresito.com\/home\/wp-json\/wp\/v2\/product_cat?post=4461"},{"taxonomy":"product_tag","embeddable":true,"href":"https:\/\/expresito.com\/home\/wp-json\/wp\/v2\/product_tag?post=4461"}],"curies":[{"name":"wp","href":"https:\/\/api.w.org\/{rel}","templated":true}]}}