{"id":5719,"date":"2024-08-27T12:55:03","date_gmt":"2024-08-27T16:55:03","guid":{"rendered":"https:\/\/expresito.com\/home\/?post_type=product&#038;p=5719"},"modified":"2024-08-27T12:56:19","modified_gmt":"2024-08-27T16:56:19","slug":"aosu-doorbell-camera-wireless-5mp-ultra-hd-no-monthly-fee-2-4-5-ghz-wifi-video-doorbell-with-homebase-battery-wired-powered-work-with-alexa-google-assistant","status":"publish","type":"product","link":"https:\/\/expresito.com\/home\/producto\/aosu-doorbell-camera-wireless-5mp-ultra-hd-no-monthly-fee-2-4-5-ghz-wifi-video-doorbell-with-homebase-battery-wired-powered-work-with-alexa-google-assistant\/","title":{"rendered":"AOSU Doorbell Camera Wireless, 5MP Ultra HD, No Monthly Fee, 2.4\/5 GHz WiFi Video Doorbell with Homebase, Battery\/Wired Powered, Work with Alexa &amp; Google Assistant"},"content":{"rendered":"<ul class=\"a-unordered-list a-vertical a-spacing-mini\">\n<li class=\"a-spacing-mini\"><span class=\"a-list-item\">5MP UHD, 40% Improved From 2k: Adopted 7 pieces of an advanced ultra-clear optical glass lens ensures you get sharp, detailed images even in low-light or bright conditions.<\/span><\/li>\n<li class=\"a-spacing-mini\"><span class=\"a-list-item\">Triple Motion Detection, No False Alerts: Advanced radar and PIR motion sensors and intelligent human detection can distinguish between near and far objects&#8217; track, and judge whether they are people or animals.<\/span><\/li>\n<li class=\"a-spacing-mini\"><span class=\"a-list-item\">60 Days Loop Recording: Stored videos directly to your HomeBase with built-in 8G memory and view them anytime anywhere, no monthly fee.<\/span><\/li>\n<li class=\"a-spacing-mini\"><span class=\"a-list-item\">180 Days From 1 Charge: Built-in rechargeable battery and 58% consumption reduced low-power wireless connection, ensure 180 days of flawless front door coverage from 1 charge.<\/span><\/li>\n<li class=\"a-spacing-mini\"><span class=\"a-list-item\">166\u00b0 Field of View: You could see a person from head to toe or a package on the ground, there are no blind spots.<\/span><\/li>\n<\/ul>\n","protected":false},"excerpt":{"rendered":"<p>5MP UHD, 40% Improved From 2k: Adopted 7 pieces of an advanced ultra-clear optical glass lens ensures you get sharp, detailed images even in low-light or bright conditions. Triple Motion Detection, No False Alerts: Advanced radar and PIR motion sensors and intelligent human detection can distinguish between near and far objects&#8217; track, and judge whether &hellip;<\/p>\n<p class=\"read-more\"> <a class=\"\" href=\"https:\/\/expresito.com\/home\/producto\/aosu-doorbell-camera-wireless-5mp-ultra-hd-no-monthly-fee-2-4-5-ghz-wifi-video-doorbell-with-homebase-battery-wired-powered-work-with-alexa-google-assistant\/\"> <span class=\"screen-reader-text\">AOSU Doorbell Camera Wireless, 5MP Ultra HD, No Monthly Fee, 2.4\/5 GHz WiFi Video Doorbell with Homebase, Battery\/Wired Powered, Work with Alexa &amp; Google Assistant<\/span> Leer m\u00e1s &raquo;<\/a><\/p>\n","protected":false},"featured_media":5717,"comment_status":"closed","ping_status":"closed","template":"","meta":{"_acf_changed":false,"wp_popup_display_lightbox":0,"wp_popup_suppress":"","wp_popup_trigger":"","wp_popup_trigger_amount":0,"wp_popup_disable_on_mobile":false,"site-sidebar-layout":"default","site-content-layout":"default","ast-global-header-display":"","ast-main-header-display":"","ast-hfb-above-header-display":"","ast-hfb-below-header-display":"","ast-hfb-mobile-header-display":"","site-post-title":"","ast-breadcrumbs-content":"","ast-featured-img":"","footer-sml-layout":"","theme-transparent-header-meta":"default","adv-header-id-meta":"","stick-header-meta":"","header-above-stick-meta":"","header-main-stick-meta":"","header-below-stick-meta":""},"product_cat":[15],"product_tag":[],"class_list":{"0":"post-5719","1":"product","2":"type-product","3":"status-publish","4":"has-post-thumbnail","6":"product_cat-todo","7":"desktop-align-left","8":"tablet-align-left","9":"mobile-align-left","11":"first","12":"instock","13":"taxable","14":"shipping-taxable","15":"purchasable","16":"product-type-simple"},"acf":[],"yoast_head":"<!-- This site is optimized with the Yoast SEO plugin v27.4 - https:\/\/yoast.com\/product\/yoast-seo-wordpress\/ -->\n<title>AOSU Doorbell Camera Wireless, 5MP Ultra HD, No Monthly Fee, 2.4\/5 GHz WiFi Video Doorbell with Homebase, Battery\/Wired Powered, Work with Alexa &amp; Google Assistant - Expresito<\/title>\n<meta name=\"robots\" content=\"index, follow, max-snippet:-1, max-image-preview:large, max-video-preview:-1\" \/>\n<link rel=\"canonical\" href=\"https:\/\/expresito.com\/home\/producto\/aosu-doorbell-camera-wireless-5mp-ultra-hd-no-monthly-fee-2-4-5-ghz-wifi-video-doorbell-with-homebase-battery-wired-powered-work-with-alexa-google-assistant\/\" \/>\n<meta property=\"og:locale\" content=\"es_ES\" \/>\n<meta property=\"og:type\" content=\"article\" \/>\n<meta property=\"og:title\" content=\"AOSU Doorbell Camera Wireless, 5MP Ultra HD, No Monthly Fee, 2.4\/5 GHz WiFi Video Doorbell with Homebase, Battery\/Wired Powered, Work with Alexa &amp; Google Assistant - Expresito\" \/>\n<meta property=\"og:description\" content=\"5MP UHD, 40% Improved From 2k: Adopted 7 pieces of an advanced ultra-clear optical glass lens ensures you get sharp, detailed images even in low-light or bright conditions. Triple Motion Detection, No False Alerts: Advanced radar and PIR motion sensors and intelligent human detection can distinguish between near and far objects&#8217; track, and judge whether &hellip; AOSU Doorbell Camera Wireless, 5MP Ultra HD, No Monthly Fee, 2.4\/5 GHz WiFi Video Doorbell with Homebase, Battery\/Wired Powered, Work with Alexa &amp; Google Assistant Leer m\u00e1s &raquo;\" \/>\n<meta property=\"og:url\" content=\"https:\/\/expresito.com\/home\/producto\/aosu-doorbell-camera-wireless-5mp-ultra-hd-no-monthly-fee-2-4-5-ghz-wifi-video-doorbell-with-homebase-battery-wired-powered-work-with-alexa-google-assistant\/\" \/>\n<meta property=\"og:site_name\" content=\"Expresito\" \/>\n<meta property=\"article:publisher\" content=\"https:\/\/www.facebook.com\/EXPRESITOCARGA?mibextid=ZbWKwL\" \/>\n<meta property=\"article:modified_time\" content=\"2024-08-27T16:56:19+00:00\" \/>\n<meta property=\"og:image\" content=\"https:\/\/expresito.com\/home\/wp-content\/uploads\/2024\/08\/door1.png\" \/>\n\t<meta property=\"og:image:width\" content=\"742\" \/>\n\t<meta property=\"og:image:height\" content=\"696\" \/>\n\t<meta property=\"og:image:type\" content=\"image\/png\" \/>\n<meta name=\"twitter:card\" content=\"summary_large_image\" \/>\n<meta name=\"twitter:site\" content=\"@ExpresitoC\" \/>\n<meta name=\"twitter:label1\" content=\"Tiempo de lectura\" \/>\n\t<meta name=\"twitter:data1\" content=\"1 minuto\" \/>\n<script type=\"application\/ld+json\" class=\"yoast-schema-graph\">{\"@context\":\"https:\\\/\\\/schema.org\",\"@graph\":[{\"@type\":\"WebPage\",\"@id\":\"https:\\\/\\\/expresito.com\\\/home\\\/producto\\\/aosu-doorbell-camera-wireless-5mp-ultra-hd-no-monthly-fee-2-4-5-ghz-wifi-video-doorbell-with-homebase-battery-wired-powered-work-with-alexa-google-assistant\\\/\",\"url\":\"https:\\\/\\\/expresito.com\\\/home\\\/producto\\\/aosu-doorbell-camera-wireless-5mp-ultra-hd-no-monthly-fee-2-4-5-ghz-wifi-video-doorbell-with-homebase-battery-wired-powered-work-with-alexa-google-assistant\\\/\",\"name\":\"AOSU Doorbell Camera Wireless, 5MP Ultra HD, No Monthly Fee, 2.4\\\/5 GHz WiFi Video Doorbell with Homebase, Battery\\\/Wired Powered, Work with Alexa &amp; Google Assistant - Expresito\",\"isPartOf\":{\"@id\":\"https:\\\/\\\/expresito.com\\\/home\\\/#website\"},\"primaryImageOfPage\":{\"@id\":\"https:\\\/\\\/expresito.com\\\/home\\\/producto\\\/aosu-doorbell-camera-wireless-5mp-ultra-hd-no-monthly-fee-2-4-5-ghz-wifi-video-doorbell-with-homebase-battery-wired-powered-work-with-alexa-google-assistant\\\/#primaryimage\"},\"image\":{\"@id\":\"https:\\\/\\\/expresito.com\\\/home\\\/producto\\\/aosu-doorbell-camera-wireless-5mp-ultra-hd-no-monthly-fee-2-4-5-ghz-wifi-video-doorbell-with-homebase-battery-wired-powered-work-with-alexa-google-assistant\\\/#primaryimage\"},\"thumbnailUrl\":\"https:\\\/\\\/expresito.com\\\/home\\\/wp-content\\\/uploads\\\/2024\\\/08\\\/door1.png\",\"datePublished\":\"2024-08-27T16:55:03+00:00\",\"dateModified\":\"2024-08-27T16:56:19+00:00\",\"breadcrumb\":{\"@id\":\"https:\\\/\\\/expresito.com\\\/home\\\/producto\\\/aosu-doorbell-camera-wireless-5mp-ultra-hd-no-monthly-fee-2-4-5-ghz-wifi-video-doorbell-with-homebase-battery-wired-powered-work-with-alexa-google-assistant\\\/#breadcrumb\"},\"inLanguage\":\"es\",\"potentialAction\":[{\"@type\":\"ReadAction\",\"target\":[\"https:\\\/\\\/expresito.com\\\/home\\\/producto\\\/aosu-doorbell-camera-wireless-5mp-ultra-hd-no-monthly-fee-2-4-5-ghz-wifi-video-doorbell-with-homebase-battery-wired-powered-work-with-alexa-google-assistant\\\/\"]}]},{\"@type\":\"ImageObject\",\"inLanguage\":\"es\",\"@id\":\"https:\\\/\\\/expresito.com\\\/home\\\/producto\\\/aosu-doorbell-camera-wireless-5mp-ultra-hd-no-monthly-fee-2-4-5-ghz-wifi-video-doorbell-with-homebase-battery-wired-powered-work-with-alexa-google-assistant\\\/#primaryimage\",\"url\":\"https:\\\/\\\/expresito.com\\\/home\\\/wp-content\\\/uploads\\\/2024\\\/08\\\/door1.png\",\"contentUrl\":\"https:\\\/\\\/expresito.com\\\/home\\\/wp-content\\\/uploads\\\/2024\\\/08\\\/door1.png\",\"width\":742,\"height\":696},{\"@type\":\"BreadcrumbList\",\"@id\":\"https:\\\/\\\/expresito.com\\\/home\\\/producto\\\/aosu-doorbell-camera-wireless-5mp-ultra-hd-no-monthly-fee-2-4-5-ghz-wifi-video-doorbell-with-homebase-battery-wired-powered-work-with-alexa-google-assistant\\\/#breadcrumb\",\"itemListElement\":[{\"@type\":\"ListItem\",\"position\":1,\"name\":\"Portada\",\"item\":\"https:\\\/\\\/expresito.com\\\/home\\\/\"},{\"@type\":\"ListItem\",\"position\":2,\"name\":\"Tienda\",\"item\":\"https:\\\/\\\/expresito.com\\\/home\\\/tienda\\\/\"},{\"@type\":\"ListItem\",\"position\":3,\"name\":\"AOSU Doorbell Camera Wireless, 5MP Ultra HD, No Monthly Fee, 2.4\\\/5 GHz WiFi Video Doorbell with Homebase, Battery\\\/Wired Powered, Work with Alexa &amp; Google Assistant\"}]},{\"@type\":\"WebSite\",\"@id\":\"https:\\\/\\\/expresito.com\\\/home\\\/#website\",\"url\":\"https:\\\/\\\/expresito.com\\\/home\\\/\",\"name\":\"Expresito Carga- Envios a Latino America, Envios a Ecuador Y colombia\",\"description\":\"Carga y Correo a Colombia, Ecuador, Per\u00fa, M\u00e9xico, Rep\u00fablica Dominicana, Venezuela, Honduras, Guatemala, El Salvador, Canad\u00e1 y Todo Estados Unidos.\",\"publisher\":{\"@id\":\"https:\\\/\\\/expresito.com\\\/home\\\/#organization\"},\"potentialAction\":[{\"@type\":\"SearchAction\",\"target\":{\"@type\":\"EntryPoint\",\"urlTemplate\":\"https:\\\/\\\/expresito.com\\\/home\\\/?s={search_term_string}\"},\"query-input\":{\"@type\":\"PropertyValueSpecification\",\"valueRequired\":true,\"valueName\":\"search_term_string\"}}],\"inLanguage\":\"es\"},{\"@type\":\"Organization\",\"@id\":\"https:\\\/\\\/expresito.com\\\/home\\\/#organization\",\"name\":\"Expresito Carga\",\"url\":\"https:\\\/\\\/expresito.com\\\/home\\\/\",\"logo\":{\"@type\":\"ImageObject\",\"inLanguage\":\"es\",\"@id\":\"https:\\\/\\\/expresito.com\\\/home\\\/#\\\/schema\\\/logo\\\/image\\\/\",\"url\":\"https:\\\/\\\/expresito.com\\\/home\\\/wp-content\\\/uploads\\\/2023\\\/12\\\/logo4.png\",\"contentUrl\":\"https:\\\/\\\/expresito.com\\\/home\\\/wp-content\\\/uploads\\\/2023\\\/12\\\/logo4.png\",\"width\":1123,\"height\":232,\"caption\":\"Expresito Carga\"},\"image\":{\"@id\":\"https:\\\/\\\/expresito.com\\\/home\\\/#\\\/schema\\\/logo\\\/image\\\/\"},\"sameAs\":[\"https:\\\/\\\/www.facebook.com\\\/EXPRESITOCARGA?mibextid=ZbWKwL\",\"https:\\\/\\\/x.com\\\/ExpresitoC\",\"https:\\\/\\\/www.instagram.com\\\/expresitocarga?igsh=NDI1Z2xubGc1bm9q\",\"https:\\\/\\\/www.tiktok.com\\\/@expresito?_t=8k1FMiVJLK2&_r=1\",\"https:\\\/\\\/pin.it\\\/2W49waiNL\"]}]}<\/script>\n<!-- \/ Yoast SEO plugin. -->","yoast_head_json":{"title":"AOSU Doorbell Camera Wireless, 5MP Ultra HD, No Monthly Fee, 2.4\/5 GHz WiFi Video Doorbell with Homebase, Battery\/Wired Powered, Work with Alexa &amp; Google Assistant - Expresito","robots":{"index":"index","follow":"follow","max-snippet":"max-snippet:-1","max-image-preview":"max-image-preview:large","max-video-preview":"max-video-preview:-1"},"canonical":"https:\/\/expresito.com\/home\/producto\/aosu-doorbell-camera-wireless-5mp-ultra-hd-no-monthly-fee-2-4-5-ghz-wifi-video-doorbell-with-homebase-battery-wired-powered-work-with-alexa-google-assistant\/","og_locale":"es_ES","og_type":"article","og_title":"AOSU Doorbell Camera Wireless, 5MP Ultra HD, No Monthly Fee, 2.4\/5 GHz WiFi Video Doorbell with Homebase, Battery\/Wired Powered, Work with Alexa &amp; Google Assistant - Expresito","og_description":"5MP UHD, 40% Improved From 2k: Adopted 7 pieces of an advanced ultra-clear optical glass lens ensures you get sharp, detailed images even in low-light or bright conditions. Triple Motion Detection, No False Alerts: Advanced radar and PIR motion sensors and intelligent human detection can distinguish between near and far objects&#8217; track, and judge whether &hellip; AOSU Doorbell Camera Wireless, 5MP Ultra HD, No Monthly Fee, 2.4\/5 GHz WiFi Video Doorbell with Homebase, Battery\/Wired Powered, Work with Alexa &amp; Google Assistant Leer m\u00e1s &raquo;","og_url":"https:\/\/expresito.com\/home\/producto\/aosu-doorbell-camera-wireless-5mp-ultra-hd-no-monthly-fee-2-4-5-ghz-wifi-video-doorbell-with-homebase-battery-wired-powered-work-with-alexa-google-assistant\/","og_site_name":"Expresito","article_publisher":"https:\/\/www.facebook.com\/EXPRESITOCARGA?mibextid=ZbWKwL","article_modified_time":"2024-08-27T16:56:19+00:00","og_image":[{"width":742,"height":696,"url":"https:\/\/expresito.com\/home\/wp-content\/uploads\/2024\/08\/door1.png","type":"image\/png"}],"twitter_card":"summary_large_image","twitter_site":"@ExpresitoC","twitter_misc":{"Tiempo de lectura":"1 minuto"},"schema":{"@context":"https:\/\/schema.org","@graph":[{"@type":"WebPage","@id":"https:\/\/expresito.com\/home\/producto\/aosu-doorbell-camera-wireless-5mp-ultra-hd-no-monthly-fee-2-4-5-ghz-wifi-video-doorbell-with-homebase-battery-wired-powered-work-with-alexa-google-assistant\/","url":"https:\/\/expresito.com\/home\/producto\/aosu-doorbell-camera-wireless-5mp-ultra-hd-no-monthly-fee-2-4-5-ghz-wifi-video-doorbell-with-homebase-battery-wired-powered-work-with-alexa-google-assistant\/","name":"AOSU Doorbell Camera Wireless, 5MP Ultra HD, No Monthly Fee, 2.4\/5 GHz WiFi Video Doorbell with Homebase, Battery\/Wired Powered, Work with Alexa &amp; Google Assistant - Expresito","isPartOf":{"@id":"https:\/\/expresito.com\/home\/#website"},"primaryImageOfPage":{"@id":"https:\/\/expresito.com\/home\/producto\/aosu-doorbell-camera-wireless-5mp-ultra-hd-no-monthly-fee-2-4-5-ghz-wifi-video-doorbell-with-homebase-battery-wired-powered-work-with-alexa-google-assistant\/#primaryimage"},"image":{"@id":"https:\/\/expresito.com\/home\/producto\/aosu-doorbell-camera-wireless-5mp-ultra-hd-no-monthly-fee-2-4-5-ghz-wifi-video-doorbell-with-homebase-battery-wired-powered-work-with-alexa-google-assistant\/#primaryimage"},"thumbnailUrl":"https:\/\/expresito.com\/home\/wp-content\/uploads\/2024\/08\/door1.png","datePublished":"2024-08-27T16:55:03+00:00","dateModified":"2024-08-27T16:56:19+00:00","breadcrumb":{"@id":"https:\/\/expresito.com\/home\/producto\/aosu-doorbell-camera-wireless-5mp-ultra-hd-no-monthly-fee-2-4-5-ghz-wifi-video-doorbell-with-homebase-battery-wired-powered-work-with-alexa-google-assistant\/#breadcrumb"},"inLanguage":"es","potentialAction":[{"@type":"ReadAction","target":["https:\/\/expresito.com\/home\/producto\/aosu-doorbell-camera-wireless-5mp-ultra-hd-no-monthly-fee-2-4-5-ghz-wifi-video-doorbell-with-homebase-battery-wired-powered-work-with-alexa-google-assistant\/"]}]},{"@type":"ImageObject","inLanguage":"es","@id":"https:\/\/expresito.com\/home\/producto\/aosu-doorbell-camera-wireless-5mp-ultra-hd-no-monthly-fee-2-4-5-ghz-wifi-video-doorbell-with-homebase-battery-wired-powered-work-with-alexa-google-assistant\/#primaryimage","url":"https:\/\/expresito.com\/home\/wp-content\/uploads\/2024\/08\/door1.png","contentUrl":"https:\/\/expresito.com\/home\/wp-content\/uploads\/2024\/08\/door1.png","width":742,"height":696},{"@type":"BreadcrumbList","@id":"https:\/\/expresito.com\/home\/producto\/aosu-doorbell-camera-wireless-5mp-ultra-hd-no-monthly-fee-2-4-5-ghz-wifi-video-doorbell-with-homebase-battery-wired-powered-work-with-alexa-google-assistant\/#breadcrumb","itemListElement":[{"@type":"ListItem","position":1,"name":"Portada","item":"https:\/\/expresito.com\/home\/"},{"@type":"ListItem","position":2,"name":"Tienda","item":"https:\/\/expresito.com\/home\/tienda\/"},{"@type":"ListItem","position":3,"name":"AOSU Doorbell Camera Wireless, 5MP Ultra HD, No Monthly Fee, 2.4\/5 GHz WiFi Video Doorbell with Homebase, Battery\/Wired Powered, Work with Alexa &amp; Google Assistant"}]},{"@type":"WebSite","@id":"https:\/\/expresito.com\/home\/#website","url":"https:\/\/expresito.com\/home\/","name":"Expresito Carga- Envios a Latino America, Envios a Ecuador Y colombia","description":"Carga y Correo a Colombia, Ecuador, Per\u00fa, M\u00e9xico, Rep\u00fablica Dominicana, Venezuela, Honduras, Guatemala, El Salvador, Canad\u00e1 y Todo Estados Unidos.","publisher":{"@id":"https:\/\/expresito.com\/home\/#organization"},"potentialAction":[{"@type":"SearchAction","target":{"@type":"EntryPoint","urlTemplate":"https:\/\/expresito.com\/home\/?s={search_term_string}"},"query-input":{"@type":"PropertyValueSpecification","valueRequired":true,"valueName":"search_term_string"}}],"inLanguage":"es"},{"@type":"Organization","@id":"https:\/\/expresito.com\/home\/#organization","name":"Expresito Carga","url":"https:\/\/expresito.com\/home\/","logo":{"@type":"ImageObject","inLanguage":"es","@id":"https:\/\/expresito.com\/home\/#\/schema\/logo\/image\/","url":"https:\/\/expresito.com\/home\/wp-content\/uploads\/2023\/12\/logo4.png","contentUrl":"https:\/\/expresito.com\/home\/wp-content\/uploads\/2023\/12\/logo4.png","width":1123,"height":232,"caption":"Expresito Carga"},"image":{"@id":"https:\/\/expresito.com\/home\/#\/schema\/logo\/image\/"},"sameAs":["https:\/\/www.facebook.com\/EXPRESITOCARGA?mibextid=ZbWKwL","https:\/\/x.com\/ExpresitoC","https:\/\/www.instagram.com\/expresitocarga?igsh=NDI1Z2xubGc1bm9q","https:\/\/www.tiktok.com\/@expresito?_t=8k1FMiVJLK2&_r=1","https:\/\/pin.it\/2W49waiNL"]}]}},"jetpack_sharing_enabled":true,"_links":{"self":[{"href":"https:\/\/expresito.com\/home\/wp-json\/wp\/v2\/product\/5719","targetHints":{"allow":["GET"]}}],"collection":[{"href":"https:\/\/expresito.com\/home\/wp-json\/wp\/v2\/product"}],"about":[{"href":"https:\/\/expresito.com\/home\/wp-json\/wp\/v2\/types\/product"}],"replies":[{"embeddable":true,"href":"https:\/\/expresito.com\/home\/wp-json\/wp\/v2\/comments?post=5719"}],"wp:featuredmedia":[{"embeddable":true,"href":"https:\/\/expresito.com\/home\/wp-json\/wp\/v2\/media\/5717"}],"wp:attachment":[{"href":"https:\/\/expresito.com\/home\/wp-json\/wp\/v2\/media?parent=5719"}],"wp:term":[{"taxonomy":"product_cat","embeddable":true,"href":"https:\/\/expresito.com\/home\/wp-json\/wp\/v2\/product_cat?post=5719"},{"taxonomy":"product_tag","embeddable":true,"href":"https:\/\/expresito.com\/home\/wp-json\/wp\/v2\/product_tag?post=5719"}],"curies":[{"name":"wp","href":"https:\/\/api.w.org\/{rel}","templated":true}]}}