{"id":5730,"date":"2024-08-29T00:31:15","date_gmt":"2024-08-29T04:31:15","guid":{"rendered":"https:\/\/expresito.com\/home\/?post_type=product&#038;p=5730"},"modified":"2024-08-29T00:32:02","modified_gmt":"2024-08-29T04:32:02","slug":"have-one-to-sell-sell-now-similar-items-sponsored-feedback-on-our-suggestions-see-all-solar-battery-powered-wifi-outdoor-pan-tilt-home-security-camera-system-wireless-new-54-99-free-2-3-day-shipp","status":"publish","type":"product","link":"https:\/\/expresito.com\/home\/producto\/have-one-to-sell-sell-now-similar-items-sponsored-feedback-on-our-suggestions-see-all-solar-battery-powered-wifi-outdoor-pan-tilt-home-security-camera-system-wireless-new-54-99-free-2-3-day-shipp\/","title":{"rendered":"AOSU Solar Camera Security Outdoor &#8211; 100% Wire-Free Security Cameras Wireless"},"content":{"rendered":"<ul>\n<li>Simple installation &#8211; App voice guidance to connect the camera, complete and detailed manual can ensure you complete all steps quickly. Don&#8217;t be bothered by complicated wires, you can quickly install your security camera with fixed solar panel at any time. Installed once for permanent use.<\/li>\n<li>360-Degree Coverage &amp; 2K Crisp Image &#8211; This solar security camera with Panoramic PTZ can rotate to wherever you tap on the 360-degree panorama, allowing you to quickly check every corner and ensure full protection for your home.Features in upgraded real 2K resolution to capture crisp details day and night.<\/li>\n<li>Automatic Human Tracking &#8211; When human motion is detected, the solar security cameras wireless outdoor automatically focuses on and tracks the moving people to record a more detailed event. Enjoy peace of mind knowing that your property is under great surveillance.<\/li>\n<li>Forever Power &#8211; 100% wireless free. Daily direct sunlight is enough to power the AOSU wireless camera continuously, so you never have to change the battery regularly. Solar powered security cameras utilize sunlight to recharge their batteries, focusing on an environmentally friendly and energy-saving concept.Put it on the wall, then you could start 365 days surveillance.\uff08Note: 2.4GHz WiFi ONLY\uff09<\/li>\n<li>After Sale Service &#8211; AOSU is dedicated to provide you with the best quality outdoor solar camera with latest tech. More surprise to explore: compatible with Alexa and Google Assistant\/ IP65 Weatherproof\/ Smart Alerts\/ 2 ways for storage.<\/li>\n<\/ul>\n","protected":false},"excerpt":{"rendered":"<p>Simple installation &#8211; App voice guidance to connect the camera, complete and detailed manual can ensure you complete all steps quickly. Don&#8217;t be bothered by complicated wires, you can quickly install your security camera with fixed solar panel at any time. Installed once for permanent use. 360-Degree Coverage &amp; 2K Crisp Image &#8211; This solar &hellip;<\/p>\n<p class=\"read-more\"> <a class=\"\" href=\"https:\/\/expresito.com\/home\/producto\/have-one-to-sell-sell-now-similar-items-sponsored-feedback-on-our-suggestions-see-all-solar-battery-powered-wifi-outdoor-pan-tilt-home-security-camera-system-wireless-new-54-99-free-2-3-day-shipp\/\"> <span class=\"screen-reader-text\">AOSU Solar Camera Security Outdoor &#8211; 100% Wire-Free Security Cameras Wireless<\/span> Leer m\u00e1s &raquo;<\/a><\/p>\n","protected":false},"featured_media":5735,"comment_status":"closed","ping_status":"closed","template":"","meta":{"_acf_changed":false,"wp_popup_display_lightbox":0,"wp_popup_suppress":"","wp_popup_trigger":"","wp_popup_trigger_amount":0,"wp_popup_disable_on_mobile":false,"site-sidebar-layout":"default","site-content-layout":"default","ast-global-header-display":"","ast-main-header-display":"","ast-hfb-above-header-display":"","ast-hfb-below-header-display":"","ast-hfb-mobile-header-display":"","site-post-title":"","ast-breadcrumbs-content":"","ast-featured-img":"","footer-sml-layout":"","theme-transparent-header-meta":"default","adv-header-id-meta":"","stick-header-meta":"","header-above-stick-meta":"","header-main-stick-meta":"","header-below-stick-meta":""},"product_cat":[15],"product_tag":[],"class_list":{"0":"post-5730","1":"product","2":"type-product","3":"status-publish","4":"has-post-thumbnail","6":"product_cat-todo","7":"desktop-align-left","8":"tablet-align-left","9":"mobile-align-left","11":"first","12":"instock","13":"taxable","14":"shipping-taxable","15":"purchasable","16":"product-type-simple"},"acf":[],"yoast_head":"<!-- This site is optimized with the Yoast SEO plugin v27.3 - https:\/\/yoast.com\/product\/yoast-seo-wordpress\/ -->\n<title>AOSU Solar Camera Security Outdoor - 100% Wire-Free Security Cameras Wireless - Expresito<\/title>\n<meta name=\"robots\" content=\"index, follow, max-snippet:-1, max-image-preview:large, max-video-preview:-1\" \/>\n<link rel=\"canonical\" href=\"https:\/\/expresito.com\/home\/producto\/have-one-to-sell-sell-now-similar-items-sponsored-feedback-on-our-suggestions-see-all-solar-battery-powered-wifi-outdoor-pan-tilt-home-security-camera-system-wireless-new-54-99-free-2-3-day-shipp\/\" \/>\n<meta property=\"og:locale\" content=\"es_ES\" \/>\n<meta property=\"og:type\" content=\"article\" \/>\n<meta property=\"og:title\" content=\"AOSU Solar Camera Security Outdoor - 100% Wire-Free Security Cameras Wireless - Expresito\" \/>\n<meta property=\"og:description\" content=\"Simple installation &#8211; App voice guidance to connect the camera, complete and detailed manual can ensure you complete all steps quickly. Don&#8217;t be bothered by complicated wires, you can quickly install your security camera with fixed solar panel at any time. Installed once for permanent use. 360-Degree Coverage &amp; 2K Crisp Image &#8211; This solar &hellip; AOSU Solar Camera Security Outdoor &#8211; 100% Wire-Free Security Cameras Wireless Leer m\u00e1s &raquo;\" \/>\n<meta property=\"og:url\" content=\"https:\/\/expresito.com\/home\/producto\/have-one-to-sell-sell-now-similar-items-sponsored-feedback-on-our-suggestions-see-all-solar-battery-powered-wifi-outdoor-pan-tilt-home-security-camera-system-wireless-new-54-99-free-2-3-day-shipp\/\" \/>\n<meta property=\"og:site_name\" content=\"Expresito\" \/>\n<meta property=\"article:publisher\" content=\"https:\/\/www.facebook.com\/EXPRESITOCARGA?mibextid=ZbWKwL\" \/>\n<meta property=\"article:modified_time\" content=\"2024-08-29T04:32:02+00:00\" \/>\n<meta property=\"og:image\" content=\"https:\/\/expresito.com\/home\/wp-content\/uploads\/2024\/08\/Screenshot-2024-07-18-141456.png\" \/>\n\t<meta property=\"og:image:width\" content=\"550\" \/>\n\t<meta property=\"og:image:height\" content=\"691\" \/>\n\t<meta property=\"og:image:type\" content=\"image\/png\" \/>\n<meta name=\"twitter:card\" content=\"summary_large_image\" \/>\n<meta name=\"twitter:site\" content=\"@ExpresitoC\" \/>\n<meta name=\"twitter:label1\" content=\"Tiempo de lectura\" \/>\n\t<meta name=\"twitter:data1\" content=\"2 minutos\" \/>\n<script type=\"application\/ld+json\" class=\"yoast-schema-graph\">{\"@context\":\"https:\\\/\\\/schema.org\",\"@graph\":[{\"@type\":\"WebPage\",\"@id\":\"https:\\\/\\\/expresito.com\\\/home\\\/producto\\\/have-one-to-sell-sell-now-similar-items-sponsored-feedback-on-our-suggestions-see-all-solar-battery-powered-wifi-outdoor-pan-tilt-home-security-camera-system-wireless-new-54-99-free-2-3-day-shipp\\\/\",\"url\":\"https:\\\/\\\/expresito.com\\\/home\\\/producto\\\/have-one-to-sell-sell-now-similar-items-sponsored-feedback-on-our-suggestions-see-all-solar-battery-powered-wifi-outdoor-pan-tilt-home-security-camera-system-wireless-new-54-99-free-2-3-day-shipp\\\/\",\"name\":\"AOSU Solar Camera Security Outdoor - 100% Wire-Free Security Cameras Wireless - Expresito\",\"isPartOf\":{\"@id\":\"https:\\\/\\\/expresito.com\\\/home\\\/#website\"},\"primaryImageOfPage\":{\"@id\":\"https:\\\/\\\/expresito.com\\\/home\\\/producto\\\/have-one-to-sell-sell-now-similar-items-sponsored-feedback-on-our-suggestions-see-all-solar-battery-powered-wifi-outdoor-pan-tilt-home-security-camera-system-wireless-new-54-99-free-2-3-day-shipp\\\/#primaryimage\"},\"image\":{\"@id\":\"https:\\\/\\\/expresito.com\\\/home\\\/producto\\\/have-one-to-sell-sell-now-similar-items-sponsored-feedback-on-our-suggestions-see-all-solar-battery-powered-wifi-outdoor-pan-tilt-home-security-camera-system-wireless-new-54-99-free-2-3-day-shipp\\\/#primaryimage\"},\"thumbnailUrl\":\"https:\\\/\\\/expresito.com\\\/home\\\/wp-content\\\/uploads\\\/2024\\\/08\\\/Screenshot-2024-07-18-141456.png\",\"datePublished\":\"2024-08-29T04:31:15+00:00\",\"dateModified\":\"2024-08-29T04:32:02+00:00\",\"breadcrumb\":{\"@id\":\"https:\\\/\\\/expresito.com\\\/home\\\/producto\\\/have-one-to-sell-sell-now-similar-items-sponsored-feedback-on-our-suggestions-see-all-solar-battery-powered-wifi-outdoor-pan-tilt-home-security-camera-system-wireless-new-54-99-free-2-3-day-shipp\\\/#breadcrumb\"},\"inLanguage\":\"es\",\"potentialAction\":[{\"@type\":\"ReadAction\",\"target\":[\"https:\\\/\\\/expresito.com\\\/home\\\/producto\\\/have-one-to-sell-sell-now-similar-items-sponsored-feedback-on-our-suggestions-see-all-solar-battery-powered-wifi-outdoor-pan-tilt-home-security-camera-system-wireless-new-54-99-free-2-3-day-shipp\\\/\"]}]},{\"@type\":\"ImageObject\",\"inLanguage\":\"es\",\"@id\":\"https:\\\/\\\/expresito.com\\\/home\\\/producto\\\/have-one-to-sell-sell-now-similar-items-sponsored-feedback-on-our-suggestions-see-all-solar-battery-powered-wifi-outdoor-pan-tilt-home-security-camera-system-wireless-new-54-99-free-2-3-day-shipp\\\/#primaryimage\",\"url\":\"https:\\\/\\\/expresito.com\\\/home\\\/wp-content\\\/uploads\\\/2024\\\/08\\\/Screenshot-2024-07-18-141456.png\",\"contentUrl\":\"https:\\\/\\\/expresito.com\\\/home\\\/wp-content\\\/uploads\\\/2024\\\/08\\\/Screenshot-2024-07-18-141456.png\",\"width\":550,\"height\":691},{\"@type\":\"BreadcrumbList\",\"@id\":\"https:\\\/\\\/expresito.com\\\/home\\\/producto\\\/have-one-to-sell-sell-now-similar-items-sponsored-feedback-on-our-suggestions-see-all-solar-battery-powered-wifi-outdoor-pan-tilt-home-security-camera-system-wireless-new-54-99-free-2-3-day-shipp\\\/#breadcrumb\",\"itemListElement\":[{\"@type\":\"ListItem\",\"position\":1,\"name\":\"Portada\",\"item\":\"https:\\\/\\\/expresito.com\\\/home\\\/\"},{\"@type\":\"ListItem\",\"position\":2,\"name\":\"Tienda\",\"item\":\"https:\\\/\\\/expresito.com\\\/home\\\/tienda\\\/\"},{\"@type\":\"ListItem\",\"position\":3,\"name\":\"AOSU Solar Camera Security Outdoor &#8211; 100% Wire-Free Security Cameras Wireless\"}]},{\"@type\":\"WebSite\",\"@id\":\"https:\\\/\\\/expresito.com\\\/home\\\/#website\",\"url\":\"https:\\\/\\\/expresito.com\\\/home\\\/\",\"name\":\"Expresito Carga- Envios a Latino America, Envios a Ecuador Y colombia\",\"description\":\"Carga y Correo a Colombia, Ecuador, Per\u00fa, M\u00e9xico, Rep\u00fablica Dominicana, Venezuela, Honduras, Guatemala, El Salvador, Canad\u00e1 y Todo Estados Unidos.\",\"publisher\":{\"@id\":\"https:\\\/\\\/expresito.com\\\/home\\\/#organization\"},\"potentialAction\":[{\"@type\":\"SearchAction\",\"target\":{\"@type\":\"EntryPoint\",\"urlTemplate\":\"https:\\\/\\\/expresito.com\\\/home\\\/?s={search_term_string}\"},\"query-input\":{\"@type\":\"PropertyValueSpecification\",\"valueRequired\":true,\"valueName\":\"search_term_string\"}}],\"inLanguage\":\"es\"},{\"@type\":\"Organization\",\"@id\":\"https:\\\/\\\/expresito.com\\\/home\\\/#organization\",\"name\":\"Expresito Carga\",\"url\":\"https:\\\/\\\/expresito.com\\\/home\\\/\",\"logo\":{\"@type\":\"ImageObject\",\"inLanguage\":\"es\",\"@id\":\"https:\\\/\\\/expresito.com\\\/home\\\/#\\\/schema\\\/logo\\\/image\\\/\",\"url\":\"https:\\\/\\\/expresito.com\\\/home\\\/wp-content\\\/uploads\\\/2023\\\/12\\\/logo4.png\",\"contentUrl\":\"https:\\\/\\\/expresito.com\\\/home\\\/wp-content\\\/uploads\\\/2023\\\/12\\\/logo4.png\",\"width\":1123,\"height\":232,\"caption\":\"Expresito Carga\"},\"image\":{\"@id\":\"https:\\\/\\\/expresito.com\\\/home\\\/#\\\/schema\\\/logo\\\/image\\\/\"},\"sameAs\":[\"https:\\\/\\\/www.facebook.com\\\/EXPRESITOCARGA?mibextid=ZbWKwL\",\"https:\\\/\\\/x.com\\\/ExpresitoC\",\"https:\\\/\\\/www.instagram.com\\\/expresitocarga?igsh=NDI1Z2xubGc1bm9q\",\"https:\\\/\\\/www.tiktok.com\\\/@expresito?_t=8k1FMiVJLK2&_r=1\",\"https:\\\/\\\/pin.it\\\/2W49waiNL\"]}]}<\/script>\n<!-- \/ Yoast SEO plugin. -->","yoast_head_json":{"title":"AOSU Solar Camera Security Outdoor - 100% Wire-Free Security Cameras Wireless - Expresito","robots":{"index":"index","follow":"follow","max-snippet":"max-snippet:-1","max-image-preview":"max-image-preview:large","max-video-preview":"max-video-preview:-1"},"canonical":"https:\/\/expresito.com\/home\/producto\/have-one-to-sell-sell-now-similar-items-sponsored-feedback-on-our-suggestions-see-all-solar-battery-powered-wifi-outdoor-pan-tilt-home-security-camera-system-wireless-new-54-99-free-2-3-day-shipp\/","og_locale":"es_ES","og_type":"article","og_title":"AOSU Solar Camera Security Outdoor - 100% Wire-Free Security Cameras Wireless - Expresito","og_description":"Simple installation &#8211; App voice guidance to connect the camera, complete and detailed manual can ensure you complete all steps quickly. Don&#8217;t be bothered by complicated wires, you can quickly install your security camera with fixed solar panel at any time. Installed once for permanent use. 360-Degree Coverage &amp; 2K Crisp Image &#8211; This solar &hellip; AOSU Solar Camera Security Outdoor &#8211; 100% Wire-Free Security Cameras Wireless Leer m\u00e1s &raquo;","og_url":"https:\/\/expresito.com\/home\/producto\/have-one-to-sell-sell-now-similar-items-sponsored-feedback-on-our-suggestions-see-all-solar-battery-powered-wifi-outdoor-pan-tilt-home-security-camera-system-wireless-new-54-99-free-2-3-day-shipp\/","og_site_name":"Expresito","article_publisher":"https:\/\/www.facebook.com\/EXPRESITOCARGA?mibextid=ZbWKwL","article_modified_time":"2024-08-29T04:32:02+00:00","og_image":[{"width":550,"height":691,"url":"https:\/\/expresito.com\/home\/wp-content\/uploads\/2024\/08\/Screenshot-2024-07-18-141456.png","type":"image\/png"}],"twitter_card":"summary_large_image","twitter_site":"@ExpresitoC","twitter_misc":{"Tiempo de lectura":"2 minutos"},"schema":{"@context":"https:\/\/schema.org","@graph":[{"@type":"WebPage","@id":"https:\/\/expresito.com\/home\/producto\/have-one-to-sell-sell-now-similar-items-sponsored-feedback-on-our-suggestions-see-all-solar-battery-powered-wifi-outdoor-pan-tilt-home-security-camera-system-wireless-new-54-99-free-2-3-day-shipp\/","url":"https:\/\/expresito.com\/home\/producto\/have-one-to-sell-sell-now-similar-items-sponsored-feedback-on-our-suggestions-see-all-solar-battery-powered-wifi-outdoor-pan-tilt-home-security-camera-system-wireless-new-54-99-free-2-3-day-shipp\/","name":"AOSU Solar Camera Security Outdoor - 100% Wire-Free Security Cameras Wireless - Expresito","isPartOf":{"@id":"https:\/\/expresito.com\/home\/#website"},"primaryImageOfPage":{"@id":"https:\/\/expresito.com\/home\/producto\/have-one-to-sell-sell-now-similar-items-sponsored-feedback-on-our-suggestions-see-all-solar-battery-powered-wifi-outdoor-pan-tilt-home-security-camera-system-wireless-new-54-99-free-2-3-day-shipp\/#primaryimage"},"image":{"@id":"https:\/\/expresito.com\/home\/producto\/have-one-to-sell-sell-now-similar-items-sponsored-feedback-on-our-suggestions-see-all-solar-battery-powered-wifi-outdoor-pan-tilt-home-security-camera-system-wireless-new-54-99-free-2-3-day-shipp\/#primaryimage"},"thumbnailUrl":"https:\/\/expresito.com\/home\/wp-content\/uploads\/2024\/08\/Screenshot-2024-07-18-141456.png","datePublished":"2024-08-29T04:31:15+00:00","dateModified":"2024-08-29T04:32:02+00:00","breadcrumb":{"@id":"https:\/\/expresito.com\/home\/producto\/have-one-to-sell-sell-now-similar-items-sponsored-feedback-on-our-suggestions-see-all-solar-battery-powered-wifi-outdoor-pan-tilt-home-security-camera-system-wireless-new-54-99-free-2-3-day-shipp\/#breadcrumb"},"inLanguage":"es","potentialAction":[{"@type":"ReadAction","target":["https:\/\/expresito.com\/home\/producto\/have-one-to-sell-sell-now-similar-items-sponsored-feedback-on-our-suggestions-see-all-solar-battery-powered-wifi-outdoor-pan-tilt-home-security-camera-system-wireless-new-54-99-free-2-3-day-shipp\/"]}]},{"@type":"ImageObject","inLanguage":"es","@id":"https:\/\/expresito.com\/home\/producto\/have-one-to-sell-sell-now-similar-items-sponsored-feedback-on-our-suggestions-see-all-solar-battery-powered-wifi-outdoor-pan-tilt-home-security-camera-system-wireless-new-54-99-free-2-3-day-shipp\/#primaryimage","url":"https:\/\/expresito.com\/home\/wp-content\/uploads\/2024\/08\/Screenshot-2024-07-18-141456.png","contentUrl":"https:\/\/expresito.com\/home\/wp-content\/uploads\/2024\/08\/Screenshot-2024-07-18-141456.png","width":550,"height":691},{"@type":"BreadcrumbList","@id":"https:\/\/expresito.com\/home\/producto\/have-one-to-sell-sell-now-similar-items-sponsored-feedback-on-our-suggestions-see-all-solar-battery-powered-wifi-outdoor-pan-tilt-home-security-camera-system-wireless-new-54-99-free-2-3-day-shipp\/#breadcrumb","itemListElement":[{"@type":"ListItem","position":1,"name":"Portada","item":"https:\/\/expresito.com\/home\/"},{"@type":"ListItem","position":2,"name":"Tienda","item":"https:\/\/expresito.com\/home\/tienda\/"},{"@type":"ListItem","position":3,"name":"AOSU Solar Camera Security Outdoor &#8211; 100% Wire-Free Security Cameras Wireless"}]},{"@type":"WebSite","@id":"https:\/\/expresito.com\/home\/#website","url":"https:\/\/expresito.com\/home\/","name":"Expresito Carga- Envios a Latino America, Envios a Ecuador Y colombia","description":"Carga y Correo a Colombia, Ecuador, Per\u00fa, M\u00e9xico, Rep\u00fablica Dominicana, Venezuela, Honduras, Guatemala, El Salvador, Canad\u00e1 y Todo Estados Unidos.","publisher":{"@id":"https:\/\/expresito.com\/home\/#organization"},"potentialAction":[{"@type":"SearchAction","target":{"@type":"EntryPoint","urlTemplate":"https:\/\/expresito.com\/home\/?s={search_term_string}"},"query-input":{"@type":"PropertyValueSpecification","valueRequired":true,"valueName":"search_term_string"}}],"inLanguage":"es"},{"@type":"Organization","@id":"https:\/\/expresito.com\/home\/#organization","name":"Expresito Carga","url":"https:\/\/expresito.com\/home\/","logo":{"@type":"ImageObject","inLanguage":"es","@id":"https:\/\/expresito.com\/home\/#\/schema\/logo\/image\/","url":"https:\/\/expresito.com\/home\/wp-content\/uploads\/2023\/12\/logo4.png","contentUrl":"https:\/\/expresito.com\/home\/wp-content\/uploads\/2023\/12\/logo4.png","width":1123,"height":232,"caption":"Expresito Carga"},"image":{"@id":"https:\/\/expresito.com\/home\/#\/schema\/logo\/image\/"},"sameAs":["https:\/\/www.facebook.com\/EXPRESITOCARGA?mibextid=ZbWKwL","https:\/\/x.com\/ExpresitoC","https:\/\/www.instagram.com\/expresitocarga?igsh=NDI1Z2xubGc1bm9q","https:\/\/www.tiktok.com\/@expresito?_t=8k1FMiVJLK2&_r=1","https:\/\/pin.it\/2W49waiNL"]}]}},"jetpack_sharing_enabled":true,"_links":{"self":[{"href":"https:\/\/expresito.com\/home\/wp-json\/wp\/v2\/product\/5730","targetHints":{"allow":["GET"]}}],"collection":[{"href":"https:\/\/expresito.com\/home\/wp-json\/wp\/v2\/product"}],"about":[{"href":"https:\/\/expresito.com\/home\/wp-json\/wp\/v2\/types\/product"}],"replies":[{"embeddable":true,"href":"https:\/\/expresito.com\/home\/wp-json\/wp\/v2\/comments?post=5730"}],"wp:featuredmedia":[{"embeddable":true,"href":"https:\/\/expresito.com\/home\/wp-json\/wp\/v2\/media\/5735"}],"wp:attachment":[{"href":"https:\/\/expresito.com\/home\/wp-json\/wp\/v2\/media?parent=5730"}],"wp:term":[{"taxonomy":"product_cat","embeddable":true,"href":"https:\/\/expresito.com\/home\/wp-json\/wp\/v2\/product_cat?post=5730"},{"taxonomy":"product_tag","embeddable":true,"href":"https:\/\/expresito.com\/home\/wp-json\/wp\/v2\/product_tag?post=5730"}],"curies":[{"name":"wp","href":"https:\/\/api.w.org\/{rel}","templated":true}]}}