{"id":5744,"date":"2024-08-29T12:11:46","date_gmt":"2024-08-29T16:11:46","guid":{"rendered":"https:\/\/expresito.com\/home\/?post_type=product&#038;p=5744"},"modified":"2024-08-29T12:11:47","modified_gmt":"2024-08-29T16:11:47","slug":"aosu-security-cameras-outdoor-wireless-4-cam-kit-no-subscription-solar-powered-home-security-cameras-system-with-360-pan-tilt-auto-tracking-2k-color-night-vision-easy-setup-5g-amp","status":"publish","type":"product","link":"https:\/\/expresito.com\/home\/producto\/aosu-security-cameras-outdoor-wireless-4-cam-kit-no-subscription-solar-powered-home-security-cameras-system-with-360-pan-tilt-auto-tracking-2k-color-night-vision-easy-setup-5g-amp\/","title":{"rendered":"AOSU Security Cameras Outdoor Wireless, 4 Cam-Kit, No Subscription, Solar-Powered, Home Security Cameras System with 360\u00b0 Pan &amp; Tilt, Auto Tracking, 2K Color Night Vision, Easy Setup, 5G &amp; 2.4G WiFi"},"content":{"rendered":"<ul class=\"a-unordered-list a-vertical a-spacing-mini\">\n<li class=\"a-spacing-mini\"><span class=\"a-list-item\">No Monthly Fee with Homebase: All recordings will be encrypted and stored in home base without subscription or hidden cost. 32GB of local storage provides up to 2 months of video loop recording. Even if the cameras are damaged or lost, the data remains safe. Homebase also provides instant notifications and stable live streaming.<\/span><\/li>\n<li class=\"a-spacing-mini\"><span class=\"a-list-item\">New Experience From AOSU: 1. Cross-Camera Tracking* Automatically relate videos of same period events for easy reviews. 2. Watch live streams in 4 areas at the same time on one screen to implement a wireless security camera system. 3. Control the working status of multiple outdoor security cameras with one click, not just turning them on or off.<\/span><\/li>\n<li class=\"a-spacing-mini\"><span class=\"a-list-item\">Solar Powered, Once Install and Works Forever: Built-in solar panel keeps the battery charged, 3 hours of sunlight daily keeps it running, even on rainy and cloud days. Install in any location just drill 3 holes, 5 minutes.<\/span><\/li>\n<li class=\"a-spacing-mini\"><span class=\"a-list-item\">360\u00b0 Coverage &amp; Auto Motion Tracking: Pan &amp; Tilt outdoor camera wireless provides all-around security. No blind spots. Activities within the target area will be automatically tracked and recorded by the camera.<\/span><\/li>\n<li class=\"a-spacing-mini\"><span class=\"a-list-item\">2K Resolution, Day and Night Clarity: Capture every event that occurs around your home in 3MP resolution. More than just daytime, 4 LED lights increase the light source by 100% compared to 2 LED lights, allowing more to be seen for excellent color night vision.<\/span><\/li>\n<\/ul>\n","protected":false},"excerpt":{"rendered":"<p>No Monthly Fee with Homebase: All recordings will be encrypted and stored in home base without subscription or hidden cost. 32GB of local storage provides up to 2 months of video loop recording. Even if the cameras are damaged or lost, the data remains safe. Homebase also provides instant notifications and stable live streaming. New &hellip;<\/p>\n<p class=\"read-more\"> <a class=\"\" href=\"https:\/\/expresito.com\/home\/producto\/aosu-security-cameras-outdoor-wireless-4-cam-kit-no-subscription-solar-powered-home-security-cameras-system-with-360-pan-tilt-auto-tracking-2k-color-night-vision-easy-setup-5g-amp\/\"> <span class=\"screen-reader-text\">AOSU Security Cameras Outdoor Wireless, 4 Cam-Kit, No Subscription, Solar-Powered, Home Security Cameras System with 360\u00b0 Pan &amp; Tilt, Auto Tracking, 2K Color Night Vision, Easy Setup, 5G &amp; 2.4G WiFi<\/span> Leer m\u00e1s &raquo;<\/a><\/p>\n","protected":false},"featured_media":5748,"comment_status":"closed","ping_status":"closed","template":"","meta":{"_acf_changed":false,"wp_popup_display_lightbox":0,"wp_popup_suppress":"","wp_popup_trigger":"","wp_popup_trigger_amount":0,"wp_popup_disable_on_mobile":false,"site-sidebar-layout":"default","site-content-layout":"default","ast-global-header-display":"","ast-main-header-display":"","ast-hfb-above-header-display":"","ast-hfb-below-header-display":"","ast-hfb-mobile-header-display":"","site-post-title":"","ast-breadcrumbs-content":"","ast-featured-img":"","footer-sml-layout":"","theme-transparent-header-meta":"default","adv-header-id-meta":"","stick-header-meta":"","header-above-stick-meta":"","header-main-stick-meta":"","header-below-stick-meta":""},"product_cat":[15],"product_tag":[],"class_list":{"0":"post-5744","1":"product","2":"type-product","3":"status-publish","4":"has-post-thumbnail","6":"product_cat-todo","7":"desktop-align-left","8":"tablet-align-left","9":"mobile-align-left","11":"first","12":"instock","13":"taxable","14":"shipping-taxable","15":"purchasable","16":"product-type-simple"},"acf":[],"yoast_head":"<!-- This site is optimized with the Yoast SEO plugin v27.3 - https:\/\/yoast.com\/product\/yoast-seo-wordpress\/ -->\n<title>AOSU Security Cameras Outdoor Wireless, 4 Cam-Kit, No Subscription, Solar-Powered, Home Security Cameras System with 360\u00b0 Pan &amp; Tilt, Auto Tracking, 2K Color Night Vision, Easy Setup, 5G &amp; 2.4G WiFi - Expresito<\/title>\n<meta name=\"robots\" content=\"index, follow, max-snippet:-1, max-image-preview:large, max-video-preview:-1\" \/>\n<link rel=\"canonical\" href=\"https:\/\/expresito.com\/home\/producto\/aosu-security-cameras-outdoor-wireless-4-cam-kit-no-subscription-solar-powered-home-security-cameras-system-with-360-pan-tilt-auto-tracking-2k-color-night-vision-easy-setup-5g-amp\/\" \/>\n<meta property=\"og:locale\" content=\"es_ES\" \/>\n<meta property=\"og:type\" content=\"article\" \/>\n<meta property=\"og:title\" content=\"AOSU Security Cameras Outdoor Wireless, 4 Cam-Kit, No Subscription, Solar-Powered, Home Security Cameras System with 360\u00b0 Pan &amp; Tilt, Auto Tracking, 2K Color Night Vision, Easy Setup, 5G &amp; 2.4G WiFi - Expresito\" \/>\n<meta property=\"og:description\" content=\"No Monthly Fee with Homebase: All recordings will be encrypted and stored in home base without subscription or hidden cost. 32GB of local storage provides up to 2 months of video loop recording. Even if the cameras are damaged or lost, the data remains safe. Homebase also provides instant notifications and stable live streaming. New &hellip; AOSU Security Cameras Outdoor Wireless, 4 Cam-Kit, No Subscription, Solar-Powered, Home Security Cameras System with 360\u00b0 Pan &amp; Tilt, Auto Tracking, 2K Color Night Vision, Easy Setup, 5G &amp; 2.4G WiFi Leer m\u00e1s &raquo;\" \/>\n<meta property=\"og:url\" content=\"https:\/\/expresito.com\/home\/producto\/aosu-security-cameras-outdoor-wireless-4-cam-kit-no-subscription-solar-powered-home-security-cameras-system-with-360-pan-tilt-auto-tracking-2k-color-night-vision-easy-setup-5g-amp\/\" \/>\n<meta property=\"og:site_name\" content=\"Expresito\" \/>\n<meta property=\"article:publisher\" content=\"https:\/\/www.facebook.com\/EXPRESITOCARGA?mibextid=ZbWKwL\" \/>\n<meta property=\"article:modified_time\" content=\"2024-08-29T16:11:47+00:00\" \/>\n<meta property=\"og:image\" content=\"https:\/\/expresito.com\/home\/wp-content\/uploads\/2024\/08\/4.1.png\" \/>\n\t<meta property=\"og:image:width\" content=\"847\" \/>\n\t<meta property=\"og:image:height\" content=\"711\" \/>\n\t<meta property=\"og:image:type\" content=\"image\/png\" \/>\n<meta name=\"twitter:card\" content=\"summary_large_image\" \/>\n<meta name=\"twitter:site\" content=\"@ExpresitoC\" \/>\n<meta name=\"twitter:label1\" content=\"Tiempo de lectura\" \/>\n\t<meta name=\"twitter:data1\" content=\"2 minutos\" \/>\n<script type=\"application\/ld+json\" class=\"yoast-schema-graph\">{\"@context\":\"https:\\\/\\\/schema.org\",\"@graph\":[{\"@type\":\"WebPage\",\"@id\":\"https:\\\/\\\/expresito.com\\\/home\\\/producto\\\/aosu-security-cameras-outdoor-wireless-4-cam-kit-no-subscription-solar-powered-home-security-cameras-system-with-360-pan-tilt-auto-tracking-2k-color-night-vision-easy-setup-5g-amp\\\/\",\"url\":\"https:\\\/\\\/expresito.com\\\/home\\\/producto\\\/aosu-security-cameras-outdoor-wireless-4-cam-kit-no-subscription-solar-powered-home-security-cameras-system-with-360-pan-tilt-auto-tracking-2k-color-night-vision-easy-setup-5g-amp\\\/\",\"name\":\"AOSU Security Cameras Outdoor Wireless, 4 Cam-Kit, No Subscription, Solar-Powered, Home Security Cameras System with 360\u00b0 Pan &amp; Tilt, Auto Tracking, 2K Color Night Vision, Easy Setup, 5G &amp; 2.4G WiFi - Expresito\",\"isPartOf\":{\"@id\":\"https:\\\/\\\/expresito.com\\\/home\\\/#website\"},\"primaryImageOfPage\":{\"@id\":\"https:\\\/\\\/expresito.com\\\/home\\\/producto\\\/aosu-security-cameras-outdoor-wireless-4-cam-kit-no-subscription-solar-powered-home-security-cameras-system-with-360-pan-tilt-auto-tracking-2k-color-night-vision-easy-setup-5g-amp\\\/#primaryimage\"},\"image\":{\"@id\":\"https:\\\/\\\/expresito.com\\\/home\\\/producto\\\/aosu-security-cameras-outdoor-wireless-4-cam-kit-no-subscription-solar-powered-home-security-cameras-system-with-360-pan-tilt-auto-tracking-2k-color-night-vision-easy-setup-5g-amp\\\/#primaryimage\"},\"thumbnailUrl\":\"https:\\\/\\\/expresito.com\\\/home\\\/wp-content\\\/uploads\\\/2024\\\/08\\\/4.1.png\",\"datePublished\":\"2024-08-29T16:11:46+00:00\",\"dateModified\":\"2024-08-29T16:11:47+00:00\",\"breadcrumb\":{\"@id\":\"https:\\\/\\\/expresito.com\\\/home\\\/producto\\\/aosu-security-cameras-outdoor-wireless-4-cam-kit-no-subscription-solar-powered-home-security-cameras-system-with-360-pan-tilt-auto-tracking-2k-color-night-vision-easy-setup-5g-amp\\\/#breadcrumb\"},\"inLanguage\":\"es\",\"potentialAction\":[{\"@type\":\"ReadAction\",\"target\":[\"https:\\\/\\\/expresito.com\\\/home\\\/producto\\\/aosu-security-cameras-outdoor-wireless-4-cam-kit-no-subscription-solar-powered-home-security-cameras-system-with-360-pan-tilt-auto-tracking-2k-color-night-vision-easy-setup-5g-amp\\\/\"]}]},{\"@type\":\"ImageObject\",\"inLanguage\":\"es\",\"@id\":\"https:\\\/\\\/expresito.com\\\/home\\\/producto\\\/aosu-security-cameras-outdoor-wireless-4-cam-kit-no-subscription-solar-powered-home-security-cameras-system-with-360-pan-tilt-auto-tracking-2k-color-night-vision-easy-setup-5g-amp\\\/#primaryimage\",\"url\":\"https:\\\/\\\/expresito.com\\\/home\\\/wp-content\\\/uploads\\\/2024\\\/08\\\/4.1.png\",\"contentUrl\":\"https:\\\/\\\/expresito.com\\\/home\\\/wp-content\\\/uploads\\\/2024\\\/08\\\/4.1.png\",\"width\":847,\"height\":711},{\"@type\":\"BreadcrumbList\",\"@id\":\"https:\\\/\\\/expresito.com\\\/home\\\/producto\\\/aosu-security-cameras-outdoor-wireless-4-cam-kit-no-subscription-solar-powered-home-security-cameras-system-with-360-pan-tilt-auto-tracking-2k-color-night-vision-easy-setup-5g-amp\\\/#breadcrumb\",\"itemListElement\":[{\"@type\":\"ListItem\",\"position\":1,\"name\":\"Portada\",\"item\":\"https:\\\/\\\/expresito.com\\\/home\\\/\"},{\"@type\":\"ListItem\",\"position\":2,\"name\":\"Tienda\",\"item\":\"https:\\\/\\\/expresito.com\\\/home\\\/tienda\\\/\"},{\"@type\":\"ListItem\",\"position\":3,\"name\":\"AOSU Security Cameras Outdoor Wireless, 4 Cam-Kit, No Subscription, Solar-Powered, Home Security Cameras System with 360\u00b0 Pan &amp; Tilt, Auto Tracking, 2K Color Night Vision, Easy Setup, 5G &amp; 2.4G WiFi\"}]},{\"@type\":\"WebSite\",\"@id\":\"https:\\\/\\\/expresito.com\\\/home\\\/#website\",\"url\":\"https:\\\/\\\/expresito.com\\\/home\\\/\",\"name\":\"Expresito Carga- Envios a Latino America, Envios a Ecuador Y colombia\",\"description\":\"Carga y Correo a Colombia, Ecuador, Per\u00fa, M\u00e9xico, Rep\u00fablica Dominicana, Venezuela, Honduras, Guatemala, El Salvador, Canad\u00e1 y Todo Estados Unidos.\",\"publisher\":{\"@id\":\"https:\\\/\\\/expresito.com\\\/home\\\/#organization\"},\"potentialAction\":[{\"@type\":\"SearchAction\",\"target\":{\"@type\":\"EntryPoint\",\"urlTemplate\":\"https:\\\/\\\/expresito.com\\\/home\\\/?s={search_term_string}\"},\"query-input\":{\"@type\":\"PropertyValueSpecification\",\"valueRequired\":true,\"valueName\":\"search_term_string\"}}],\"inLanguage\":\"es\"},{\"@type\":\"Organization\",\"@id\":\"https:\\\/\\\/expresito.com\\\/home\\\/#organization\",\"name\":\"Expresito Carga\",\"url\":\"https:\\\/\\\/expresito.com\\\/home\\\/\",\"logo\":{\"@type\":\"ImageObject\",\"inLanguage\":\"es\",\"@id\":\"https:\\\/\\\/expresito.com\\\/home\\\/#\\\/schema\\\/logo\\\/image\\\/\",\"url\":\"https:\\\/\\\/expresito.com\\\/home\\\/wp-content\\\/uploads\\\/2023\\\/12\\\/logo4.png\",\"contentUrl\":\"https:\\\/\\\/expresito.com\\\/home\\\/wp-content\\\/uploads\\\/2023\\\/12\\\/logo4.png\",\"width\":1123,\"height\":232,\"caption\":\"Expresito Carga\"},\"image\":{\"@id\":\"https:\\\/\\\/expresito.com\\\/home\\\/#\\\/schema\\\/logo\\\/image\\\/\"},\"sameAs\":[\"https:\\\/\\\/www.facebook.com\\\/EXPRESITOCARGA?mibextid=ZbWKwL\",\"https:\\\/\\\/x.com\\\/ExpresitoC\",\"https:\\\/\\\/www.instagram.com\\\/expresitocarga?igsh=NDI1Z2xubGc1bm9q\",\"https:\\\/\\\/www.tiktok.com\\\/@expresito?_t=8k1FMiVJLK2&_r=1\",\"https:\\\/\\\/pin.it\\\/2W49waiNL\"]}]}<\/script>\n<!-- \/ Yoast SEO plugin. -->","yoast_head_json":{"title":"AOSU Security Cameras Outdoor Wireless, 4 Cam-Kit, No Subscription, Solar-Powered, Home Security Cameras System with 360\u00b0 Pan &amp; Tilt, Auto Tracking, 2K Color Night Vision, Easy Setup, 5G &amp; 2.4G WiFi - Expresito","robots":{"index":"index","follow":"follow","max-snippet":"max-snippet:-1","max-image-preview":"max-image-preview:large","max-video-preview":"max-video-preview:-1"},"canonical":"https:\/\/expresito.com\/home\/producto\/aosu-security-cameras-outdoor-wireless-4-cam-kit-no-subscription-solar-powered-home-security-cameras-system-with-360-pan-tilt-auto-tracking-2k-color-night-vision-easy-setup-5g-amp\/","og_locale":"es_ES","og_type":"article","og_title":"AOSU Security Cameras Outdoor Wireless, 4 Cam-Kit, No Subscription, Solar-Powered, Home Security Cameras System with 360\u00b0 Pan &amp; Tilt, Auto Tracking, 2K Color Night Vision, Easy Setup, 5G &amp; 2.4G WiFi - Expresito","og_description":"No Monthly Fee with Homebase: All recordings will be encrypted and stored in home base without subscription or hidden cost. 32GB of local storage provides up to 2 months of video loop recording. Even if the cameras are damaged or lost, the data remains safe. Homebase also provides instant notifications and stable live streaming. New &hellip; AOSU Security Cameras Outdoor Wireless, 4 Cam-Kit, No Subscription, Solar-Powered, Home Security Cameras System with 360\u00b0 Pan &amp; Tilt, Auto Tracking, 2K Color Night Vision, Easy Setup, 5G &amp; 2.4G WiFi Leer m\u00e1s &raquo;","og_url":"https:\/\/expresito.com\/home\/producto\/aosu-security-cameras-outdoor-wireless-4-cam-kit-no-subscription-solar-powered-home-security-cameras-system-with-360-pan-tilt-auto-tracking-2k-color-night-vision-easy-setup-5g-amp\/","og_site_name":"Expresito","article_publisher":"https:\/\/www.facebook.com\/EXPRESITOCARGA?mibextid=ZbWKwL","article_modified_time":"2024-08-29T16:11:47+00:00","og_image":[{"width":847,"height":711,"url":"https:\/\/expresito.com\/home\/wp-content\/uploads\/2024\/08\/4.1.png","type":"image\/png"}],"twitter_card":"summary_large_image","twitter_site":"@ExpresitoC","twitter_misc":{"Tiempo de lectura":"2 minutos"},"schema":{"@context":"https:\/\/schema.org","@graph":[{"@type":"WebPage","@id":"https:\/\/expresito.com\/home\/producto\/aosu-security-cameras-outdoor-wireless-4-cam-kit-no-subscription-solar-powered-home-security-cameras-system-with-360-pan-tilt-auto-tracking-2k-color-night-vision-easy-setup-5g-amp\/","url":"https:\/\/expresito.com\/home\/producto\/aosu-security-cameras-outdoor-wireless-4-cam-kit-no-subscription-solar-powered-home-security-cameras-system-with-360-pan-tilt-auto-tracking-2k-color-night-vision-easy-setup-5g-amp\/","name":"AOSU Security Cameras Outdoor Wireless, 4 Cam-Kit, No Subscription, Solar-Powered, Home Security Cameras System with 360\u00b0 Pan &amp; Tilt, Auto Tracking, 2K Color Night Vision, Easy Setup, 5G &amp; 2.4G WiFi - Expresito","isPartOf":{"@id":"https:\/\/expresito.com\/home\/#website"},"primaryImageOfPage":{"@id":"https:\/\/expresito.com\/home\/producto\/aosu-security-cameras-outdoor-wireless-4-cam-kit-no-subscription-solar-powered-home-security-cameras-system-with-360-pan-tilt-auto-tracking-2k-color-night-vision-easy-setup-5g-amp\/#primaryimage"},"image":{"@id":"https:\/\/expresito.com\/home\/producto\/aosu-security-cameras-outdoor-wireless-4-cam-kit-no-subscription-solar-powered-home-security-cameras-system-with-360-pan-tilt-auto-tracking-2k-color-night-vision-easy-setup-5g-amp\/#primaryimage"},"thumbnailUrl":"https:\/\/expresito.com\/home\/wp-content\/uploads\/2024\/08\/4.1.png","datePublished":"2024-08-29T16:11:46+00:00","dateModified":"2024-08-29T16:11:47+00:00","breadcrumb":{"@id":"https:\/\/expresito.com\/home\/producto\/aosu-security-cameras-outdoor-wireless-4-cam-kit-no-subscription-solar-powered-home-security-cameras-system-with-360-pan-tilt-auto-tracking-2k-color-night-vision-easy-setup-5g-amp\/#breadcrumb"},"inLanguage":"es","potentialAction":[{"@type":"ReadAction","target":["https:\/\/expresito.com\/home\/producto\/aosu-security-cameras-outdoor-wireless-4-cam-kit-no-subscription-solar-powered-home-security-cameras-system-with-360-pan-tilt-auto-tracking-2k-color-night-vision-easy-setup-5g-amp\/"]}]},{"@type":"ImageObject","inLanguage":"es","@id":"https:\/\/expresito.com\/home\/producto\/aosu-security-cameras-outdoor-wireless-4-cam-kit-no-subscription-solar-powered-home-security-cameras-system-with-360-pan-tilt-auto-tracking-2k-color-night-vision-easy-setup-5g-amp\/#primaryimage","url":"https:\/\/expresito.com\/home\/wp-content\/uploads\/2024\/08\/4.1.png","contentUrl":"https:\/\/expresito.com\/home\/wp-content\/uploads\/2024\/08\/4.1.png","width":847,"height":711},{"@type":"BreadcrumbList","@id":"https:\/\/expresito.com\/home\/producto\/aosu-security-cameras-outdoor-wireless-4-cam-kit-no-subscription-solar-powered-home-security-cameras-system-with-360-pan-tilt-auto-tracking-2k-color-night-vision-easy-setup-5g-amp\/#breadcrumb","itemListElement":[{"@type":"ListItem","position":1,"name":"Portada","item":"https:\/\/expresito.com\/home\/"},{"@type":"ListItem","position":2,"name":"Tienda","item":"https:\/\/expresito.com\/home\/tienda\/"},{"@type":"ListItem","position":3,"name":"AOSU Security Cameras Outdoor Wireless, 4 Cam-Kit, No Subscription, Solar-Powered, Home Security Cameras System with 360\u00b0 Pan &amp; Tilt, Auto Tracking, 2K Color Night Vision, Easy Setup, 5G &amp; 2.4G WiFi"}]},{"@type":"WebSite","@id":"https:\/\/expresito.com\/home\/#website","url":"https:\/\/expresito.com\/home\/","name":"Expresito Carga- Envios a Latino America, Envios a Ecuador Y colombia","description":"Carga y Correo a Colombia, Ecuador, Per\u00fa, M\u00e9xico, Rep\u00fablica Dominicana, Venezuela, Honduras, Guatemala, El Salvador, Canad\u00e1 y Todo Estados Unidos.","publisher":{"@id":"https:\/\/expresito.com\/home\/#organization"},"potentialAction":[{"@type":"SearchAction","target":{"@type":"EntryPoint","urlTemplate":"https:\/\/expresito.com\/home\/?s={search_term_string}"},"query-input":{"@type":"PropertyValueSpecification","valueRequired":true,"valueName":"search_term_string"}}],"inLanguage":"es"},{"@type":"Organization","@id":"https:\/\/expresito.com\/home\/#organization","name":"Expresito Carga","url":"https:\/\/expresito.com\/home\/","logo":{"@type":"ImageObject","inLanguage":"es","@id":"https:\/\/expresito.com\/home\/#\/schema\/logo\/image\/","url":"https:\/\/expresito.com\/home\/wp-content\/uploads\/2023\/12\/logo4.png","contentUrl":"https:\/\/expresito.com\/home\/wp-content\/uploads\/2023\/12\/logo4.png","width":1123,"height":232,"caption":"Expresito Carga"},"image":{"@id":"https:\/\/expresito.com\/home\/#\/schema\/logo\/image\/"},"sameAs":["https:\/\/www.facebook.com\/EXPRESITOCARGA?mibextid=ZbWKwL","https:\/\/x.com\/ExpresitoC","https:\/\/www.instagram.com\/expresitocarga?igsh=NDI1Z2xubGc1bm9q","https:\/\/www.tiktok.com\/@expresito?_t=8k1FMiVJLK2&_r=1","https:\/\/pin.it\/2W49waiNL"]}]}},"jetpack_sharing_enabled":true,"_links":{"self":[{"href":"https:\/\/expresito.com\/home\/wp-json\/wp\/v2\/product\/5744","targetHints":{"allow":["GET"]}}],"collection":[{"href":"https:\/\/expresito.com\/home\/wp-json\/wp\/v2\/product"}],"about":[{"href":"https:\/\/expresito.com\/home\/wp-json\/wp\/v2\/types\/product"}],"replies":[{"embeddable":true,"href":"https:\/\/expresito.com\/home\/wp-json\/wp\/v2\/comments?post=5744"}],"wp:featuredmedia":[{"embeddable":true,"href":"https:\/\/expresito.com\/home\/wp-json\/wp\/v2\/media\/5748"}],"wp:attachment":[{"href":"https:\/\/expresito.com\/home\/wp-json\/wp\/v2\/media?parent=5744"}],"wp:term":[{"taxonomy":"product_cat","embeddable":true,"href":"https:\/\/expresito.com\/home\/wp-json\/wp\/v2\/product_cat?post=5744"},{"taxonomy":"product_tag","embeddable":true,"href":"https:\/\/expresito.com\/home\/wp-json\/wp\/v2\/product_tag?post=5744"}],"curies":[{"name":"wp","href":"https:\/\/api.w.org\/{rel}","templated":true}]}}